{"id":68298347,"date":"2024-02-18T00:30:05","date_gmt":"2024-02-17T23:30:05","guid":{"rendered":"https:\/\/kraftwerk-shop.cc\/?post_type=product&#038;p=68298347"},"modified":"2026-02-15T01:08:12","modified_gmt":"2026-02-15T00:08:12","slug":"hawk-performance-lts-brzdove-desticky-ram","status":"publish","type":"product","link":"https:\/\/kraftwerk-shop.cc\/cs\/produkt\/hawk-performance-lts-bremsbelaege-ram\/","title":{"rendered":"Brzdov\u00e9 desti\u010dky Hawk Performance LTS RAM (922Y.765)"},"content":{"rendered":"<h1>Hawk Performance LTS <span class=\"sku\">922Y.765<\/span> Brzdov\u00e9 desti\u010dky pro RAM 3.0 EcoDiesel, 3.6, 5.7 a 6.2 TRX (p\u0159edn\u00ed n\u00e1prava) od roku 2019<\/h1>\n<p>&nbsp;<\/p>\n<p><strong>Hawk Performance LTS<\/strong><\/p>\n<p>V\u00edme, \u017ee b\u011b\u017en\u00e9 brzdov\u00e9 desti\u010dky pro osobn\u00ed automobily ji\u017e pro dne\u0161n\u00ed n\u00e1kladn\u00ed automobily jednodu\u0161e nesta\u010d\u00ed.<br \/>\nNa\u0161e sm\u011bs brzdov\u00fdch desti\u010dek LTS (Light Truck and SUV) v\u00fdrazn\u011b zlep\u0161uje brzdn\u00fd v\u00fdkon va\u0161eho vozidla a odolnost proti vyblednut\u00ed. Rovn\u011b\u017e p\u0159ekon\u00e1v\u00e1 konkurenci z hlediska opot\u0159eben\u00ed brzdov\u00fdch kotou\u010d\u016f a desti\u010dek.<br \/>\nSm\u011bs LTS nab\u00edz\u00ed vynikaj\u00edc\u00ed brzdn\u00fd v\u00fdkon a del\u0161\u00ed \u017eivotnost desti\u010dek bez nadm\u011brn\u00e9 hlu\u010dnosti a tvorby prachu.<br \/>\n\u017delezouhl\u00edkov\u00fd t\u0159ec\u00ed materi\u00e1l LTS vyvinut\u00fd odborn\u00edky na brzdov\u00e9 desti\u010dky pro n\u00e1kladn\u00ed vozidla je optim\u00e1ln\u00ed volbou desti\u010dek pro va\u0161i RAM.<br \/>\nO\u010dek\u00e1vejte vy\u0161\u0161\u00ed brzdn\u00fd v\u00fdkon 20-40% ve srovn\u00e1n\u00ed s b\u011b\u017en\u00fdmi n\u00e1hradn\u00edmi desti\u010dkami.<\/p>\n<p>&nbsp;<\/p>\n<p><strong>Doporu\u010den\u00ed<\/strong><\/p>\n<p>Pokud je va\u0161\u00edm hlavn\u00edm c\u00edlem zv\u00fd\u0161it brzdn\u00fd v\u00fdkon, nikoli minimalizovat brzdov\u00fd prach, je pro RAM dobrou volbou sada Hawk LTS.<br \/>\nSm\u011bs LTS je relativn\u011b \u010dist\u00e1, ale v porovn\u00e1n\u00ed se sm\u011bs\u00ed Hawk Ceramic produkuje trochu brzdov\u00e9ho prachu.<br \/>\nV\u00fdkon LTS je lep\u0161\u00ed ne\u017e u Hawk Ceramic a HPS, ale ne tak dobr\u00fd jako u SuperDuty.<br \/>\nPro \u010dast\u00e9 ta\u017een\u00ed se doporu\u010duje sp\u00ed\u0161e sm\u011bs Hawk SuperDuty ne\u017e LTS, proto\u017ee sm\u011bs SuperDuty m\u00e1 mnohem vy\u0161\u0161\u00ed teplotn\u00ed rozsah, aby zvl\u00e1dla vysok\u00e9 teploty dosahovan\u00e9 p\u0159i ta\u017een\u00ed.<br \/>\nPokud netah\u00e1te \u010dasto, je LTS nejlep\u0161\u00ed volbou.<\/p>\n<p>&nbsp;<\/p>\n<p><strong>Hawk LTS Compound Vlastnosti:<\/strong><\/p>\n<ul>\n<li>Siln\u00fd, vyv\u00e1\u017een\u00fd po\u010d\u00e1te\u010dn\u00ed skus, tepl\u00fd i studen\u00fd<\/li>\n<li>Vynikaj\u00edc\u00ed odolnost proti zne\u010di\u0161t\u011bn\u00ed<\/li>\n<li>Sm\u011bs \u017eeleza a uhl\u00edku<\/li>\n<li>N\u00edzk\u00e1 tvorba prachu<\/li>\n<li>Vynikaj\u00edc\u00ed \u017eivotnost brzdov\u00fdch desti\u010dek a kotou\u010d\u016f<\/li>\n<li>37-370 \u00b0C Rozsah pracovn\u00edch teplot<\/li>\n<li>37-370 \u00b0C Optim\u00e1ln\u00ed teplotn\u00ed rozsah<\/li>\n<\/ul>\n<p>&nbsp;<\/p>\n<p>\u010c\u00edslo OE (pouze pro \u00fa\u010dely porovn\u00e1n\u00ed): \u00a0<span class=\"list-value\">68520814AA<\/span>, <span class=\"list-value\">68520814AB<\/span>, 68520814AC, 68520814AC, 68412557AA, 68412557AB, 68412557AC, 68412557AD, 68412557AE<br \/>\nAutorizace: ne<\/p>\n<p>M\u00edsto instalace: P\u0159edn\u00ed n\u00e1prava<\/p>\n<p>&nbsp;<\/p>\n<p><strong>Vhodn\u00e9 pro:<\/strong><\/p>\n<table width=\"596\">\n<tbody>\n<tr>\n<td width=\"114\"><strong>Zna\u010dka<\/strong><\/td>\n<td width=\"121\"><strong>Model<\/strong><\/td>\n<td width=\"122\"><strong>Motor<\/strong><\/td>\n<td width=\"141\"><strong>Rok v\u00fdstavby<\/strong><\/td>\n<td width=\"98\"><strong>K\u00f3d brzdy<\/strong><\/td>\n<\/tr>\n<tr>\n<td width=\"114\">RAM<\/td>\n<td width=\"121\">1500<\/td>\n<td width=\"122\">3.0 EcoDiesel<\/td>\n<td width=\"141\">2002 - 2023<\/td>\n<td>BNN<\/td>\n<\/tr>\n<tr>\n<td width=\"114\">RAM<\/td>\n<td width=\"121\">1500<\/td>\n<td width=\"122\">3.6<\/td>\n<td width=\"141\">2019\u20132024<\/td>\n<td>BNN<\/td>\n<\/tr>\n<tr>\n<td width=\"114\">RAM<\/td>\n<td width=\"121\">1500<\/td>\n<td width=\"122\">5.7<\/td>\n<td width=\"141\">2019\u20132024<\/td>\n<td>BNN<\/td>\n<\/tr>\n<tr>\n<td width=\"114\">RAM<\/td>\n<td width=\"121\">1500<\/td>\n<td width=\"122\">6.2 TRX<\/td>\n<td width=\"141\">2020\u20132024<\/td>\n<td>BNN<\/td>\n<\/tr>\n<\/tbody>\n<\/table>\n<p>&nbsp;<\/p>\n<p><strong>Rozsah dod\u00e1vky: <\/strong><\/p>\n<p>- 1 sada brzdov\u00fdch desti\u010dek (922Y.765) pro p\u0159edn\u00ed n\u00e1pravu<\/p>","protected":false},"excerpt":{"rendered":"<p>2019\u20132024<\/p>","protected":false},"featured_media":68298354,"comment_status":"open","ping_status":"closed","template":"","meta":{"_acf_changed":false},"product_brand":[17621],"product_cat":[19406,19677,5012,4704],"product_tag":[475,4721,4722,4723,4724,4725,6773,4702,6833,1046,590,795,840,1070,6834,7614,36,6835,86,3507,3518,970,592,2353,2139,842,841,673,2135,2137],"class_list":{"0":"post-68298347","1":"product","2":"type-product","3":"status-publish","4":"has-post-thumbnail","6":"product_brand-hawk-performance","7":"product_cat-1500-ecodiesel-2020-2023-bremsen-vorne","8":"product_cat-1500-36-dt-bremsen-vorne","9":"product_cat-1500-57-dt-bremsen-vorne","10":"product_cat-trx-bremsen-vorne","11":"product_tag-475","12":"product_tag-68412557aa","13":"product_tag-68412557ab","14":"product_tag-68412557ac","15":"product_tag-68412557ad","16":"product_tag-68412557ae","17":"product_tag-68520814ab","18":"product_tag-68520814ac","19":"product_tag-922y-765","20":"product_tag-abe","21":"product_tag-bremsbelaege","22":"product_tag-bremse","23":"product_tag-bremskloetze","24":"product_tag-hawk","25":"product_tag-hawk-performance","26":"product_tag-hawk10","27":"product_tag-kraftwerk","28":"product_tag-lts","29":"product_tag-ram","30":"product_tag-ram1500","31":"product_tag-sportbremsbelag","32":"product_tag-sportbremsbelaege","33":"product_tag-sportbremse","34":"product_tag-trx","35":"product_tag-tuev","36":"product_tag-vorderachse","37":"product_tag-vorne","38":"product_tag-zubehoer","39":"product_tag-zubehoerbremsbelaege","40":"product_tag-zulassung","42":"first","43":"instock","44":"taxable","45":"shipping-taxable","46":"purchasable","47":"product-type-simple"},"bundled_by":[],"bundle_stock_status":"instock","bundle_stock_quantity":2,"bundle_virtual":false,"bundle_layout":"","bundle_add_to_cart_form_location":"","bundle_editable_in_cart":false,"bundle_sold_individually_context":"","bundle_item_grouping":"","bundle_min_size":"","bundle_max_size":"","bundle_price":[],"bundled_items":[],"bundle_sell_ids":[],"exclude_global_add_ons":[],"addons":[],"acf":[],"_links":{"self":[{"href":"https:\/\/kraftwerk-shop.cc\/cs\/wp-json\/wp\/v2\/product\/68298347","targetHints":{"allow":["GET"]}}],"collection":[{"href":"https:\/\/kraftwerk-shop.cc\/cs\/wp-json\/wp\/v2\/product"}],"about":[{"href":"https:\/\/kraftwerk-shop.cc\/cs\/wp-json\/wp\/v2\/types\/product"}],"replies":[{"embeddable":true,"href":"https:\/\/kraftwerk-shop.cc\/cs\/wp-json\/wp\/v2\/comments?post=68298347"}],"version-history":[{"count":0,"href":"https:\/\/kraftwerk-shop.cc\/cs\/wp-json\/wp\/v2\/product\/68298347\/revisions"}],"wp:featuredmedia":[{"embeddable":true,"href":"https:\/\/kraftwerk-shop.cc\/cs\/wp-json\/wp\/v2\/media\/68298354"}],"wp:attachment":[{"href":"https:\/\/kraftwerk-shop.cc\/cs\/wp-json\/wp\/v2\/media?parent=68298347"}],"wp:term":[{"taxonomy":"product_brand","embeddable":true,"href":"https:\/\/kraftwerk-shop.cc\/cs\/wp-json\/wp\/v2\/product_brand?post=68298347"},{"taxonomy":"product_cat","embeddable":true,"href":"https:\/\/kraftwerk-shop.cc\/cs\/wp-json\/wp\/v2\/product_cat?post=68298347"},{"taxonomy":"product_tag","embeddable":true,"href":"https:\/\/kraftwerk-shop.cc\/cs\/wp-json\/wp\/v2\/product_tag?post=68298347"}],"curies":[{"name":"wp","href":"https:\/\/api.w.org\/{rel}","templated":true}]}}