{"id":68298364,"date":"2024-02-18T13:49:33","date_gmt":"2024-02-18T12:49:33","guid":{"rendered":"https:\/\/kraftwerk-shop.cc\/?post_type=product&#038;p=68298364"},"modified":"2026-02-15T01:08:07","modified_gmt":"2026-02-15T00:08:07","slug":"hawk-performance-superduty-brzdove-desticky-ram","status":"publish","type":"product","link":"https:\/\/kraftwerk-shop.cc\/cs\/produkt\/hawk-performance-superduty-bremsbelaege-ram\/","title":{"rendered":"Brzdov\u00e9 desti\u010dky Hawk Performance SuperDuty RAM (922P.765)"},"content":{"rendered":"<h1>Brzdov\u00e9 desti\u010dky Hawk Performance SuperDuty 922P.765 pro RAM 3.0 EcoDiesel, 3.6, 5.7 a 6.2 TRX (p\u0159edn\u00ed n\u00e1prava) od roku 2019<\/h1>\n<p>&nbsp;<\/p>\n<p><strong>Hawk Performance Super Duty<br \/>\n<\/strong><\/p>\n<p>Spole\u010dnost Hawk Performance ji\u017e v\u00edce ne\u017e 25 let vyv\u00edj\u00ed brzdov\u00e9 desti\u010dky pro nejv\u011bt\u0161\u00ed n\u00e1kladn\u00ed vozidla na sv\u011bt\u011b. V\u00fdrobky pou\u017e\u00edvaj\u00ed jak spole\u010dnosti zab\u00fdvaj\u00edc\u00ed se v\u00fdrobou origin\u00e1ln\u00edch d\u00edl\u016f, tak i spole\u010dnosti p\u016fsob\u00edc\u00ed na trhu n\u00e1hradn\u00edch d\u00edl\u016f, kter\u00e9 obsluhuj\u00ed trhy s d\u016fln\u00edmi, stavebn\u00edmi, vojensk\u00fdmi a u\u017eitkov\u00fdmi vozidly.<br \/>\nSm\u011bs Hawk SuperDuty vyu\u017e\u00edv\u00e1 stejnou vysoce v\u00fdkonnou t\u0159ec\u00ed technologii pro pou\u017eit\u00ed v t\u011b\u017ek\u00fdch podm\u00ednk\u00e1ch. Jedine\u010dn\u00fd ferouhl\u00edkov\u00fd materi\u00e1l v brzdov\u00fdch desti\u010dk\u00e1ch SuperDuty zaji\u0161\u0165uje extr\u00e9mn\u011b vysokou odolnost proti vyblednut\u00ed a minimalizuje opot\u0159eben\u00ed brzdov\u00fdch kotou\u010d\u016f a desti\u010dek p\u0159i vysok\u00fdch teplot\u00e1ch.<\/p>\n<p>&nbsp;<\/p>\n<p><strong>Doporu\u010den\u00ed<\/strong><\/p>\n<p>Brzdov\u00e1 sm\u011bs Hawk SuperDuty je skv\u011blou volbou pro t\u011b\u017ek\u00e1 vozidla, kter\u00e1 bu\u010f t\u00e1hnou, nebo hledaj\u00ed nejlep\u0161\u00ed brzdn\u00fd v\u00fdkon pro sv\u00e9 vozidlo. Sm\u011bs SuperDuty vytv\u00e1\u0159\u00ed ur\u010dit\u00fd brzdov\u00fd prach, ale bez probl\u00e9m\u016f zastav\u00ed v\u00e1\u0161 velk\u00fd a t\u011b\u017ek\u00fd n\u00e1klad. Sm\u011bs SuperDuty vyu\u017eij\u00ed tak\u00e9 vozidla s poddimenzovan\u00fdmi brzdov\u00fdmi syst\u00e9my, pokud se brzdov\u00e9 desti\u010dky OEM neust\u00e1le p\u0159eh\u0159\u00edvaj\u00ed.<br \/>\nPokud v\u00e1m jde p\u0159edev\u0161\u00edm o tah, zvolte SuperDuty.<\/p>\n<p>&nbsp;<\/p>\n<p><strong>Hawk SuperDuty Compound Vlastnosti:<\/strong><\/p>\n<ul>\n<li>Technologie pro pou\u017eit\u00ed v t\u011b\u017ek\u00e9m silni\u010dn\u00edm provozu a v arm\u00e1d\u011b<\/li>\n<li>Extr\u00e9mn\u011b vysok\u00fd koeficient t\u0159en\u00ed a vysok\u00e1 odolnost proti vyblednut\u00ed<\/li>\n<li>Doporu\u010duje se pro vysoce zat\u00ed\u017een\u00e9 pickupy nebo pro ta\u017een\u00ed p\u0159\u00edv\u011bs\u016f.<\/li>\n<li>N\u00edzk\u00e1 tvorba prachu<\/li>\n<li>Vynikaj\u00edc\u00ed \u017eivotnost brzdov\u00fdch desti\u010dek a kotou\u010d\u016f<\/li>\n<li>37-400 \u00b0C Rozsah pracovn\u00edch teplot<\/li>\n<li>37-260 \u00b0C Optim\u00e1ln\u00ed teplotn\u00ed rozsah<\/li>\n<\/ul>\n<p>&nbsp;<\/p>\n<p>\u010c\u00edslo OE (pouze pro \u00fa\u010dely porovn\u00e1n\u00ed): <span class=\"list-value\">68520814AA<\/span>, <span class=\"list-value\">68520814AB<\/span>, 68520814AC, 68520814AC, 68412557AA, 68412557AB, 68412557AC, 68412557AD, 68412557AE<br \/>\nAutorizace: ne<\/p>\n<p>M\u00edsto instalace: P\u0159edn\u00ed n\u00e1prava<\/p>\n<p>&nbsp;<\/p>\n<p><strong>Vhodn\u00e9 pro:<\/strong><\/p>\n<table width=\"596\">\n<tbody>\n<tr>\n<td width=\"114\"><strong>Zna\u010dka<\/strong><\/td>\n<td width=\"121\"><strong>Model<\/strong><\/td>\n<td width=\"122\"><strong>Motor<\/strong><\/td>\n<td width=\"141\"><strong>Rok v\u00fdstavby<\/strong><\/td>\n<td width=\"98\"><strong>K\u00f3d brzdy<\/strong><\/td>\n<\/tr>\n<tr>\n<td width=\"114\">RAM<\/td>\n<td width=\"121\">1500<\/td>\n<td width=\"122\">3.0 EcoDiesel<\/td>\n<td width=\"141\">2020\u20132023<\/td>\n<td>BNN<\/td>\n<\/tr>\n<tr>\n<td width=\"114\">RAM<\/td>\n<td width=\"121\">1500<\/td>\n<td width=\"122\">3.6<\/td>\n<td width=\"141\">2019\u20132024<\/td>\n<td>BNN<\/td>\n<\/tr>\n<tr>\n<td width=\"114\">RAM<\/td>\n<td width=\"121\">1500<\/td>\n<td width=\"122\">5.7<\/td>\n<td width=\"141\">2019\u20132024<\/td>\n<td>BNN<\/td>\n<\/tr>\n<tr>\n<td width=\"114\">RAM<\/td>\n<td width=\"121\">1500<\/td>\n<td width=\"122\">6.2 TRX<\/td>\n<td width=\"141\">2020\u20132024<\/td>\n<td>BNN<\/td>\n<\/tr>\n<\/tbody>\n<\/table>\n<p>&nbsp;<\/p>\n<p><strong>Rozsah dod\u00e1vky: <\/strong><\/p>\n<p>- 1 sada brzdov\u00fdch desti\u010dek (922P.765) pro p\u0159edn\u00ed n\u00e1pravu<\/p>","protected":false},"excerpt":{"rendered":"<p>2019\u20132024<\/p>","protected":false},"featured_media":68298370,"comment_status":"open","ping_status":"closed","template":"","meta":{"_acf_changed":false},"product_brand":[17621],"product_cat":[19406,19677,5012,4704],"product_tag":[475,4721,4722,4723,4724,4725,6852,6773,4702,6833,1046,590,795,840,1070,6834,7614,36,86,3507,3518,970,592,6837,2353,2139,842,841,673,2135,2137],"class_list":{"0":"post-68298364","1":"product","2":"type-product","3":"status-publish","4":"has-post-thumbnail","6":"product_brand-hawk-performance","7":"product_cat-1500-ecodiesel-2020-2023-bremsen-vorne","8":"product_cat-1500-36-dt-bremsen-vorne","9":"product_cat-1500-57-dt-bremsen-vorne","10":"product_cat-trx-bremsen-vorne","11":"product_tag-475","12":"product_tag-68412557aa","13":"product_tag-68412557ab","14":"product_tag-68412557ac","15":"product_tag-68412557ad","16":"product_tag-68412557ae","17":"product_tag-68520814aa","18":"product_tag-68520814ab","19":"product_tag-68520814ac","20":"product_tag-922y-765","21":"product_tag-abe","22":"product_tag-bremsbelaege","23":"product_tag-bremse","24":"product_tag-bremskloetze","25":"product_tag-hawk","26":"product_tag-hawk-performance","27":"product_tag-hawk10","28":"product_tag-kraftwerk","29":"product_tag-ram","30":"product_tag-ram1500","31":"product_tag-sportbremsbelag","32":"product_tag-sportbremsbelaege","33":"product_tag-sportbremse","34":"product_tag-super-duty","35":"product_tag-trx","36":"product_tag-tuev","37":"product_tag-vorderachse","38":"product_tag-vorne","39":"product_tag-zubehoer","40":"product_tag-zubehoerbremsbelaege","41":"product_tag-zulassung","43":"first","44":"instock","45":"taxable","46":"shipping-taxable","47":"purchasable","48":"product-type-simple"},"bundled_by":[],"bundle_stock_status":"instock","bundle_stock_quantity":1,"bundle_virtual":false,"bundle_layout":"","bundle_add_to_cart_form_location":"","bundle_editable_in_cart":false,"bundle_sold_individually_context":"","bundle_item_grouping":"","bundle_min_size":"","bundle_max_size":"","bundle_price":[],"bundled_items":[],"bundle_sell_ids":[],"exclude_global_add_ons":[],"addons":[],"acf":[],"_links":{"self":[{"href":"https:\/\/kraftwerk-shop.cc\/cs\/wp-json\/wp\/v2\/product\/68298364","targetHints":{"allow":["GET"]}}],"collection":[{"href":"https:\/\/kraftwerk-shop.cc\/cs\/wp-json\/wp\/v2\/product"}],"about":[{"href":"https:\/\/kraftwerk-shop.cc\/cs\/wp-json\/wp\/v2\/types\/product"}],"replies":[{"embeddable":true,"href":"https:\/\/kraftwerk-shop.cc\/cs\/wp-json\/wp\/v2\/comments?post=68298364"}],"version-history":[{"count":0,"href":"https:\/\/kraftwerk-shop.cc\/cs\/wp-json\/wp\/v2\/product\/68298364\/revisions"}],"wp:featuredmedia":[{"embeddable":true,"href":"https:\/\/kraftwerk-shop.cc\/cs\/wp-json\/wp\/v2\/media\/68298370"}],"wp:attachment":[{"href":"https:\/\/kraftwerk-shop.cc\/cs\/wp-json\/wp\/v2\/media?parent=68298364"}],"wp:term":[{"taxonomy":"product_brand","embeddable":true,"href":"https:\/\/kraftwerk-shop.cc\/cs\/wp-json\/wp\/v2\/product_brand?post=68298364"},{"taxonomy":"product_cat","embeddable":true,"href":"https:\/\/kraftwerk-shop.cc\/cs\/wp-json\/wp\/v2\/product_cat?post=68298364"},{"taxonomy":"product_tag","embeddable":true,"href":"https:\/\/kraftwerk-shop.cc\/cs\/wp-json\/wp\/v2\/product_tag?post=68298364"}],"curies":[{"name":"wp","href":"https:\/\/api.w.org\/{rel}","templated":true}]}}