{"id":68298404,"date":"2024-02-18T16:52:24","date_gmt":"2024-02-18T15:52:24","guid":{"rendered":"https:\/\/kraftwerk-shop.cc\/?post_type=product&#038;p=68298404"},"modified":"2026-03-10T20:12:48","modified_gmt":"2026-03-10T19:12:48","slug":"skrtici-klapka-granatelli-95","status":"publish","type":"product","link":"https:\/\/kraftwerk-shop.cc\/cs\/produkt\/granatelli-drosselklappe-95\/","title":{"rendered":"Granatelli Motorsports 95 mm \u0161krtic\u00ed klapka 5.7 a 6.4"},"content":{"rendered":"<h1>Granatelli Motorsports 95 mm \u0161krtic\u00ed klapka pro Chrysler, Dodge, Jeep a RAM 5.7 a 6.4 od roku 2013<\/h1>\n<p>&nbsp;<\/p>\n<p>Spole\u010dnost Granatelli Motorsports s hrdost\u00ed nab\u00edz\u00ed 95mm \u0161krtic\u00ed klapky pro Dodge Hemi Drive-By-Wire 2013 a nov\u011bj\u0161\u00ed.<br \/>\n95mm \u0161krtic\u00ed klapky jsou precizn\u011b zkonstruov\u00e1ny tak, aby p\u0159ekra\u010dovaly po\u017eadavky pot\u0159ebn\u00e9 pro zv\u00fd\u0161en\u00ed pr\u016ftoku vzduchu ve v\u0161ech v\u00fdkonn\u00fdch aplikac\u00edch Hemi, a to jak s p\u0159irozen\u00fdm, tak s nucen\u00fdm s\u00e1n\u00edm.<\/p>\n<p>Lze pou\u017e\u00edt s tov\u00e1rn\u00edm nebo dodate\u010dn\u011b dod\u00e1van\u00fdm sac\u00edm potrub\u00edm. Pou\u017e\u00edv\u00e1 konektor kabelov\u00e9ho svazku OEM.<\/p>\n<p>&nbsp;<\/p>\n<p><strong>Vlastnosti:<\/strong><\/p>\n<ul>\n<li>Vnit\u0159n\u00ed pr\u016fm\u011br 95 mm<\/li>\n<li>V\u00fdrazn\u00e9 zv\u00fd\u0161en\u00ed pr\u016ftoku vzduchu v cel\u00e9m rozsahu ot\u00e1\u010dek<\/li>\n<li>Lep\u0161\u00ed odezva plynov\u00e9ho ped\u00e1lu<\/li>\n<li>P\u0159\u00edm\u00e1 n\u00e1hrada standardn\u00ed \u0161krtic\u00ed klapky (plug and play)<\/li>\n<li>Umo\u017e\u0148uje lep\u0161\u00ed a rychlej\u0161\u00ed akceleraci motoru<\/li>\n<li>Jednoduch\u00e1 mont\u00e1\u017e<\/li>\n<\/ul>\n<p>&nbsp;<\/p>\n<p>Vhodn\u00e9 pro standardn\u00ed vozidla a vozidla se zv\u00fd\u0161en\u00fdm v\u00fdkonem (v\u010detn\u011b p\u0159estaveb na p\u0159epl\u0148ov\u00e1n\u00ed).<\/p>\n<p>&nbsp;<\/p>\n<p><strong>Vhodn\u00e9 pro:<\/strong><\/p>\n<table width=\"449\">\n<tbody>\n<tr>\n<td width=\"115\"><strong>Zna\u010dka<\/strong><\/td>\n<td width=\"145\"><strong>Model<\/strong><\/td>\n<td width=\"106\"><strong>Motor<\/strong><\/td>\n<td width=\"83\"><strong>Rok v\u00fdstavby<\/strong><\/td>\n<\/tr>\n<tr>\n<td>Chrysler<\/td>\n<td>300C<\/td>\n<td>5.7<\/td>\n<td>2013\u20132023<\/td>\n<\/tr>\n<tr>\n<td width=\"115\">Chrysler<\/td>\n<td width=\"145\">300C<\/td>\n<td>6.4<\/td>\n<td width=\"83\">2012\u20132023<\/td>\n<\/tr>\n<tr>\n<td>Dodge<\/td>\n<td>Challenger<\/td>\n<td>5.7<\/td>\n<td>2013\u20132023<\/td>\n<\/tr>\n<tr>\n<td width=\"115\">Dodge<\/td>\n<td width=\"145\">Challenger<\/td>\n<td>6.4<\/td>\n<td width=\"83\">2013\u20132023<\/td>\n<\/tr>\n<tr>\n<td>Dodge<\/td>\n<td>Charger<\/td>\n<td>5.7<\/td>\n<td>2013\u20132023<\/td>\n<\/tr>\n<tr>\n<td width=\"115\">Dodge<\/td>\n<td width=\"145\">Charger<\/td>\n<td>6.4<\/td>\n<td width=\"83\">2013\u20132023<\/td>\n<\/tr>\n<tr>\n<td>Dodge<\/td>\n<td>Durango<\/td>\n<td>5.7<\/td>\n<td>2013\u20132025<\/td>\n<\/tr>\n<tr>\n<td>Dodge<\/td>\n<td>Durango<\/td>\n<td>6.4<\/td>\n<td>2018\u20132024<\/td>\n<\/tr>\n<tr>\n<td>Jeep<\/td>\n<td>Grand Cherokee<\/td>\n<td>5.7<\/td>\n<td>2013\u20132023<\/td>\n<\/tr>\n<tr>\n<td>Jeep<\/td>\n<td>Grand Cherokee<\/td>\n<td>6.4<\/td>\n<td>2013\u20132021<\/td>\n<\/tr>\n<tr>\n<td>Jeep<\/td>\n<td>Grand Wagoneer<\/td>\n<td>6.4<\/td>\n<td>2022 \u2013 2023<\/td>\n<\/tr>\n<tr>\n<td>Jeep<\/td>\n<td>Wrangler<\/td>\n<td>6.4<\/td>\n<td>2021\u20132025<\/td>\n<\/tr>\n<tr>\n<td>RAM<\/td>\n<td>1500<\/td>\n<td>5.7<\/td>\n<td>2013\u20132024<\/td>\n<\/tr>\n<tr>\n<td>RAM<\/td>\n<td>2500<\/td>\n<td>6.4<\/td>\n<td>2014\u20132025<\/td>\n<\/tr>\n<\/tbody>\n<\/table>\n<p>&nbsp;<\/p>\n<p>Upozor\u0148ujeme na spr\u00e1vn\u00fd rok v\u00fdroby, proto\u017ee existuj\u00ed dv\u011b r\u016fzn\u00e9 verze.<br \/>\nPrvn\u00ed varianta byla instalov\u00e1na do roku 2012, druh\u00e1 varianta od roku 2013.<br \/>\nTuto \u0161krt\u00edc\u00ed klapku lze pou\u017e\u00edt pouze pro variantu od roku 2013.<\/p>\n<p>Pokud si nejste jisti, porovnejte \u0161krt\u00edc\u00ed klapku ve sv\u00e9m vozidle s t\u00edmto obr\u00e1zkem, abyste zjistili, zda je namontov\u00e1na varianta do roku 2012 nebo od roku 2013:<\/p>\n<p><img decoding=\"async\" class=\"aligncenter wp-image-68256549\" src=\"https:\/\/kraftwerk-shop.cc\/wp-content\/uploads\/2021\/09\/Drosselklappe-Zuordnung-1-300x286.jpg\" alt=\"P\u0159i\u0159azen\u00ed \u0161krtic\u00ed klapky Chrysler, Dodge, Jeep\" width=\"450\" height=\"429\" \/><\/p>","protected":false},"excerpt":{"rendered":"<p>od roku 2013<\/p>","protected":false},"featured_media":68298521,"comment_status":"open","ping_status":"closed","template":"","meta":{"_acf_changed":false},"product_brand":[20094],"product_cat":[4973,2517,2501,2512,5151,2516,2521,2520,2500,2499,2518,6784,1512,2916],"product_tag":[52,185,91,93,179,6849,54,53,48,536,49,3853,3854,158,95,6846,6847,6848,56,6545,159,160,126,50,4425,36,184,186,86,96],"class_list":{"0":"post-68298404","1":"product","2":"type-product","3":"status-publish","4":"has-post-thumbnail","6":"product_brand-granatelli-motor-sports","7":"product_cat-300c-57-2011-2023-ansaugung","8":"product_cat-300c-64-ansaugung","9":"product_cat-challenger-57-ansaugung","10":"product_cat-challenger-64-ansaugung","11":"product_cat-charger-57-2011-2023-ansaugung","12":"product_cat-charger-64-ansaugung","13":"product_cat-durango-57-ansaugung","14":"product_cat-durango-64-ansaugung","15":"product_cat-grand-cherokee-57-2011-2021-ansaugung","16":"product_cat-grand-cherokee-61-ansaugung","17":"product_cat-grand-cherokee-64-ansaugung","18":"product_cat-wagoneer-64-ansaugung","19":"product_cat-1500-57-2009-2018-classic-ansaugung","20":"product_cat-2500-3500-64-ansaugung","21":"product_tag-300c","22":"product_tag-185","23":"product_tag-5-7","24":"product_tag-6-4","25":"product_tag-95-mm","26":"product_tag-95mm","27":"product_tag-challenger","28":"product_tag-charger","29":"product_tag-chrysler","30":"product_tag-chrysler-300c","31":"product_tag-dodge","32":"product_tag-dodge-challenger","33":"product_tag-dodge-charger","34":"product_tag-drosselklappe","35":"product_tag-durango","36":"product_tag-gmtbhlcb","37":"product_tag-granatelli","38":"product_tag-granatelli-motorsports","39":"product_tag-grand-cherokee","40":"product_tag-grand-wagoneer","41":"product_tag-gross","42":"product_tag-groesser","43":"product_tag-hemi","44":"product_tag-jeep","45":"product_tag-jeep-grand-cherokee","46":"product_tag-kraftwerk","47":"product_tag-mm","48":"product_tag-performance","49":"product_tag-ram","50":"product_tag-srt","52":"first","53":"instock","54":"taxable","55":"shipping-taxable","56":"purchasable","57":"product-type-simple"},"bundled_by":[],"bundle_stock_status":"instock","bundle_stock_quantity":1,"bundle_virtual":false,"bundle_layout":"","bundle_add_to_cart_form_location":"","bundle_editable_in_cart":false,"bundle_sold_individually_context":"","bundle_item_grouping":"","bundle_min_size":"","bundle_max_size":"","bundle_price":[],"bundled_items":[],"bundle_sell_ids":[],"exclude_global_add_ons":[],"addons":[],"acf":[],"_links":{"self":[{"href":"https:\/\/kraftwerk-shop.cc\/cs\/wp-json\/wp\/v2\/product\/68298404","targetHints":{"allow":["GET"]}}],"collection":[{"href":"https:\/\/kraftwerk-shop.cc\/cs\/wp-json\/wp\/v2\/product"}],"about":[{"href":"https:\/\/kraftwerk-shop.cc\/cs\/wp-json\/wp\/v2\/types\/product"}],"replies":[{"embeddable":true,"href":"https:\/\/kraftwerk-shop.cc\/cs\/wp-json\/wp\/v2\/comments?post=68298404"}],"version-history":[{"count":0,"href":"https:\/\/kraftwerk-shop.cc\/cs\/wp-json\/wp\/v2\/product\/68298404\/revisions"}],"wp:featuredmedia":[{"embeddable":true,"href":"https:\/\/kraftwerk-shop.cc\/cs\/wp-json\/wp\/v2\/media\/68298521"}],"wp:attachment":[{"href":"https:\/\/kraftwerk-shop.cc\/cs\/wp-json\/wp\/v2\/media?parent=68298404"}],"wp:term":[{"taxonomy":"product_brand","embeddable":true,"href":"https:\/\/kraftwerk-shop.cc\/cs\/wp-json\/wp\/v2\/product_brand?post=68298404"},{"taxonomy":"product_cat","embeddable":true,"href":"https:\/\/kraftwerk-shop.cc\/cs\/wp-json\/wp\/v2\/product_cat?post=68298404"},{"taxonomy":"product_tag","embeddable":true,"href":"https:\/\/kraftwerk-shop.cc\/cs\/wp-json\/wp\/v2\/product_tag?post=68298404"}],"curies":[{"name":"wp","href":"https:\/\/api.w.org\/{rel}","templated":true}]}}