{"id":68298424,"date":"2024-02-19T14:09:39","date_gmt":"2024-02-19T13:09:39","guid":{"rendered":"https:\/\/kraftwerk-shop.cc\/?post_type=product&#038;p=68298424"},"modified":"2026-04-01T15:16:51","modified_gmt":"2026-04-01T13:16:51","slug":"mbrp-s71143cf-vyfuk-dodge-challenger","status":"publish","type":"product","link":"https:\/\/kraftwerk-shop.cc\/cs\/produkt\/mbrp-s71143cf-auspuff-dodge-challenger\/","title":{"rendered":"MBRP S71143CF Cat-Back Race Profile Dodge Challenger V8"},"content":{"rendered":"<h3>MBRP S71143CF Cat-Back Race Profile Abgasanlage f\u00fcr Dodge Challenger V8<\/h3>\n<p>&nbsp;<\/p>\n<p class=\"\" data-start=\"213\" data-end=\"294\"><span class=\"relative -mx-px my-[-0.2rem] rounded px-px py-[0.2rem] transition-colors duration-100 ease-in-out\">Die MBRP S71143CF ist eine hochwertige Cat-Back Auspuffanlage, gefertigt aus langlebigem T304 Edelstahl. Sie verf\u00fcgt \u00fcber Carbonfaser ummantelte 4-Zoll-Endrohre und bietet ein aggressives Race-Soundprofil, das die Performance Ihres Fahrzeugs akustisch unterstreicht.<\/span>\u200b<\/p>\n<p class=\"\" data-start=\"296\" data-end=\"319\"><strong data-start=\"296\" data-end=\"319\">Technische Details:<\/strong><\/p>\n<ul>\n<li data-start=\"322\" data-end=\"380\">Rohrdurchmesser: <span class=\"relative -mx-px my-[-0.2rem] rounded px-px py-[0.2rem] transition-colors duration-100 ease-in-out\">3 Zoll<\/span><\/li>\n<li data-start=\"383\" data-end=\"434\">Endrohre: <span class=\"relative -mx-px my-[-0.2rem] rounded px-px py-[0.2rem] transition-colors duration-100 ease-in-out\">Carbonfaser ummantelte 4-Zoll-Doppelendrohre<\/span><\/li>\n<li data-start=\"437\" data-end=\"488\">Material: <span class=\"relative -mx-px my-[-0.2rem] rounded px-px py-[0.2rem] transition-colors duration-100 ease-in-out\">T304 Edelstahl<\/span><\/li>\n<li data-start=\"491\" data-end=\"545\">Soundprofil: <span class=\"relative -mx-px my-[-0.2rem] rounded px-px py-[0.2rem] transition-colors duration-100 ease-in-out\">Race (aggressiv)<\/span><\/li>\n<\/ul>\n<p>&nbsp;<\/p>\n<p class=\"\" data-start=\"1680\" data-end=\"1703\"><strong data-start=\"1680\" data-end=\"1703\">Besondere Merkmale:<\/strong><\/p>\n<ul>\n<li data-start=\"1706\" data-end=\"1785\"><span class=\"relative -mx-px my-[-0.2rem] rounded px-px py-[0.2rem] transition-colors duration-100 ease-in-out\">Optimierter Abgasdurchsatz:<\/span> <span class=\"relative -mx-px my-[-0.2rem] rounded px-px py-[0.2rem] transition-colors duration-100 ease-in-out\">Gleichm\u00e4\u00dfig gebogene Rohrst\u00fccke erh\u00f6hen den Abgasdurchsatz und maximieren Leistung sowie Drehmoment.<\/span><\/li>\n<li data-start=\"1788\" data-end=\"1867\"><span class=\"relative -mx-px my-[-0.2rem] rounded px-px py-[0.2rem] transition-colors duration-100 ease-in-out\">Einfache Montage:<\/span> <span class=\"relative -mx-px my-[-0.2rem] rounded px-px py-[0.2rem] transition-colors duration-100 ease-in-out\">Die Anlage ist vollst\u00e4ndig bolt-on montierbar und nutzt vorhandene Befestigungspunkte \u2013 keine Schwei\u00dfarbeiten oder Bohrungen erforderlich.<\/span><\/li>\n<li data-start=\"1870\" data-end=\"1995\"><span class=\"relative -mx-px my-[-0.2rem] rounded px-px py-[0.2rem] transition-colors duration-100 ease-in-out\">Aggressiver Sound:<\/span> <span class=\"relative -mx-px my-[-0.2rem] rounded px-px py-[0.2rem] transition-colors duration-100 ease-in-out\">Das Race-Soundprofil verleiht Ihrem Challenger einen kraftvollen, aggressiven Klang, der die Performance Ihres Fahrzeugs akustisch betont.<\/span>\u200b<\/li>\n<\/ul>\n<p>&nbsp;<\/p>\n<p>Die MBRP S71143CF\u00a0 RACE Profile 3&#8243; Cat-Back Abgasanlage passt f\u00fcr folgende Modelle:<\/p>\n<table width=\"449\">\n<tbody>\n<tr>\n<td width=\"115\"><strong>Marke<\/strong><\/td>\n<td width=\"145\"><strong>Modell<\/strong><\/td>\n<td width=\"106\"><strong>Motor<\/strong><\/td>\n<td width=\"83\"><strong>Baujahr<\/strong><\/td>\n<\/tr>\n<tr>\n<td>Dodge<\/td>\n<td>Challenger 392 Hemi Scat Pack Shaker<\/td>\n<td>6.4<\/td>\n<td>2016<\/td>\n<\/tr>\n<tr>\n<td>Dodge<\/td>\n<td>Challenger R\/T<\/td>\n<td>5.7<\/td>\n<td>2017 &#8211; 2023<\/td>\n<\/tr>\n<tr>\n<td>Dodge<\/td>\n<td>Challenger R\/T 392<\/td>\n<td>6.4<\/td>\n<td>2017 &#8211; 2019<\/td>\n<\/tr>\n<tr>\n<td>Dodge<\/td>\n<td>Challenger R\/T Scat Pack<\/td>\n<td>6.4<\/td>\n<td>2016 &#8211; 2023<\/td>\n<\/tr>\n<tr>\n<td>Dodge<\/td>\n<td>Challenger R\/T Scat Pack Shaker Widebody<\/td>\n<td>6.4<\/td>\n<td>2021<\/td>\n<\/tr>\n<tr>\n<td>Dodge<\/td>\n<td>Dodge Challenger R\/T Scat Pack Widebody<\/td>\n<td>6.4<\/td>\n<td>2019 &#8211; 2023<\/td>\n<\/tr>\n<tr>\n<td>Dodge<\/td>\n<td>Challenger Scat Pack<\/td>\n<td>6.4<\/td>\n<td>2015<\/td>\n<\/tr>\n<tr>\n<td>Dodge<\/td>\n<td>Challenger SRT 392<\/td>\n<td>6.4<\/td>\n<td>2015 &#8211; 2018<\/td>\n<\/tr>\n<tr>\n<td>Dodge<\/td>\n<td>Challenger SRT Demon<\/td>\n<td>6.2<\/td>\n<td>2018<\/td>\n<\/tr>\n<tr>\n<td>Dodge<\/td>\n<td>Challenger SRT Hellcat<\/td>\n<td>6.2<\/td>\n<td>2015 &#8211;\u00a0 2023<\/td>\n<\/tr>\n<tr>\n<td>Dodge<\/td>\n<td>Challenger SRT Hellcat Redeye<\/td>\n<td>6.2<\/td>\n<td>2019 &#8211; 2023<\/td>\n<\/tr>\n<tr>\n<td>Dodge<\/td>\n<td>Challenger SRT Hellcat Redeye Widebody<\/td>\n<td>6.2<\/td>\n<td>2019 &#8211; 2023<\/td>\n<\/tr>\n<tr>\n<td>Dodge<\/td>\n<td>Challenger SRT Hellcat Widebody<\/td>\n<td>6.2<\/td>\n<td>2018 &#8211; 2023<\/td>\n<\/tr>\n<tr>\n<td>Dodge<\/td>\n<td>Challenger SRT Jailbreak<\/td>\n<td>6.2<\/td>\n<td>2022 &#8211; 2023<\/td>\n<\/tr>\n<tr>\n<td>Dodge<\/td>\n<td>Challenger SRT Super Stock<\/td>\n<td>6.2<\/td>\n<td>2020 &#8211; 2023<\/td>\n<\/tr>\n<\/tbody>\n<\/table>\n<p>&nbsp;<\/p>\n<p>&nbsp;<\/p>\n<p><iframe loading=\"lazy\" title=\"MBRP S71143CF Sportauspuff passend f\u00fcr Dodge Challenger 5.7, 6.2 Hellcat, 6.4\" src=\"https:\/\/www.youtube.com\/embed\/BpioG0bBPIo\" width=\"882\" height=\"496\" frameborder=\"0\" allowfullscreen=\"allowfullscreen\"><\/iframe><\/p>\n<p><iframe loading=\"lazy\" title=\"MBRP S71143CF Sportauspuff passend f\u00fcr Dodge Challenger 5.7, 6.2 Hellcat, 6.4\" src=\"https:\/\/www.youtube.com\/embed\/YTeRiV_XyDw\" width=\"882\" height=\"496\" frameborder=\"0\" allowfullscreen=\"allowfullscreen\"><\/iframe><\/p>\n<p>&nbsp;<\/p>\n","protected":false},"excerpt":{"rendered":"<p>Nerezov\u00e1 ocel T304<\/p>\n<p>2015\u20132023<\/p>","protected":false},"featured_media":68298440,"comment_status":"open","ping_status":"closed","template":"","meta":{"_acf_changed":false},"product_brand":[17169],"product_cat":[6602,6593,6520,3024],"product_tag":[16248,16223,16224,16253,16257,16256,16258,16225,16255,16252,16226,16254,14645,16267,16268,16269,16250,16186,16259,2934,20273,16251,16249,783,16263,16264,16260,16261,16265,16266,16262,6850],"class_list":{"0":"post-68298424","1":"product","2":"type-product","3":"status-publish","4":"has-post-thumbnail","6":"product_brand-mbrp","7":"product_cat-challenger-57-abgasanlage-catback","8":"product_cat-challenger-hellcat-abgasanlage-catback","9":"product_cat-challenger-64-catback","10":"product_cat-nicht-nach-eu","11":"product_tag-71143cf","12":"product_tag-challenger-auspuff","13":"product_tag-challenger-auspuffanlage","14":"product_tag-challenger-auspuffanlage-s71143cf","15":"product_tag-challenger-carbon-auspuff","16":"product_tag-challenger-carbon-exhaust-s71143cf","17":"product_tag-challenger-carbon-tips","18":"product_tag-challenger-cat-back","19":"product_tag-challenger-cat-back-s71143cf","20":"product_tag-challenger-mbrp-s71143cf","21":"product_tag-challenger-performance-exhaust","22":"product_tag-challenger-performance-exhaust-s71143cf","23":"product_tag-challenger-r-t","24":"product_tag-challenger-r-t-auspuff","25":"product_tag-challenger-r-t-cat-back","26":"product_tag-challenger-r-t-performance","27":"product_tag-challenger-s71143cf","28":"product_tag-challenger-sportauspuff","29":"product_tag-challenger-t304-auspuff","30":"product_tag-harder","31":"product_tag-keintuev","32":"product_tag-mbrp-challenger-auspuff","33":"product_tag-mbrp-s71143cf","34":"product_tag-r-t","35":"product_tag-r-t-57","36":"product_tag-r-t-57-auspuff","37":"product_tag-r-t-auspuff","38":"product_tag-r-t-cat-back","39":"product_tag-r-t-performance-exhaust","40":"product_tag-r-t-sportauspuff","41":"product_tag-r-t-v8","42":"product_tag-s71143cf","43":"product_shipping_class-spedition-1","45":"first","46":"onbackorder","47":"taxable","48":"shipping-taxable","49":"purchasable","50":"product-type-simple"},"bundled_by":[],"bundle_stock_status":"onbackorder","bundle_stock_quantity":0,"bundle_virtual":false,"bundle_layout":"","bundle_add_to_cart_form_location":"","bundle_editable_in_cart":false,"bundle_sold_individually_context":"","bundle_item_grouping":"","bundle_min_size":"","bundle_max_size":"","bundle_price":[],"bundled_items":[],"bundle_sell_ids":[],"exclude_global_add_ons":[],"addons":[],"acf":[],"_links":{"self":[{"href":"https:\/\/kraftwerk-shop.cc\/cs\/wp-json\/wp\/v2\/product\/68298424","targetHints":{"allow":["GET"]}}],"collection":[{"href":"https:\/\/kraftwerk-shop.cc\/cs\/wp-json\/wp\/v2\/product"}],"about":[{"href":"https:\/\/kraftwerk-shop.cc\/cs\/wp-json\/wp\/v2\/types\/product"}],"replies":[{"embeddable":true,"href":"https:\/\/kraftwerk-shop.cc\/cs\/wp-json\/wp\/v2\/comments?post=68298424"}],"version-history":[{"count":0,"href":"https:\/\/kraftwerk-shop.cc\/cs\/wp-json\/wp\/v2\/product\/68298424\/revisions"}],"wp:featuredmedia":[{"embeddable":true,"href":"https:\/\/kraftwerk-shop.cc\/cs\/wp-json\/wp\/v2\/media\/68298440"}],"wp:attachment":[{"href":"https:\/\/kraftwerk-shop.cc\/cs\/wp-json\/wp\/v2\/media?parent=68298424"}],"wp:term":[{"taxonomy":"product_brand","embeddable":true,"href":"https:\/\/kraftwerk-shop.cc\/cs\/wp-json\/wp\/v2\/product_brand?post=68298424"},{"taxonomy":"product_cat","embeddable":true,"href":"https:\/\/kraftwerk-shop.cc\/cs\/wp-json\/wp\/v2\/product_cat?post=68298424"},{"taxonomy":"product_tag","embeddable":true,"href":"https:\/\/kraftwerk-shop.cc\/cs\/wp-json\/wp\/v2\/product_tag?post=68298424"}],"curies":[{"name":"wp","href":"https:\/\/api.w.org\/{rel}","templated":true}]}}