{"id":68298790,"date":"2024-03-02T00:41:00","date_gmt":"2024-03-01T23:41:00","guid":{"rendered":"https:\/\/kraftwerk-shop.cc\/?post_type=product&#038;p=68298790"},"modified":"2026-02-15T01:08:27","modified_gmt":"2026-02-15T00:08:27","slug":"afe-54-22972-sani-ford-f-150","status":"publish","type":"product","link":"https:\/\/kraftwerk-shop.cc\/cs\/produkt\/afe-54-22972-intake-ford-f-150\/","title":{"rendered":"S\u00e1n\u00ed studen\u00e9ho vzduchu aFe Magnum FORCE Stage-2 Ford F-150 3.5 EcoBoost"},"content":{"rendered":"<h1>aFe 54-22972-B Magnum FORCE Stage-2 Cold Air Intake Ford F-150 3.5 EcoBoost<\/h1>\n<p>&nbsp;<\/p>\n<p><strong>2 velk\u00e9 5vrstv\u00e9 vzduchov\u00e9 filtry<\/strong><br \/>\nSyst\u00e9m s\u00e1n\u00ed studen\u00e9ho vzduchu aFe Track Series Carbon Cold Air Intake System je navr\u017een kolem 2 7\u2033 vysok\u00fdch vzduchov\u00fdch filtr\u016f, kter\u00e9 maximalizuj\u00ed \u00fa\u010dinnost filtrace a v\u00fdkon.<br \/>\nPoskytuje motoru nejv\u011bt\u0161\u00ed mno\u017estv\u00ed vzduchu s optimalizovan\u00fdm pr\u016ftokem a ve v\u011bt\u0161in\u011b p\u0159\u00edpad\u016f p\u0159in\u00e1\u0161\u00ed nejvy\u0161\u0161\u00ed n\u00e1r\u016fst v\u00fdkonu. Tato omyvateln\u00e1 filtra\u010dn\u00ed m\u00e9dia s 5 vrstvami postupn\u011b jemn\u011bji tkan\u00fdch bavln\u011bn\u00fdch ok zaji\u0161\u0165uj\u00edc\u00edch maxim\u00e1ln\u00ed pr\u016ftok vzduchu a v\u00fdkon jsou ide\u00e1ln\u00ed pro pou\u017eit\u00ed na silnici a\/nebo na okruhu.<\/p>\n<p><strong>Konstrukce s horn\u00ed tepelnou ochranou<\/strong><br \/>\nSpole\u010dnost aFe vyvinula hlin\u00edkov\u00fd tepeln\u00fd \u0161t\u00edt s \u010dern\u00fdm pr\u00e1\u0161kov\u00fdm n\u00e1st\u0159ikem, kter\u00fd lze namontovat na spodn\u00ed polovinu p\u016fvodn\u00ed sk\u0159\u00edn\u011b vzduchov\u00e9ho filtru, co\u017e umo\u017e\u0148uje snadnou instalaci pomoc\u00ed mont\u00e1\u017en\u00edch bod\u016f z v\u00fdroby.<\/p>\n<p><strong>Velk\u00e9 3\u2033 dvojit\u00e9 sac\u00ed potrub\u00ed<\/strong><br \/>\nDv\u011b zak\u0159iven\u00e9, \u010dern\u011b pr\u00e1\u0161kov\u011b lakovan\u00e9 hlin\u00edkov\u00e9 sac\u00ed trubky jsou vybaveny H-trubkou, kter\u00e1 vyrovn\u00e1v\u00e1 tlak v sac\u00edm potrub\u00ed a maximalizuje pr\u016ftok vzduchu a rychlost.<\/p>\n<p><strong>Snadn\u00e1 mont\u00e1\u017e<\/strong><br \/>\nV\u0161echny svorky, spojky a upev\u0148ovac\u00ed materi\u00e1l pro snadnou instalaci jsou sou\u010d\u00e1st\u00ed dod\u00e1vky.<br \/>\nJedn\u00e1 se o sadu pro p\u0159\u00edm\u00e9 p\u0159ipojen\u00ed, kter\u00e1 nevy\u017eaduje \u017e\u00e1dn\u00e9 \u0159ez\u00e1n\u00ed ani vrt\u00e1n\u00ed p\u016fvodn\u00edch d\u00edl\u016f.<\/p>\n<p>&nbsp;<\/p>\n<p><strong>podrobnosti<\/strong><br \/>\n- 71 % v\u011bt\u0161\u00ed pr\u016ftok ne\u017e standardn\u00ed vzduchov\u00fd filtr<br \/>\n- 3\u2033 zak\u0159iven\u00e9, \u010dern\u011b pr\u00e1\u0161kov\u011b lakovan\u00e9 hlin\u00edkov\u00e9 sac\u00ed potrub\u00ed pro vyv\u00e1\u017een\u00fd tlak a maxim\u00e1ln\u00ed pr\u016ftok vzduchu a rychlost.<br \/>\n- Otev\u0159en\u00e1 konstrukce zd\u016fraz\u0148uje vzduchov\u00fd filtr a zaji\u0161\u0165uje agresivn\u00ed hluk p\u0159i s\u00e1n\u00ed.<br \/>\n- P\u0159edem promazan\u00fd, omyvateln\u00fd a opakovan\u011b pou\u017eiteln\u00fd vzduchov\u00fd filtr Pro 10R pro maxim\u00e1ln\u00ed v\u00fdkon<br \/>\n- \u010cern\u011b pr\u00e1\u0161kov\u011b lakovan\u00fd jednod\u00edln\u00fd hlin\u00edkov\u00fd tepeln\u00fd \u0161t\u00edt vyu\u017e\u00edv\u00e1 standardn\u00ed upev\u0148ovac\u00ed body.<\/p>\n<p>&nbsp;<\/p>\n<p>&nbsp;<\/p>\n<p><strong>Vhodn\u00e9 pro:<\/strong><\/p>\n<table width=\"720\">\n<tbody>\n<tr>\n<td width=\"115\"><strong>Rok v\u00fdstavby<\/strong><\/td>\n<td width=\"145\"><strong>Zna\u010dka<\/strong><\/td>\n<td width=\"214\"><strong>Model<\/strong><\/td>\n<td width=\"163\"><strong>Verze<\/strong><\/td>\n<td width=\"83\"><strong>Motor<\/strong><\/td>\n<\/tr>\n<tr>\n<td width=\"115\">2018-2021<\/td>\n<td width=\"145\">Ford<\/td>\n<td width=\"214\">Expedice<\/td>\n<td width=\"163\">EcoBoost<\/td>\n<td width=\"83\">V6-3,5 l (tt)<\/td>\n<\/tr>\n<tr>\n<td width=\"115\">2017-2020<\/td>\n<td width=\"145\">Ford<\/td>\n<td width=\"214\">F-150<\/td>\n<td width=\"163\">EcoBoost<\/td>\n<td width=\"83\">V6-3,5 l (tt)<\/td>\n<\/tr>\n<tr>\n<td width=\"115\">2017-2020<\/td>\n<td width=\"145\">Ford<\/td>\n<td width=\"214\">F-150 Raptor<\/td>\n<td width=\"163\">EcoBoost<\/td>\n<td width=\"83\">V6-3,5 l (tt)<\/td>\n<\/tr>\n<\/tbody>\n<\/table>","protected":false},"excerpt":{"rendered":"<p>2017\u20132021<\/p>","protected":false},"featured_media":68298794,"comment_status":"open","ping_status":"closed","template":"","meta":{"_acf_changed":false},"product_brand":[16879],"product_cat":[6337],"product_tag":[88,6856,16880,498,2441,3588,826,824,3587,825,3873,4851,4632,3494,917,6315,1094,20273,2211,4859,57,859,6316,6314,4781,4951,500,230,194],"class_list":{"0":"post-68298790","1":"product","2":"type-product","3":"status-publish","4":"has-post-thumbnail","6":"product_brand-afe-power","7":"product_cat-f-150-35-ecoboost-ansaugung","8":"product_tag-3-5","9":"product_tag-54-22972-b","10":"product_tag-advanced-flow-engineering","11":"product_tag-afe","12":"product_tag-afe-power","13":"product_tag-air","14":"product_tag-ansaugung","15":"product_tag-cai","16":"product_tag-cold","17":"product_tag-cold-air-intake","18":"product_tag-ecoboost","19":"product_tag-expedition","20":"product_tag-f-150","21":"product_tag-force","22":"product_tag-ford","23":"product_tag-induction","24":"product_tag-intake","25":"product_tag-keintuev","26":"product_tag-klang","27":"product_tag-lincoln","28":"product_tag-luftfilter","29":"product_tag-magnum-force","30":"product_tag-navigator","31":"product_tag-rapid","32":"product_tag-raptor","33":"product_tag-sportfilter","34":"product_tag-sportluftfilter","35":"product_tag-stage-2","36":"product_tag-v8","38":"first","39":"instock","40":"taxable","41":"shipping-taxable","42":"purchasable","43":"product-type-simple"},"bundled_by":[],"bundle_stock_status":"instock","bundle_stock_quantity":1,"bundle_virtual":false,"bundle_layout":"","bundle_add_to_cart_form_location":"","bundle_editable_in_cart":false,"bundle_sold_individually_context":"","bundle_item_grouping":"","bundle_min_size":"","bundle_max_size":"","bundle_price":[],"bundled_items":[],"bundle_sell_ids":[],"exclude_global_add_ons":[],"addons":[],"acf":[],"_links":{"self":[{"href":"https:\/\/kraftwerk-shop.cc\/cs\/wp-json\/wp\/v2\/product\/68298790","targetHints":{"allow":["GET"]}}],"collection":[{"href":"https:\/\/kraftwerk-shop.cc\/cs\/wp-json\/wp\/v2\/product"}],"about":[{"href":"https:\/\/kraftwerk-shop.cc\/cs\/wp-json\/wp\/v2\/types\/product"}],"replies":[{"embeddable":true,"href":"https:\/\/kraftwerk-shop.cc\/cs\/wp-json\/wp\/v2\/comments?post=68298790"}],"version-history":[{"count":0,"href":"https:\/\/kraftwerk-shop.cc\/cs\/wp-json\/wp\/v2\/product\/68298790\/revisions"}],"wp:featuredmedia":[{"embeddable":true,"href":"https:\/\/kraftwerk-shop.cc\/cs\/wp-json\/wp\/v2\/media\/68298794"}],"wp:attachment":[{"href":"https:\/\/kraftwerk-shop.cc\/cs\/wp-json\/wp\/v2\/media?parent=68298790"}],"wp:term":[{"taxonomy":"product_brand","embeddable":true,"href":"https:\/\/kraftwerk-shop.cc\/cs\/wp-json\/wp\/v2\/product_brand?post=68298790"},{"taxonomy":"product_cat","embeddable":true,"href":"https:\/\/kraftwerk-shop.cc\/cs\/wp-json\/wp\/v2\/product_cat?post=68298790"},{"taxonomy":"product_tag","embeddable":true,"href":"https:\/\/kraftwerk-shop.cc\/cs\/wp-json\/wp\/v2\/product_tag?post=68298790"}],"curies":[{"name":"wp","href":"https:\/\/api.w.org\/{rel}","templated":true}]}}