{"id":68298947,"date":"2024-03-09T00:39:51","date_gmt":"2024-03-08T23:39:51","guid":{"rendered":"https:\/\/kraftwerk-shop.cc\/?post_type=product&#038;p=68298947"},"modified":"2026-02-15T01:08:30","modified_gmt":"2026-02-15T00:08:30","slug":"mopar-termostat-300c-challenger-charger-05184977ai","status":"publish","type":"product","link":"https:\/\/kraftwerk-shop.cc\/cs\/produkt\/mopar-thermostat-300c-challenger-charger-05184977ai\/","title":{"rendered":"Termostat Mopar 300C, Challenger a Charger 3.6 (05184977AI)"},"content":{"rendered":"<h1>Origin\u00e1ln\u00ed termostat Mopar 95 stup\u0148\u016f pro Chrysler 300C, Dodge Challenger a Charger 3.6<\/h1>\n<p>&nbsp;<\/p>\n<p><span lang=\"DE\"><strong>\u010c\u00edslo d\u00edlu Mopar: <\/strong>05184977AI<br \/>\n<strong>Nahrazeno:<\/strong> <span class=\"list-value\">5184977AD, 5184977AE, 5184977AG, 05184977AH<br \/>\n<\/span><\/span><\/p>\n<p>&nbsp;<\/p>\n<p><strong>Vhodn\u00e9 pro:<\/strong><\/p>\n<table width=\"877\">\n<tbody>\n<tr>\n<td width=\"83\"><strong>Rok v\u00fdstavby<\/strong><\/td>\n<td width=\"83\"><strong>Zna\u010dka<\/strong><\/td>\n<td width=\"129\"><strong>Model<\/strong><\/td>\n<td width=\"331\"><strong>Verze<\/strong><\/td>\n<td width=\"251\"><strong>Motor<\/strong><\/td>\n<\/tr>\n<tr>\n<td width=\"83\">2023<\/td>\n<td width=\"83\">Chrysler<\/td>\n<td width=\"129\">300<\/td>\n<td width=\"331\">S, Touring, Touring L<\/td>\n<td width=\"251\">3.6L V6 - Flex, 3.6L<\/td>\n<\/tr>\n<tr>\n<td width=\"83\">2023<\/td>\n<td width=\"83\">Dodge<\/td>\n<td width=\"129\">Challenger<\/td>\n<td width=\"331\">GT, SXT<\/td>\n<td width=\"251\">3.6L<\/td>\n<\/tr>\n<tr>\n<td width=\"83\">2023<\/td>\n<td width=\"83\">Dodge<\/td>\n<td width=\"129\">Charger<\/td>\n<td width=\"331\">GT, Pursuit, SXT<\/td>\n<td width=\"251\">3.6L V6 - Flex, 3.6L<\/td>\n<\/tr>\n<tr>\n<td width=\"83\">2022<\/td>\n<td width=\"83\">Chrysler<\/td>\n<td width=\"129\">300<\/td>\n<td width=\"331\">S, Touring, Touring L<\/td>\n<td width=\"251\">3.6L V6 - Flex, 3.6L<\/td>\n<\/tr>\n<tr>\n<td width=\"83\">2022<\/td>\n<td width=\"83\">Dodge<\/td>\n<td width=\"129\">Challenger<\/td>\n<td width=\"331\">GT, SXT<\/td>\n<td width=\"251\">3.6L<\/td>\n<\/tr>\n<tr>\n<td width=\"83\">2022<\/td>\n<td width=\"83\">Dodge<\/td>\n<td width=\"129\">Charger<\/td>\n<td width=\"331\">GT, SXT<\/td>\n<td width=\"251\">3.6L V6 - Flex, 3.6L<\/td>\n<\/tr>\n<tr>\n<td width=\"83\">2021<\/td>\n<td width=\"83\">Chrysler<\/td>\n<td width=\"129\">300<\/td>\n<td width=\"331\">S, Touring, Touring L<\/td>\n<td width=\"251\">3.6L V6 - Flex, 3.6L<\/td>\n<\/tr>\n<tr>\n<td width=\"83\">2021<\/td>\n<td width=\"83\">Dodge<\/td>\n<td width=\"129\">Challenger<\/td>\n<td width=\"331\">GT, SXT<\/td>\n<td width=\"251\">3.6L<\/td>\n<\/tr>\n<tr>\n<td width=\"83\">2021<\/td>\n<td width=\"83\">Dodge<\/td>\n<td width=\"129\">Charger<\/td>\n<td width=\"331\">GT, SXT<\/td>\n<td width=\"251\">3.6L V6 - Flex, 3.6L<\/td>\n<\/tr>\n<tr>\n<td width=\"83\">2020<\/td>\n<td width=\"83\">Chrysler<\/td>\n<td width=\"129\">300<\/td>\n<td width=\"331\">Limited, S, Touring, Touring L<\/td>\n<td width=\"251\">3.6L V6 - Flex, 3.6L<\/td>\n<\/tr>\n<tr>\n<td width=\"83\">2020<\/td>\n<td width=\"83\">Dodge<\/td>\n<td width=\"129\">Challenger<\/td>\n<td width=\"331\">GT, SXT<\/td>\n<td width=\"251\">3.6L<\/td>\n<\/tr>\n<tr>\n<td width=\"83\">2020<\/td>\n<td width=\"83\">Dodge<\/td>\n<td width=\"129\">Charger<\/td>\n<td width=\"331\">GT, Pursuit, SXT<\/td>\n<td width=\"251\">3.6L V6 - Flex, 3.6L<\/td>\n<\/tr>\n<tr>\n<td width=\"83\">2019<\/td>\n<td width=\"83\">Chrysler<\/td>\n<td width=\"129\">300<\/td>\n<td width=\"331\">Limited, S, Touring, Touring L<\/td>\n<td width=\"251\">3.6L V6 - Flex, 3.6L<\/td>\n<\/tr>\n<tr>\n<td width=\"83\">2019<\/td>\n<td width=\"83\">Dodge<\/td>\n<td width=\"129\">Challenger<\/td>\n<td width=\"331\">GT, SXT<\/td>\n<td width=\"251\">3.6L<\/td>\n<\/tr>\n<tr>\n<td width=\"83\">2019<\/td>\n<td width=\"83\">Dodge<\/td>\n<td width=\"129\">Charger<\/td>\n<td width=\"331\">GT, Pursuit, SXT<\/td>\n<td width=\"251\">3.6L V6 - Flex, 3.6L<\/td>\n<\/tr>\n<tr>\n<td width=\"83\">2018<\/td>\n<td width=\"83\">Chrysler<\/td>\n<td width=\"129\">300<\/td>\n<td width=\"331\">Limited, S, Touring, Touring L<\/td>\n<td width=\"251\">3.6L V6 - Flex, 3.6L<\/td>\n<\/tr>\n<tr>\n<td width=\"83\">2018<\/td>\n<td width=\"83\">Dodge<\/td>\n<td width=\"129\">Challenger<\/td>\n<td width=\"331\">GT, SXT, SXT Plus<\/td>\n<td width=\"251\">3.6L<\/td>\n<\/tr>\n<tr>\n<td width=\"83\">2018<\/td>\n<td width=\"83\">Dodge<\/td>\n<td width=\"129\">Charger<\/td>\n<td width=\"331\">GT, GT Plus, Pursuit, SXT, SXT Plus, SXT Plus Leather<\/td>\n<td width=\"251\">3.6L V6 - Flex, 3.6L<\/td>\n<\/tr>\n<tr>\n<td width=\"83\">2017<\/td>\n<td width=\"83\">Chrysler<\/td>\n<td width=\"129\">300<\/td>\n<td width=\"331\">C, C Platinum, Limited, S<\/td>\n<td width=\"251\">3.6L V6 - Flex, 3.6L<\/td>\n<\/tr>\n<tr>\n<td width=\"83\">2017<\/td>\n<td width=\"83\">Dodge<\/td>\n<td width=\"129\">Challenger<\/td>\n<td width=\"331\">GT, SXT, SXT Plus<\/td>\n<td width=\"251\">3.6L<\/td>\n<\/tr>\n<tr>\n<td width=\"83\">2017<\/td>\n<td width=\"83\">Dodge<\/td>\n<td width=\"129\">Charger<\/td>\n<td width=\"331\">Pursuit, SE, SXT<\/td>\n<td width=\"251\">3.6L V6 - Flex<\/td>\n<\/tr>\n<tr>\n<td width=\"83\">2016<\/td>\n<td width=\"83\">Chrysler<\/td>\n<td width=\"129\">300<\/td>\n<td width=\"331\">C, C Platinum, Limited, S<\/td>\n<td width=\"251\">3.6L V6 - Flex, 3.6L<\/td>\n<\/tr>\n<tr>\n<td width=\"83\">2016<\/td>\n<td width=\"83\">Dodge<\/td>\n<td width=\"129\">Challenger<\/td>\n<td width=\"331\">SXT, SXT Plus<\/td>\n<td width=\"251\">3.6L<\/td>\n<\/tr>\n<tr>\n<td width=\"83\">2016<\/td>\n<td width=\"83\">Dodge<\/td>\n<td width=\"129\">Charger<\/td>\n<td width=\"331\">Pursuit, SE, SXT<\/td>\n<td width=\"251\">3.6L V6 - Flex<\/td>\n<\/tr>\n<tr>\n<td width=\"83\">2015<\/td>\n<td width=\"83\">Chrysler<\/td>\n<td width=\"129\">300<\/td>\n<td width=\"331\">C, C Platinum, Limited, S<\/td>\n<td width=\"251\">3.6L V6 - Flex, 3.6L<\/td>\n<\/tr>\n<tr>\n<td width=\"83\">2015<\/td>\n<td width=\"83\">Dodge<\/td>\n<td width=\"129\">Challenger<\/td>\n<td width=\"331\">SXT, SXT Plus<\/td>\n<td width=\"251\">3.6L<\/td>\n<\/tr>\n<tr>\n<td width=\"83\">2015<\/td>\n<td width=\"83\">Dodge<\/td>\n<td width=\"129\">Charger<\/td>\n<td width=\"331\">Pursuit, SE, SXT<\/td>\n<td width=\"251\">3.6L V6 - Flex<\/td>\n<\/tr>\n<tr>\n<td width=\"83\">2014<\/td>\n<td width=\"83\">Chrysler<\/td>\n<td width=\"129\">300<\/td>\n<td width=\"331\">Base, C, C Luxury, S<\/td>\n<td width=\"251\">3.6L V6 - Flex, 3.6L<\/td>\n<\/tr>\n<tr>\n<td width=\"83\">2014<\/td>\n<td width=\"83\">Dodge<\/td>\n<td width=\"129\">Challenger<\/td>\n<td width=\"331\">Rally Redline, SXT<\/td>\n<td width=\"251\">3.6L<\/td>\n<\/tr>\n<tr>\n<td width=\"83\">2014<\/td>\n<td width=\"83\">Dodge<\/td>\n<td width=\"129\">Charger<\/td>\n<td width=\"331\">Pursuit, SE, SXT<\/td>\n<td width=\"251\">3.6L V6 - Flex, 3.6L<\/td>\n<\/tr>\n<tr>\n<td width=\"83\">2013<\/td>\n<td width=\"83\">Chrysler<\/td>\n<td width=\"129\">300<\/td>\n<td width=\"331\">Base, C, C Luxury, S<\/td>\n<td width=\"251\">3.6L V6 - Flex, 3.6L<\/td>\n<\/tr>\n<tr>\n<td width=\"83\">2013<\/td>\n<td width=\"83\">Dodge<\/td>\n<td width=\"129\">Challenger<\/td>\n<td width=\"331\">SXT<\/td>\n<td width=\"251\">3.6L<\/td>\n<\/tr>\n<tr>\n<td width=\"83\">2013<\/td>\n<td width=\"83\">Dodge<\/td>\n<td width=\"129\">Charger<\/td>\n<td width=\"331\">Pursuit, SE, SXT<\/td>\n<td width=\"251\">3.6L V6 - Flex, 3.6L<\/td>\n<\/tr>\n<tr>\n<td width=\"83\">2012<\/td>\n<td width=\"83\">Chrysler<\/td>\n<td width=\"129\">300<\/td>\n<td width=\"331\">Base, Limited, S<\/td>\n<td width=\"251\">3.6L V6 - Flex, 3.6L<\/td>\n<\/tr>\n<tr>\n<td width=\"83\">2012<\/td>\n<td width=\"83\">Dodge<\/td>\n<td width=\"129\">Challenger<\/td>\n<td width=\"331\">SXT, SXT Plus<\/td>\n<td width=\"251\">3.6L<\/td>\n<\/tr>\n<tr>\n<td width=\"83\">2012<\/td>\n<td width=\"83\">Dodge<\/td>\n<td width=\"129\">Charger<\/td>\n<td width=\"331\">Pursuit, SE, SXT, SXT Plus<\/td>\n<td width=\"251\">3.6L V6 - Flex, 3.6L<\/td>\n<\/tr>\n<tr>\n<td width=\"83\">2011<\/td>\n<td width=\"83\">Chrysler<\/td>\n<td width=\"129\">300<\/td>\n<td width=\"331\">Z\u00e1kladna, Limited<\/td>\n<td width=\"251\">3.6L V6 - Flex, 3.6L<\/td>\n<\/tr>\n<tr>\n<td width=\"83\">2011<\/td>\n<td width=\"83\">Dodge<\/td>\n<td width=\"129\">Challenger<\/td>\n<td width=\"331\">SE<\/td>\n<td width=\"251\">3.6L V6 - Flex<\/td>\n<\/tr>\n<tr>\n<td width=\"83\">2011<\/td>\n<td width=\"83\">Dodge<\/td>\n<td width=\"129\">Charger<\/td>\n<td width=\"331\">Pron\u00e1sledov\u00e1n\u00ed, SE<\/td>\n<td width=\"251\">3.6L V6 - Flex, 3.6L<\/td>\n<\/tr>\n<\/tbody>\n<\/table>\n<p>&nbsp;<\/p>\n<p><strong>Rozsah dod\u00e1vky:<\/strong><\/p>\n<ul>\n<li>Termostat Mopar<\/li>\n<li>Pouzdro termostatu<\/li>\n<li>T\u011bsn\u011bn\u00ed<\/li>\n<\/ul>","protected":false},"excerpt":{"rendered":"<p>Origin\u00e1ln\u00ed d\u00edl Mopar<\/p>","protected":false},"featured_media":68298949,"comment_status":"open","ping_status":"closed","template":"","meta":{"_acf_changed":false},"product_brand":[16270],"product_cat":[2563,4566,2593],"product_tag":[15368,15369,15370,6860,15367,176,177,165,248,249,250,251,252,419,420,2066,2373,4526,169,52,6861,15394,15396,15398,6862,15400,15402,15404,6863,15406,15408,15410,15371,15412,15414,15416,15372,15418,15420,15422,6864,54,53,48,536,15380,15381,15382,15378,15379,49,3853,15385,15386,15387,15383,15384,3854,15390,15391,15392,15388,15389,31,15393,15399,15405,15411,15417,8813,9424,16271,16273,16275,16272,16274,7221,34,267,15395,15401,15407,15413,15419,614,15397,15403,15409,15415,15421],"class_list":{"0":"post-68298947","1":"product","2":"type-product","3":"status-publish","4":"has-post-thumbnail","6":"product_brand-mopar","7":"product_cat-300c-36-kuehlung","8":"product_cat-challenger-36-kuehlung","9":"product_cat-charger-36-kuehlung","10":"product_tag-05184977ad","11":"product_tag-05184977ae","12":"product_tag-05184977ag","13":"product_tag-05184977ah","14":"product_tag-05184977ai","15":"product_tag-176","16":"product_tag-177","17":"product_tag-165","18":"product_tag-248","19":"product_tag-249","20":"product_tag-250","21":"product_tag-251","22":"product_tag-252","23":"product_tag-419","24":"product_tag-420","25":"product_tag-2066","26":"product_tag-2373","27":"product_tag-4526","28":"product_tag-3-6","29":"product_tag-300c","30":"product_tag-5184977ad","31":"product_tag-5184977ad-mopar","32":"product_tag-5184977ad-thermostat","33":"product_tag-5184977ad-thermostatgehaeuse","34":"product_tag-5184977ae","35":"product_tag-5184977ae-mopar","36":"product_tag-5184977ae-thermostat","37":"product_tag-5184977ae-thermostatgehaeuse","38":"product_tag-5184977ag","39":"product_tag-5184977ag-mopar","40":"product_tag-5184977ag-thermostat","41":"product_tag-5184977ag-thermostatgehaeuse","42":"product_tag-5184977ah","43":"product_tag-5184977ah-mopar","44":"product_tag-5184977ah-thermostat","45":"product_tag-5184977ah-thermostatgehaeuse","46":"product_tag-5184977ai","47":"product_tag-5184977ai-mopar","48":"product_tag-5184977ai-thermostat","49":"product_tag-5184977ai-thermostatgehaeuse","50":"product_tag-95-grad","51":"product_tag-challenger","52":"product_tag-charger","53":"product_tag-chrysler","54":"product_tag-chrysler-300c","55":"product_tag-chrysler-300c-3-6","56":"product_tag-chrysler-300c-3-6-thermostat","57":"product_tag-chrysler-300c-3-6-thermostatgehaeuse","58":"product_tag-chrysler-300c-thermostat","59":"product_tag-chrysler-300c-thermostatgehaeuse","60":"product_tag-dodge","61":"product_tag-dodge-challenger","62":"product_tag-dodge-challenger-3-6","63":"product_tag-dodge-challenger-3-6-thermostat","64":"product_tag-dodge-challenger-3-6-thermostatgehaeuse","65":"product_tag-dodge-challenger-thermostat","66":"product_tag-dodge-challenger-thermostatgehaeuse","67":"product_tag-dodge-charger","68":"product_tag-dodge-charger-3-6","69":"product_tag-dodge-charger-3-6-thermostat","70":"product_tag-dodge-charger-3-6-thermostatgehaeuse","71":"product_tag-dodge-charger-thermostat","72":"product_tag-dodge-charger-thermostatgehaeuse","73":"product_tag-mopar","74":"product_tag-mopar-5184977ad","75":"product_tag-mopar-5184977ae","76":"product_tag-mopar-5184977ag","77":"product_tag-mopar-5184977ah","78":"product_tag-mopar-5184977ai","79":"product_tag-mopar-autoteile","80":"product_tag-mopar-ersatzteile","81":"product_tag-mopar-ersatzteile-kaufen","82":"product_tag-mopar-performance-teile","83":"product_tag-mopar-teile-katalog","84":"product_tag-mopar-teile-online","85":"product_tag-mopar-tuningteile","86":"product_tag-mopar10","87":"product_tag-original","88":"product_tag-thermostat","89":"product_tag-thermostat-5184977ad","90":"product_tag-thermostat-5184977ae","91":"product_tag-thermostat-5184977ag","92":"product_tag-thermostat-5184977ah","93":"product_tag-thermostat-5184977ai","94":"product_tag-thermostatgehaeuse","95":"product_tag-thermostatgehaeuse-5184977ad","96":"product_tag-thermostatgehaeuse-5184977ae","97":"product_tag-thermostatgehaeuse-5184977ag","98":"product_tag-thermostatgehaeuse-5184977ah","99":"product_tag-thermostatgehaeuse-5184977ai","101":"first","102":"instock","103":"taxable","104":"shipping-taxable","105":"purchasable","106":"product-type-simple"},"bundled_by":[],"bundle_stock_status":"instock","bundle_stock_quantity":7,"bundle_virtual":false,"bundle_layout":"","bundle_add_to_cart_form_location":"","bundle_editable_in_cart":false,"bundle_sold_individually_context":"","bundle_item_grouping":"","bundle_min_size":"","bundle_max_size":"","bundle_price":[],"bundled_items":[],"bundle_sell_ids":[],"exclude_global_add_ons":[],"addons":[],"acf":[],"_links":{"self":[{"href":"https:\/\/kraftwerk-shop.cc\/cs\/wp-json\/wp\/v2\/product\/68298947","targetHints":{"allow":["GET"]}}],"collection":[{"href":"https:\/\/kraftwerk-shop.cc\/cs\/wp-json\/wp\/v2\/product"}],"about":[{"href":"https:\/\/kraftwerk-shop.cc\/cs\/wp-json\/wp\/v2\/types\/product"}],"replies":[{"embeddable":true,"href":"https:\/\/kraftwerk-shop.cc\/cs\/wp-json\/wp\/v2\/comments?post=68298947"}],"version-history":[{"count":0,"href":"https:\/\/kraftwerk-shop.cc\/cs\/wp-json\/wp\/v2\/product\/68298947\/revisions"}],"wp:featuredmedia":[{"embeddable":true,"href":"https:\/\/kraftwerk-shop.cc\/cs\/wp-json\/wp\/v2\/media\/68298949"}],"wp:attachment":[{"href":"https:\/\/kraftwerk-shop.cc\/cs\/wp-json\/wp\/v2\/media?parent=68298947"}],"wp:term":[{"taxonomy":"product_brand","embeddable":true,"href":"https:\/\/kraftwerk-shop.cc\/cs\/wp-json\/wp\/v2\/product_brand?post=68298947"},{"taxonomy":"product_cat","embeddable":true,"href":"https:\/\/kraftwerk-shop.cc\/cs\/wp-json\/wp\/v2\/product_cat?post=68298947"},{"taxonomy":"product_tag","embeddable":true,"href":"https:\/\/kraftwerk-shop.cc\/cs\/wp-json\/wp\/v2\/product_tag?post=68298947"}],"curies":[{"name":"wp","href":"https:\/\/api.w.org\/{rel}","templated":true}]}}