{"id":68298964,"date":"2024-03-09T12:56:42","date_gmt":"2024-03-09T11:56:42","guid":{"rendered":"https:\/\/kraftwerk-shop.cc\/?post_type=product&#038;p=68298964"},"modified":"2026-02-15T01:08:33","modified_gmt":"2026-02-15T00:08:33","slug":"bbk-sberne-vyfukove-potrubi-srt-hellcat-titanium","status":"publish","type":"product","link":"https:\/\/kraftwerk-shop.cc\/cs\/produkt\/bbk-shorty-kruemmer-srt-hellcat-titan\/","title":{"rendered":"Rozvodn\u00e9 potrub\u00ed BBK 1-7\/8 Shorty SRT a Hellcat (s titanov\u00fdm keramick\u00fdm povrchem)"},"content":{"rendered":"<h1>Rozvodn\u00e9 potrub\u00ed BBK 1-7\/8 Shorty 4019 pro Chrysler 300C SRT, Dodge Challenger a Charger SRT a Hellcat (s titanovou keramickou vrstvou)<\/h1>\n<p>&nbsp;<\/p>\n<ul>\n<li>A\u017e o 20 kon\u00ed vy\u0161\u0161\u00ed v\u00fdkon motoru<\/li>\n<li>Zv\u00fd\u0161en\u00fd pr\u016ftok v\u00fdfukov\u00fdch plyn\u016f pro vy\u0161\u0161\u00ed v\u00fdkon<\/li>\n<li>1-5\/8\u2033 prim\u00e1rn\u00ed potrub\u00ed pro maxim\u00e1ln\u00ed pr\u016ftok<\/li>\n<li>P\u0159\u00edruby o tlou\u0161\u0165ce 3\/8\u2033<\/li>\n<li>P\u0159\u00edm\u00e9 \u0161roubov\u00e9 p\u0159ipojen\u00ed pro snadnou instalaci<\/li>\n<li>Pro pou\u017eit\u00ed s tov\u00e1rn\u00edmi nebo p\u0159\u00eddavn\u00fdmi katalyz\u00e1tory<\/li>\n<li>V\u010detn\u011b t\u011bsn\u011bn\u00ed a upev\u0148ovac\u00edho materi\u00e1lu<\/li>\n<li>Odoln\u00fd titan-keramick\u00fd povlak<\/li>\n<\/ul>\n<p>&nbsp;<\/p>\n<p><strong>Zv\u00fd\u0161en\u00fd pr\u016ftok v\u00fdfukov\u00fdch plyn\u016f pro vy\u0161\u0161\u00ed v\u00fdkon<\/strong><br \/>\nZlep\u0161ete v\u00fdkon a zvuk sv\u00e9ho vozu Dodge Charger, Challenger nebo 300C 6.4L \/ 6.2 Hellcat Hemi z let 2011-2023 pomoc\u00ed t\u011bchto kr\u00e1tk\u00fdch koncovek BBK Performance s titanovou keramickou vrstvou.<br \/>\nRozvody BBK Performance Shorty zvy\u0161uj\u00ed v\u00fdkon motoru, to\u010div\u00fd moment a dod\u00e1vaj\u00ed Mustangu pronikav\u00fd t\u00f3n v\u00fdfuku. Odoln\u00fd keramick\u00fd povlak udr\u017euje teplo, sni\u017euje teploty pod kapotou a zvy\u0161uje v\u00fdkon.<\/p>\n<p><strong>Vysoce kvalitn\u00ed konstrukce<\/strong><br \/>\nRozvody BBK Performance jsou vyrobeny z 1-5\/8\u2033 CNC opracovan\u00fdch oh\u00fdban\u00fdch trubek s 3\/8\u2033 siln\u00fdmi lisovan\u00fdmi p\u0159\u00edrubami. Velk\u00fd pr\u016fm\u011br prim\u00e1rn\u00edho potrub\u00ed zaji\u0161\u0165uje neru\u0161en\u00e9 proud\u011bn\u00ed v\u00fdfukov\u00fdch plyn\u016f pro maxim\u00e1ln\u00ed zv\u00fd\u0161en\u00ed v\u00fdkonu motoru. Tyto rozvody jsou tlakov\u011b testov\u00e1ny, aby byl zaji\u0161t\u011bn bezchybn\u00fd v\u00fdkon.<\/p>\n<p><strong>Instalace<\/strong><br \/>\nTyto kr\u00e1tk\u00e9 rozvody 6.4 Hemi jsou ur\u010deny k p\u0159\u00edm\u00e9mu p\u0159ipojen\u00ed. Pro pou\u017eit\u00ed s tov\u00e1rn\u00edm nebo dodate\u010dn\u011b dod\u00e1van\u00fdm st\u0159edov\u00fdm potrub\u00edm. Sada obsahuje nov\u00e1 t\u011bsn\u011bn\u00ed a mont\u00e1\u017en\u00ed p\u0159\u00edslu\u0161enstv\u00ed.<\/p>\n<p>&nbsp;<\/p>\n<p><strong>Vhodn\u00e9 pro:<\/strong><\/p>\n<table width=\"437\">\n<tbody>\n<tr>\n<td width=\"83\"><strong>Zna\u010dka<\/strong><\/td>\n<td width=\"122\"><strong>Model<\/strong><\/td>\n<td width=\"136\"><strong>Motor<\/strong><\/td>\n<td width=\"96\"><strong>Rok v\u00fdstavby<\/strong><\/td>\n<\/tr>\n<tr>\n<td width=\"83\">Chrysler<\/td>\n<td width=\"122\">300C<\/td>\n<td>6.4<\/td>\n<td width=\"96\">2012\u20132023<\/td>\n<\/tr>\n<tr>\n<td width=\"83\">Dodge<\/td>\n<td width=\"122\">Challenger<\/td>\n<td width=\"136\">6.2 Hellcat<\/td>\n<td width=\"96\">2015\u20132023<\/td>\n<\/tr>\n<tr>\n<td width=\"83\">Dodge<\/td>\n<td width=\"122\">Challenger<\/td>\n<td>6.4<\/td>\n<td width=\"96\">2011\u20132023<\/td>\n<\/tr>\n<tr>\n<td width=\"83\">Dodge<\/td>\n<td width=\"122\">Charger<\/td>\n<td width=\"136\">6.2 Hellcat<\/td>\n<td width=\"96\">2015\u20132023<\/td>\n<\/tr>\n<tr>\n<td width=\"83\">Dodge<\/td>\n<td width=\"122\">Charger<\/td>\n<td>6.4<\/td>\n<td width=\"96\">2011\u20132023<\/td>\n<\/tr>\n<\/tbody>\n<\/table>\n<p>&nbsp;<\/p>\n<p><strong>Pozn\u00e1mka:<\/strong> BBK v\u00fdslovn\u011b vylu\u010duje povrchov\u00e9 n\u00e1t\u011bry a rez ze z\u00e1ruky na v\u00fdrobek.<\/p>","protected":false},"excerpt":{"rendered":"<p>2011\u20132023<\/p>","protected":false},"featured_media":68298973,"comment_status":"open","ping_status":"closed","template":"","meta":{"_acf_changed":false},"product_brand":[17174],"product_cat":[2570,6594,6521,6597,6559],"product_tag":[52,217,6867,101,93,1035,546,1388,7224,3367,54,53,48,536,49,3853,3854,692,543,549,100,126,532,20273,550,34,186,3369,3368,3340,3055,547,96,6866],"class_list":{"0":"post-68298964","1":"product","2":"type-product","3":"status-publish","4":"has-post-thumbnail","6":"product_brand-bbk","7":"product_cat-300c-64-abgasanlage","8":"product_cat-challenger-hellcat-abgaskruemmer-katalysatoren","9":"product_cat-challenger-64-abgaskruemmer-katalysatoren","10":"product_cat-charger-hellcat-abgaskruemmer-katalysatoren","11":"product_cat-charger-64-abgaskruemmer-katalysatoren","12":"product_tag-300c","13":"product_tag-217","14":"product_tag-6867","15":"product_tag-6-2","16":"product_tag-6-4","17":"product_tag-abgasanlage","18":"product_tag-auspuff","19":"product_tag-bbk","20":"product_tag-bbk-exhaust","21":"product_tag-bbk-performance","22":"product_tag-challenger","23":"product_tag-charger","24":"product_tag-chrysler","25":"product_tag-chrysler-300c","26":"product_tag-dodge","27":"product_tag-dodge-challenger","28":"product_tag-dodge-charger","29":"product_tag-ersatzteil","30":"product_tag-faecherkruemmer","31":"product_tag-header","32":"product_tag-hellcat","33":"product_tag-hemi","34":"product_tag-kat","35":"product_tag-keintuev","36":"product_tag-kruemmer","37":"product_tag-original","38":"product_tag-performance","39":"product_tag-short-tube","40":"product_tag-shorties","41":"product_tag-shorty","42":"product_tag-sportabgasanlage","43":"product_tag-sportauspuff","44":"product_tag-srt","45":"product_tag-titan","46":"product_shipping_class-paket-l","48":"first","49":"outofstock","50":"taxable","51":"shipping-taxable","52":"purchasable","53":"product-type-simple"},"bundled_by":[],"bundle_stock_status":"outofstock","bundle_stock_quantity":0,"bundle_virtual":false,"bundle_layout":"","bundle_add_to_cart_form_location":"","bundle_editable_in_cart":false,"bundle_sold_individually_context":"","bundle_item_grouping":"","bundle_min_size":"","bundle_max_size":"","bundle_price":[],"bundled_items":[],"bundle_sell_ids":[],"exclude_global_add_ons":[],"addons":[],"acf":[],"_links":{"self":[{"href":"https:\/\/kraftwerk-shop.cc\/cs\/wp-json\/wp\/v2\/product\/68298964","targetHints":{"allow":["GET"]}}],"collection":[{"href":"https:\/\/kraftwerk-shop.cc\/cs\/wp-json\/wp\/v2\/product"}],"about":[{"href":"https:\/\/kraftwerk-shop.cc\/cs\/wp-json\/wp\/v2\/types\/product"}],"replies":[{"embeddable":true,"href":"https:\/\/kraftwerk-shop.cc\/cs\/wp-json\/wp\/v2\/comments?post=68298964"}],"version-history":[{"count":0,"href":"https:\/\/kraftwerk-shop.cc\/cs\/wp-json\/wp\/v2\/product\/68298964\/revisions"}],"wp:featuredmedia":[{"embeddable":true,"href":"https:\/\/kraftwerk-shop.cc\/cs\/wp-json\/wp\/v2\/media\/68298973"}],"wp:attachment":[{"href":"https:\/\/kraftwerk-shop.cc\/cs\/wp-json\/wp\/v2\/media?parent=68298964"}],"wp:term":[{"taxonomy":"product_brand","embeddable":true,"href":"https:\/\/kraftwerk-shop.cc\/cs\/wp-json\/wp\/v2\/product_brand?post=68298964"},{"taxonomy":"product_cat","embeddable":true,"href":"https:\/\/kraftwerk-shop.cc\/cs\/wp-json\/wp\/v2\/product_cat?post=68298964"},{"taxonomy":"product_tag","embeddable":true,"href":"https:\/\/kraftwerk-shop.cc\/cs\/wp-json\/wp\/v2\/product_tag?post=68298964"}],"curies":[{"name":"wp","href":"https:\/\/api.w.org\/{rel}","templated":true}]}}