{"id":68299019,"date":"2024-03-09T16:37:36","date_gmt":"2024-03-09T15:37:36","guid":{"rendered":"https:\/\/kraftwerk-shop.cc\/?post_type=product&#038;p=68299019"},"modified":"2026-04-08T15:56:41","modified_gmt":"2026-04-08T13:56:41","slug":"dba-brzdove-desticky-trackhawk-hellcat-db15039sp","status":"publish","type":"product","link":"https:\/\/kraftwerk-shop.cc\/cs\/produkt\/dba-bremsbelaege-trackhawk-hellcat-db15039sp\/","title":{"rendered":"Brzdov\u00e9 desti\u010dky DBA Street Performance Jeep Trackhawk &amp; Durango Hellcat"},"content":{"rendered":"<h1>Brzdov\u00e9 desti\u010dky DBA Street Performance DB15039SP pro Jeep Trackhawk &amp; Dodge Durango Hellcat (p\u0159edn\u00ed n\u00e1prava)<\/h1>\n<p>&nbsp;<\/p>\n<p>Brzdov\u00e9 desti\u010dky Street Performance (SP) od spole\u010dnosti DBA byly vyvinuty pro \u0159idi\u010de, kte\u0159\u00ed cht\u011bj\u00ed dos\u00e1hnout lep\u0161\u00edho brzdn\u00e9ho v\u00fdkonu ne\u017e s b\u011b\u017en\u00fdmi brzdov\u00fdmi desti\u010dkami O.E.<br \/>\nPneumatika Street Performance je dal\u0161\u00ed \u00farovn\u00ed pro v\u0161echna vozidla a byla vyvinuta tak, aby zajistila \u00fa\u010dinn\u00e9 t\u0159en\u00ed p\u0159i se\u0161l\u00e1pnut\u00ed ped\u00e1lu, n\u00edzk\u00e9 opot\u0159eben\u00ed a minim\u00e1ln\u00ed tvorbu prachu.<\/p>\n<p>Spole\u010dnost DBA doporu\u010duje pou\u017e\u00edvat tyto brzdov\u00e9 desti\u010dky s dr\u00e1\u017ekovan\u00fdmi brzdov\u00fdmi kotou\u010di DBA T2 nebo T3 pro dosa\u017een\u00ed optim\u00e1ln\u00edho brzdn\u00e9ho v\u00fdkonu.<\/p>\n<p>&nbsp;<\/p>\n<p><strong>Vlastnosti:<\/strong><\/p>\n<ul>\n<li>Polokovov\u00fd t\u0159ec\u00ed materi\u00e1l<\/li>\n<li>Koeficient t\u0159en\u00ed je v pr\u016fm\u011bru 0,45 od n\u00edzk\u00fdch po vysok\u00e9 teploty.<\/li>\n<li>\u00a0Vynikaj\u00edc\u00ed v\u00fdkon p\u0159i vysok\u00fdch teplot\u00e1ch<\/li>\n<li>Optim\u00e1ln\u00ed konzistence brzd\u011bn\u00ed a\u017e do 438 \u2103 (820\u2109)<\/li>\n<\/ul>\n<p>&nbsp;<\/p>\n<p><strong>Srovn\u00e1vac\u00ed \u010d\u00edsla Mopar:<\/strong> 68399095AA, 68399095AB, 68399095AC<\/p>\n<p>&nbsp;<\/p>\n<p><strong>Vhodn\u00e9 pro:<\/strong><\/p>\n<table width=\"426\">\n<tbody>\n<tr>\n<td width=\"94\">Dodge<\/td>\n<td width=\"110\">Durango<\/td>\n<td width=\"138\">6.2 Hellcat<\/td>\n<td width=\"84\">2021\u20132025<\/td>\n<\/tr>\n<tr>\n<td width=\"94\">Jeep<\/td>\n<td width=\"110\">Grand Cherokee<\/td>\n<td width=\"138\">6.2 Trackhawk<\/td>\n<td width=\"84\">2018\u20132021<\/td>\n<\/tr>\n<\/tbody>\n<\/table>\n<p>Autorizace: <strong>bez<\/strong><\/p>\n<p>&nbsp;<\/p>\n<p>Cena se vztahuje na 1 sadu pro kompletn\u00ed p\u0159edn\u00ed n\u00e1pravu.<\/p>\n<p>&nbsp;<\/p>\n<p>Spole\u010dnost DBA se nekompromisn\u011b zam\u011b\u0159uje na kvalitu, v\u00fdkon a bezpe\u010dnost. Podle n\u00e1zoru spole\u010dnosti DBA nelze p\u0159i v\u00fdrob\u011b a distribuci bezpe\u010dnostn\u011b d\u016fle\u017eit\u00fdch komponent\u016f d\u011blat kompromisy ani nahrazovat kvalitu.<br \/>\n\u0158ada p\u0159\u00edmo vym\u011bniteln\u00fdch brzdov\u00fdch kotou\u010d\u016f a brzdov\u00fdch desti\u010dek obsahuje \u0159adu technick\u00fdch inovac\u00ed a patent\u016f a stanovuje standardy kvality, toleranc\u00ed a vysoce kvalitn\u00edch kov\u016f, kter\u00e9 zaru\u010duj\u00ed nejvy\u0161\u0161\u00ed kvalitu.<\/p>\n<p>\u0158idi\u010di po cel\u00e9m sv\u011bt\u011b oce\u0148uj\u00ed produkty DBA pro jejich konzistentn\u00ed, spolehliv\u00fd a vynikaj\u00edc\u00ed v\u00fdkon. DBA to zaji\u0161\u0165uje v\u00fdvojem a v\u00fdrobou produkt\u016f, kter\u00e9 jsou mnohem lep\u0161\u00ed ne\u017e generick\u00e9 a pad\u011blan\u00e9 d\u00edly na trhu s n\u00e1hradn\u00edmi d\u00edly.<\/p>\n<p>Spole\u010dnost DBA je certifikov\u00e1na spole\u010dnost\u00ed T\u00dcV Rheinland\u00ae podle normy ISO9001:2015.<\/p>","protected":false},"excerpt":{"rendered":"<p>DBA Street Performance Bremsbel\u00e4ge DB15039SP f\u00fcr Jeep Trackhawk &amp; Dodge Durango Hellcat (Vorderachse) &nbsp; Die Street Performance (SP) Bremsbel\u00e4ge von<\/p>","protected":false},"featured_media":68299025,"comment_status":"open","ping_status":"closed","template":"","meta":{"_acf_changed":false},"product_brand":[18922],"product_cat":[17928,17961],"product_tag":[2751,2752,2753,838,590,10806,795,839,840,6870,789,692,186,2215,2139,842,841,673,2137],"class_list":{"0":"post-68299019","1":"product","2":"type-product","3":"status-publish","4":"has-post-thumbnail","6":"product_brand-dba","7":"product_cat-durango-hellcat-bremsbelaege-vorne","8":"product_cat-trackhawk-bremsbelaege-vorne","9":"product_tag-68399095aa","10":"product_tag-68399095ab","11":"product_tag-68399095ac","12":"product_tag-bremsbelag","13":"product_tag-bremsbelaege","14":"product_tag-bremsbelaege-fuer-jeep-trackhawk","15":"product_tag-bremse","16":"product_tag-bremsklotz","17":"product_tag-bremskloetze","18":"product_tag-db15039sp","19":"product_tag-dba","20":"product_tag-ersatzteil","21":"product_tag-performance","22":"product_tag-street","23":"product_tag-tuev","24":"product_tag-vorderachse","25":"product_tag-vorne","26":"product_tag-zubehoer","27":"product_tag-zulassung","28":"product_shipping_class-deutschlandohne","30":"first","31":"instock","32":"taxable","33":"shipping-taxable","34":"purchasable","35":"product-type-simple"},"bundled_by":[],"bundle_stock_status":"instock","bundle_stock_quantity":2,"bundle_virtual":false,"bundle_layout":"","bundle_add_to_cart_form_location":"","bundle_editable_in_cart":false,"bundle_sold_individually_context":"","bundle_item_grouping":"","bundle_min_size":"","bundle_max_size":"","bundle_price":[],"bundled_items":[],"bundle_sell_ids":[],"exclude_global_add_ons":[],"addons":[],"acf":[],"_links":{"self":[{"href":"https:\/\/kraftwerk-shop.cc\/cs\/wp-json\/wp\/v2\/product\/68299019","targetHints":{"allow":["GET"]}}],"collection":[{"href":"https:\/\/kraftwerk-shop.cc\/cs\/wp-json\/wp\/v2\/product"}],"about":[{"href":"https:\/\/kraftwerk-shop.cc\/cs\/wp-json\/wp\/v2\/types\/product"}],"replies":[{"embeddable":true,"href":"https:\/\/kraftwerk-shop.cc\/cs\/wp-json\/wp\/v2\/comments?post=68299019"}],"version-history":[{"count":0,"href":"https:\/\/kraftwerk-shop.cc\/cs\/wp-json\/wp\/v2\/product\/68299019\/revisions"}],"wp:featuredmedia":[{"embeddable":true,"href":"https:\/\/kraftwerk-shop.cc\/cs\/wp-json\/wp\/v2\/media\/68299025"}],"wp:attachment":[{"href":"https:\/\/kraftwerk-shop.cc\/cs\/wp-json\/wp\/v2\/media?parent=68299019"}],"wp:term":[{"taxonomy":"product_brand","embeddable":true,"href":"https:\/\/kraftwerk-shop.cc\/cs\/wp-json\/wp\/v2\/product_brand?post=68299019"},{"taxonomy":"product_cat","embeddable":true,"href":"https:\/\/kraftwerk-shop.cc\/cs\/wp-json\/wp\/v2\/product_cat?post=68299019"},{"taxonomy":"product_tag","embeddable":true,"href":"https:\/\/kraftwerk-shop.cc\/cs\/wp-json\/wp\/v2\/product_tag?post=68299019"}],"curies":[{"name":"wp","href":"https:\/\/api.w.org\/{rel}","templated":true}]}}