{"id":68299064,"date":"2024-03-10T00:15:53","date_gmt":"2024-03-09T23:15:53","guid":{"rendered":"https:\/\/kraftwerk-shop.cc\/?post_type=product&#038;p=68299064"},"modified":"2026-04-14T01:34:50","modified_gmt":"2026-04-13T23:34:50","slug":"powerstop-z26-1405-brzdove-desticky-corvette-c7","status":"publish","type":"product","link":"https:\/\/kraftwerk-shop.cc\/cs\/produkt\/powerstop-z26-1405-bremsbelaege-corvette-c7\/","title":{"rendered":"Brzdov\u00e9 desti\u010dky PowerStop Z26 Extreme Street Corvette C7"},"content":{"rendered":"<h1>PowerStop Bremsbel\u00e4ge f\u00fcr Chevrolet Corvette C7 (Vorderachse)<\/h1>\n<p>&nbsp;<\/p>\n<p>PowerStop hat es sich zur Aufgabe gemacht, jedem Fahrer eine einfache und erschwingliche M\u00f6glichkeit zu bieten, seine Bremsen zu verbessern &#8211; unabh\u00e4ngig davon, wo und wie er sein Fahrzeug einsetzt.<br \/>\nDie PowerStop Z26 Street Warrior Kohlefaser-Keramik-Bremsbel\u00e4ge wurden als Upgrade gegen\u00fcber den Serienbremsen entwickelt, um Bremsstaub zu reduzieren und Ger\u00e4usche bei Muscle Cars und Performance-Fahrzeugen zu vermeiden.<br \/>\nDiese Bremsbel\u00e4ge werden mit einer staubarmen Keramikformel hergestellt, die mit Karbonfasern durchsetzt ist, um die Mischung zu verst\u00e4rken und eine extreme Bremsleistung unter den anspruchsvollsten Bedingungen zu gew\u00e4hrleisten.<br \/>\nIm Lieferumfang der Z26-Bremsbel\u00e4ge ist hochwertiges Befestigungsmaterial aus rostfreiem Stahl sowie Keramik-Bremsschmiermittel enthalten, was die Durchf\u00fchrung Ihrer Bremsarbeiten erleichtert.<br \/>\nVerwenden Sie die Z26 Street Warrior Keramikbremsbel\u00e4ge, um Ihrer Chevrolet Corvette C7 die extreme Bremskraft zu verleihen, die er verdient.<\/p>\n<p>&nbsp;<\/p>\n<p><strong>Eigenschaften der Z26 Extreme Street Performance Carbon &#8211; Keramik Bremsbel\u00e4ge:<\/strong><\/p>\n<ul>\n<li>stark verminderte Bremsstaubbildung<\/li>\n<li>geeignet f\u00fcr besonders sportliche Fahrweise<\/li>\n<li>inklusive Montagepaste und Hardwarekit aus Edelstahl<\/li>\n<\/ul>\n<p>&nbsp;<\/p>\n<p><strong>GM Vergleichsnummern:<\/strong> <span id=\"vew_partnumber[3855]\" class=\"listing-final-partnumber as-link-if-js\" title=\"K\u00e4uferleitfaden\">1711040<\/span>, <span class=\"text1\">25940447<\/span><\/p>\n<p>&nbsp;<\/p>\n<p><strong>Passend f\u00fcr:<\/strong><\/p>\n<table width=\"403\">\n<tbody>\n<tr>\n<td width=\"67\">Chevrolet<\/td>\n<td width=\"116\">Corvette C7<\/td>\n<td width=\"123\">Z06<\/td>\n<td width=\"97\">2014 &#8211; 2019<\/td>\n<\/tr>\n<tr>\n<td width=\"67\">Chevrolet<\/td>\n<td width=\"116\">Corvette C7<\/td>\n<td width=\"123\">Grand Sport<\/td>\n<td width=\"97\">2017 &#8211; 2019<\/td>\n<\/tr>\n<\/tbody>\n<\/table>\n<p><strong>\u00a0<\/strong><\/p>\n<p>Der Preis bezieht sich auf 1 Satz f\u00fcr die komplette Vorderachse.<\/p>\n<p>&nbsp;<\/p>\n<p>&nbsp;<\/p>\n<p>&nbsp;<\/p>\n","protected":false},"excerpt":{"rendered":"<p>PowerStop Bremsbel\u00e4ge f\u00fcr Chevrolet Corvette C7 (Vorderachse) &nbsp; PowerStop hat es sich zur Aufgabe gemacht, jedem Fahrer eine einfache und<\/p>","protected":false},"featured_media":68299066,"comment_status":"open","ping_status":"closed","template":"","meta":{"_acf_changed":false},"product_brand":[],"product_cat":[3128],"product_tag":[6875,6876,838,590,795,839,840,3087,189,281,692,4379,36,953,954,2445,842,841,283,1190,1195,673],"class_list":{"0":"post-68299064","1":"product","2":"type-product","3":"status-publish","4":"has-post-thumbnail","6":"product_cat-corvette-c7-bremsen-vorne","7":"product_tag-6875","8":"product_tag-6876","9":"product_tag-bremsbelag","10":"product_tag-bremsbelaege","11":"product_tag-bremse","12":"product_tag-bremsklotz","13":"product_tag-bremskloetze","14":"product_tag-c7","15":"product_tag-chevrolet","16":"product_tag-corvette","17":"product_tag-ersatzteil","18":"product_tag-grand-sport","19":"product_tag-kraftwerk","20":"product_tag-power-stop","21":"product_tag-powerstop","22":"product_tag-powerstop-pads","23":"product_tag-vorderachse","24":"product_tag-vorne","25":"product_tag-z06","26":"product_tag-z26","27":"product_tag-z26-1405","28":"product_tag-zubehoer","30":"first","31":"instock","32":"taxable","33":"shipping-taxable","34":"purchasable","35":"product-type-simple"},"bundled_by":[],"bundle_stock_status":"instock","bundle_stock_quantity":5,"bundle_virtual":false,"bundle_layout":"","bundle_add_to_cart_form_location":"","bundle_editable_in_cart":false,"bundle_sold_individually_context":"","bundle_item_grouping":"","bundle_min_size":"","bundle_max_size":"","bundle_price":[],"bundled_items":[],"bundle_sell_ids":[],"exclude_global_add_ons":[],"addons":[],"acf":[],"_links":{"self":[{"href":"https:\/\/kraftwerk-shop.cc\/cs\/wp-json\/wp\/v2\/product\/68299064","targetHints":{"allow":["GET"]}}],"collection":[{"href":"https:\/\/kraftwerk-shop.cc\/cs\/wp-json\/wp\/v2\/product"}],"about":[{"href":"https:\/\/kraftwerk-shop.cc\/cs\/wp-json\/wp\/v2\/types\/product"}],"replies":[{"embeddable":true,"href":"https:\/\/kraftwerk-shop.cc\/cs\/wp-json\/wp\/v2\/comments?post=68299064"}],"version-history":[{"count":0,"href":"https:\/\/kraftwerk-shop.cc\/cs\/wp-json\/wp\/v2\/product\/68299064\/revisions"}],"wp:featuredmedia":[{"embeddable":true,"href":"https:\/\/kraftwerk-shop.cc\/cs\/wp-json\/wp\/v2\/media\/68299066"}],"wp:attachment":[{"href":"https:\/\/kraftwerk-shop.cc\/cs\/wp-json\/wp\/v2\/media?parent=68299064"}],"wp:term":[{"taxonomy":"product_brand","embeddable":true,"href":"https:\/\/kraftwerk-shop.cc\/cs\/wp-json\/wp\/v2\/product_brand?post=68299064"},{"taxonomy":"product_cat","embeddable":true,"href":"https:\/\/kraftwerk-shop.cc\/cs\/wp-json\/wp\/v2\/product_cat?post=68299064"},{"taxonomy":"product_tag","embeddable":true,"href":"https:\/\/kraftwerk-shop.cc\/cs\/wp-json\/wp\/v2\/product_tag?post=68299064"}],"curies":[{"name":"wp","href":"https:\/\/api.w.org\/{rel}","templated":true}]}}