{"id":68299450,"date":"2024-03-23T22:12:17","date_gmt":"2024-03-23T21:12:17","guid":{"rendered":"https:\/\/kraftwerk-shop.cc\/?post_type=product&#038;p=68299450"},"modified":"2026-02-15T01:08:46","modified_gmt":"2026-02-15T00:08:46","slug":"hawk-hb913n-659-brzdove-desticky-jeep-trackhawk","status":"publish","type":"product","link":"https:\/\/kraftwerk-shop.cc\/cs\/produkt\/hawk-hb913n-659-bremsbelaege-jeep-trackhawk\/","title":{"rendered":"Brzdov\u00e9 desti\u010dky Hawk Performance HP+ Jeep Trackhawk"},"content":{"rendered":"<h1>Brzdov\u00e9 desti\u010dky Hawk Performance HP+ HB913N.659 pro Jeep Grand Cherokee 6.2 Trackhawk (p\u0159edn\u00ed n\u00e1prava)<\/h1>\n<p>&nbsp;<\/p>\n<p><strong>Hawk Performance HP Plus<br \/>\n<\/strong><\/p>\n<p>Sm\u011bs brzdov\u00fdch desti\u010dek Hawk Performance HP Plus je ide\u00e1ln\u00ed pro jezdce autokrosu a z\u00e1vodn\u00edch dn\u016f, kte\u0159\u00ed hledaj\u00ed vysoce v\u00fdkonnou z\u00e1vodn\u00ed sm\u011bs, kter\u00e1 vydr\u017e\u00ed horko na trati a bezpe\u010dn\u011b v\u00e1s doprav\u00ed dom\u016f bez nutnosti v\u00fdm\u011bny desti\u010dek. HP Plus vyu\u017e\u00edv\u00e1 jedine\u010dn\u00fd Ferro-Carbon, \u0161pi\u010dkov\u00fd t\u0159ec\u00ed materi\u00e1l navr\u017een\u00fd a vyroben\u00fd pro sportovn\u00ed j\u00edzdu v autokrosu, Solo II a pro denn\u00ed pou\u017eit\u00ed na okruhu. Slo\u017een\u00ed Ferro-Carbon nab\u00edz\u00ed ni\u017e\u0161\u00ed m\u00edru opot\u0159eben\u00ed a vy\u0161\u0161\u00ed hodnoty to\u010div\u00e9ho momentu ne\u017e jin\u00e9 konkuren\u010dn\u00ed materi\u00e1ly.<\/p>\n<p>&nbsp;<\/p>\n<p><strong>Doporu\u010den\u00ed<\/strong><\/p>\n<p>HP Plus si obl\u00edbili \u0159idi\u010di voz\u016f Jeep Trackhawk, kte\u0159\u00ed hledaj\u00ed vynikaj\u00edc\u00ed v\u00fdkon na silnici nebo cht\u011bj\u00ed se sv\u00fdm vozem vyrazit na autokros \u010di tra\u0165ov\u00fd den, ani\u017e by se museli starat o v\u00fdm\u011bnu desti\u010dek. HP Plus nab\u00edzej\u00ed v\u00fdrazn\u00e9 zv\u00fd\u0161en\u00ed brzdn\u00e9ho momentu a teplotn\u00edho rozsahu ve srovn\u00e1n\u00ed s origin\u00e1ln\u00edmi desti\u010dkami. Obecn\u011b se doporu\u010duj\u00ed za\u010d\u00e1te\u010dn\u00edk\u016fm, kte\u0159\u00ed nemaj\u00ed \u017e\u00e1dn\u00e9 nebo jen mal\u00e9 zku\u0161enosti s j\u00edzdou na okruhu a hledaj\u00ed vylep\u0161en\u00ed oproti s\u00e9riov\u00fdm desti\u010dk\u00e1m.<\/p>\n<p>&nbsp;<\/p>\n<p><strong>Funkce Hawk HP Plus:<\/strong><\/p>\n<ul>\n<li>Siln\u00fd, vyv\u00e1\u017een\u00fd po\u010d\u00e1te\u010dn\u00ed skus, tepl\u00fd i studen\u00fd<\/li>\n<li>N\u00edzk\u00fd a\u017e st\u0159edn\u00ed teplotn\u00ed rozsah<\/li>\n<li>Vysok\u00e1 odolnost proti vyblednut\u00ed<\/li>\n<li>Plynul\u00fd, p\u0159edv\u00eddateln\u00fd to\u010div\u00fd moment<\/li>\n<li>Ide\u00e1ln\u00ed pro autokros<\/li>\n<li>40 - 430 \u00b0C Rozsah pracovn\u00edch teplot<\/li>\n<li>150 - 320 \u00b0C Optim\u00e1ln\u00ed teplotn\u00ed rozsah<\/li>\n<\/ul>\n<p>&nbsp;<\/p>\n<p>\u010c\u00edslo OE (pouze pro \u00fa\u010dely porovn\u00e1n\u00ed): 68399095AA, 68399095AB, 68399095AC<br \/>\nAutorizace: ne<\/p>\n<p>&nbsp;<\/p>\n<p><strong>Vhodn\u00e9 pro:<\/strong><\/p>\n<table width=\"426\">\n<tbody>\n<tr>\n<td width=\"94\">Jeep<\/td>\n<td width=\"110\">Grand Cherokee<\/td>\n<td width=\"138\">6.2 Trackhawk<\/td>\n<td width=\"84\">2018\u20132021<\/td>\n<\/tr>\n<\/tbody>\n<\/table>\n<p>&nbsp;<\/p>\n<p>Cena se vztahuje na 1 sadu pro kompletn\u00ed p\u0159edn\u00ed n\u00e1pravu.<\/p>\n<p>&nbsp;<\/p>\n<p>&nbsp;<\/p>","protected":false},"excerpt":{"rendered":"<p>Hawk Performance HP+ HB913N.659 Bremsbel\u00e4ge f\u00fcr Jeep Grand Cherokee 6.2 Trackhawk (Vorderachse) &nbsp; Hawk Performance HP Plus Die Hawk Performance<\/p>","protected":false},"featured_media":68299459,"comment_status":"open","ping_status":"closed","template":"","meta":{"_acf_changed":false},"product_brand":[17621],"product_cat":[17961],"product_tag":[2751,2752,2753,838,590,10806,795,839,840,773,692,56,1070,7614,6900,6901,6902,50,4425,4427,4426,1166,1167,36,102,842,841,673],"class_list":{"0":"post-68299450","1":"product","2":"type-product","3":"status-publish","4":"has-post-thumbnail","6":"product_brand-hawk-performance","7":"product_cat-trackhawk-bremsbelaege-vorne","8":"product_tag-68399095aa","9":"product_tag-68399095ab","10":"product_tag-68399095ac","11":"product_tag-bremsbelag","12":"product_tag-bremsbelaege","13":"product_tag-bremsbelaege-fuer-jeep-trackhawk","14":"product_tag-bremse","15":"product_tag-bremsklotz","16":"product_tag-bremskloetze","17":"product_tag-carbon","18":"product_tag-ersatzteil","19":"product_tag-grand-cherokee","20":"product_tag-hawk","21":"product_tag-hawk10","22":"product_tag-hb913n-659","23":"product_tag-hp-plus","24":"product_tag-hp","25":"product_tag-jeep","26":"product_tag-jeep-grand-cherokee","27":"product_tag-jeep-grand-cherokee-trackhawk","28":"product_tag-jeep-trackhawk","29":"product_tag-keramik","30":"product_tag-keramisch","31":"product_tag-kraftwerk","32":"product_tag-trackhawk","33":"product_tag-vorderachse","34":"product_tag-vorne","35":"product_tag-zubehoer","37":"first","38":"instock","39":"taxable","40":"shipping-taxable","41":"purchasable","42":"product-type-simple"},"bundled_by":[],"bundle_stock_status":"instock","bundle_stock_quantity":1,"bundle_virtual":false,"bundle_layout":"","bundle_add_to_cart_form_location":"","bundle_editable_in_cart":false,"bundle_sold_individually_context":"","bundle_item_grouping":"","bundle_min_size":"","bundle_max_size":"","bundle_price":[],"bundled_items":[],"bundle_sell_ids":[],"exclude_global_add_ons":[],"addons":[],"acf":[],"_links":{"self":[{"href":"https:\/\/kraftwerk-shop.cc\/cs\/wp-json\/wp\/v2\/product\/68299450","targetHints":{"allow":["GET"]}}],"collection":[{"href":"https:\/\/kraftwerk-shop.cc\/cs\/wp-json\/wp\/v2\/product"}],"about":[{"href":"https:\/\/kraftwerk-shop.cc\/cs\/wp-json\/wp\/v2\/types\/product"}],"replies":[{"embeddable":true,"href":"https:\/\/kraftwerk-shop.cc\/cs\/wp-json\/wp\/v2\/comments?post=68299450"}],"version-history":[{"count":0,"href":"https:\/\/kraftwerk-shop.cc\/cs\/wp-json\/wp\/v2\/product\/68299450\/revisions"}],"wp:featuredmedia":[{"embeddable":true,"href":"https:\/\/kraftwerk-shop.cc\/cs\/wp-json\/wp\/v2\/media\/68299459"}],"wp:attachment":[{"href":"https:\/\/kraftwerk-shop.cc\/cs\/wp-json\/wp\/v2\/media?parent=68299450"}],"wp:term":[{"taxonomy":"product_brand","embeddable":true,"href":"https:\/\/kraftwerk-shop.cc\/cs\/wp-json\/wp\/v2\/product_brand?post=68299450"},{"taxonomy":"product_cat","embeddable":true,"href":"https:\/\/kraftwerk-shop.cc\/cs\/wp-json\/wp\/v2\/product_cat?post=68299450"},{"taxonomy":"product_tag","embeddable":true,"href":"https:\/\/kraftwerk-shop.cc\/cs\/wp-json\/wp\/v2\/product_tag?post=68299450"}],"curies":[{"name":"wp","href":"https:\/\/api.w.org\/{rel}","templated":true}]}}