{"id":68299612,"date":"2024-03-30T00:20:37","date_gmt":"2024-03-29T23:20:37","guid":{"rendered":"https:\/\/kraftwerk-shop.cc\/?post_type=product&#038;p=68299612"},"modified":"2026-03-06T12:38:20","modified_gmt":"2026-03-06T11:38:20","slug":"bbk-85mm-skrtici-klapka-ram-1500","status":"publish","type":"product","link":"https:\/\/kraftwerk-shop.cc\/cs\/produkt\/bbk-85mm-drosselklappe-ram-1500\/","title":{"rendered":"BBK 85 mm \u0161krtic\u00ed klapka RAM 1500 5.7"},"content":{"rendered":"<h1>BBK 85 mm \u0161krtic\u00ed klapka pro RAM 1500 5.7<\/h1>\n<p>&nbsp;<\/p>\n<p>Pr\u016fm\u011br \u0161krtic\u00ed klapky je v cel\u00e9m rozsahu 85 mm. Jedn\u00e1 se o nejv\u011bt\u0161\u00ed pr\u016fm\u011br, kter\u00fd lze bez dodate\u010dn\u00fdch prac\u00ed namontovat na standardn\u00ed sac\u00ed potrub\u00ed modelu RAM 1500.<br \/>\nVe srovn\u00e1n\u00ed s p\u016fvodn\u00ed \u0161krt\u00edc\u00ed klapkou RAM 1500 nab\u00edz\u00ed lep\u0161\u00ed pr\u016ftok vzduchu a lep\u0161\u00ed odezvu.<br \/>\n\u0160krtic\u00ed klapky BBK Hemi jsou vyrobeny CNC z vysoce kvalitn\u00edho hlin\u00edkov\u00e9ho odlitku 356, aby byla zaji\u0161t\u011bna dokonal\u00e1 kvalita OEM a p\u0159esnost uchycen\u00ed. Jsou tak\u00e9 vybaveny \u0161krtic\u00ed klapkou v kvalit\u011b OEM, dvojit\u011b ut\u011bsn\u011bn\u00fdmi lo\u017eisky a \u0161krtic\u00edmi ty\u010demi opat\u0159en\u00fdmi O-krou\u017eky.<br \/>\nD\u00edky tomu jsou vhodn\u00e9 jak pro standardn\u00ed vozidla, tak pro vozidla se zv\u00fd\u0161en\u00fdm v\u00fdkonem, v\u010detn\u011b p\u0159estaveb na p\u0159epl\u0148ov\u00e1n\u00ed.<\/p>\n<p>&nbsp;<\/p>\n<p>&nbsp;<\/p>\n<p><strong>Vhodn\u00e9 pro:<\/strong><\/p>\n<table width=\"376\">\n<tbody>\n<tr>\n<td width=\"83\"><strong>Zna\u010dka<\/strong><\/td>\n<td width=\"127\"><strong>Model<\/strong><\/td>\n<td width=\"83\"><strong>Motor<\/strong><\/td>\n<td width=\"83\"><strong>Rok v\u00fdstavby<\/strong><\/td>\n<\/tr>\n<tr>\n<td>RAM<\/td>\n<td>1500<\/td>\n<td>5.7<\/td>\n<td>2013\u20132024<\/td>\n<\/tr>\n<\/tbody>\n<\/table>\n<p>&nbsp;<\/p>\n<p>&nbsp;<\/p>\n<p>&nbsp;<\/p>","protected":false},"excerpt":{"rendered":"<p>BBK 85 mm Drosselklappe f\u00fcr RAM 1500 5.7 &nbsp; Der Durchmesser der Drosselklappe betr\u00e4gt durchgehend 85 mm. Es handelt sich<\/p>","protected":false},"featured_media":68275126,"comment_status":"open","ping_status":"closed","template":"","meta":{"_acf_changed":false},"product_brand":[17174],"product_cat":[1512,5009],"product_tag":[2790,2791,91,183,1388,3365,49,4965,158,477,476,159,160,126,36,184,186,86],"class_list":{"0":"post-68299612","1":"product","2":"type-product","3":"status-publish","4":"has-post-thumbnail","6":"product_brand-bbk","7":"product_cat-1500-57-2009-2018-classic-ansaugung","8":"product_cat-1500-57-dt-ansaugung","9":"product_tag-2790","10":"product_tag-2791","11":"product_tag-5-7","12":"product_tag-183","13":"product_tag-bbk","14":"product_tag-bbkdk","15":"product_tag-dodge","16":"product_tag-dodge-ram","17":"product_tag-drosselklappe","18":"product_tag-ds","19":"product_tag-dt","20":"product_tag-gross","21":"product_tag-groesser","22":"product_tag-hemi","23":"product_tag-kraftwerk","24":"product_tag-mm","25":"product_tag-performance","26":"product_tag-ram","27":"product_shipping_class-deutschlandohne","29":"first","30":"instock","31":"taxable","32":"shipping-taxable","33":"purchasable","34":"product-type-simple"},"bundled_by":[],"bundle_stock_status":"instock","bundle_stock_quantity":1,"bundle_virtual":false,"bundle_layout":"","bundle_add_to_cart_form_location":"","bundle_editable_in_cart":false,"bundle_sold_individually_context":"","bundle_item_grouping":"","bundle_min_size":"","bundle_max_size":"","bundle_price":[],"bundled_items":[],"bundle_sell_ids":[],"exclude_global_add_ons":[],"addons":[],"acf":[],"_links":{"self":[{"href":"https:\/\/kraftwerk-shop.cc\/cs\/wp-json\/wp\/v2\/product\/68299612","targetHints":{"allow":["GET"]}}],"collection":[{"href":"https:\/\/kraftwerk-shop.cc\/cs\/wp-json\/wp\/v2\/product"}],"about":[{"href":"https:\/\/kraftwerk-shop.cc\/cs\/wp-json\/wp\/v2\/types\/product"}],"replies":[{"embeddable":true,"href":"https:\/\/kraftwerk-shop.cc\/cs\/wp-json\/wp\/v2\/comments?post=68299612"}],"version-history":[{"count":0,"href":"https:\/\/kraftwerk-shop.cc\/cs\/wp-json\/wp\/v2\/product\/68299612\/revisions"}],"wp:featuredmedia":[{"embeddable":true,"href":"https:\/\/kraftwerk-shop.cc\/cs\/wp-json\/wp\/v2\/media\/68275126"}],"wp:attachment":[{"href":"https:\/\/kraftwerk-shop.cc\/cs\/wp-json\/wp\/v2\/media?parent=68299612"}],"wp:term":[{"taxonomy":"product_brand","embeddable":true,"href":"https:\/\/kraftwerk-shop.cc\/cs\/wp-json\/wp\/v2\/product_brand?post=68299612"},{"taxonomy":"product_cat","embeddable":true,"href":"https:\/\/kraftwerk-shop.cc\/cs\/wp-json\/wp\/v2\/product_cat?post=68299612"},{"taxonomy":"product_tag","embeddable":true,"href":"https:\/\/kraftwerk-shop.cc\/cs\/wp-json\/wp\/v2\/product_tag?post=68299612"}],"curies":[{"name":"wp","href":"https:\/\/api.w.org\/{rel}","templated":true}]}}