{"id":68299616,"date":"2024-03-30T00:20:38","date_gmt":"2024-03-29T23:20:38","guid":{"rendered":"https:\/\/kraftwerk-shop.cc\/?post_type=product&#038;p=68299616"},"modified":"2026-03-06T12:38:24","modified_gmt":"2026-03-06T11:38:24","slug":"bbk-85mm-skrtici-klapka-jeep-grand-cherokee","status":"publish","type":"product","link":"https:\/\/kraftwerk-shop.cc\/cs\/produkt\/bbk-85mm-drosselklappe-jeep-grand-cherokee\/","title":{"rendered":"BBK 85 mm \u0161krtic\u00ed klapka Jeep Grand Cherokee 5.7, 6.1 a 6.4"},"content":{"rendered":"<h1>\u0160krtic\u00ed klapka BBK 85 mm pro Jeep Grand Cherokee 5.7, 6.1 a 6.4<\/h1>\n<p>&nbsp;<\/p>\n<p>\u0160krtic\u00ed klapka BBK pro Jeep Grand Cherokee 5.7, 6.1 a 6.4 m\u00e1 pr\u016fm\u011br 85 mm a je nejv\u011bt\u0161\u00ed, jakou lze namontovat bez dodate\u010dn\u00fdch \u00faprav na standardn\u00ed sac\u00ed potrub\u00ed.<br \/>\nD\u00edky v\u011bt\u0161\u00ed propustnosti vzduchu a lep\u0161\u00ed odezv\u011b p\u0159ekon\u00e1v\u00e1 v\u00fdkon p\u016fvodn\u00ed \u0161krtic\u00ed klapky vozu Jeep Grand Cherokee.<br \/>\n\u0160krtic\u00ed klapky BBK Hemi jsou vyrobeny z vysoce kvalitn\u00edho hlin\u00edkov\u00e9ho odlitku 356 a opracov\u00e1ny CNC, tak\u017ee nab\u00edzej\u00ed dokonalou kvalitu OEM a p\u0159esnost uchycen\u00ed. Jsou vybaveny dvojit\u011b ut\u011bsn\u011bn\u00fdmi lo\u017eisky a O-krou\u017eky, kter\u00e9 zaji\u0161\u0165uj\u00ed optim\u00e1ln\u00ed funkci.<br \/>\nVhodn\u00e9 pro standardn\u00ed vozidla i vozidla s vy\u0161\u0161\u00edm v\u00fdkonem, v\u010detn\u011b p\u0159estaveb na p\u0159epl\u0148ov\u00e1n\u00ed.<\/p>\n<p>&nbsp;<\/p>\n<p>&nbsp;<\/p>\n<p><strong>Vhodn\u00e9 pro:<\/strong><\/p>\n<table width=\"376\">\n<tbody>\n<tr>\n<td width=\"83\"><strong>Zna\u010dka<\/strong><\/td>\n<td width=\"127\"><strong>Model<\/strong><\/td>\n<td width=\"83\"><strong>Motor<\/strong><\/td>\n<td width=\"83\"><strong>Rok v\u00fdstavby<\/strong><\/td>\n<\/tr>\n<tr>\n<td>Jeep<\/td>\n<td>Grand Cherokee<\/td>\n<td>5.7<\/td>\n<td>2005\u20132022<\/td>\n<\/tr>\n<tr>\n<td>Jeep<\/td>\n<td>Grand Cherokee<\/td>\n<td>6.1<\/td>\n<td>2006\u20132010<\/td>\n<\/tr>\n<tr>\n<td>Jeep<\/td>\n<td>Grand Cherokee<\/td>\n<td>6.4<\/td>\n<td>2011\u20132021<\/td>\n<\/tr>\n<tr>\n<td>Jeep<\/td>\n<td>Grand Wagoneer<\/td>\n<td>6.4<\/td>\n<td>2022 \u2013 2023<\/td>\n<\/tr>\n<\/tbody>\n<\/table>\n<p>&nbsp;<\/p>\n<p>Ujist\u011bte se, \u017ee jste vybrali spr\u00e1vn\u00fd rok v\u00fdroby, proto\u017ee existuj\u00ed dv\u011b r\u016fzn\u00e9 varianty.<br \/>\nPrvn\u00ed varianta byla instalov\u00e1na do roku 2012, druh\u00e1 varianta od roku 2013.<\/p>\n<p>Pokud si nejste jisti, porovnejte \u0161krt\u00edc\u00ed klapku ve sv\u00e9m vozidle s t\u00edmto obr\u00e1zkem, abyste zjistili, zda pasuje varianta do roku 2012 nebo od roku 2013:<\/p>\n<p><img decoding=\"async\" class=\"aligncenter wp-image-68256549\" src=\"https:\/\/kraftwerk-shop.cc\/wp-content\/uploads\/2021\/09\/Drosselklappe-Zuordnung-1-300x286.jpg\" alt=\"P\u0159i\u0159azen\u00ed \u0161krtic\u00ed klapky Chrysler, Dodge, Jeep\" width=\"450\" height=\"429\" \/><\/p>","protected":false},"excerpt":{"rendered":"<p>BBK 85 mm Drosselklappe f\u00fcr Jeep Grand Cherokee 5.7, 6.1 und 6.4 &nbsp; Der Durchmesser von 85 mm der BBK<\/p>","protected":false},"featured_media":68275126,"comment_status":"open","ping_status":"closed","template":"","meta":{"_acf_changed":false},"product_brand":[17174],"product_cat":[4798,2500,2499,2518,6784],"product_tag":[2790,2791,91,92,93,183,1388,3365,158,56,6545,159,160,126,50,4425,36,184,186,96],"class_list":{"0":"post-68299616","1":"product","2":"type-product","3":"status-publish","4":"has-post-thumbnail","6":"product_brand-bbk","7":"product_cat-grand-cherokee-57-2005-2010-ansaugung","8":"product_cat-grand-cherokee-57-2011-2021-ansaugung","9":"product_cat-grand-cherokee-61-ansaugung","10":"product_cat-grand-cherokee-64-ansaugung","11":"product_cat-wagoneer-64-ansaugung","12":"product_tag-2790","13":"product_tag-2791","14":"product_tag-5-7","15":"product_tag-6-1","16":"product_tag-6-4","17":"product_tag-183","18":"product_tag-bbk","19":"product_tag-bbkdk","20":"product_tag-drosselklappe","21":"product_tag-grand-cherokee","22":"product_tag-grand-wagoneer","23":"product_tag-gross","24":"product_tag-groesser","25":"product_tag-hemi","26":"product_tag-jeep","27":"product_tag-jeep-grand-cherokee","28":"product_tag-kraftwerk","29":"product_tag-mm","30":"product_tag-performance","31":"product_tag-srt","33":"first","34":"instock","35":"taxable","36":"shipping-taxable","37":"purchasable","38":"product-type-variable"},"bundled_by":[],"bundle_stock_status":"instock","bundle_stock_quantity":2,"bundle_virtual":false,"bundle_layout":"","bundle_add_to_cart_form_location":"","bundle_editable_in_cart":false,"bundle_sold_individually_context":"","bundle_item_grouping":"","bundle_min_size":"","bundle_max_size":"","bundle_price":[],"bundled_items":[],"bundle_sell_ids":[],"exclude_global_add_ons":[],"addons":[],"acf":[],"_links":{"self":[{"href":"https:\/\/kraftwerk-shop.cc\/cs\/wp-json\/wp\/v2\/product\/68299616","targetHints":{"allow":["GET"]}}],"collection":[{"href":"https:\/\/kraftwerk-shop.cc\/cs\/wp-json\/wp\/v2\/product"}],"about":[{"href":"https:\/\/kraftwerk-shop.cc\/cs\/wp-json\/wp\/v2\/types\/product"}],"replies":[{"embeddable":true,"href":"https:\/\/kraftwerk-shop.cc\/cs\/wp-json\/wp\/v2\/comments?post=68299616"}],"version-history":[{"count":0,"href":"https:\/\/kraftwerk-shop.cc\/cs\/wp-json\/wp\/v2\/product\/68299616\/revisions"}],"wp:featuredmedia":[{"embeddable":true,"href":"https:\/\/kraftwerk-shop.cc\/cs\/wp-json\/wp\/v2\/media\/68275126"}],"wp:attachment":[{"href":"https:\/\/kraftwerk-shop.cc\/cs\/wp-json\/wp\/v2\/media?parent=68299616"}],"wp:term":[{"taxonomy":"product_brand","embeddable":true,"href":"https:\/\/kraftwerk-shop.cc\/cs\/wp-json\/wp\/v2\/product_brand?post=68299616"},{"taxonomy":"product_cat","embeddable":true,"href":"https:\/\/kraftwerk-shop.cc\/cs\/wp-json\/wp\/v2\/product_cat?post=68299616"},{"taxonomy":"product_tag","embeddable":true,"href":"https:\/\/kraftwerk-shop.cc\/cs\/wp-json\/wp\/v2\/product_tag?post=68299616"}],"curies":[{"name":"wp","href":"https:\/\/api.w.org\/{rel}","templated":true}]}}