{"id":68299636,"date":"2024-03-30T00:20:44","date_gmt":"2024-03-29T23:20:44","guid":{"rendered":"https:\/\/kraftwerk-shop.cc\/?post_type=product&#038;p=68299636"},"modified":"2026-03-06T12:38:24","modified_gmt":"2026-03-06T11:38:24","slug":"bbk-85mm-skrtici-klapka-dodge-challenger","status":"publish","type":"product","link":"https:\/\/kraftwerk-shop.cc\/cs\/produkt\/bbk-85mm-drosselklappe-dodge-challenger\/","title":{"rendered":"BBK 85 mm \u0161krtic\u00ed klapka Dodge Challenger 5.7, 6.1 a 6.4"},"content":{"rendered":"<h1>\u0160krtic\u00ed klapka BBK 85 mm pro Dodge Challenger 5.7, 6.1 a 6.4<\/h1>\n<p>&nbsp;<\/p>\n<p>\u0160krtic\u00ed klapka BBK 85 mm pro Dodge Challenger nab\u00edz\u00ed optim\u00e1ln\u00ed \u0159e\u0161en\u00ed pro zv\u00fd\u0161en\u00ed v\u00fdkonu. S pr\u016fm\u011brem 85 mm se jedn\u00e1 o nejv\u011bt\u0161\u00ed t\u011bleso \u0161krtic\u00ed klapky, kter\u00e9 lze namontovat na standardn\u00ed sac\u00ed potrub\u00ed bez dal\u0161\u00edch \u00faprav. To umo\u017e\u0148uje lep\u0161\u00ed pr\u016ftok vzduchu a optimalizovanou odezvu \u0161krtic\u00ed klapky ve srovn\u00e1n\u00ed s origin\u00e1ln\u00edm t\u011blesem \u0161krtic\u00ed klapky.<\/p>\n<p>\u0160krtic\u00ed klapka BBK je vyrobena z vysoce kvalitn\u00edho hlin\u00edkov\u00e9ho odlitku 356 a je p\u0159esn\u011b fr\u00e9zov\u00e1na CNC, co\u017e zaru\u010duje dokonalou kvalitu OEM a p\u0159esn\u00e9 uchycen\u00ed. Je tak\u00e9 vybavena \u0161krtic\u00ed klapkou v kvalit\u011b OEM, dvojit\u011b ut\u011bsn\u011bn\u00fdmi lo\u017eisky a t\u00e1hly \u0161krtic\u00ed klapky opat\u0159en\u00fdmi O-krou\u017eky.<\/p>\n<p>\u0160krtic\u00ed klapka BBK 85 mm je vhodn\u00e1 jak pro s\u00e9riov\u00e1 vozidla, tak pro vozidla s vy\u0161\u0161\u00edm v\u00fdkonem, v\u010detn\u011b vozidel s p\u0159epl\u0148ov\u00e1n\u00edm. D\u00edky sv\u00e9mu vynikaj\u00edc\u00edmu v\u00fdkonu a kvalit\u011b je ide\u00e1ln\u00ed volbou pro Dodge Challenger.<\/p>\n<p>&nbsp;<\/p>\n<p>&nbsp;<\/p>\n<p><strong>Vhodn\u00e9 pro:<\/strong><\/p>\n<table width=\"376\">\n<tbody>\n<tr>\n<td width=\"83\"><strong>Zna\u010dka<\/strong><\/td>\n<td width=\"127\"><strong>Model<\/strong><\/td>\n<td width=\"83\"><strong>Motor<\/strong><\/td>\n<td width=\"83\"><strong>Rok v\u00fdstavby<\/strong><\/td>\n<\/tr>\n<tr>\n<td>Dodge<\/td>\n<td>Challenger<\/td>\n<td>5.7<\/td>\n<td>2008\u20132023<\/td>\n<\/tr>\n<tr>\n<td>Dodge<\/td>\n<td>Challenger<\/td>\n<td>6.1<\/td>\n<td>2008\u20132010<\/td>\n<\/tr>\n<tr>\n<td>Dodge<\/td>\n<td>Challenger<\/td>\n<td>6.4<\/td>\n<td>2011\u20132023<\/td>\n<\/tr>\n<\/tbody>\n<\/table>\n<p>&nbsp;<\/p>\n<p>Ujist\u011bte se, \u017ee jste vybrali spr\u00e1vn\u00fd rok v\u00fdroby, proto\u017ee existuj\u00ed dv\u011b r\u016fzn\u00e9 varianty.<br \/>\nPrvn\u00ed varianta byla instalov\u00e1na do roku 2012, druh\u00e1 varianta od roku 2013.<\/p>\n<p>Pokud si nejste jisti, porovnejte \u0161krt\u00edc\u00ed klapku ve sv\u00e9m vozidle s t\u00edmto obr\u00e1zkem, abyste zjistili, zda pasuje varianta do roku 2012 nebo od roku 2013:<\/p>\n<p><img decoding=\"async\" class=\"aligncenter wp-image-68256549\" src=\"https:\/\/kraftwerk-shop.cc\/wp-content\/uploads\/2021\/09\/Drosselklappe-Zuordnung-1-300x286.jpg\" alt=\"P\u0159i\u0159azen\u00ed \u0161krtic\u00ed klapky Chrysler, Dodge, Jeep\" width=\"450\" height=\"429\" \/><\/p>","protected":false},"excerpt":{"rendered":"<p>BBK 85 mm Drosselklappe f\u00fcr Dodge Challenger 5.7, 6.1 und 6.4 &nbsp; Die BBK 85 mm Drosselklappe f\u00fcr den Dodge<\/p>","protected":false},"featured_media":68275126,"comment_status":"open","ping_status":"closed","template":"","meta":{"_acf_changed":false},"product_brand":[17174],"product_cat":[2501,2514,2512],"product_tag":[2790,2791,91,92,93,183,1388,3365,54,49,3853,158,159,160,126,36,184,186,96],"class_list":{"0":"post-68299636","1":"product","2":"type-product","3":"status-publish","4":"has-post-thumbnail","6":"product_brand-bbk","7":"product_cat-challenger-57-ansaugung","8":"product_cat-challenger-61-ansaugung","9":"product_cat-challenger-64-ansaugung","10":"product_tag-2790","11":"product_tag-2791","12":"product_tag-5-7","13":"product_tag-6-1","14":"product_tag-6-4","15":"product_tag-183","16":"product_tag-bbk","17":"product_tag-bbkdk","18":"product_tag-challenger","19":"product_tag-dodge","20":"product_tag-dodge-challenger","21":"product_tag-drosselklappe","22":"product_tag-gross","23":"product_tag-groesser","24":"product_tag-hemi","25":"product_tag-kraftwerk","26":"product_tag-mm","27":"product_tag-performance","28":"product_tag-srt","29":"product_shipping_class-deutschlandohne","31":"first","32":"instock","33":"taxable","34":"shipping-taxable","35":"purchasable","36":"product-type-variable"},"bundled_by":[],"bundle_stock_status":"instock","bundle_stock_quantity":2,"bundle_virtual":false,"bundle_layout":"","bundle_add_to_cart_form_location":"","bundle_editable_in_cart":false,"bundle_sold_individually_context":"","bundle_item_grouping":"","bundle_min_size":"","bundle_max_size":"","bundle_price":[],"bundled_items":[],"bundle_sell_ids":[],"exclude_global_add_ons":[],"addons":[],"acf":[],"_links":{"self":[{"href":"https:\/\/kraftwerk-shop.cc\/cs\/wp-json\/wp\/v2\/product\/68299636","targetHints":{"allow":["GET"]}}],"collection":[{"href":"https:\/\/kraftwerk-shop.cc\/cs\/wp-json\/wp\/v2\/product"}],"about":[{"href":"https:\/\/kraftwerk-shop.cc\/cs\/wp-json\/wp\/v2\/types\/product"}],"replies":[{"embeddable":true,"href":"https:\/\/kraftwerk-shop.cc\/cs\/wp-json\/wp\/v2\/comments?post=68299636"}],"version-history":[{"count":0,"href":"https:\/\/kraftwerk-shop.cc\/cs\/wp-json\/wp\/v2\/product\/68299636\/revisions"}],"wp:featuredmedia":[{"embeddable":true,"href":"https:\/\/kraftwerk-shop.cc\/cs\/wp-json\/wp\/v2\/media\/68275126"}],"wp:attachment":[{"href":"https:\/\/kraftwerk-shop.cc\/cs\/wp-json\/wp\/v2\/media?parent=68299636"}],"wp:term":[{"taxonomy":"product_brand","embeddable":true,"href":"https:\/\/kraftwerk-shop.cc\/cs\/wp-json\/wp\/v2\/product_brand?post=68299636"},{"taxonomy":"product_cat","embeddable":true,"href":"https:\/\/kraftwerk-shop.cc\/cs\/wp-json\/wp\/v2\/product_cat?post=68299636"},{"taxonomy":"product_tag","embeddable":true,"href":"https:\/\/kraftwerk-shop.cc\/cs\/wp-json\/wp\/v2\/product_tag?post=68299636"}],"curies":[{"name":"wp","href":"https:\/\/api.w.org\/{rel}","templated":true}]}}