{"id":68299637,"date":"2024-03-30T00:20:45","date_gmt":"2024-03-29T23:20:45","guid":{"rendered":"https:\/\/kraftwerk-shop.cc\/?post_type=product&#038;p=68299637"},"modified":"2026-03-06T12:38:25","modified_gmt":"2026-03-06T11:38:25","slug":"bbk-85mm-skrtici-klapka-chrysler-300c","status":"publish","type":"product","link":"https:\/\/kraftwerk-shop.cc\/cs\/produkt\/bbk-85mm-drosselklappe-chrysler-300c\/","title":{"rendered":"BBK 85 mm \u0161krtic\u00ed klapka Chrysler 300C 5.7, 6.1 a 6.4"},"content":{"rendered":"<h1>\u0160krtic\u00ed klapka BBK 85 mm pro Chrysler 300C 5.7, 6.1 a 6.4<\/h1>\n<p>&nbsp;<\/p>\n<p>Pr\u016fm\u011br ozna\u010den\u00e9ho t\u011blesa \u0161krtic\u00ed klapky je konstantn\u00edch 85 mm. Tato hodnota p\u0159edstavuje nejv\u011bt\u0161\u00ed mo\u017en\u00fd pr\u016fm\u011br, kter\u00fd lze bez dal\u0161\u00edch \u00faprav namontovat na standardn\u00ed sac\u00ed potrub\u00ed vozu Chrysler 300C.<br \/>\nPou\u017eit\u00ed t\u00e9to \u0161krtic\u00ed klapky umo\u017e\u0148uje v\u011bt\u0161\u00ed pr\u016fchod vzduchu a zlep\u0161uje reakce ve srovn\u00e1n\u00ed s p\u016fvodn\u00ed \u0161krtic\u00ed klapkou.<br \/>\n\u0160krtic\u00ed klapky BBK Hemi jsou vyrobeny z vysoce kvalitn\u00edho hlin\u00edkov\u00e9ho odlitku 356, kter\u00fd je fr\u00e9zov\u00e1n na CNC, co\u017e zaru\u010duje dokonalou kvalitu a p\u0159esnost uchycen\u00ed.<br \/>\nKrom\u011b toho jsou \u0161krtic\u00ed klapky vybaveny \u0161krtic\u00edm p\u0159evodem v kvalit\u011b OEM, dvojit\u011b ut\u011bsn\u011bn\u00fdmi lo\u017eisky a \u0161krtic\u00edmi ty\u010dkami opat\u0159en\u00fdmi O-krou\u017eky. D\u00edky tomu jsou vhodn\u00e9 jak pro standardn\u00ed vozidla, tak pro vozidla se zv\u00fd\u0161en\u00fdm v\u00fdkonem, v\u010detn\u011b p\u0159estaveb na p\u0159epl\u0148ov\u00e1n\u00ed.<\/p>\n<p>&nbsp;<\/p>\n<p>&nbsp;<\/p>\n<p><strong>Vhodn\u00e9 pro:<\/strong><\/p>\n<table width=\"376\">\n<tbody>\n<tr>\n<td width=\"83\"><strong>Zna\u010dka<\/strong><\/td>\n<td width=\"127\"><strong>Model<\/strong><\/td>\n<td width=\"83\"><strong>Motor<\/strong><\/td>\n<td width=\"83\"><strong>Rok v\u00fdstavby<\/strong><\/td>\n<\/tr>\n<tr>\n<td>Chrysler<\/td>\n<td>300C<\/td>\n<td>5.7<\/td>\n<td>2005\u20132023<\/td>\n<\/tr>\n<tr>\n<td>Chrysler<\/td>\n<td>300C<\/td>\n<td>6.1<\/td>\n<td>2005\u20132010<\/td>\n<\/tr>\n<tr>\n<td>Chrysler<\/td>\n<td>300C<\/td>\n<td>6.4<\/td>\n<td>2012\u20132014<\/td>\n<\/tr>\n<\/tbody>\n<\/table>\n<p>&nbsp;<\/p>\n<p>Ujist\u011bte se, \u017ee jste vybrali spr\u00e1vn\u00fd rok v\u00fdroby, proto\u017ee existuj\u00ed dv\u011b r\u016fzn\u00e9 varianty.<br \/>\nPrvn\u00ed varianta byla instalov\u00e1na do roku 2012, druh\u00e1 varianta od roku 2013.<\/p>\n<p>Pokud si nejste jisti, porovnejte \u0161krt\u00edc\u00ed klapku ve sv\u00e9m vozidle s t\u00edmto obr\u00e1zkem, abyste zjistili, zda pasuje varianta do roku 2012 nebo od roku 2013:<\/p>\n<p><img decoding=\"async\" class=\"aligncenter wp-image-68256549\" src=\"https:\/\/kraftwerk-shop.cc\/wp-content\/uploads\/2021\/09\/Drosselklappe-Zuordnung-1-300x286.jpg\" alt=\"P\u0159i\u0159azen\u00ed \u0161krtic\u00ed klapky Chrysler, Dodge, Jeep\" width=\"450\" height=\"429\" \/><\/p>","protected":false},"excerpt":{"rendered":"<p>BBK 85 mm Drosselklappe f\u00fcr Chrysler 300C 5.7, 6.1 und 6.4 &nbsp; Der Durchmesser der markierten Drosselklappe betr\u00e4gt konstant 85<\/p>","protected":false},"featured_media":68275126,"comment_status":"open","ping_status":"closed","template":"","meta":{"_acf_changed":false},"product_brand":[17174],"product_cat":[2506,4973,2507,2517],"product_tag":[2790,2791,52,91,92,93,183,1388,3365,48,536,158,159,160,126,36,184,186,96],"class_list":{"0":"post-68299637","1":"product","2":"type-product","3":"status-publish","4":"has-post-thumbnail","6":"product_brand-bbk","7":"product_cat-300c-57-2005-2010-ansaugung","8":"product_cat-300c-57-2011-2023-ansaugung","9":"product_cat-300c-61-ansaugung","10":"product_cat-300c-64-ansaugung","11":"product_tag-2790","12":"product_tag-2791","13":"product_tag-300c","14":"product_tag-5-7","15":"product_tag-6-1","16":"product_tag-6-4","17":"product_tag-183","18":"product_tag-bbk","19":"product_tag-bbkdk","20":"product_tag-chrysler","21":"product_tag-chrysler-300c","22":"product_tag-drosselklappe","23":"product_tag-gross","24":"product_tag-groesser","25":"product_tag-hemi","26":"product_tag-kraftwerk","27":"product_tag-mm","28":"product_tag-performance","29":"product_tag-srt","31":"first","32":"instock","33":"taxable","34":"shipping-taxable","35":"purchasable","36":"product-type-variable"},"bundled_by":[],"bundle_stock_status":"instock","bundle_stock_quantity":2,"bundle_virtual":false,"bundle_layout":"","bundle_add_to_cart_form_location":"","bundle_editable_in_cart":false,"bundle_sold_individually_context":"","bundle_item_grouping":"","bundle_min_size":"","bundle_max_size":"","bundle_price":[],"bundled_items":[],"bundle_sell_ids":[],"exclude_global_add_ons":[],"addons":[],"acf":[],"_links":{"self":[{"href":"https:\/\/kraftwerk-shop.cc\/cs\/wp-json\/wp\/v2\/product\/68299637","targetHints":{"allow":["GET"]}}],"collection":[{"href":"https:\/\/kraftwerk-shop.cc\/cs\/wp-json\/wp\/v2\/product"}],"about":[{"href":"https:\/\/kraftwerk-shop.cc\/cs\/wp-json\/wp\/v2\/types\/product"}],"replies":[{"embeddable":true,"href":"https:\/\/kraftwerk-shop.cc\/cs\/wp-json\/wp\/v2\/comments?post=68299637"}],"version-history":[{"count":0,"href":"https:\/\/kraftwerk-shop.cc\/cs\/wp-json\/wp\/v2\/product\/68299637\/revisions"}],"wp:featuredmedia":[{"embeddable":true,"href":"https:\/\/kraftwerk-shop.cc\/cs\/wp-json\/wp\/v2\/media\/68275126"}],"wp:attachment":[{"href":"https:\/\/kraftwerk-shop.cc\/cs\/wp-json\/wp\/v2\/media?parent=68299637"}],"wp:term":[{"taxonomy":"product_brand","embeddable":true,"href":"https:\/\/kraftwerk-shop.cc\/cs\/wp-json\/wp\/v2\/product_brand?post=68299637"},{"taxonomy":"product_cat","embeddable":true,"href":"https:\/\/kraftwerk-shop.cc\/cs\/wp-json\/wp\/v2\/product_cat?post=68299637"},{"taxonomy":"product_tag","embeddable":true,"href":"https:\/\/kraftwerk-shop.cc\/cs\/wp-json\/wp\/v2\/product_tag?post=68299637"}],"curies":[{"name":"wp","href":"https:\/\/api.w.org\/{rel}","templated":true}]}}