{"id":68299683,"date":"2024-03-30T21:26:26","date_gmt":"2024-03-30T20:26:26","guid":{"rendered":"https:\/\/kraftwerk-shop.cc\/?post_type=product&#038;p=68299683"},"modified":"2026-03-13T14:21:30","modified_gmt":"2026-03-13T13:21:30","slug":"ebc-brzdove-kotouce-dodge-challenger-srt-hellcat","status":"publish","type":"product","link":"https:\/\/kraftwerk-shop.cc\/cs\/produkt\/ebc-bremsscheiben-dodge-challenger-srt-hellcat\/","title":{"rendered":"Brzdov\u00e9 kotou\u010de EBC Swept-Groove Challenger SRT a Hellcat"},"content":{"rendered":"<h1>Brzdov\u00e9 kotou\u010de EBC Swept-Groove High-Carbon pro Dodge Challenger SRT a Hellcat od roku 2015 do roku 2020 (390 mm)<\/h1>\n<p>&nbsp;<\/p>\n<ul>\n<li>Pln\u011b plovouc\u00ed, dvoud\u00edln\u00e1 konstrukce proti po\u0161kozen\u00ed teplem v extr\u00e9mn\u00edch podm\u00ednk\u00e1ch<\/li>\n<li>Jednod\u00edln\u00e9 spojovac\u00ed prvky z nerezov\u00e9 oceli s pru\u017einou zabra\u0148uj\u00edc\u00ed chrast\u011bn\u00ed<\/li>\n<li>\u010cern\u00fd n\u00e1boj z tvrzen\u00e9ho speci\u00e1ln\u00edho hlin\u00edku odoln\u00e9ho proti deformaci<\/li>\n<li>Zak\u0159iven\u00e9 dr\u00e1\u017eky t\u0159ec\u00edch krou\u017ek\u016f pro \u00fa\u010dinn\u00e9 odstra\u0148ov\u00e1n\u00ed brzdov\u00e9ho prachu a brzdov\u00fdch plyn\u016f.<\/li>\n<li>Vym\u011bniteln\u00e9 t\u0159ec\u00ed krou\u017eky ze speci\u00e1ln\u00ed slitiny G3500 s vysok\u00fdm obsahem uhl\u00edku.<\/li>\n<\/ul>\n<p>&nbsp;<\/p>\n<p><strong>Srovn\u00e1vac\u00ed \u010d\u00edsla Mopar:<\/strong> 68184587AE (star\u00e1 \u010d\u00edsla d\u00edl\u016f 68184587AA, 68184587AB, 68184587AC, 68184587AD)<\/p>\n<p>M\u00edsto instalace: vp\u0159edu<\/p>\n<p>R90: V p\u0159\u00edprav\u011b<\/p>\n<p>&nbsp;<\/p>\n<p><strong>Vhodn\u00e9 pro:<\/strong><\/p>\n<table width=\"745\">\n<tbody>\n<tr>\n<td width=\"83\"><strong>Zna\u010dka<\/strong><\/td>\n<td width=\"83\"><strong>Model<\/strong><\/td>\n<td width=\"143\"><strong>Motor<\/strong><\/td>\n<td width=\"436\"><strong>Varianta<\/strong><\/td>\n<\/tr>\n<tr>\n<td width=\"83\">Dodge<\/td>\n<td width=\"83\">Challenger<\/td>\n<td width=\"143\">6.4 SRT<\/td>\n<td width=\"436\">2015 - 2020 s brzdov\u00fdmi kotou\u010di 390 mm<\/td>\n<\/tr>\n<tr>\n<td width=\"83\">Dodge<\/td>\n<td width=\"83\">Challenger<\/td>\n<td width=\"143\">6.2 Hellcat<\/td>\n<td width=\"436\">2015 - 2020<\/td>\n<\/tr>\n<\/tbody>\n<\/table>\n<p><strong>\u00a0<\/strong><\/p>\n<p>&nbsp;<\/p>\n<p><strong>Rozsah dod\u00e1vky: <\/strong><\/p>\n<p>- 2 brzdov\u00e9 kotou\u010de EBC Swept-Groove (SG2F017) pro p\u0159edn\u00ed n\u00e1pravu<\/p>\n<p>&nbsp;<\/p>\n<div id=\"Inhalt_Element\">\n<div id=\"Inhalt_Element\">\n<p align=\"center\">\n<\/div>\n<div id=\"Inhalt_Element\">\n<p>.<\/p>\n<\/div>\n<div id=\"Inhalt_Element\">\n<h2 align=\"center\">P\u0159ehled jednotliv\u00fdch sou\u010d\u00e1st\u00ed dvoud\u00edln\u00e9ho kotou\u010de Swept-Groove Disc<\/h2>\n<h3 align=\"center\">T\u0159ec\u00ed krou\u017eky z lit\u00e9 slitiny G3500<\/h3>\n<p align=\"center\"><img decoding=\"async\" id=\"image_left2\" class=\"alignnone\" src=\"https:\/\/ebc-brakes.de\/pics\/disc-1.jpg\" alt=\"Spojovac\u00ed prvky SD-Drive\u2122 z nerezov\u00e9 oceli\" width=\"686\" height=\"805\" \/><\/p>\n<\/div>\n<div id=\"Inhalt_Element\">\n<p>Slitina brzdov\u00e9ho kotou\u010de m\u00e1 lep\u0161\u00ed tepelnou vodivost a je odoln\u011bj\u0161\u00ed v\u016f\u010di teplotn\u00edmu zat\u00ed\u017een\u00ed. To je d\u016fle\u017eit\u00e9 pro maxim\u00e1ln\u00ed v\u00fdkon a \u017eivotnost brzdov\u00fdch kotou\u010d\u016f va\u0161eho Dodge Challenger SRT nebo Hellcat, a to jak na silnici, tak na z\u00e1vodn\u00edm okruhu.<\/p>\n<p>Dvoud\u00edln\u00e9 brzdov\u00e9 kotou\u010de EBC Brakes Racing vydr\u017eely stovky hodin nejn\u00e1ro\u010dn\u011bj\u0161\u00edch test\u016f na z\u00e1vodn\u00ed trati. Tyto kotou\u010de v\u0161ak nejsou jen dokonal\u00fdm produktem pro z\u00e1vodn\u00ed okruh. Vlastnosti, jako jsou eloxovan\u00e9 n\u00e1boje, kov\u00e1n\u00ed z nerezov\u00e9 oceli v kombinaci s eloxovan\u00fdmi hrnci n\u00e1boj\u016f, mont\u00e1\u017en\u00ed kov\u00e1n\u00ed z nerezov\u00e9 oceli a nerezov\u00e9 \"antirattle\" pru\u017einov\u00e9 spony, zaji\u0161\u0165uj\u00ed, \u017ee brzdov\u00e9 kotou\u010de EBC Racing jsou tak\u00e9 perfektn\u00ed volbou pro ty, kte\u0159\u00ed se sv\u00fdm vozidlem jezd\u00ed jak na okruhu, tak na ve\u0159ejn\u00fdch komunikac\u00edch.<\/p>\n<p>&nbsp;<\/p>\n<p>&nbsp;<\/p>\n<\/div>\n<div id=\"Inhalt_Element\">\n<h3 align=\"center\">48 zak\u0159iven\u00fdch vzduchovod\u016f<\/h3>\n<p align=\"center\"><img decoding=\"async\" id=\"image_left2\" src=\"https:\/\/ebc-brakes.de\/pics\/swept1.jpg\" \/><\/p>\n<p align=\"left\">V\u0161echny t\u0159ec\u00ed krou\u017eky maj\u00ed 48 zak\u0159iven\u00fdch vzduchov\u00fdch kan\u00e1lk\u016f a jsou zarovn\u00e1ny vpravo a vlevo, aby vzduchov\u00e9 kan\u00e1lky v brzdov\u00e9m kotou\u010di v\u017edy poskytovaly maxim\u00e1ln\u00ed mo\u017en\u00fd chladic\u00ed \u00fa\u010dinek. U mnoha modern\u00edch vozidel se vzduchov\u00e9 kan\u00e1ly ot\u00e1\u010dej\u00ed nespr\u00e1vn\u00fdm sm\u011brem, co\u017e m\u00e1 za n\u00e1sledek vy\u0161\u0161\u00ed teplotu brzdov\u00e9ho kotou\u010de a nevyrovnanou teplotu mezi prav\u00fdm a lev\u00fdm brzdov\u00fdm kotou\u010dem.<\/p>\n<p>V t\u011bchto p\u0159\u00edpadech mnoz\u00ed v\u00fdrobci OEM bohu\u017eel ob\u011btuj\u00ed d\u016fle\u017eit\u00fd v\u00fdkon ve prosp\u011bch \u00faspory n\u00e1klad\u016f na n\u00e1stroje a formy a m\u00edsto v\u00fdroby prav\u00e9ho a lev\u00e9ho kotou\u010de vyr\u00e1b\u011bj\u00ed pouze jeden typ kotou\u010de pro ob\u011b strany. To je tak\u00e9 p\u0159\u00edpad voz\u016f Dodge Challenger SRT a Hellcat - origin\u00e1ln\u00ed brzdov\u00e9 kotou\u010de Mopar maj\u00ed stejn\u00e9 \u010d\u00edslo d\u00edlu pro levou i pravou stranu.<\/p>\n<p>&nbsp;<\/p>\n<p align=\"center\">\n<\/div>\n<div id=\"Inhalt_Element\">\n<h3 align=\"center\">Kryty n\u00e1boj\u016f z hlin\u00edku podle leteck\u00e9ho standardu<\/h3>\n<p align=\"center\"><img decoding=\"async\" id=\"image_left2\" src=\"https:\/\/ebc-brakes.de\/pics\/hub_final_3.jpg\" \/><\/p>\n<div id=\"Inhalt_Element\">\n<p>N\u00e1boje dvoud\u00edln\u00fdch brzdov\u00fdch kotou\u010d\u016f EBC Brakes Racing jsou vyr\u00e1b\u011bny s absolutn\u00ed p\u0159esnost\u00ed z hlin\u00edkov\u00fdch polotovar\u016f, kter\u00e9 spl\u0148uj\u00ed specifikace leteck\u00e9 normy, aby byla zaji\u0161t\u011bna co nejv\u011bt\u0161\u00ed pevnost p\u0159i co nejni\u017e\u0161\u00ed hmotnosti. Po v\u00fdrob\u011b jsou v\u0161echny n\u00e1boje opat\u0159eny \u010dernou eloxovanou vrstvou, kter\u00e1 zaji\u0161\u0165uje kvalitn\u00ed vzhled a odolnost proti korozi.<\/p>\n<\/div>\n<div id=\"Inhalt_Element\">\n<h3 align=\"center\"><\/h3>\n<h3 align=\"center\">Spojovac\u00ed prvky SD-Drive\u2122 z nerezov\u00e9 oceli<\/h3>\n<p align=\"center\"><img decoding=\"async\" id=\"image_left2\" src=\"https:\/\/ebc-brakes.de\/pics\/bobbin.jpg\" \/><\/p>\n<div id=\"Inhalt_Element\">\n<p>Jedn\u00edm z nejmen\u0161\u00edch, ale nejinovativn\u011bj\u0161\u00edch komponent\u016f pou\u017e\u00edvan\u00fdch p\u0159i v\u00fdrob\u011b na\u0161ich dvoud\u00edln\u00fdch pln\u011b plovouc\u00edch brzdov\u00fdch kotou\u010d\u016f je spojovac\u00ed prvek SD-Drive\u2122 z nerezov\u00e9 oceli. V\u011bt\u0161ina na\u0161ich konkurent\u016f pou\u017e\u00edv\u00e1 z cenov\u00fdch d\u016fvod\u016f spojovac\u00ed prvky, kter\u00e9 jsou vyrobeny z oceli a n\u00e1sledn\u011b pozinkov\u00e1ny. Ka\u017ed\u00fd spojovac\u00ed prvek SD-Drive\u2122 je vyroben z jednoho kusu nerezov\u00e9 oceli, co\u017e znamen\u00e1, \u017ee nedoch\u00e1z\u00ed k \u017e\u00e1dn\u00fdm probl\u00e9m\u016fm s koroz\u00ed.<\/p>\n<p>Spojovac\u00ed prvky z nerezov\u00e9 oceli jsou nejen vizu\u00e1ln\u00ed v\u00fdhodou, ale tak\u00e9 zaji\u0161\u0165uj\u00ed, \u017ee se t\u0159ec\u00ed krou\u017eek nezad\u00edr\u00e1, a proto je prakticky bez\u00fadr\u017ebov\u00fd, je pln\u011b plovouc\u00ed po celou dobu sv\u00e9 \u017eivotnosti a m\u016f\u017ee se p\u0159i tepeln\u00e9m zat\u00ed\u017een\u00ed radi\u00e1ln\u011b roz\u0161i\u0159ovat.<\/p>\n<p>\u010casto se setk\u00e1v\u00e1me s tvrzen\u00edm, \u017ee plovouc\u00ed brzdov\u00e9 kotou\u010de by se m\u011bly pou\u017e\u00edvat pouze na z\u00e1vodn\u00ed dr\u00e1ze a ne na ve\u0159ejn\u00fdch komunikac\u00edch. Na\u0161e inovativn\u00ed spojovac\u00ed prvky SD-Drive\u2122 z nerezov\u00e9 oceli v\u0161ak umo\u017e\u0148uj\u00ed pou\u017e\u00edvat na\u0161e dvoud\u00edln\u00e9 brzdov\u00e9 kotou\u010de na silnici bez zv\u00fd\u0161en\u00e9 \u00fadr\u017eby i v zem\u00edch s nep\u0159\u00edzniv\u00fdmi pov\u011btrnostn\u00edmi podm\u00ednkami a tam, kde jsou \u0161pinav\u00e9 silnice normou.<\/p>\n<p>Krom\u011b toho je u ka\u017ed\u00e9ho spojovac\u00edho prvku pou\u017eita pru\u017einov\u00e1 spona z nerezov\u00e9 oceli, kter\u00e1 zabra\u0148uje \"chrast\u011bn\u00ed\" kotou\u010d\u016f. To zaji\u0161\u0165uje, \u017ee brzdov\u00e9 kotou\u010de EBC Brakes Racing pracuj\u00ed naprosto ti\u0161e a mohou b\u00fdt pou\u017e\u00edv\u00e1ny na ve\u0159ejn\u00fdch komunikac\u00edch bez \"chrast\u011bn\u00ed a rachocen\u00ed\", kter\u00e9 se m\u016f\u017ee objevit u dvoud\u00edln\u00fdch kotou\u010d\u016f.<\/p>\n<p>Spojovac\u00ed prvky SD-Drive\u2122 pracuj\u00ed na plovouc\u00edm principu, co\u017e znamen\u00e1, \u017ee k rozta\u017een\u00ed a smr\u0161t\u011bn\u00ed t\u0159ec\u00edch krou\u017ek\u016f, ke kter\u00e9mu doch\u00e1z\u00ed b\u011bhem provozu, doch\u00e1z\u00ed pouze v samotn\u00e9m t\u0159ec\u00edm krou\u017eku a nep\u0159en\u00e1\u0161\u00ed se na pl\u00e1\u0161\u0165 n\u00e1boje. D\u00edky tomu je mo\u017en\u00e9 spojovac\u00ed prvky nad\u00e1le pou\u017e\u00edvat spole\u010dn\u011b s hlin\u00edkov\u00fdm n\u00e1bojem, pokud je t\u0159eba t\u0159ec\u00ed krou\u017eek vym\u011bnit.<\/p>\n<\/div>\n<\/div>\n<\/div>\n<\/div>\n<div id=\"Inhalt_Element\">\n<div id=\"Inhalt_Element\">\n<div id=\"Inhalt_Element\">\n<p>&nbsp;<\/p>\n<\/div>\n<\/div>\n<\/div>","protected":false},"excerpt":{"rendered":"<p><span style=\"font-size: 16px;\">Brzdov\u00e9 kotou\u010de 390 mm, dvoud\u00edln\u00e9, 2015 - 2020<br \/>\n(1 p\u00e1r)<br \/>\n<\/span><\/p>\n<p>&nbsp;<\/p>","protected":false},"featured_media":68299698,"comment_status":"open","ping_status":"closed","template":"","meta":{"_acf_changed":false},"product_brand":[16875],"product_cat":[17693,17689],"product_tag":[2324,936,938,937,939,940,795,796,3946,10802,54,49,3853,964,2442,16877,16876,16878,692,942,941,100,36,31,794,1130,797,96,842,841,673],"class_list":{"0":"post-68299683","1":"product","2":"type-product","3":"status-publish","4":"has-post-thumbnail","6":"product_brand-ebc-brakes","7":"product_cat-challenger-hellcat-bremsscheiben-vorne","8":"product_cat-challenger-64-bremsscheiben-vorne","9":"product_tag-68184587aa","10":"product_tag-68184587ab","11":"product_tag-68184587ac","12":"product_tag-68184587ad","13":"product_tag-68184587ae","14":"product_tag-aftermarket","15":"product_tag-bremse","16":"product_tag-bremsscheibe","17":"product_tag-bremsscheiben-fuer-dodge-challenger","18":"product_tag-bremsscheiben-fuer-dodge-challenger-6-4","19":"product_tag-challenger","20":"product_tag-dodge","21":"product_tag-dodge-challenger","22":"product_tag-ebc","23":"product_tag-ebc-brakes","24":"product_tag-ebc-bremsbelaege","25":"product_tag-ebc-bremsen","26":"product_tag-ebc-bremsscheiben","27":"product_tag-ersatzteil","28":"product_tag-gelocht","29":"product_tag-geschlitzt","30":"product_tag-hellcat","31":"product_tag-kraftwerk","32":"product_tag-mopar","33":"product_tag-premium","34":"product_tag-sg2f017","35":"product_tag-sportbremsscheibe","36":"product_tag-srt","37":"product_tag-vorderachse","38":"product_tag-vorne","39":"product_tag-zubehoer","41":"first","42":"instock","43":"taxable","44":"shipping-taxable","45":"purchasable","46":"product-type-simple"},"bundled_by":[],"bundle_stock_status":"instock","bundle_stock_quantity":1,"bundle_virtual":false,"bundle_layout":"","bundle_add_to_cart_form_location":"","bundle_editable_in_cart":false,"bundle_sold_individually_context":"","bundle_item_grouping":"","bundle_min_size":"","bundle_max_size":"","bundle_price":[],"bundled_items":[],"bundle_sell_ids":[],"exclude_global_add_ons":[],"addons":[],"acf":[],"_links":{"self":[{"href":"https:\/\/kraftwerk-shop.cc\/cs\/wp-json\/wp\/v2\/product\/68299683","targetHints":{"allow":["GET"]}}],"collection":[{"href":"https:\/\/kraftwerk-shop.cc\/cs\/wp-json\/wp\/v2\/product"}],"about":[{"href":"https:\/\/kraftwerk-shop.cc\/cs\/wp-json\/wp\/v2\/types\/product"}],"replies":[{"embeddable":true,"href":"https:\/\/kraftwerk-shop.cc\/cs\/wp-json\/wp\/v2\/comments?post=68299683"}],"version-history":[{"count":0,"href":"https:\/\/kraftwerk-shop.cc\/cs\/wp-json\/wp\/v2\/product\/68299683\/revisions"}],"wp:featuredmedia":[{"embeddable":true,"href":"https:\/\/kraftwerk-shop.cc\/cs\/wp-json\/wp\/v2\/media\/68299698"}],"wp:attachment":[{"href":"https:\/\/kraftwerk-shop.cc\/cs\/wp-json\/wp\/v2\/media?parent=68299683"}],"wp:term":[{"taxonomy":"product_brand","embeddable":true,"href":"https:\/\/kraftwerk-shop.cc\/cs\/wp-json\/wp\/v2\/product_brand?post=68299683"},{"taxonomy":"product_cat","embeddable":true,"href":"https:\/\/kraftwerk-shop.cc\/cs\/wp-json\/wp\/v2\/product_cat?post=68299683"},{"taxonomy":"product_tag","embeddable":true,"href":"https:\/\/kraftwerk-shop.cc\/cs\/wp-json\/wp\/v2\/product_tag?post=68299683"}],"curies":[{"name":"wp","href":"https:\/\/api.w.org\/{rel}","templated":true}]}}