{"id":68299708,"date":"2024-03-30T23:11:33","date_gmt":"2024-03-30T22:11:33","guid":{"rendered":"https:\/\/kraftwerk-shop.cc\/?post_type=product&#038;p=68299708"},"modified":"2026-04-07T18:31:56","modified_gmt":"2026-04-07T16:31:56","slug":"brzdove-kotouce-paragon-challenger-srt-hellcat","status":"publish","type":"product","link":"https:\/\/kraftwerk-shop.cc\/cs\/produkt\/paragon-bremsscheiben-challenger-srt-hellcat\/","title":{"rendered":"Brzdov\u00e9 kotou\u010de Paragon Performance Challenger SRT a Hellcat"},"content":{"rendered":"<h1>Brzdov\u00e9 kotou\u010de Paragon Performance pro Dodge Challenger 6.4 a Hellcat z let 2015 a\u017e 2020 (390 mm), dr\u00e1\u017ekovan\u00e9 proveden\u00ed pro p\u0159edn\u00ed n\u00e1pravu<\/h1>\n<p>Pou\u017eit\u00edm brzdov\u00fdch kotou\u010d\u016f Paragon Performance m\u016f\u017eete \u00fa\u010dinn\u011b zabr\u00e1nit p\u0159ed\u010dasn\u00e9mu prask\u00e1n\u00ed standardn\u00edch brzdov\u00fdch kotou\u010d\u016f na va\u0161em Dodge Challenger 6.4 \/ Hellcat p\u0159i pou\u017e\u00edv\u00e1n\u00ed na z\u00e1vodn\u00edch trat\u00edch nebo p\u0159i intenzivn\u00edm pou\u017e\u00edv\u00e1n\u00ed. Na\u0161e brzdov\u00e9 kotou\u010de nejen\u017ee nab\u00edzej\u00ed \u0159e\u0161en\u00ed tohoto probl\u00e9mu, ale tak\u00e9 znateln\u011b zlep\u0161uj\u00ed citlivost ped\u00e1lu a modulaci brzd. D\u00edky vysoce kvalitn\u00edm materi\u00e1l\u016fm a precizn\u00edmu zpracov\u00e1n\u00ed jsou na\u0161e brzdov\u00e9 kotou\u010de z\u00e1rukou optim\u00e1ln\u00edho v\u00fdkonu a spolehlivosti. Vsa\u010fte na spole\u010dnost Paragon Performance a za\u017eijte v\u00fdrazn\u00e9 zv\u00fd\u0161en\u00ed brzdn\u00e9ho v\u00fdkonu a bezpe\u010dnosti sv\u00e9ho vozu Dodge Challenger.<\/p>\n<p>Brzdov\u00e9 kotou\u010de Paragon Performance pro Dodge Challenger nab\u00edzej\u00ed p\u016fsobiv\u00fd v\u00fdkon a spolehlivost. Jsou speci\u00e1ln\u011b navr\u017eeny pro pou\u017eit\u00ed na okruhu a zaji\u0161\u0165uj\u00ed vynikaj\u00edc\u00ed \u00fa\u010dinnost brzd a chlazen\u00ed. Sm\u011brov\u00e9 ventila\u010dn\u00ed lamely vytv\u00e1\u0159ej\u00ed s\u00e1n\u00ed, kter\u00e9 sm\u011bruje chladn\u00fd vzduch skrz brzdov\u00fd kotou\u010d, \u010d\u00edm\u017e zlep\u0161uj\u00ed odvod tepla. T\u00edm se zvy\u0161uje odolnost proti prask\u00e1n\u00ed v extr\u00e9mn\u00edch podm\u00ednk\u00e1ch na trati. Brzdov\u00e9 kotou\u010de Paragon Performance jsou ide\u00e1ln\u00ed volbou pro n\u00e1ro\u010dn\u00e9 \u0159idi\u010de, kte\u0159\u00ed hledaj\u00ed maxim\u00e1ln\u00ed v\u00fdkon a bezpe\u010dnost na z\u00e1vodn\u00ed trati.<\/p>\n<p>Rotor je vyroben ze speci\u00e1ln\u00ed slitiny CM-250 s vysok\u00fdm obsahem uhl\u00edku, kter\u00e1 zaji\u0161\u0165uje optim\u00e1ln\u00ed z\u00e1b\u011br, tepeln\u00e9 vlastnosti, odolnost v\u016f\u010di vysok\u00fdm teplot\u00e1m a trvanlivost.<br \/>\nKrou\u017eky brzdov\u00e9ho kotou\u010de jsou tepeln\u011b zpracov\u00e1ny, aby se sn\u00ed\u017eilo nap\u011bt\u00ed v brzdov\u00e9m kotou\u010di a zabr\u00e1nilo se tak jeho deformaci a vibrac\u00edm.<br \/>\nPot\u00e9 jsou opracov\u00e1ny nejmodern\u011bj\u0161\u00ed povrchovou \u00fapravou CBN, kter\u00e1 zaji\u0161\u0165uje lep\u0161\u00ed z\u00e1b\u011bh s nov\u00fdmi brzdov\u00fdmi desti\u010dkami.<\/p>\n<p>Vibrace jsou sn\u00ed\u017eeny, proto\u017ee bo\u010dn\u00ed h\u00e1zen\u00ed brzdov\u00e9ho kotou\u010de je udr\u017eov\u00e1no v rozmez\u00ed 0,03 mm a vyv\u00e1\u017een\u00ed je v rozmez\u00ed 2 gram\u016f.<br \/>\nV\u0161echny brzdov\u00e9 kotou\u010de pro\u0161ly p\u0159\u00edsn\u00fdmi kontrolami kvality a testy, aby bylo zaji\u0161t\u011bno, \u017ee jsou vhodn\u00e9 pro dan\u00fd \u00fa\u010del.<br \/>\nDvoud\u00edln\u00e1 konstrukce umo\u017e\u0148uje tepeln\u00e9 roz\u0161\u00ed\u0159en\u00ed brzdov\u00e9ho kotou\u010de a z\u00e1rove\u0148 minimalizuje jeho deformaci a zaji\u0161\u0165uje, \u017ee je brzdov\u00fd kotou\u010d v\u016f\u010di brzdov\u00fdm desti\u010dk\u00e1m vyst\u0159ed\u011bn\u00fd.<br \/>\nBrzdov\u00fd kotou\u010d s dr\u00e1\u017ekami zlep\u0161uje stabilitu brzd t\u00edm, \u017ee udr\u017euje \u010distou sty\u010dnou plochu a odv\u00e1d\u00ed teplo a plyny vznikaj\u00edc\u00ed p\u0159i kontaktu brzdov\u00fdch desti\u010dek s brzdov\u00fdm kotou\u010dem.<br \/>\nDr\u00e1\u017ekovan\u00e9 brzdov\u00e9 kotou\u010de maj\u00ed rozhoduj\u00edc\u00ed v\u00fdhodu oproti hol\u00fdm brzdov\u00fdm kotou\u010d\u016fm za mokra nebo de\u0161t\u011b, proto\u017ee zabra\u0148uj\u00ed tvorb\u011b vodn\u00edho filmu mezi brzdov\u00fdm oblo\u017een\u00edm a brzdov\u00fdm kotou\u010dem.<br \/>\nDvoud\u00edln\u00e9 brzdov\u00e9 kotou\u010de Paragon Performance v\u00e1\u017e\u00ed m\u00e9n\u011b ne\u017e v\u011bt\u0161ina brzdov\u00fdch kotou\u010d\u016f O.E., p\u0159i\u010dem\u017e si zachov\u00e1vaj\u00ed tepelnou zat\u00ed\u017eitelnost a zlep\u0161uj\u00ed j\u00edzdn\u00ed vlastnosti d\u00edky \u00faspo\u0159e neodpru\u017een\u00fdch hmot.<\/p>\n<p>Brzdov\u00e9 kotou\u010de Paragon Performance pro Challenger SRT a Hellcat jsou vyrobeny z vysoce kvalitn\u00edho hlin\u00edku 6061-T6. D\u00edky p\u0159esn\u00e9mu CNC fr\u00e9zov\u00e1n\u00ed a n\u00e1sledn\u00e9mu \u010dern\u00e9mu tvrd\u00e9mu lakov\u00e1n\u00ed \/ tvrd\u00e9mu eloxov\u00e1n\u00ed maj\u00ed hlin\u00edkov\u00e9 kotou\u010de nevodivou ochrannou vrstvu. \u010cern\u00e9 zbarven\u00ed prob\u00edh\u00e1 po tvrd\u00e9m eloxov\u00e1n\u00ed a zaji\u0161\u0165uje stylov\u00fd vzhled. Tyto hrnce zaru\u010duj\u00ed rovnocenn\u00fd v\u00fdkon a trvanlivost.<\/p>\n<p>\u010cern\u00fd tvrd\u00fd povlak\/tvrd\u00e9 eloxov\u00e1n\u00ed v souladu se specifikac\u00ed Mil-Spec (MIL-A-8625 typ III) nem\u011bn\u00ed barvu ani v extr\u00e9mn\u00edm horku. \u010cern\u00fd tvrd\u00fd povlak\/tvrd\u00fd eloxovan\u00fd povrch je tvrd\u0161\u00ed, siln\u011bj\u0161\u00ed, odoln\u011bj\u0161\u00ed proti opot\u0159eben\u00ed a po\u0161kr\u00e1b\u00e1n\u00ed.<\/p>\n<p>\u010cern\u00e1 povrchov\u00e1 \u00faprava s tvrd\u00fdm eloxem poskytuje silnou tvrdou vrstvu, kter\u00e1 zaji\u0161\u0165uje vy\u0161\u0161\u00ed odolnost proti korozi a dlouhou \u017eivotnost bez nutnosti \u00fadr\u017eby. \u010cern\u00fd tvrzen\u00fd\/tvrd\u00fd eloxovan\u00fd povrch l\u00e9pe odol\u00e1v\u00e1 p\u016fsoben\u00ed ultrafialov\u00e9ho (UV) z\u00e1\u0159en\u00ed, co\u017e je je\u0161t\u011b d\u016fle\u017eit\u011bj\u0161\u00ed, pokud je vozidlo \u010dasto zaparkov\u00e1no venku.<\/p>\n<p>&nbsp;<\/p>\n<p><strong>Vlastnosti:<\/strong><\/p>\n<ul>\n<li>P\u0159\u00edm\u00e1 mont\u00e1\u017e bez jak\u00fdchkoli \u00faprav a navr\u017eeno tak, aby fungovalo s OEM ABS a brzdov\u00fdm syst\u00e9mem v\u00fdrobce p\u0159i zachov\u00e1n\u00ed tov\u00e1rn\u00edho brzdn\u00e9ho sklonu. Kompatibiln\u00ed s brzdov\u00fdmi desti\u010dkami OEM nebo dopl\u0148kov\u00fdmi desti\u010dkami se stejnou hloubkou.<\/li>\n<li>Sm\u011brov\u00e9 ventila\u010dn\u00ed \u017eebrov\u00e1n\u00ed pro optim\u00e1ln\u00ed chladic\u00ed v\u00fdkon, pracuje a\u017e o 30 % chladn\u011bji ne\u017e brzdov\u00e9 kotou\u010de O.E. a zvy\u0161uje \u00fa\u010dinnost chlazen\u00ed a\u017e o 30%.<\/li>\n<li>Pln\u011b plovouc\u00ed dvoud\u00edln\u00e1 konstrukce<\/li>\n<li>Minimalizuje vadnut\u00ed brzd a vibrace p\u0159i del\u0161\u00edch j\u00edzd\u00e1ch.<\/li>\n<li>Syst\u00e9m upevn\u011bn\u00ed brzdov\u00e9ho kotou\u010de a v\u00ed\u010dka: H-Bobbin (10 \u0161roub\u016f)<\/li>\n<li>Skv\u011bl\u00fd upgrade z v\u00edcediskov\u00fdch brzdov\u00fdch kotou\u010d\u016f OEM, kter\u00e9 nejsou sm\u011brov\u00e9.<\/li>\n<\/ul>\n<p>&nbsp;<\/p>\n<p><strong>Rozsah dod\u00e1vky:<\/strong><\/p>\n<ul>\n<li>Jeden p\u00e1r (2 kusy) dvoud\u00edln\u00fdch brzdov\u00fdch kotou\u010d\u016f Paragon Performance 390 mm x 34 mm pro Dodge Challenger s tvrd\u011b\/\u010dern\u011b eloxovan\u00fdmi hlin\u00edkov\u00fdmi kotou\u010di 6061-T6, c\u00edvkami z nerezov\u00e9 oceli a sponami proti drn\u010den\u00ed (smontovan\u00e9 a p\u0159ipraven\u00e9 k instalaci).<\/li>\n<li>Podrobn\u00fd n\u00e1vod k instalaci (n\u011bmecky)<\/li>\n<\/ul>\n<p>&nbsp;<\/p>\n<p><strong>Srovn\u00e1vac\u00ed \u010d\u00edslo Mopar:<\/strong> 68184587AE<br \/>\n<strong>Star\u00e1 \u010d\u00edsla d\u00edl\u016f:<\/strong> 68184587AA, 68184587AB, 68184587AC, 68184587AD<\/p>\n<p>&nbsp;<\/p>\n<p><strong>Vhodn\u00e9 pro:<\/strong><\/p>\n<table width=\"745\">\n<tbody>\n<tr>\n<td width=\"83\"><strong>Zna\u010dka<\/strong><\/td>\n<td width=\"83\"><strong>Model<\/strong><\/td>\n<td width=\"143\"><strong>Motor<\/strong><\/td>\n<td width=\"436\"><strong>Varianta<\/strong><\/td>\n<\/tr>\n<tr>\n<td width=\"83\">Dodge<\/td>\n<td width=\"83\">Challenger<\/td>\n<td width=\"143\">6.4 SRT<\/td>\n<td width=\"436\">2015 - 2020 s brzdov\u00fdmi kotou\u010di 390 mm<\/td>\n<\/tr>\n<tr>\n<td width=\"83\">Dodge<\/td>\n<td width=\"83\">Challenger<\/td>\n<td width=\"143\">6.2 Hellcat<\/td>\n<td width=\"436\">2015 - 2020<\/td>\n<\/tr>\n<\/tbody>\n<\/table>\n<p>&nbsp;<\/p>\n<p>Cena se vztahuje na 2 brzdov\u00e9 kotou\u010de (jeden p\u00e1r).<\/p>","protected":false},"excerpt":{"rendered":"<p>Brzdov\u00e9 kotou\u010de 390 mm, dvoud\u00edln\u00e9, 2015 - 2020 (1 p\u00e1r)<\/p>","protected":false},"featured_media":68279199,"comment_status":"open","ping_status":"closed","template":"","meta":{"_acf_changed":false},"product_brand":[17982],"product_cat":[17693,17689],"product_tag":[217,101,93,2324,936,938,937,939,940,795,796,3946,10802,54,49,3853,692,100,36,31,4627,4628,794,797,96,842,841,673],"class_list":{"0":"post-68299708","1":"product","2":"type-product","3":"status-publish","4":"has-post-thumbnail","6":"product_brand-paragon-performance","7":"product_cat-challenger-hellcat-bremsscheiben-vorne","8":"product_cat-challenger-64-bremsscheiben-vorne","9":"product_tag-217","10":"product_tag-6-2","11":"product_tag-6-4","12":"product_tag-68184587aa","13":"product_tag-68184587ab","14":"product_tag-68184587ac","15":"product_tag-68184587ad","16":"product_tag-68184587ae","17":"product_tag-aftermarket","18":"product_tag-bremse","19":"product_tag-bremsscheibe","20":"product_tag-bremsscheiben-fuer-dodge-challenger","21":"product_tag-bremsscheiben-fuer-dodge-challenger-6-4","22":"product_tag-challenger","23":"product_tag-dodge","24":"product_tag-dodge-challenger","25":"product_tag-ersatzteil","26":"product_tag-hellcat","27":"product_tag-kraftwerk","28":"product_tag-mopar","29":"product_tag-paragon","30":"product_tag-paragon-performance","31":"product_tag-premium","32":"product_tag-sportbremsscheibe","33":"product_tag-srt","34":"product_tag-vorderachse","35":"product_tag-vorne","36":"product_tag-zubehoer","38":"first","39":"instock","40":"taxable","41":"shipping-taxable","42":"purchasable","43":"product-type-variable"},"bundled_by":[],"bundle_stock_status":"instock","bundle_stock_quantity":1,"bundle_virtual":false,"bundle_layout":"","bundle_add_to_cart_form_location":"","bundle_editable_in_cart":false,"bundle_sold_individually_context":"","bundle_item_grouping":"","bundle_min_size":"","bundle_max_size":"","bundle_price":[],"bundled_items":[],"bundle_sell_ids":[],"exclude_global_add_ons":[],"addons":[],"acf":[],"_links":{"self":[{"href":"https:\/\/kraftwerk-shop.cc\/cs\/wp-json\/wp\/v2\/product\/68299708","targetHints":{"allow":["GET"]}}],"collection":[{"href":"https:\/\/kraftwerk-shop.cc\/cs\/wp-json\/wp\/v2\/product"}],"about":[{"href":"https:\/\/kraftwerk-shop.cc\/cs\/wp-json\/wp\/v2\/types\/product"}],"replies":[{"embeddable":true,"href":"https:\/\/kraftwerk-shop.cc\/cs\/wp-json\/wp\/v2\/comments?post=68299708"}],"version-history":[{"count":0,"href":"https:\/\/kraftwerk-shop.cc\/cs\/wp-json\/wp\/v2\/product\/68299708\/revisions"}],"wp:featuredmedia":[{"embeddable":true,"href":"https:\/\/kraftwerk-shop.cc\/cs\/wp-json\/wp\/v2\/media\/68279199"}],"wp:attachment":[{"href":"https:\/\/kraftwerk-shop.cc\/cs\/wp-json\/wp\/v2\/media?parent=68299708"}],"wp:term":[{"taxonomy":"product_brand","embeddable":true,"href":"https:\/\/kraftwerk-shop.cc\/cs\/wp-json\/wp\/v2\/product_brand?post=68299708"},{"taxonomy":"product_cat","embeddable":true,"href":"https:\/\/kraftwerk-shop.cc\/cs\/wp-json\/wp\/v2\/product_cat?post=68299708"},{"taxonomy":"product_tag","embeddable":true,"href":"https:\/\/kraftwerk-shop.cc\/cs\/wp-json\/wp\/v2\/product_tag?post=68299708"}],"curies":[{"name":"wp","href":"https:\/\/api.w.org\/{rel}","templated":true}]}}