{"id":68299863,"date":"2024-04-06T16:31:12","date_gmt":"2024-04-06T14:31:12","guid":{"rendered":"https:\/\/kraftwerk-shop.cc\/?post_type=product&#038;p=68299863"},"modified":"2026-02-15T01:09:08","modified_gmt":"2026-02-15T00:09:08","slug":"powerstop-pst-1718-brzdove-desticky-corvette-c7","status":"publish","type":"product","link":"https:\/\/kraftwerk-shop.cc\/cs\/produkt\/powerstop-pst-1718-bremsbelaege-corvette-c7\/","title":{"rendered":"Brzdov\u00e9 desti\u010dky PowerStop Track Day Corvette C7"},"content":{"rendered":"<h1>Brzdov\u00e9 desti\u010dky PowerStop Track Day pro Chevrolet Corvette C7 (zadn\u00ed n\u00e1prava)<\/h1>\n<p>&nbsp;<\/p>\n<p>Brzdov\u00e9 desti\u010dky Track Day maj\u00ed vysok\u00fd koeficient t\u0159en\u00ed ji\u017e za studena a je\u0161t\u011b vy\u0161\u0161\u00ed koeficient t\u0159en\u00ed za tepla - kdy\u017e na tom opravdu z\u00e1le\u017e\u00ed.<\/p>\n<p>Spole\u010dnost PowerStop si dala za \u00fakol nab\u00eddnout ka\u017ed\u00e9mu \u0159idi\u010di jednoduch\u00fd a cenov\u011b dostupn\u00fd zp\u016fsob, jak zlep\u0161it brzdy - bez ohledu na to, kde a jak sv\u00e9 vozidlo pou\u017e\u00edv\u00e1.<br \/>\nPokud se sv\u00fdm vozem Corvette C7 jezd\u00edte na z\u00e1vodn\u00ed dr\u00e1ze na okruhu nebo na z\u00e1vodech s vysok\u00fdm v\u00fdkonem, jist\u011b v\u00edte, jak d\u016fle\u017eit\u00e9 jsou kvalitn\u00ed brzdov\u00e9 desti\u010dky. Brzdov\u00e9 desti\u010dky PowerStop Track Day jsou ide\u00e1ln\u00ed pro za\u010d\u00e1tky z\u00e1vod\u011bn\u00ed na okruhu.<br \/>\nV\u00fdzkumn\u00fd a v\u00fdvojov\u00fd t\u00fdm spole\u010dnosti PowerStop str\u00e1vil nespo\u010det hodin hled\u00e1n\u00edm spr\u00e1vn\u00e9 sm\u011bsi brzdov\u00fdch desti\u010dek pro jednotliv\u00e9 platformy vozidel, tak\u017ee nemus\u00edte tr\u00e1vit nespo\u010det dn\u00ed na trati a sna\u017eit se to zjistit sami.<br \/>\nTyto brzdov\u00e9 desti\u010dky ur\u010den\u00e9 pro konkr\u00e9tn\u00ed platformu maj\u00ed vynikaj\u00edc\u00ed koeficient t\u0159en\u00ed a jsou odoln\u00e9 proti vyblednut\u00ed p\u0159i z\u00e1t\u011b\u017ei b\u011bhem z\u00e1vodn\u00edho dne.<\/p>\n<p>&nbsp;<\/p>\n<p>&nbsp;<\/p>\n<p><strong>Srovn\u00e1vac\u00ed \u010d\u00edsla GM: <\/strong>84732503, 85113995, 22847818<\/p>\n<p>&nbsp;<\/p>\n<p><strong>Vhodn\u00e9 pro:<\/strong><\/p>\n<table width=\"403\">\n<tbody>\n<tr>\n<td width=\"67\">Chevrolet<\/td>\n<td width=\"116\">Corvette C7<\/td>\n<td width=\"123\">Z06<\/td>\n<td width=\"97\">2014\u20132019<\/td>\n<\/tr>\n<tr>\n<td width=\"67\">Chevrolet<\/td>\n<td width=\"116\">Corvette C7<\/td>\n<td width=\"123\">Grand Sport<\/td>\n<td width=\"97\">2017\u20132019<\/td>\n<\/tr>\n<\/tbody>\n<\/table>\n<p>&nbsp;<\/p>\n<p>Cena se vztahuje na 1 sadu pro kompletn\u00ed zadn\u00ed n\u00e1pravu.<\/p>","protected":false},"excerpt":{"rendered":"<p>PowerStop Brzdov\u00e9 desti\u010dky Track Day pro Chevrolet Corvette C7 (zadn\u00ed n\u00e1prava) Brzdov\u00e9 desti\u010dky Track Day maj\u00ed vysok\u00fd koeficient t\u0159en\u00ed ji\u017e za studena.<\/p>","protected":false},"featured_media":68299867,"comment_status":"open","ping_status":"closed","template":"","meta":{"_acf_changed":false},"product_brand":[],"product_cat":[3129],"product_tag":[6880,101,6878,6879,832,838,590,795,839,840,3087,189,281,692,4379,798,799,36,953,954,2445,6920,4559,4562,283,673],"class_list":{"0":"post-68299863","1":"product","2":"type-product","3":"status-publish","4":"has-post-thumbnail","6":"product_cat-corvette-c7-bremsen-hinten","7":"product_tag-6880","8":"product_tag-6-2","9":"product_tag-6878","10":"product_tag-6879","11":"product_tag-brembo","12":"product_tag-bremsbelag","13":"product_tag-bremsbelaege","14":"product_tag-bremse","15":"product_tag-bremsklotz","16":"product_tag-bremskloetze","17":"product_tag-c7","18":"product_tag-chevrolet","19":"product_tag-corvette","20":"product_tag-ersatzteil","21":"product_tag-grand-sport","22":"product_tag-hinten","23":"product_tag-hinterachse","24":"product_tag-kraftwerk","25":"product_tag-power-stop","26":"product_tag-powerstop","27":"product_tag-powerstop-pads","28":"product_tag-pst-1718","29":"product_tag-track-day","30":"product_tag-trackday","31":"product_tag-z06","32":"product_tag-zubehoer","34":"first","35":"instock","36":"taxable","37":"shipping-taxable","38":"purchasable","39":"product-type-simple"},"bundled_by":[],"bundle_stock_status":"instock","bundle_stock_quantity":1,"bundle_virtual":false,"bundle_layout":"","bundle_add_to_cart_form_location":"","bundle_editable_in_cart":false,"bundle_sold_individually_context":"","bundle_item_grouping":"","bundle_min_size":"","bundle_max_size":"","bundle_price":[],"bundled_items":[],"bundle_sell_ids":[],"exclude_global_add_ons":[],"addons":[],"acf":[],"_links":{"self":[{"href":"https:\/\/kraftwerk-shop.cc\/cs\/wp-json\/wp\/v2\/product\/68299863","targetHints":{"allow":["GET"]}}],"collection":[{"href":"https:\/\/kraftwerk-shop.cc\/cs\/wp-json\/wp\/v2\/product"}],"about":[{"href":"https:\/\/kraftwerk-shop.cc\/cs\/wp-json\/wp\/v2\/types\/product"}],"replies":[{"embeddable":true,"href":"https:\/\/kraftwerk-shop.cc\/cs\/wp-json\/wp\/v2\/comments?post=68299863"}],"version-history":[{"count":0,"href":"https:\/\/kraftwerk-shop.cc\/cs\/wp-json\/wp\/v2\/product\/68299863\/revisions"}],"wp:featuredmedia":[{"embeddable":true,"href":"https:\/\/kraftwerk-shop.cc\/cs\/wp-json\/wp\/v2\/media\/68299867"}],"wp:attachment":[{"href":"https:\/\/kraftwerk-shop.cc\/cs\/wp-json\/wp\/v2\/media?parent=68299863"}],"wp:term":[{"taxonomy":"product_brand","embeddable":true,"href":"https:\/\/kraftwerk-shop.cc\/cs\/wp-json\/wp\/v2\/product_brand?post=68299863"},{"taxonomy":"product_cat","embeddable":true,"href":"https:\/\/kraftwerk-shop.cc\/cs\/wp-json\/wp\/v2\/product_cat?post=68299863"},{"taxonomy":"product_tag","embeddable":true,"href":"https:\/\/kraftwerk-shop.cc\/cs\/wp-json\/wp\/v2\/product_tag?post=68299863"}],"curies":[{"name":"wp","href":"https:\/\/api.w.org\/{rel}","templated":true}]}}