{"id":68300096,"date":"2024-04-14T13:28:34","date_gmt":"2024-04-14T11:28:34","guid":{"rendered":"https:\/\/kraftwerk-shop.cc\/?post_type=product&#038;p=68300096"},"modified":"2026-03-09T14:30:33","modified_gmt":"2026-03-09T13:30:33","slug":"jlt-intake-challenger-hellcat","status":"publish","type":"product","link":"https:\/\/kraftwerk-shop.cc\/cs\/produkt\/jlt-intake-challenger-hellcat\/","title":{"rendered":"S\u00e1n\u00ed studen\u00e9ho vzduchu JLT Challenger Hellcat, Redeye, Demon, Super Stock"},"content":{"rendered":"<h1>Syst\u00e9m s\u00e1n\u00ed studen\u00e9ho vzduchu JLT CAI-75-5170 pro Dodge Challenger Hellcat, Redeye, Demon, Super Stock a Jailbreak z let 2018 a\u017e 2023<\/h1>\n<p>&nbsp;<\/p>\n<p><strong>Velk\u00fd vzduchov\u00fd filtr<\/strong><br \/>\nVelkoryse dimenzovan\u00fd vzduchov\u00fd filtr umo\u017e\u0148uje v\u011bt\u0161\u00ed pr\u016ftok vzduchu ne\u017e standardn\u00ed filtr.<br \/>\nVzduchov\u00fd filtr se skl\u00e1d\u00e1 z bavln\u011bn\u00e9ho filtra\u010dn\u00edho materi\u00e1lu, kter\u00fd je sm\u00e1\u010den speci\u00e1ln\u00edm filtra\u010dn\u00edm olejem a lze jej vym\u00fdvat. T\u00edm se maximalizuje kapacita a v\u00fdkon filtru.<\/p>\n<p><strong>Sac\u00ed potrub\u00ed<\/strong><br \/>\nSac\u00ed trubice je vyrobena z roto-moulded plastu s obrovsk\u00fdm 5\u2033 filtra\u010dn\u00edm otvorem pro vynikaj\u00edc\u00ed pr\u016ftok vzduchu a BEZ zah\u0159\u00edv\u00e1n\u00ed jako u kovov\u00fdch trubic.<br \/>\nD\u00edky otvoru 4,5\u2033 na konci \u0161krtic\u00ed klapky je vhodn\u00fd i pro v\u011bt\u0161\u00ed \u0161krtic\u00ed klapky.<\/p>\n<p><strong>Kryt vzduchov\u00e9ho filtru<br \/>\n<\/strong>Plastov\u00fd kryt vzduchov\u00e9ho filtru co nejv\u00edce izoluje s\u00e1n\u00ed od tepla vyza\u0159ovan\u00e9ho motorem. T\u00edm se \u00fa\u010dinn\u011b zabr\u00e1n\u00ed nas\u00e1v\u00e1n\u00ed hork\u00e9ho vzduchu z motorov\u00e9ho prostoru.<\/p>\n<p>&nbsp;<\/p>\n<p><strong>Vysoce kvalitn\u00ed instala\u010dn\u00ed materi\u00e1l<\/strong><\/p>\n<ul>\n<li>Sac\u00ed potrub\u00ed z lisovan\u00e9ho plastu JLT Roto<\/li>\n<li>Silikonov\u00fd reduktor<\/li>\n<li>Vzduchov\u00fd filtr 5\u00d77 S&amp;B Powerstack<\/li>\n<li>Box vzduchov\u00e9ho filtru<\/li>\n<li>HD svorky, v\u0161echny pot\u0159ebn\u00e9 d\u00edly<\/li>\n<\/ul>\n<p>&nbsp;<\/p>\n<p><strong>podrobnosti<\/strong><\/p>\n<p>- + 15 - 20 kon\u00ed maxim\u00e1ln\u00edho v\u00fdkonu (podle \u00fadaj\u016f v\u00fdrobce)<br \/>\n- Kryt vzduchov\u00e9ho filtru s dr\u017e\u00e1ky pro p\u0159\u00edmou mont\u00e1\u017e<br \/>\n- P\u0159edem promazan\u00fd, omyvateln\u00fd a opakovan\u011b pou\u017eiteln\u00fd vzduchov\u00fd filtr Pro 10R pro maxim\u00e1ln\u00ed v\u00fdkon<\/p>\n<p>&nbsp;<\/p>\n<p><strong>Vhodn\u00e9 pro:<\/strong><\/p>\n<table width=\"588\">\n<tbody>\n<tr>\n<td width=\"83\"><strong>Rok v\u00fdstavby<\/strong><\/td>\n<td width=\"83\"><strong>Zna\u010dka<\/strong><\/td>\n<td width=\"179\"><strong>Model<\/strong><\/td>\n<td width=\"160\"><strong>Varianta<\/strong><\/td>\n<td width=\"83\"><strong>Motor<\/strong><\/td>\n<\/tr>\n<tr>\n<td width=\"83\">2018<\/td>\n<td width=\"83\">Dodge<\/td>\n<td width=\"179\">Challenger<\/td>\n<td width=\"160\">D\u00e9mon<\/td>\n<td width=\"83\">V8 6,2 L<\/td>\n<\/tr>\n<tr>\n<td width=\"83\">2019\u20132023<\/td>\n<td width=\"83\">Dodge<\/td>\n<td width=\"179\">Challenger<\/td>\n<td width=\"160\">Hellcat, Redeye, Super Stock, Jailbreak<\/td>\n<td width=\"83\">V8 6,2 L<\/td>\n<\/tr>\n<\/tbody>\n<\/table>\n<p>&nbsp;<\/p>\n<p><iframe loading=\"lazy\" title=\"Instalace s\u00e1n\u00ed studen\u00e9ho vzduchu JLT pro 2017-23 Charger Hellcat a 2017-23 Challenger Hellcat\" width=\"500\" height=\"281\" src=\"https:\/\/www.youtube.com\/embed\/THSkq2WQCb0?feature=oembed\" frameborder=\"0\" allow=\"accelerometer; autoplay; clipboard-write; encrypted-media; gyroscope; picture-in-picture; web-share\" referrerpolicy=\"strict-origin-when-cross-origin\" allowfullscreen><\/iframe><\/p>\n<p>&nbsp;<\/p>\n<p>S\u00e1n\u00ed studen\u00e9ho vzduchu JLT pro Dodge Charger Hellcat je navr\u017eeno tak, aby minimalizovalo omezen\u00ed pr\u016ftoku vzduchu a zv\u00fd\u0161ilo jeho pr\u016ftok mnohem l\u00e9pe ne\u017e s\u00e9riov\u00fd syst\u00e9m. Sac\u00ed trubice je vyrobena z roto-tvarovan\u00e9ho plastu s velk\u00fdm otvorem filtru pro vynikaj\u00edc\u00ed pr\u016ftok vzduchu a nezah\u0159\u00edv\u00e1 se jako kovov\u00e9 trubice b\u011b\u017en\u011b pou\u017e\u00edvan\u00e9 jin\u00fdmi v\u00fdrobci.<br \/>\nVzduchov\u00fd filtr je p\u0159izp\u016fsoben pro mimo\u0159\u00e1dn\u011b lehk\u00e9 a rychl\u00e9 proud\u011bn\u00ed vzduchu a m\u00e1 velk\u00e9, hlubok\u00e9 z\u00e1hyby pro v\u011bt\u0161\u00ed plochu ne\u017e filtry jin\u00fdch v\u00fdrobc\u016f, kter\u00e9 vypadaj\u00ed mnohem v\u011bt\u0161\u00ed.<br \/>\nTepeln\u00fd \u0161t\u00edt z plastu ABS blokuje teplo motoru p\u0159i volnob\u011bhu a n\u00edzk\u00fdch ot\u00e1\u010dk\u00e1ch. Vyu\u017e\u00edv\u00e1 velkou plochu, aby se k filtru dostalo co nejv\u00edce chladn\u00e9ho vzduchu, a vyu\u017e\u00edv\u00e1 tov\u00e1rn\u00ed p\u0159\u00edvod \u010derstv\u00e9ho vzduchu k udr\u017een\u00ed n\u00edzk\u00fdch teplot.<br \/>\nZlep\u0161ete v\u00fdkon sv\u00e9ho Dodge Challenger Hellcat pomoc\u00ed s\u00e1n\u00ed studen\u00e9ho vzduchu JLT!<\/p>","protected":false},"excerpt":{"rendered":"<p>2019\u20132023<\/p>","protected":false},"featured_media":68300104,"comment_status":"open","ping_status":"closed","template":"","meta":{"_acf_changed":false},"product_brand":[17168],"product_cat":[1790],"product_tag":[826,824,6925,54,825,152,49,3853,100,1094,4447,1093,2444,20273,57,151,500,2396],"class_list":{"0":"post-68300096","1":"product","2":"type-product","3":"status-publish","4":"has-post-thumbnail","6":"product_brand-jlt","7":"product_cat-challenger-hellcat-ansaugung","8":"product_tag-ansaugung","9":"product_tag-cai","10":"product_tag-cai-75-5170","11":"product_tag-challenger","12":"product_tag-cold-air-intake","13":"product_tag-demon","14":"product_tag-dodge","15":"product_tag-dodge-challenger","16":"product_tag-hellcat","17":"product_tag-intake","18":"product_tag-jailbreak","19":"product_tag-jlt","20":"product_tag-jlt-performance","21":"product_tag-keintuev","22":"product_tag-luftfilter","23":"product_tag-redeye","24":"product_tag-sportluftfilter","25":"product_tag-super-stock","27":"first","28":"instock","29":"taxable","30":"shipping-taxable","31":"purchasable","32":"product-type-simple"},"bundled_by":[],"bundle_stock_status":"instock","bundle_stock_quantity":1,"bundle_virtual":false,"bundle_layout":"","bundle_add_to_cart_form_location":"","bundle_editable_in_cart":false,"bundle_sold_individually_context":"","bundle_item_grouping":"","bundle_min_size":"","bundle_max_size":"","bundle_price":[],"bundled_items":[],"bundle_sell_ids":[],"exclude_global_add_ons":[],"addons":[],"acf":[],"_links":{"self":[{"href":"https:\/\/kraftwerk-shop.cc\/cs\/wp-json\/wp\/v2\/product\/68300096","targetHints":{"allow":["GET"]}}],"collection":[{"href":"https:\/\/kraftwerk-shop.cc\/cs\/wp-json\/wp\/v2\/product"}],"about":[{"href":"https:\/\/kraftwerk-shop.cc\/cs\/wp-json\/wp\/v2\/types\/product"}],"replies":[{"embeddable":true,"href":"https:\/\/kraftwerk-shop.cc\/cs\/wp-json\/wp\/v2\/comments?post=68300096"}],"version-history":[{"count":0,"href":"https:\/\/kraftwerk-shop.cc\/cs\/wp-json\/wp\/v2\/product\/68300096\/revisions"}],"wp:featuredmedia":[{"embeddable":true,"href":"https:\/\/kraftwerk-shop.cc\/cs\/wp-json\/wp\/v2\/media\/68300104"}],"wp:attachment":[{"href":"https:\/\/kraftwerk-shop.cc\/cs\/wp-json\/wp\/v2\/media?parent=68300096"}],"wp:term":[{"taxonomy":"product_brand","embeddable":true,"href":"https:\/\/kraftwerk-shop.cc\/cs\/wp-json\/wp\/v2\/product_brand?post=68300096"},{"taxonomy":"product_cat","embeddable":true,"href":"https:\/\/kraftwerk-shop.cc\/cs\/wp-json\/wp\/v2\/product_cat?post=68300096"},{"taxonomy":"product_tag","embeddable":true,"href":"https:\/\/kraftwerk-shop.cc\/cs\/wp-json\/wp\/v2\/product_tag?post=68300096"}],"curies":[{"name":"wp","href":"https:\/\/api.w.org\/{rel}","templated":true}]}}