{"id":68300804,"date":"2024-04-27T16:32:53","date_gmt":"2024-04-27T14:32:53","guid":{"rendered":"https:\/\/kraftwerk-shop.cc\/?post_type=product&#038;p=68300804"},"modified":"2026-02-15T01:09:23","modified_gmt":"2026-02-15T00:09:23","slug":"hawk-dtc-70-brzdove-desticky-300c-srt","status":"publish","type":"product","link":"https:\/\/kraftwerk-shop.cc\/cs\/produkt\/hawk-dtc-70-bremsbelaege-300c-srt\/","title":{"rendered":"Brzdov\u00e9 desti\u010dky Hawk Performance DTC-70 300C SRT"},"content":{"rendered":"<h1>Vysoce v\u00fdkonn\u00e9 brzdov\u00e9 desti\u010dky Hawk Performance DTC-70 HB649U.605 pro Chrysler 300C SRT (p\u0159edn\u00ed n\u00e1prava)<\/h1>\n<p>&nbsp;<\/p>\n<p>Z\u00e1vodn\u00ed sm\u011bs DTC-70 spole\u010dnosti Hawk byla vyvinuta tak, aby poskytovala extr\u00e9mn\u011b vysokou rychlost zpomalen\u00ed a velmi agresivn\u00ed po\u010d\u00e1te\u010dn\u00ed z\u00e1b\u011br pro vozidla s vysok\u00fdm zpomalen\u00edm, a\u0165 u\u017e s p\u0159\u00edtlakem nebo bez n\u011bj.<\/p>\n<p>Brzdov\u00e9 desti\u010dky DTC-70 pro Chrysler 300C SRT nejsou z\u00e1kladn\u00ed z\u00e1vodn\u00ed sm\u011bs\u00ed a nem\u011bly by se pou\u017e\u00edvat na silnici. Pou\u017e\u00edvejte ji pouze v p\u0159\u00edpad\u011b, \u017ee jste seri\u00f3zn\u00ed z\u00e1vodn\u00edk se zku\u0161enostmi z okruh\u016f a m\u011bli jste probl\u00e9my s m\u00e9n\u011b agresivn\u00edmi sm\u011bsmi, kter\u00e9 se p\u0159eh\u0159\u00edvaly nebo neposkytovaly dostate\u010dn\u00fd z\u00e1b\u011br.<\/p>\n<p>&nbsp;<\/p>\n<p><strong>Vlastnosti:<\/strong><\/p>\n<ul>\n<li>Vysok\u00fd brzdn\u00fd v\u00fdkon<\/li>\n<li>Stabiln\u00ed brzdn\u00fd v\u00fdkon<\/li>\n<li>Vynikaj\u00edc\u00ed schopnost d\u00e1vkov\u00e1n\u00ed<\/li>\n<li>205-870 \u00b0C Rozsah pracovn\u00edch teplot<\/li>\n<li>425-650 \u00b0C Optim\u00e1ln\u00ed teplotn\u00ed rozsah<\/li>\n<\/ul>\n<p>&nbsp;<\/p>\n<p><strong>Srovn\u00e1vac\u00ed \u010d\u00edsla Mopar:<\/strong> 68248384AA, 68248384AB, 68248384AC, 68248384AD, 68525329AA, 68525329AB, 68525329AC<\/p>\n<p>&nbsp;<\/p>\n<p><strong>Vhodn\u00e9 pro:<\/strong><\/p>\n<table width=\"568\">\n<tbody>\n<tr>\n<td width=\"83\">Chrysler<\/td>\n<td width=\"138\">300C<\/td>\n<td width=\"98\">6.4<\/td>\n<td colspan=\"3\" width=\"249\">2015 - 2020 s brzdov\u00fdmi kotou\u010di 390 mm<\/td>\n<\/tr>\n<tr>\n<td>Chrysler<\/td>\n<td>300C<\/td>\n<td>6.4<\/td>\n<td colspan=\"3\">2021 - 2023 s brzdov\u00fdmi kotou\u010di 400 mm<\/td>\n<\/tr>\n<\/tbody>\n<\/table>\n<p>&nbsp;<\/p>\n<p>Cena se vztahuje na 1 sadu pro kompletn\u00ed p\u0159edn\u00ed n\u00e1pravu.<\/p>","protected":false},"excerpt":{"rendered":"<p>Vhodn\u00e9 pro brzdov\u00e9 kotou\u010de 390 a 400 mm<\/p>","protected":false},"featured_media":68300813,"comment_status":"open","ping_status":"closed","template":"","meta":{"_acf_changed":false},"product_brand":[17621],"product_cat":[17735],"product_tag":[1132,52,101,93,945,943,944,6821,4556,4557,7034,590,840,48,6942,1070,7614,6941,186,96,842,841],"class_list":{"0":"post-68300804","1":"product","2":"type-product","3":"status-publish","4":"has-post-thumbnail","6":"product_brand-hawk-performance","7":"product_cat-300c-64-bremsbelaege-vorne","8":"product_tag-1132","9":"product_tag-300c","10":"product_tag-6-2","11":"product_tag-6-4","12":"product_tag-68248384aa","13":"product_tag-68248384ab","14":"product_tag-68248384ac","15":"product_tag-68248384ad","16":"product_tag-68525329aa","17":"product_tag-68525329ab","18":"product_tag-68525329ac","19":"product_tag-bremsbelaege","20":"product_tag-bremskloetze","21":"product_tag-chrysler","22":"product_tag-dtc-70","23":"product_tag-hawk","24":"product_tag-hawk10","25":"product_tag-hb649u-605","26":"product_tag-performance","27":"product_tag-srt","28":"product_tag-vorderachse","29":"product_tag-vorne","31":"first","32":"instock","33":"taxable","34":"shipping-taxable","35":"purchasable","36":"product-type-simple"},"bundled_by":[],"bundle_stock_status":"instock","bundle_stock_quantity":1,"bundle_virtual":false,"bundle_layout":"","bundle_add_to_cart_form_location":"","bundle_editable_in_cart":false,"bundle_sold_individually_context":"","bundle_item_grouping":"","bundle_min_size":"","bundle_max_size":"","bundle_price":[],"bundled_items":[],"bundle_sell_ids":[],"exclude_global_add_ons":[],"addons":[],"acf":[],"_links":{"self":[{"href":"https:\/\/kraftwerk-shop.cc\/cs\/wp-json\/wp\/v2\/product\/68300804","targetHints":{"allow":["GET"]}}],"collection":[{"href":"https:\/\/kraftwerk-shop.cc\/cs\/wp-json\/wp\/v2\/product"}],"about":[{"href":"https:\/\/kraftwerk-shop.cc\/cs\/wp-json\/wp\/v2\/types\/product"}],"replies":[{"embeddable":true,"href":"https:\/\/kraftwerk-shop.cc\/cs\/wp-json\/wp\/v2\/comments?post=68300804"}],"version-history":[{"count":0,"href":"https:\/\/kraftwerk-shop.cc\/cs\/wp-json\/wp\/v2\/product\/68300804\/revisions"}],"wp:featuredmedia":[{"embeddable":true,"href":"https:\/\/kraftwerk-shop.cc\/cs\/wp-json\/wp\/v2\/media\/68300813"}],"wp:attachment":[{"href":"https:\/\/kraftwerk-shop.cc\/cs\/wp-json\/wp\/v2\/media?parent=68300804"}],"wp:term":[{"taxonomy":"product_brand","embeddable":true,"href":"https:\/\/kraftwerk-shop.cc\/cs\/wp-json\/wp\/v2\/product_brand?post=68300804"},{"taxonomy":"product_cat","embeddable":true,"href":"https:\/\/kraftwerk-shop.cc\/cs\/wp-json\/wp\/v2\/product_cat?post=68300804"},{"taxonomy":"product_tag","embeddable":true,"href":"https:\/\/kraftwerk-shop.cc\/cs\/wp-json\/wp\/v2\/product_tag?post=68300804"}],"curies":[{"name":"wp","href":"https:\/\/api.w.org\/{rel}","templated":true}]}}