{"id":68300854,"date":"2024-04-27T23:36:22","date_gmt":"2024-04-27T21:36:22","guid":{"rendered":"https:\/\/kraftwerk-shop.cc\/?post_type=product&#038;p=68300854"},"modified":"2026-02-15T01:09:15","modified_gmt":"2026-02-15T00:09:15","slug":"hawk-dtc-70-brzdove-desticky-durango-srt","status":"publish","type":"product","link":"https:\/\/kraftwerk-shop.cc\/cs\/produkt\/hawk-dtc-70-bremsbelaege-durango-srt\/","title":{"rendered":"Brzdov\u00e9 desti\u010dky Hawk Performance DTC-70 Durango SRT"},"content":{"rendered":"<h1>Vysoce v\u00fdkonn\u00e9 brzdov\u00e9 desti\u010dky Hawk Performance DTC-70 HB649U.605 pro Dodge Durango SRT (p\u0159edn\u00ed n\u00e1prava)<\/h1>\n<p>&nbsp;<\/p>\n<p>Z\u00e1vodn\u00ed sm\u011bs DTC-70 spole\u010dnosti Hawk byla vyvinuta tak, aby poskytovala extr\u00e9mn\u011b vysokou rychlost zpomalen\u00ed a velmi agresivn\u00ed po\u010d\u00e1te\u010dn\u00ed z\u00e1b\u011br pro vozidla s vysok\u00fdm zpomalen\u00edm, a\u0165 u\u017e s p\u0159\u00edtlakem nebo bez n\u011bj.<\/p>\n<p>Brzdov\u00e9 desti\u010dky DTC-70 pro Dodge Durango SRT nejsou z\u00e1kladn\u00ed z\u00e1vodn\u00ed sm\u011bs\u00ed a nem\u011bly by se pou\u017e\u00edvat na silnici. Pou\u017e\u00edvejte ji pouze v p\u0159\u00edpad\u011b, \u017ee jste seri\u00f3zn\u00ed z\u00e1vodn\u00edk se zku\u0161enostmi z okruh\u016f a m\u011bli jste probl\u00e9my s m\u00e9n\u011b agresivn\u00edmi sm\u011bsmi, kter\u00e9 se p\u0159eh\u0159\u00edvaly nebo neposkytovaly dostate\u010dn\u00fd z\u00e1b\u011br.<\/p>\n<p>&nbsp;<\/p>\n<p><strong>Vlastnosti:<\/strong><\/p>\n<ul>\n<li>Vysok\u00fd brzdn\u00fd v\u00fdkon<\/li>\n<li>Stabiln\u00ed brzdn\u00fd v\u00fdkon<\/li>\n<li>Vynikaj\u00edc\u00ed schopnost d\u00e1vkov\u00e1n\u00ed<\/li>\n<li>205-870 \u00b0C Rozsah pracovn\u00edch teplot<\/li>\n<li>425-650 \u00b0C Optim\u00e1ln\u00ed teplotn\u00ed rozsah<\/li>\n<\/ul>\n<p>&nbsp;<\/p>\n<p><strong>Srovn\u00e1vac\u00ed \u010d\u00edsla Mopar:<\/strong> 68303052AA, 68507583AA, 68507583AB, <span class=\"list-value sku-display\">68526404AA<\/span><\/p>\n<p>&nbsp;<\/p>\n<p><strong>Vhodn\u00e9 pro:<\/strong><\/p>\n<table width=\"568\">\n<tbody>\n<tr>\n<td width=\"83\">Dodge<\/td>\n<td width=\"138\">Durango<\/td>\n<td width=\"98\">6.4<\/td>\n<td colspan=\"3\" width=\"249\">2018 - 2024 s brzdov\u00fdmi kotou\u010di 380 mm<\/td>\n<\/tr>\n<\/tbody>\n<\/table>\n<p>&nbsp;<\/p>\n<p>Cena se vztahuje na 1 sadu pro kompletn\u00ed p\u0159edn\u00ed n\u00e1pravu.<\/p>","protected":false},"excerpt":{"rendered":"<p>Hawk Performance DTC-70 Hochleistungs-Bremsbel\u00e4ge HB649U.605 f\u00fcr Dodge Durango SRT (Vorderachse) &nbsp; Die Rennmischung DTC-70 von Hawk wurde f\u00fcr eine extrem<\/p>","protected":false},"featured_media":68300857,"comment_status":"open","ping_status":"closed","template":"","meta":{"_acf_changed":false},"product_brand":[17621],"product_cat":[17932],"product_tag":[93,931,17620,4547,6368,590,840,49,6942,95,4816,1070,7614,6941,100,186,96,842,841],"class_list":{"0":"post-68300854","1":"product","2":"type-product","3":"status-publish","4":"has-post-thumbnail","6":"product_brand-hawk-performance","7":"product_cat-durango-64-bremsbelaege-vorne","8":"product_tag-6-4","9":"product_tag-68303052aa","10":"product_tag-68507583aa","11":"product_tag-68507583ab","12":"product_tag-68526404aa","13":"product_tag-bremsbelaege","14":"product_tag-bremskloetze","15":"product_tag-dodge","16":"product_tag-dtc-70","17":"product_tag-durango","18":"product_tag-durango-srt","19":"product_tag-hawk","20":"product_tag-hawk10","21":"product_tag-hb649u-605","22":"product_tag-hellcat","23":"product_tag-performance","24":"product_tag-srt","25":"product_tag-vorderachse","26":"product_tag-vorne","28":"first","29":"instock","30":"taxable","31":"shipping-taxable","32":"purchasable","33":"product-type-simple"},"bundled_by":[],"bundle_stock_status":"instock","bundle_stock_quantity":1,"bundle_virtual":false,"bundle_layout":"","bundle_add_to_cart_form_location":"","bundle_editable_in_cart":false,"bundle_sold_individually_context":"","bundle_item_grouping":"","bundle_min_size":"","bundle_max_size":"","bundle_price":[],"bundled_items":[],"bundle_sell_ids":[],"exclude_global_add_ons":[],"addons":[],"acf":[],"_links":{"self":[{"href":"https:\/\/kraftwerk-shop.cc\/cs\/wp-json\/wp\/v2\/product\/68300854","targetHints":{"allow":["GET"]}}],"collection":[{"href":"https:\/\/kraftwerk-shop.cc\/cs\/wp-json\/wp\/v2\/product"}],"about":[{"href":"https:\/\/kraftwerk-shop.cc\/cs\/wp-json\/wp\/v2\/types\/product"}],"replies":[{"embeddable":true,"href":"https:\/\/kraftwerk-shop.cc\/cs\/wp-json\/wp\/v2\/comments?post=68300854"}],"version-history":[{"count":0,"href":"https:\/\/kraftwerk-shop.cc\/cs\/wp-json\/wp\/v2\/product\/68300854\/revisions"}],"wp:featuredmedia":[{"embeddable":true,"href":"https:\/\/kraftwerk-shop.cc\/cs\/wp-json\/wp\/v2\/media\/68300857"}],"wp:attachment":[{"href":"https:\/\/kraftwerk-shop.cc\/cs\/wp-json\/wp\/v2\/media?parent=68300854"}],"wp:term":[{"taxonomy":"product_brand","embeddable":true,"href":"https:\/\/kraftwerk-shop.cc\/cs\/wp-json\/wp\/v2\/product_brand?post=68300854"},{"taxonomy":"product_cat","embeddable":true,"href":"https:\/\/kraftwerk-shop.cc\/cs\/wp-json\/wp\/v2\/product_cat?post=68300854"},{"taxonomy":"product_tag","embeddable":true,"href":"https:\/\/kraftwerk-shop.cc\/cs\/wp-json\/wp\/v2\/product_tag?post=68300854"}],"curies":[{"name":"wp","href":"https:\/\/api.w.org\/{rel}","templated":true}]}}