{"id":68300861,"date":"2024-04-27T23:47:23","date_gmt":"2024-04-27T21:47:23","guid":{"rendered":"https:\/\/kraftwerk-shop.cc\/?post_type=product&#038;p=68300861"},"modified":"2026-02-15T01:09:19","modified_gmt":"2026-02-15T00:09:19","slug":"hawk-keramicke-brzdove-desticky-jeep-trackhawk","status":"publish","type":"product","link":"https:\/\/kraftwerk-shop.cc\/cs\/produkt\/hawk-ceramic-bremsbelaege-jeep-trackhawk\/","title":{"rendered":"Keramick\u00e9 brzdov\u00e9 desti\u010dky Hawk Performance pro Jeep Trackhawk"},"content":{"rendered":"<h1>Vysoce v\u00fdkonn\u00e9 keramick\u00e9 brzdov\u00e9 desti\u010dky Hawk Performance HB913Z.659 pro Jeep Grand Cherokee Trackhawk (p\u0159edn\u00ed n\u00e1prava)<\/h1>\n<p>&nbsp;<\/p>\n<p>Spole\u010dnost Hawk si uv\u011bdomuje pot\u0159eby dne\u0161n\u00edch u\u017eivatel\u016f keramick\u00fdch brzdov\u00fdch desti\u010dek a speci\u00e1ln\u011b vyvinula kompozitn\u00ed materi\u00e1l tak, aby spl\u0148oval a p\u0159ekra\u010doval po\u017eadavky na vysokou hlu\u010dnost a n\u00edzkou pra\u0161nost, kter\u00e9 si sama stanovila.<br \/>\nBrzdov\u00e9 desti\u010dky Hawk PC (Performance Ceramic) jsou navr\u017eeny tak, aby sni\u017eovaly NVH (hluk, vibrace a drsnost) a poskytovaly vynikaj\u00edc\u00ed v\u00fdkon kilometr za kilometrem.<br \/>\nJedine\u010dn\u00e1 sm\u011bs nab\u00edz\u00ed line\u00e1rn\u00ed t\u0159ec\u00ed profil, kter\u00fd umo\u017e\u0148uje syst\u00e9mu ABS va\u0161eho vozu Durango pracovat co nejefektivn\u011bji a jeho\u017e v\u00fdhodou je, \u017ee ve srovn\u00e1n\u00ed s b\u011b\u017en\u00fdmi keramick\u00fdmi desti\u010dkami nedoch\u00e1z\u00ed ke ztr\u00e1t\u011b v\u00fdkonu.<br \/>\nS brzdov\u00fdmi desti\u010dkami Performance Ceramic od spole\u010dnosti Hawk m\u016f\u017eete dos\u00e1hnout ni\u017e\u0161\u00edho opot\u0159eben\u00ed brzdov\u00fdch desti\u010dek, del\u0161\u00ed \u017eivotnosti brzdov\u00fdch kotou\u010d\u016f a velmi n\u00edzk\u00e9 hladiny hluku.<\/p>\n<p>Pokud je pro v\u00e1s prioritou minimalizace brzdov\u00e9ho prachu, je sm\u011bs Hawk Performance Ceramic skv\u011bl\u00e1. Tato sm\u011bs je velmi obl\u00edbenou n\u00e1hradou za origin\u00e1ln\u00ed \u0161estip\u00edstkov\u00e9 brzdy Brembo pou\u017e\u00edvan\u00e9 v Jeepu Trackhawk.<br \/>\nPokud nechcete zv\u00fd\u0161it brzdn\u00fd v\u00fdkon ve srovn\u00e1n\u00ed se standardn\u00ed v\u00fdbavou a chcete prakticky eliminovat brzdov\u00fd prach, jsou pro v\u00e1s vhodn\u00e9 brzdov\u00e9 desti\u010dky Hawk Performance Ceramic.<\/p>\n<p>&nbsp;<\/p>\n<p><strong>Vlastnosti:<\/strong><\/p>\n<ul>\n<li>Extr\u00e9mn\u011b tich\u00fd<\/li>\n<li>Extr\u00e9mn\u011b n\u00edzk\u00e1 pra\u0161nost<\/li>\n<li>Zlep\u0161en\u00e1 brzdn\u00e1 s\u00edla<\/li>\n<li>\u0160etrn\u00e9 zach\u00e1zen\u00ed s brzdov\u00fdmi kotou\u010di<\/li>\n<li>Stabiln\u00ed brzdn\u00fd v\u00fdkon<\/li>\n<li>35-345 \u00b0C Rozsah pracovn\u00edch teplot<\/li>\n<li>35-235 \u00b0C Optim\u00e1ln\u00ed teplotn\u00ed rozsah<\/li>\n<\/ul>\n<p>&nbsp;<\/p>\n<p><strong>Srovn\u00e1vac\u00ed \u010d\u00edsla Mopar:<\/strong> 68399095AA, 68399095AB, 68399095AC<\/p>\n<p>&nbsp;<\/p>\n<p><strong>Vhodn\u00e9 pro:<\/strong><\/p>\n<table width=\"568\">\n<tbody>\n<tr>\n<td width=\"83\">Jeep<\/td>\n<td width=\"138\">Grand Cherokee<\/td>\n<td width=\"98\">6.2 Trackhawk<\/td>\n<td colspan=\"3\" width=\"249\">2018\u20132021<\/td>\n<\/tr>\n<\/tbody>\n<\/table>\n<p>&nbsp;<\/p>\n<p>Cena se vztahuje na 1 sadu pro kompletn\u00ed p\u0159edn\u00ed n\u00e1pravu.<\/p>","protected":false},"excerpt":{"rendered":"<p>Hawk Performance Hochleistungs-Keramikbremsbel\u00e4ge HB913Z.659 f\u00fcr Jeep Grand Cherokee Trackhawk (Vorderachse) &nbsp; Hawk kennt die Bed\u00fcrfnisse der heutigen Benutzer von Keramikbremsbel\u00e4gen<\/p>","protected":false},"featured_media":68300864,"comment_status":"open","ping_status":"closed","template":"","meta":{"_acf_changed":false},"product_brand":[17621],"product_cat":[17961],"product_tag":[101,2751,2752,2753,590,10806,840,6922,56,1070,7614,6943,50,1166,186,102,842,841],"class_list":{"0":"post-68300861","1":"product","2":"type-product","3":"status-publish","4":"has-post-thumbnail","6":"product_brand-hawk-performance","7":"product_cat-trackhawk-bremsbelaege-vorne","8":"product_tag-6-2","9":"product_tag-68399095aa","10":"product_tag-68399095ab","11":"product_tag-68399095ac","12":"product_tag-bremsbelaege","13":"product_tag-bremsbelaege-fuer-jeep-trackhawk","14":"product_tag-bremskloetze","15":"product_tag-ceramic","16":"product_tag-grand-cherokee","17":"product_tag-hawk","18":"product_tag-hawk10","19":"product_tag-hb913z-659","20":"product_tag-jeep","21":"product_tag-keramik","22":"product_tag-performance","23":"product_tag-trackhawk","24":"product_tag-vorderachse","25":"product_tag-vorne","27":"first","28":"instock","29":"taxable","30":"shipping-taxable","31":"purchasable","32":"product-type-simple"},"bundled_by":[],"bundle_stock_status":"instock","bundle_stock_quantity":4,"bundle_virtual":false,"bundle_layout":"","bundle_add_to_cart_form_location":"","bundle_editable_in_cart":false,"bundle_sold_individually_context":"","bundle_item_grouping":"","bundle_min_size":"","bundle_max_size":"","bundle_price":[],"bundled_items":[],"bundle_sell_ids":[],"exclude_global_add_ons":[],"addons":[],"acf":[],"_links":{"self":[{"href":"https:\/\/kraftwerk-shop.cc\/cs\/wp-json\/wp\/v2\/product\/68300861","targetHints":{"allow":["GET"]}}],"collection":[{"href":"https:\/\/kraftwerk-shop.cc\/cs\/wp-json\/wp\/v2\/product"}],"about":[{"href":"https:\/\/kraftwerk-shop.cc\/cs\/wp-json\/wp\/v2\/types\/product"}],"replies":[{"embeddable":true,"href":"https:\/\/kraftwerk-shop.cc\/cs\/wp-json\/wp\/v2\/comments?post=68300861"}],"version-history":[{"count":0,"href":"https:\/\/kraftwerk-shop.cc\/cs\/wp-json\/wp\/v2\/product\/68300861\/revisions"}],"wp:featuredmedia":[{"embeddable":true,"href":"https:\/\/kraftwerk-shop.cc\/cs\/wp-json\/wp\/v2\/media\/68300864"}],"wp:attachment":[{"href":"https:\/\/kraftwerk-shop.cc\/cs\/wp-json\/wp\/v2\/media?parent=68300861"}],"wp:term":[{"taxonomy":"product_brand","embeddable":true,"href":"https:\/\/kraftwerk-shop.cc\/cs\/wp-json\/wp\/v2\/product_brand?post=68300861"},{"taxonomy":"product_cat","embeddable":true,"href":"https:\/\/kraftwerk-shop.cc\/cs\/wp-json\/wp\/v2\/product_cat?post=68300861"},{"taxonomy":"product_tag","embeddable":true,"href":"https:\/\/kraftwerk-shop.cc\/cs\/wp-json\/wp\/v2\/product_tag?post=68300861"}],"curies":[{"name":"wp","href":"https:\/\/api.w.org\/{rel}","templated":true}]}}