{"id":68300926,"date":"2024-04-28T14:33:40","date_gmt":"2024-04-28T12:33:40","guid":{"rendered":"https:\/\/kraftwerk-shop.cc\/?post_type=product&#038;p=68300926"},"modified":"2026-02-15T01:09:22","modified_gmt":"2026-02-15T00:09:22","slug":"hawk-hb194z570-keramicke-brzdove-desticky-charger-srt-hellcat","status":"publish","type":"product","link":"https:\/\/kraftwerk-shop.cc\/cs\/produkt\/hawk-hb194z570-ceramic-bremsbelaege-charger-srt-hellcat\/","title":{"rendered":"Brzdov\u00e9 desti\u010dky Hawk Performance Ceramic Charger SRT &amp; Hellcat"},"content":{"rendered":"<h1>Vysoce v\u00fdkonn\u00e9 keramick\u00e9 brzdov\u00e9 desti\u010dky Hawk Performance HB194Z.570 pro Dodge Charger SRT &amp; Hellcat (zadn\u00ed n\u00e1prava)<\/h1>\n<p>&nbsp;<\/p>\n<p>Spole\u010dnost Hawk si uv\u011bdomuje pot\u0159eby dne\u0161n\u00edch u\u017eivatel\u016f keramick\u00fdch brzdov\u00fdch desti\u010dek a speci\u00e1ln\u011b vyvinula kompozitn\u00ed materi\u00e1l tak, aby spl\u0148oval a p\u0159ekra\u010doval po\u017eadavky na vysokou hlu\u010dnost a n\u00edzkou pra\u0161nost, kter\u00e9 si sama stanovila.<br \/>\nBrzdov\u00e9 desti\u010dky Hawk PC (Performance Ceramic) jsou navr\u017eeny tak, aby sni\u017eovaly NVH (hluk, vibrace a drsnost) a poskytovaly vynikaj\u00edc\u00ed v\u00fdkon kilometr za kilometrem.<br \/>\nJedine\u010dn\u00e1 sm\u011bs nab\u00edz\u00ed line\u00e1rn\u00ed t\u0159ec\u00ed profil, kter\u00fd umo\u017e\u0148uje syst\u00e9mu ABS va\u0161eho vozu Durango pracovat co nejefektivn\u011bji a jeho\u017e v\u00fdhodou je, \u017ee ve srovn\u00e1n\u00ed s b\u011b\u017en\u00fdmi keramick\u00fdmi desti\u010dkami nedoch\u00e1z\u00ed ke ztr\u00e1t\u011b v\u00fdkonu.<br \/>\nS brzdov\u00fdmi desti\u010dkami Performance Ceramic od spole\u010dnosti Hawk m\u016f\u017eete dos\u00e1hnout ni\u017e\u0161\u00edho opot\u0159eben\u00ed brzdov\u00fdch desti\u010dek, del\u0161\u00ed \u017eivotnosti brzdov\u00fdch kotou\u010d\u016f a velmi n\u00edzk\u00e9 hladiny hluku.<\/p>\n<p>Pokud je pro v\u00e1s prioritou minimalizace brzdov\u00e9ho prachu, je sm\u011bs Hawk Performance Ceramic skv\u011bl\u00e1. Tato sm\u011bs je velmi obl\u00edbenou n\u00e1hradou za origin\u00e1ln\u00ed \u0161estip\u00edstkov\u00e9 brzdy Brembo pou\u017e\u00edvan\u00e9 v Dodge Durango SRT.<br \/>\nPokud nechcete zv\u00fd\u0161it brzdn\u00fd v\u00fdkon ve srovn\u00e1n\u00ed se standardn\u00ed v\u00fdbavou a chcete prakticky eliminovat brzdov\u00fd prach, jsou pro v\u00e1s vhodn\u00e9 brzdov\u00e9 desti\u010dky Hawk Performance Ceramic.<\/p>\n<p>&nbsp;<\/p>\n<p><strong>Vlastnosti:<\/strong><\/p>\n<ul>\n<li>Extr\u00e9mn\u011b tich\u00fd<\/li>\n<li>Extr\u00e9mn\u011b n\u00edzk\u00e1 pra\u0161nost<\/li>\n<li>Zlep\u0161en\u00e1 brzdn\u00e1 s\u00edla<\/li>\n<li>\u0160etrn\u00e9 zach\u00e1zen\u00ed s brzdov\u00fdmi kotou\u010di<\/li>\n<li>Stabiln\u00ed brzdn\u00fd v\u00fdkon<\/li>\n<li>35-345 \u00b0C Rozsah pracovn\u00edch teplot<\/li>\n<li>35-235 \u00b0C Optim\u00e1ln\u00ed teplotn\u00ed rozsah<\/li>\n<\/ul>\n<p>&nbsp;<\/p>\n<p>\u010c\u00edslo OE (pouze pro \u00fa\u010dely porovn\u00e1n\u00ed): 68144223AA, 68144223AB, 68144223AC, <span class=\"list-value sku-display\">68399102AA, 68399102AB, 68526411AA, 68501808AB<br \/>\n<\/span>Autorizace: ne<\/p>\n<p>&nbsp;<\/p>\n<p><strong>Vhodn\u00e9 pro:<\/strong><\/p>\n<table width=\"568\">\n<tbody>\n<tr>\n<td>Dodge<\/td>\n<td>Charger SRT<\/td>\n<td>6.4<\/td>\n<td>2011\u20132023<\/td>\n<\/tr>\n<tr>\n<td>Dodge<\/td>\n<td>Charger Hellcat<\/td>\n<td>6.2<\/td>\n<td>2015\u20132023<\/td>\n<\/tr>\n<\/tbody>\n<\/table>\n<p>&nbsp;<\/p>\n<p>Cena se vztahuje na 1 sadu pro kompletn\u00ed zadn\u00ed n\u00e1pravu.<\/p>","protected":false},"excerpt":{"rendered":"<p>Vhodn\u00e9 pro brzdov\u00e9 kotou\u010de 390 a 400 mm<\/p>","protected":false},"featured_media":68300928,"comment_status":"open","ping_status":"closed","template":"","meta":{"_acf_changed":false},"product_brand":[17621],"product_cat":[17760,17764],"product_tag":[101,93,928,949,950,933,2754,2436,7035,6371,590,840,6922,53,49,1070,7614,6945,100,798,799,1166,186,96],"class_list":{"0":"post-68300926","1":"product","2":"type-product","3":"status-publish","4":"has-post-thumbnail","6":"product_brand-hawk-performance","7":"product_cat-charger-hellcat-bremsbelaege-hinten","8":"product_cat-charger-64-bremsbelaege-hinten","9":"product_tag-6-2","10":"product_tag-6-4","11":"product_tag-68144223aa","12":"product_tag-68144223ab","13":"product_tag-68144223ac","14":"product_tag-68144432aa","15":"product_tag-68399102aa","16":"product_tag-68399102ab","17":"product_tag-68501808ab","18":"product_tag-68526411aa","19":"product_tag-bremsbelaege","20":"product_tag-bremskloetze","21":"product_tag-ceramic","22":"product_tag-charger","23":"product_tag-dodge","24":"product_tag-hawk","25":"product_tag-hawk10","26":"product_tag-hb194z-570","27":"product_tag-hellcat","28":"product_tag-hinten","29":"product_tag-hinterachse","30":"product_tag-keramik","31":"product_tag-performance","32":"product_tag-srt","34":"first","35":"instock","36":"taxable","37":"shipping-taxable","38":"purchasable","39":"product-type-simple"},"bundled_by":[],"bundle_stock_status":"instock","bundle_stock_quantity":1,"bundle_virtual":false,"bundle_layout":"","bundle_add_to_cart_form_location":"","bundle_editable_in_cart":false,"bundle_sold_individually_context":"","bundle_item_grouping":"","bundle_min_size":"","bundle_max_size":"","bundle_price":[],"bundled_items":[],"bundle_sell_ids":[],"exclude_global_add_ons":[],"addons":[],"acf":[],"_links":{"self":[{"href":"https:\/\/kraftwerk-shop.cc\/cs\/wp-json\/wp\/v2\/product\/68300926","targetHints":{"allow":["GET"]}}],"collection":[{"href":"https:\/\/kraftwerk-shop.cc\/cs\/wp-json\/wp\/v2\/product"}],"about":[{"href":"https:\/\/kraftwerk-shop.cc\/cs\/wp-json\/wp\/v2\/types\/product"}],"replies":[{"embeddable":true,"href":"https:\/\/kraftwerk-shop.cc\/cs\/wp-json\/wp\/v2\/comments?post=68300926"}],"version-history":[{"count":0,"href":"https:\/\/kraftwerk-shop.cc\/cs\/wp-json\/wp\/v2\/product\/68300926\/revisions"}],"wp:featuredmedia":[{"embeddable":true,"href":"https:\/\/kraftwerk-shop.cc\/cs\/wp-json\/wp\/v2\/media\/68300928"}],"wp:attachment":[{"href":"https:\/\/kraftwerk-shop.cc\/cs\/wp-json\/wp\/v2\/media?parent=68300926"}],"wp:term":[{"taxonomy":"product_brand","embeddable":true,"href":"https:\/\/kraftwerk-shop.cc\/cs\/wp-json\/wp\/v2\/product_brand?post=68300926"},{"taxonomy":"product_cat","embeddable":true,"href":"https:\/\/kraftwerk-shop.cc\/cs\/wp-json\/wp\/v2\/product_cat?post=68300926"},{"taxonomy":"product_tag","embeddable":true,"href":"https:\/\/kraftwerk-shop.cc\/cs\/wp-json\/wp\/v2\/product_tag?post=68300926"}],"curies":[{"name":"wp","href":"https:\/\/api.w.org\/{rel}","templated":true}]}}