{"id":68301120,"date":"2024-05-02T01:17:02","date_gmt":"2024-05-01T23:17:02","guid":{"rendered":"https:\/\/kraftwerk-shop.cc\/?post_type=product&#038;p=68301120"},"modified":"2026-02-15T01:09:26","modified_gmt":"2026-02-15T00:09:26","slug":"kooks-sberne-vyfukove-potrubi-challenger-hellcat","status":"publish","type":"product","link":"https:\/\/kraftwerk-shop.cc\/cs\/produkt\/kooks-faecherkruemmer-challenger-hellcat\/","title":{"rendered":"Kooks 2\u2033 rozd\u011blova\u010d s H.O. Katalyz\u00e1tory Challenger Hellcat"},"content":{"rendered":"<h1>2\u2033 rozvodn\u00e9 potrub\u00ed Kooks s katalyz\u00e1tory High Output Green pro Dodge Challenger Hellcat, Redeye a Demon<\/h1>\n<p>&nbsp;<\/p>\n<p>Rozd\u011blova\u010de zlep\u0161uj\u00ed v\u00fdkon va\u0161eho odge Challenger Hellcat t\u00edm, \u017ee \u00fa\u010dinn\u011bji usm\u011br\u0148uj\u00ed proud\u011bn\u00ed v\u00fdfukov\u00fdch plyn\u016f. D\u00edky sv\u00e9mu speci\u00e1ln\u00edmu tvaru umo\u017e\u0148uj\u00ed lep\u0161\u00ed v\u00fdvoj v\u00fdfukov\u00fdch plyn\u016f a sni\u017euj\u00ed protitlak, co\u017e vede ke zv\u00fd\u0161en\u00ed v\u00fdkonu motoru.<\/p>\n<p>Rozd\u011blova\u010de Kooks jsou vyrobeny z robustn\u00ed nerezov\u00e9 oceli T304, kter\u00e1 jim zaji\u0161\u0165uje dlouhou \u017eivotnost. Jsou odoln\u011bj\u0161\u00ed v\u016f\u010di korozi a vysok\u00fdm teplot\u00e1m ne\u017e b\u011b\u017en\u00e9 rozd\u011blova\u010de.<\/p>\n<p>300 CPI H.O. GREEN - zn\u00e1m\u00e9 tak\u00e9 jako katalyz\u00e1tory GESI - jsou vysoce v\u00fdkonn\u00e9 katalyz\u00e1tory s vysok\u00fdm obsahem platiny. Tyto katalyz\u00e1tory jsou schv\u00e1leny agenturou EPA a dok\u00e1\u017e\u00ed se vyrovnat s vysok\u00fdmi teplotami v\u00fdfukov\u00fdch plyn\u016f siln\u011b upraven\u00fdch vozidel s nucen\u00fdm s\u00e1n\u00edm.<\/p>\n<p>Tuto kombinaci sb\u011brn\u00fdch potrub\u00ed a sportovn\u00edch katalyz\u00e1tor\u016f lze pou\u017e\u00edt p\u0159\u00edmo s p\u016fvodn\u00edm v\u00fdfukov\u00fdm syst\u00e9mem nebo s p\u0159\u00eddavn\u00fdmi v\u00fdfukov\u00fdmi syst\u00e9my, kter\u00e9 jsou shodn\u00e9 s p\u016fvodn\u00edmi p\u0159ipojen\u00edmi.<\/p>\n<p>&nbsp;<\/p>\n<p><strong>Rozd\u011blova\u010d ventil\u00e1toru Kooks<\/strong><\/p>\n<ul>\n<li>Zlep\u0161en\u00ed pr\u016ftoku v\u00fdfukov\u00fdch plyn\u016f<\/li>\n<li>Zlep\u0161ete zvuk sv\u00e9ho vozidla<\/li>\n<li>Minimalizace protitlaku ve v\u00fdfukov\u00e9m syst\u00e9mu<\/li>\n<li>Zv\u00fd\u0161en\u00ed v\u00fdkonu motoru<\/li>\n<\/ul>\n<p>&nbsp;<\/p>\n<p><strong>Vhodn\u00e9 pro:<\/strong><\/p>\n<table width=\"558\">\n<tbody>\n<tr>\n<td width=\"83\"><strong>Zna\u010dka<\/strong><\/td>\n<td width=\"187\"><strong>Model<\/strong><\/td>\n<td width=\"179\"><strong>Motor<\/strong><\/td>\n<td width=\"109\"><strong>Rok v\u00fdstavby<\/strong><\/td>\n<\/tr>\n<tr>\n<td width=\"83\">Dodge<\/td>\n<td width=\"187\">Challenger Hellcat<\/td>\n<td>6.2<\/td>\n<td>2015\u20132023<\/td>\n<\/tr>\n<tr>\n<td width=\"83\">Dodge<\/td>\n<td width=\"187\">Challenger Redeye<\/td>\n<td>6.2<\/td>\n<td>2019\u20132023<\/td>\n<\/tr>\n<tr>\n<td width=\"83\">Dodge<\/td>\n<td>D\u00e9mon<\/td>\n<td>6.2<\/td>\n<td>2018<\/td>\n<\/tr>\n<\/tbody>\n<\/table>\n<p>&nbsp;<\/p>\n<p>&nbsp;<\/p>\n<p><strong>O spole\u010dnosti Kooks<\/strong><\/p>\n<p>V\u00fdfukov\u00e9 potrub\u00ed a v\u00fdfukov\u00e9 syst\u00e9my Kooks jsou ji\u017e v\u00edce ne\u017e 50 let \u0161pi\u010dkou na trhu. Od roku 1962 se spole\u010dnost Kooks py\u0161n\u00ed nab\u00eddkou nejlep\u0161\u00edch hlav a kompletn\u00edch v\u00fdfukov\u00fdch syst\u00e9m\u016f pro silni\u010dn\u00ed, z\u00e1vodn\u00ed i off-road pou\u017eit\u00ed. Vozidla s hlavami a v\u00fdfukov\u00fdmi syst\u00e9my Kooks vyhr\u00e1la stovky \u0161ampion\u00e1t\u016f a vytvo\u0159ila nespo\u010det rekord\u016f v NHRA, IHRA, NMCA, NMRA, NASCAR, NASA, SCCA a mnoha dal\u0161\u00edch z\u00e1vodn\u00edch organizac\u00edch.<br \/>\nV\u0161echny v\u00fdrobky Kooks se vyr\u00e1b\u011bj\u00ed ru\u010dn\u011b v USA a spole\u010dnost Kooks je hrd\u00e1 na to, \u017ee je st\u00e1le nez\u00e1visl\u00e1.<br \/>\nNezapome\u0148te: \"Get Kookin with KOOKS!\"<\/p>\n<p>&nbsp;<\/p>","protected":false},"excerpt":{"rendered":"<p>Kooks 2&#8243; F\u00e4cherkr\u00fcmmer mit High Output Green Katalysatoren f\u00fcr Dodge Challenger Hellcat, Redeye und Demon &nbsp; F\u00e4cherkr\u00fcmmer verbessern die Leistung<\/p>","protected":false},"featured_media":68301124,"comment_status":"open","ping_status":"closed","template":"","meta":{"_acf_changed":false},"product_brand":[17172],"product_cat":[6594,3024],"product_tag":[6959,101,605,546,2245,54,152,49,3853,662,6958,543,6961,6960,100,6962,20273,544,2447,550,545,927,151,527,553,6963],"class_list":{"0":"post-68301120","1":"product","2":"type-product","3":"status-publish","4":"has-post-thumbnail","6":"product_brand-kooks","7":"product_cat-challenger-hellcat-abgaskruemmer-katalysatoren","8":"product_cat-nicht-nach-eu","9":"product_tag-3103h640","10":"product_tag-6-2","11":"product_tag-abgaskruemmer","12":"product_tag-auspuff","13":"product_tag-auspuffanlage","14":"product_tag-challenger","15":"product_tag-demon","16":"product_tag-dodge","17":"product_tag-dodge-challenger","18":"product_tag-edelstahl","19":"product_tag-edelstahlkruemmer","20":"product_tag-faecherkruemmer","21":"product_tag-gesi-katalysatoren","22":"product_tag-green-katalysatoren","23":"product_tag-hellcat","24":"product_tag-hochleistungs-katalysatoren","25":"product_tag-keintuev","26":"product_tag-kooks","27":"product_tag-kooks-headers","28":"product_tag-kruemmer","29":"product_tag-longtube","30":"product_tag-longtubes","31":"product_tag-redeye","32":"product_tag-sportkat","33":"product_tag-sportkatalysator","34":"product_tag-t304","35":"product_shipping_class-paket-xl","37":"first","38":"onbackorder","39":"taxable","40":"shipping-taxable","41":"purchasable","42":"product-type-simple"},"bundled_by":[],"bundle_stock_status":"onbackorder","bundle_stock_quantity":0,"bundle_virtual":false,"bundle_layout":"","bundle_add_to_cart_form_location":"","bundle_editable_in_cart":false,"bundle_sold_individually_context":"","bundle_item_grouping":"","bundle_min_size":"","bundle_max_size":"","bundle_price":[],"bundled_items":[],"bundle_sell_ids":[],"exclude_global_add_ons":[],"addons":[],"acf":[],"_links":{"self":[{"href":"https:\/\/kraftwerk-shop.cc\/cs\/wp-json\/wp\/v2\/product\/68301120","targetHints":{"allow":["GET"]}}],"collection":[{"href":"https:\/\/kraftwerk-shop.cc\/cs\/wp-json\/wp\/v2\/product"}],"about":[{"href":"https:\/\/kraftwerk-shop.cc\/cs\/wp-json\/wp\/v2\/types\/product"}],"replies":[{"embeddable":true,"href":"https:\/\/kraftwerk-shop.cc\/cs\/wp-json\/wp\/v2\/comments?post=68301120"}],"version-history":[{"count":0,"href":"https:\/\/kraftwerk-shop.cc\/cs\/wp-json\/wp\/v2\/product\/68301120\/revisions"}],"wp:featuredmedia":[{"embeddable":true,"href":"https:\/\/kraftwerk-shop.cc\/cs\/wp-json\/wp\/v2\/media\/68301124"}],"wp:attachment":[{"href":"https:\/\/kraftwerk-shop.cc\/cs\/wp-json\/wp\/v2\/media?parent=68301120"}],"wp:term":[{"taxonomy":"product_brand","embeddable":true,"href":"https:\/\/kraftwerk-shop.cc\/cs\/wp-json\/wp\/v2\/product_brand?post=68301120"},{"taxonomy":"product_cat","embeddable":true,"href":"https:\/\/kraftwerk-shop.cc\/cs\/wp-json\/wp\/v2\/product_cat?post=68301120"},{"taxonomy":"product_tag","embeddable":true,"href":"https:\/\/kraftwerk-shop.cc\/cs\/wp-json\/wp\/v2\/product_tag?post=68301120"}],"curies":[{"name":"wp","href":"https:\/\/api.w.org\/{rel}","templated":true}]}}