{"id":68301590,"date":"2024-05-18T14:24:02","date_gmt":"2024-05-18T12:24:02","guid":{"rendered":"https:\/\/kraftwerk-shop.cc\/?post_type=product&#038;p=68301590"},"modified":"2026-02-15T01:09:49","modified_gmt":"2026-02-15T00:09:49","slug":"raxiom-bocni-obrysova-svetla-challenger","status":"publish","type":"product","link":"https:\/\/kraftwerk-shop.cc\/cs\/produkt\/raxiom-seitenmarkierungsleuchten-challenger\/","title":{"rendered":"Bo\u010dn\u00ed obrysov\u00e1 sv\u011btla Raxiom LED Challenger"},"content":{"rendered":"<h1>Bo\u010dn\u00ed obrysov\u00e1 sv\u011btla LED \u0159ady Raxiom Axial (\u010dern\u011b t\u00f3novan\u00e1) pro Dodge Challenger 2008 - 2014<\/h1>\n<p>&nbsp;<\/p>\n<p>Dodejte sv\u00e9mu vozu Dodge Challenger z modelov\u00fdch let 2008 - 2014 modern\u00ed a agresivn\u00ed vzhled s bo\u010dn\u00edmi obrysov\u00fdmi sv\u011btly LED \u0159ady Raxiom Axial.<br \/>\nTato vysoce kvalitn\u00ed sv\u011btla nahrazuj\u00ed standardn\u00ed \u017e\u00e1rovky jasn\u00fdmi LED p\u00e1sky, kter\u00e9 zaji\u0161\u0165uj\u00ed lep\u0161\u00ed viditelnost ve dne i v noci. T\u00f3novan\u00e1 polykarbon\u00e1tov\u00e1 skla a robustn\u00ed kryt z plastu ABS tvarovan\u00e9ho vst\u0159ikov\u00e1n\u00edm poskytuj\u00ed nejen atraktivn\u00ed vzhled, ale tak\u00e9 ochranu p\u0159ed pov\u011btrnostn\u00edmi vlivy.<\/p>\n<p>Spole\u010dnost Raxiom vyr\u00e1b\u00ed sv\u00e1 obrysov\u00e1 sv\u011btla s plastov\u00fdmi pouzdry z ABS vst\u0159ikovan\u00fdmi do formy, kter\u00e9 zaji\u0161\u0165uj\u00ed dlouhou \u017eivotnost, a pou\u017e\u00edv\u00e1 t\u00f3novan\u00e1 polykarbon\u00e1tov\u00e1 skla pro agresivn\u00ed vzhled. Tato bo\u010dn\u00ed obrysov\u00e1 sv\u011btla jsou vybavena vysoce v\u00fdkonn\u00fdmi \u010derven\u00fdmi (vzadu) a oran\u017eov\u00fdmi (vp\u0159edu) SMD LED sv\u011bteln\u00fdmi p\u00e1sky pro mimo\u0159\u00e1dn\u011b jasnou sv\u00edtivost. Spole\u010dnost Raxiom zaji\u0161\u0165uje, \u017ee kryty bo\u010dn\u00edch obrysov\u00fdch sv\u011btel jsou odoln\u00e9 proti pov\u011btrnostn\u00edm vliv\u016fm, aby se zabr\u00e1nilo po\u0161kozen\u00ed nejmodern\u011bj\u0161\u00ed elektroniky uvnit\u0159 ne\u010distotami a vlhkost\u00ed.<\/p>\n<p>Spole\u010dnost Raxiom vyvinula bo\u010dn\u00ed obrysov\u00e1 sv\u011btla LED, kter\u00e1 p\u0159\u00edmo nahrazuj\u00ed origin\u00e1ln\u00ed tov\u00e1rn\u00ed sv\u011btla va\u0161eho vozu Charger. Nen\u00ed nutn\u00e9 \u017e\u00e1dn\u00e9 \u0159ez\u00e1n\u00ed, lepen\u00ed ani instalace rezistor\u016f.<\/p>\n<p>&nbsp;<\/p>\n<p><strong>Vlastnosti:<\/strong><\/p>\n<ul>\n<li>Vysoce kvalitn\u00ed p\u00e1sky LED poskytuj\u00ed jasn\u00e9 a jasn\u00e9 osv\u011btlen\u00ed, kter\u00e9 zvy\u0161uje viditelnost a bezpe\u010dnost.<\/li>\n<li>Robustn\u00ed konstrukce - vst\u0159ikovan\u00fd plastov\u00fd kryt ABS a t\u00f3novan\u00e1 polykarbon\u00e1tov\u00e1 skla odol\u00e1vaj\u00ed n\u00e1ro\u010dn\u00fdm pov\u011btrnostn\u00edm podm\u00ednk\u00e1m.<\/li>\n<li>Snadn\u00e1 instalace - konstrukce Plug-and-play umo\u017e\u0148uje snadnou instalaci bez \u0159ez\u00e1n\u00ed nebo spojov\u00e1n\u00ed.<\/li>\n<li>Agresivn\u00ed vzhled - t\u00f3novan\u00e1 skla dod\u00e1vaj\u00ed vozidlu modern\u00ed a agresivn\u00ed vzhled.<\/li>\n<\/ul>\n<p>&nbsp;<\/p>\n<p><strong>Technick\u00e9 detaily:<\/strong><\/p>\n<ul>\n<li>Um\u00edst\u011bn\u00ed: vp\u0159edu a vzadu<\/li>\n<li>Materi\u00e1l pouzdra: plast ABS<\/li>\n<li>Materi\u00e1l \u010do\u010dek: t\u00f3novan\u00fd polykarbon\u00e1t<\/li>\n<li>Kompatibilita: Vhodn\u00e9 pro v\u0161echny modely Dodge Challenger od roku 2008 do roku 2014.<\/li>\n<\/ul>\n<p>&nbsp;<\/p>\n<p><strong>Rozsah dod\u00e1vky:<\/strong><\/p>\n<ul>\n<li>2 p\u0159edn\u00ed obrysov\u00e1 sv\u011btla<\/li>\n<li>2 zadn\u00ed obrysov\u00e1 sv\u011btla<\/li>\n<\/ul>\n<p>&nbsp;<\/p>","protected":false},"excerpt":{"rendered":"<p>2008\u20132014<\/p>","protected":false},"featured_media":68301593,"comment_status":"open","ping_status":"closed","template":"","meta":{"_acf_changed":false},"product_brand":[],"product_cat":[6983,6984,6985,6987],"product_tag":[6973,6978,965,6981,54,49,3853,3877,798,6979,6974,6980,6972,148,6976,986,6975,841],"class_list":{"0":"post-68301590","1":"product","2":"type-product","3":"status-publish","4":"has-post-thumbnail","6":"product_cat-challenger-36-beleuchtung","7":"product_cat-challenger-57-beleuchtung","8":"product_cat-challenger-61-beleuchtung","9":"product_cat-challenger-64-beleuchtung","10":"product_tag-axial-series","11":"product_tag-beleuchtung","12":"product_tag-black","13":"product_tag-ch3218","14":"product_tag-challenger","15":"product_tag-dodge","16":"product_tag-dodge-challenger","17":"product_tag-getoent","18":"product_tag-hinten","19":"product_tag-lampen","20":"product_tag-led","21":"product_tag-licht","22":"product_tag-raxiom","23":"product_tag-schwarz","24":"product_tag-seitenmarkierungsleuchten","25":"product_tag-set","26":"product_tag-sidemarker","27":"product_tag-vorne","29":"first","30":"instock","31":"taxable","32":"shipping-taxable","33":"purchasable","34":"product-type-simple"},"bundled_by":[],"bundle_stock_status":"instock","bundle_stock_quantity":4,"bundle_virtual":false,"bundle_layout":"","bundle_add_to_cart_form_location":"","bundle_editable_in_cart":false,"bundle_sold_individually_context":"","bundle_item_grouping":"","bundle_min_size":"","bundle_max_size":"","bundle_price":[],"bundled_items":[],"bundle_sell_ids":[],"exclude_global_add_ons":[],"addons":[],"acf":[],"_links":{"self":[{"href":"https:\/\/kraftwerk-shop.cc\/cs\/wp-json\/wp\/v2\/product\/68301590","targetHints":{"allow":["GET"]}}],"collection":[{"href":"https:\/\/kraftwerk-shop.cc\/cs\/wp-json\/wp\/v2\/product"}],"about":[{"href":"https:\/\/kraftwerk-shop.cc\/cs\/wp-json\/wp\/v2\/types\/product"}],"replies":[{"embeddable":true,"href":"https:\/\/kraftwerk-shop.cc\/cs\/wp-json\/wp\/v2\/comments?post=68301590"}],"version-history":[{"count":0,"href":"https:\/\/kraftwerk-shop.cc\/cs\/wp-json\/wp\/v2\/product\/68301590\/revisions"}],"wp:featuredmedia":[{"embeddable":true,"href":"https:\/\/kraftwerk-shop.cc\/cs\/wp-json\/wp\/v2\/media\/68301593"}],"wp:attachment":[{"href":"https:\/\/kraftwerk-shop.cc\/cs\/wp-json\/wp\/v2\/media?parent=68301590"}],"wp:term":[{"taxonomy":"product_brand","embeddable":true,"href":"https:\/\/kraftwerk-shop.cc\/cs\/wp-json\/wp\/v2\/product_brand?post=68301590"},{"taxonomy":"product_cat","embeddable":true,"href":"https:\/\/kraftwerk-shop.cc\/cs\/wp-json\/wp\/v2\/product_cat?post=68301590"},{"taxonomy":"product_tag","embeddable":true,"href":"https:\/\/kraftwerk-shop.cc\/cs\/wp-json\/wp\/v2\/product_tag?post=68301590"}],"curies":[{"name":"wp","href":"https:\/\/api.w.org\/{rel}","templated":true}]}}