{"id":68301630,"date":"2024-05-18T21:08:33","date_gmt":"2024-05-18T19:08:33","guid":{"rendered":"https:\/\/kraftwerk-shop.cc\/?post_type=product&#038;p=68301630"},"modified":"2026-03-07T01:57:26","modified_gmt":"2026-03-07T00:57:26","slug":"raxiom-reflector-challenger","status":"publish","type":"product","link":"https:\/\/kraftwerk-shop.cc\/cs\/produkt\/raxiom-reflektor-challenger\/","title":{"rendered":"Reflektory zadn\u00edho n\u00e1razn\u00edku Raxiom LED Challenger"},"content":{"rendered":"<h1>Reflektory zadn\u00edho n\u00e1razn\u00edku Raxiom Axial Series LED (\u010dern\u011b t\u00f3novan\u00e9) pro Dodge Challenger 2015 - 2023<\/h1>\n<p>&nbsp;<\/p>\n<p>Zlep\u0161ete viditelnost a bezpe\u010dnost sv\u00e9ho vozu Dodge Challenger (modelov\u00fd rok 2015-2023) pomoc\u00ed LED odrazek zadn\u00edho n\u00e1razn\u00edku \u0159ady Raxiom Axial. Tyto odrazky nahrazuj\u00ed tov\u00e1rn\u00ed odrazky superjasn\u00fdmi LED diodami, kter\u00e9 zaji\u0161\u0165uj\u00ed lep\u0161\u00ed viditelnost ve dne i v noci. Jsou vyrobena ze vst\u0159ikovan\u00e9ho plastu ABS a t\u00f3novan\u00fdch polykarbon\u00e1tov\u00fdch skel a nab\u00edzej\u00ed odoln\u00e9 a stylov\u00e9 \u0159e\u0161en\u00ed.<br \/>\nInstalace je jednoduch\u00e1, ale vy\u017eaduje integraci do st\u00e1vaj\u00edc\u00edho kabelov\u00e9ho svazku.<\/p>\n<p>&nbsp;<\/p>\n<p><strong>Vlastnosti produktu:<\/strong><\/p>\n<ul>\n<li>Lep\u0161\u00ed viditelnost a bezpe\u010dnost: LED odrazky zadn\u00edho n\u00e1razn\u00edku \u0159ady Raxiom Axial v\u00fdrazn\u011b zlep\u0161uj\u00ed viditelnost va\u0161eho vozidla ve dne i v noci. Superjasn\u00e9 LED diody zajist\u00ed, \u017ee v\u00e1\u0161 Dodge Challenger (modelov\u00fd rok 2015-2023) bude l\u00e9pe viditeln\u00fd v ka\u017ed\u00e9 situaci.<\/li>\n<li>Vysoce kvalitn\u00ed materi\u00e1ly: Tyto odrazky jsou vyrobeny ze vst\u0159ikovan\u00e9ho plastu ABS a t\u00f3novan\u00fdch polykarbon\u00e1tov\u00fdch \u010do\u010dek a jsou robustn\u00ed a odoln\u00e9. T\u00f3novan\u00e1 skla nav\u00edc dodaj\u00ed va\u0161emu vozidlu stylov\u00fd, modern\u00ed vzhled.<\/li>\n<li>Jednoduch\u00e1 instalace: Tyto LED reflektory jsou navr\u017eeny jako p\u0159\u00edm\u00e1 n\u00e1hrada za tov\u00e1rn\u00ed reflektory a lze je instalovat bez v\u011bt\u0161\u00ed n\u00e1mahy. Instalace vy\u017eaduje pouze integraci do st\u00e1vaj\u00edc\u00edho kabelov\u00e9ho svazku.<\/li>\n<\/ul>\n<p>&nbsp;<\/p>\n<p><strong>Technick\u00e9 \u00fadaje:<\/strong><\/p>\n<ul>\n<li>Typ lampy: LED<\/li>\n<li>Materi\u00e1l krytu: vst\u0159ikovan\u00fd plast ABS<\/li>\n<li>Materi\u00e1l \u010do\u010dek: Polykarbon\u00e1t, t\u00f3novan\u00fd<\/li>\n<li>Kompatibilita: Vhodn\u00e9 pro modely Dodge Challenger od roku 2015 do roku 2023.<\/li>\n<\/ul>\n<p>&nbsp;<\/p>\n<p><strong>Rozsah dod\u00e1vky:<\/strong><\/p>\n<ul>\n<li>2x LED odrazky (pro stranu \u0159idi\u010de a spolujezdce)<\/li>\n<\/ul>","protected":false},"excerpt":{"rendered":"<p>2015\u20132023<\/p>","protected":false},"featured_media":68301635,"comment_status":"open","ping_status":"closed","template":"","meta":{"_acf_changed":false},"product_brand":[],"product_cat":[6983,6984,6986,6987],"product_tag":[6973,6978,965,6988,54,49,3853,3877,798,6979,6974,6980,6972,6990,6991,6989,148,986,841],"class_list":{"0":"post-68301630","1":"product","2":"type-product","3":"status-publish","4":"has-post-thumbnail","6":"product_cat-challenger-36-beleuchtung","7":"product_cat-challenger-57-beleuchtung","8":"product_cat-challenger-hellcat-beleuchtung","9":"product_cat-challenger-64-beleuchtung","10":"product_tag-axial-series","11":"product_tag-beleuchtung","12":"product_tag-black","13":"product_tag-ch6725","14":"product_tag-challenger","15":"product_tag-dodge","16":"product_tag-dodge-challenger","17":"product_tag-getoent","18":"product_tag-hinten","19":"product_tag-lampen","20":"product_tag-led","21":"product_tag-licht","22":"product_tag-raxiom","23":"product_tag-reflektor","24":"product_tag-reflektoren","25":"product_tag-reflektorlampen","26":"product_tag-schwarz","27":"product_tag-set","28":"product_tag-vorne","29":"product_shipping_class-deutschlandohne","31":"first","32":"instock","33":"taxable","34":"shipping-taxable","35":"purchasable","36":"product-type-simple"},"bundled_by":[],"bundle_stock_status":"instock","bundle_stock_quantity":2,"bundle_virtual":false,"bundle_layout":"","bundle_add_to_cart_form_location":"","bundle_editable_in_cart":false,"bundle_sold_individually_context":"","bundle_item_grouping":"","bundle_min_size":"","bundle_max_size":"","bundle_price":[],"bundled_items":[],"bundle_sell_ids":[],"exclude_global_add_ons":[],"addons":[],"acf":[],"_links":{"self":[{"href":"https:\/\/kraftwerk-shop.cc\/cs\/wp-json\/wp\/v2\/product\/68301630","targetHints":{"allow":["GET"]}}],"collection":[{"href":"https:\/\/kraftwerk-shop.cc\/cs\/wp-json\/wp\/v2\/product"}],"about":[{"href":"https:\/\/kraftwerk-shop.cc\/cs\/wp-json\/wp\/v2\/types\/product"}],"replies":[{"embeddable":true,"href":"https:\/\/kraftwerk-shop.cc\/cs\/wp-json\/wp\/v2\/comments?post=68301630"}],"version-history":[{"count":0,"href":"https:\/\/kraftwerk-shop.cc\/cs\/wp-json\/wp\/v2\/product\/68301630\/revisions"}],"wp:featuredmedia":[{"embeddable":true,"href":"https:\/\/kraftwerk-shop.cc\/cs\/wp-json\/wp\/v2\/media\/68301635"}],"wp:attachment":[{"href":"https:\/\/kraftwerk-shop.cc\/cs\/wp-json\/wp\/v2\/media?parent=68301630"}],"wp:term":[{"taxonomy":"product_brand","embeddable":true,"href":"https:\/\/kraftwerk-shop.cc\/cs\/wp-json\/wp\/v2\/product_brand?post=68301630"},{"taxonomy":"product_cat","embeddable":true,"href":"https:\/\/kraftwerk-shop.cc\/cs\/wp-json\/wp\/v2\/product_cat?post=68301630"},{"taxonomy":"product_tag","embeddable":true,"href":"https:\/\/kraftwerk-shop.cc\/cs\/wp-json\/wp\/v2\/product_tag?post=68301630"}],"curies":[{"name":"wp","href":"https:\/\/api.w.org\/{rel}","templated":true}]}}