{"id":68301654,"date":"2024-05-19T14:21:02","date_gmt":"2024-05-19T12:21:02","guid":{"rendered":"https:\/\/kraftwerk-shop.cc\/?post_type=product&#038;p=68301654"},"modified":"2026-02-15T01:09:53","modified_gmt":"2026-02-15T00:09:53","slug":"jba-sberne-vyfukove-potrubi-ram-57","status":"publish","type":"product","link":"https:\/\/kraftwerk-shop.cc\/cs\/produkt\/jba-shorty-kruemmer-ram-57\/","title":{"rendered":"Rozd\u011blova\u010d JBA Shorty RAM 5.7"},"content":{"rendered":"<h1>Rozvodn\u00e9 potrub\u00ed JBA Shorty pro RAM 1500 DT 5.7 od 2019 do 2024<\/h1>\n<p>&nbsp;<\/p>\n<p>Rozd\u011blova\u010de JBA Shorty jsou jedn\u00edm z nejlep\u0161\u00edch v\u00fdkonnostn\u00edch vylep\u0161en\u00ed, kter\u00e1 jsou k dispozici pro v\u00e1\u0161 RAM 5.7.<br \/>\nRozvody JBA Shorty jsou v\u00fdrazn\u011b m\u00e9n\u011b omezuj\u00edc\u00ed ne\u017e standardn\u00ed rozvody ve va\u0161em vozidle a zvy\u0161uj\u00ed v\u00fdkon a \u00fa\u010dinnost motoru.<br \/>\nP\u016fvodn\u00ed kr\u00e1tk\u00fd rozvod od spole\u010dnosti JBA je dal\u0161\u00edm v\u00fdvojem star\u00e9ho dlouh\u00e9ho trubkov\u00e9ho rozvodu.<br \/>\nNov\u00e9 kr\u00e1tk\u00e9 rozvody poskytuj\u00ed vysok\u00fd n\u00e1r\u016fst v\u00fdkonu, kter\u00e9ho ostatn\u00ed v\u00fdrobci dosahuj\u00ed pouze s dlouh\u00fdmi trubkov\u00fdmi rozvody.<br \/>\nJsou vyrobeny z robustn\u00ed nerezov\u00e9 oceli a vydr\u017e\u00ed z\u00e1t\u011b\u017e p\u0159i z\u00e1vod\u011bn\u00ed i ka\u017edodenn\u00ed j\u00edzd\u011b.<\/p>\n<p>D\u00edky vysok\u00e9 nosnosti a inovativn\u00edm technologi\u00edm, jako je nap\u0159\u00edklad rozd\u011blova\u010d JBA Firecone, jsou rozd\u011blova\u010de JBA Shorty schopny vyvinout v\u011bt\u0161\u00ed v\u00fdkon ne\u017e jak\u00fdkoli jin\u00fd rozd\u011blova\u010d Shorty na trhu.<\/p>\n<p>Ka\u017ed\u00fd syst\u00e9m obsahuje vysoce kvalitn\u00ed upev\u0148ovac\u00ed materi\u00e1ly a podrobn\u00e9 pokyny pro profesion\u00e1ln\u00ed instalaci bez \u00fanik\u016f.<\/p>\n<p>&nbsp;<\/p>\n<ul>\n<li>Oh\u00fdban\u00e9 prim\u00e1rn\u00ed trubky z nerezov\u00e9 oceli 1 5\/8\u2033<br \/>\n- nejlep\u0161\u00ed pr\u016ftok, trvanlivost, lep\u0161\u00ed odezva<\/li>\n<li>Inovativn\u00ed sb\u011bra\u010d JBA Firecone<br \/>\n- Z\u00e1vodn\u00ed osv\u011bd\u010den\u00e1 technologie pro maxim\u00e1ln\u00ed zv\u00fd\u0161en\u00ed v\u00fdkonu<\/li>\n<li>P\u0159ipojen\u00ed v tov\u00e1rn\u00edm stylu<br \/>\n- Snadn\u011bj\u0161\u00ed instalace<\/li>\n<li>Extra siln\u00e9 sb\u011brn\u00e9 kopule<br \/>\n- \u017d\u00e1dn\u00e9 deformace jako u rozd\u011blova\u010d\u016f hor\u0161\u00ed kvality, \u017e\u00e1dn\u00e9 net\u011bsnosti.<\/li>\n<li>Odznak JBA<br \/>\n- skute\u010dn\u00e1 kvalita JBA<\/li>\n<li>Obr\u00e1b\u011bn\u00e9 p\u0159\u00edruby o tlou\u0161\u0165ce 3\/8\u2033<br \/>\n- odol\u00e1v\u00e1 deformac\u00edm, zabra\u0148uje \u00fanik\u016fm a usnad\u0148uje instalaci.<\/li>\n<li>Nadm\u011brn\u00e9 v\u00fdfukov\u00e9 otvory<br \/>\n- Zv\u00fd\u0161en\u00fd pr\u016ftok, mo\u017enost nastaven\u00ed otev\u0159en\u00ed hlavy v\u00e1lc\u016f<\/li>\n<\/ul>\n<p>&nbsp;<\/p>\n<p><strong>\u00a0<\/strong><\/p>\n<p><strong>Vhodn\u00e9 pro:<\/strong><\/p>\n<table width=\"538\">\n<tbody>\n<tr>\n<td width=\"82\"><strong>Zna\u010dka<\/strong><\/td>\n<td width=\"82\"><strong>Model<\/strong><\/td>\n<td width=\"154\"><strong>Motor<\/strong><\/td>\n<td width=\"220\"><strong>Rok v\u00fdstavby<\/strong><\/td>\n<\/tr>\n<tr>\n<td width=\"82\">RAM<\/td>\n<td width=\"82\">1500<\/td>\n<td width=\"154\">5.7<\/td>\n<td width=\"220\">2019\u20132024<\/td>\n<\/tr>\n<\/tbody>\n<\/table>\n<p>Nen\u00ed vhodn\u00e9 pro RAM Classic, 1500 Mega Cab, 2500 nebo 3500 !<\/p>\n<p>&nbsp;<\/p>","protected":false},"excerpt":{"rendered":"<p>2019\u20132024<\/p>","protected":false},"featured_media":68301662,"comment_status":"open","ping_status":"closed","template":"","meta":{"_acf_changed":false},"product_brand":[17175],"product_cat":[6624],"product_tag":[6992,91,1035,546,3626,49,2786,543,126,3625,3630,20273,550,186,3368,3340,547],"class_list":{"0":"post-68301654","1":"product","2":"type-product","3":"status-publish","4":"has-post-thumbnail","6":"product_brand-jba","7":"product_cat-1500-57-dt-abgaskruemmer-katalysatoren","8":"product_tag-1961s-3","9":"product_tag-5-7","10":"product_tag-abgasanlage","11":"product_tag-auspuff","12":"product_tag-cat4ward","13":"product_tag-dodge","14":"product_tag-exhaust","15":"product_tag-faecherkruemmer","16":"product_tag-hemi","17":"product_tag-jba","18":"product_tag-jbaperformance","19":"product_tag-keintuev","20":"product_tag-kruemmer","21":"product_tag-performance","22":"product_tag-shorties","23":"product_tag-shorty","24":"product_tag-sportauspuff","25":"product_shipping_class-paket-l","27":"first","28":"onbackorder","29":"taxable","30":"shipping-taxable","31":"purchasable","32":"product-type-simple"},"bundled_by":[],"bundle_stock_status":"onbackorder","bundle_stock_quantity":0,"bundle_virtual":false,"bundle_layout":"","bundle_add_to_cart_form_location":"","bundle_editable_in_cart":false,"bundle_sold_individually_context":"","bundle_item_grouping":"","bundle_min_size":"","bundle_max_size":"","bundle_price":[],"bundled_items":[],"bundle_sell_ids":[],"exclude_global_add_ons":[],"addons":[],"acf":[],"_links":{"self":[{"href":"https:\/\/kraftwerk-shop.cc\/cs\/wp-json\/wp\/v2\/product\/68301654","targetHints":{"allow":["GET"]}}],"collection":[{"href":"https:\/\/kraftwerk-shop.cc\/cs\/wp-json\/wp\/v2\/product"}],"about":[{"href":"https:\/\/kraftwerk-shop.cc\/cs\/wp-json\/wp\/v2\/types\/product"}],"replies":[{"embeddable":true,"href":"https:\/\/kraftwerk-shop.cc\/cs\/wp-json\/wp\/v2\/comments?post=68301654"}],"version-history":[{"count":0,"href":"https:\/\/kraftwerk-shop.cc\/cs\/wp-json\/wp\/v2\/product\/68301654\/revisions"}],"wp:featuredmedia":[{"embeddable":true,"href":"https:\/\/kraftwerk-shop.cc\/cs\/wp-json\/wp\/v2\/media\/68301662"}],"wp:attachment":[{"href":"https:\/\/kraftwerk-shop.cc\/cs\/wp-json\/wp\/v2\/media?parent=68301654"}],"wp:term":[{"taxonomy":"product_brand","embeddable":true,"href":"https:\/\/kraftwerk-shop.cc\/cs\/wp-json\/wp\/v2\/product_brand?post=68301654"},{"taxonomy":"product_cat","embeddable":true,"href":"https:\/\/kraftwerk-shop.cc\/cs\/wp-json\/wp\/v2\/product_cat?post=68301654"},{"taxonomy":"product_tag","embeddable":true,"href":"https:\/\/kraftwerk-shop.cc\/cs\/wp-json\/wp\/v2\/product_tag?post=68301654"}],"curies":[{"name":"wp","href":"https:\/\/api.w.org\/{rel}","templated":true}]}}