{"id":68301713,"date":"2024-05-23T10:35:03","date_gmt":"2024-05-23T08:35:03","guid":{"rendered":"https:\/\/kraftwerk-shop.cc\/?post_type=product&#038;p=68301713"},"modified":"2026-02-15T01:09:54","modified_gmt":"2026-02-15T00:09:54","slug":"raxiom-390265-svetla-ford-mustang","status":"publish","type":"product","link":"https:\/\/kraftwerk-shop.cc\/cs\/produkt\/raxiom-390265-leuchten-ford-mustang\/","title":{"rendered":"Bo\u010dn\u00ed obrysov\u00e1 sv\u011btla Raxiom LED (zadn\u00ed) Ford Mustang"},"content":{"rendered":"<h1>Bo\u010dn\u00ed obrysov\u00e1 sv\u011btla LED \u0159ady Raxiom Axial (\u010dern\u011b t\u00f3novan\u00e1) pro Ford Mustang<\/h1>\n<p>&nbsp;<\/p>\n<p>Dodejte sv\u00e9mu vozu Ford Mustang modern\u00ed a agresivn\u00ed vzhled pomoc\u00ed bo\u010dn\u00edch obrysov\u00fdch sv\u011btel LED \u0159ady Raxiom Axial.<br \/>\nTato vysoce kvalitn\u00ed sv\u011btla nahrazuj\u00ed standardn\u00ed \u017e\u00e1rovky jasn\u00fdmi LED p\u00e1sky, kter\u00e9 zaji\u0161\u0165uj\u00ed lep\u0161\u00ed viditelnost ve dne i v noci. T\u00f3novan\u00e1 polykarbon\u00e1tov\u00e1 skla a robustn\u00ed kryt z plastu ABS tvarovan\u00e9ho vst\u0159ikov\u00e1n\u00edm poskytuj\u00ed nejen atraktivn\u00ed vzhled, ale tak\u00e9 ochranu p\u0159ed pov\u011btrnostn\u00edmi vlivy.<\/p>\n<p>Spole\u010dnost Raxiom vyr\u00e1b\u00ed sv\u00e1 obrysov\u00e1 sv\u011btla s plastov\u00fdmi pouzdry z ABS vst\u0159ikovan\u00fdmi do formy, kter\u00e9 zaji\u0161\u0165uj\u00ed dlouhou \u017eivotnost, a pou\u017e\u00edv\u00e1 t\u00f3novan\u00e1 polykarbon\u00e1tov\u00e1 skla pro agresivn\u00ed vzhled. Tato bo\u010dn\u00ed obrysov\u00e1 sv\u011btla jsou vybavena vysoce v\u00fdkonn\u00fdmi \u010derven\u00fdmi (vzadu) a oran\u017eov\u00fdmi (vp\u0159edu) SMD LED sv\u011bteln\u00fdmi p\u00e1sky pro mimo\u0159\u00e1dn\u011b jasnou sv\u00edtivost. Spole\u010dnost Raxiom zaji\u0161\u0165uje, \u017ee kryty bo\u010dn\u00edch obrysov\u00fdch sv\u011btel jsou odoln\u00e9 proti pov\u011btrnostn\u00edm vliv\u016fm, aby se zabr\u00e1nilo po\u0161kozen\u00ed nejmodern\u011bj\u0161\u00ed elektroniky uvnit\u0159 ne\u010distotami a vlhkost\u00ed.<\/p>\n<p>Spole\u010dnost Raxiom vyvinula bo\u010dn\u00ed obrysov\u00e1 sv\u011btla LED, kter\u00e1 p\u0159\u00edmo nahrazuj\u00ed origin\u00e1ln\u00ed tov\u00e1rn\u00ed sv\u011btla va\u0161eho vozu Charger. Nen\u00ed nutn\u00e9 \u017e\u00e1dn\u00e9 \u0159ez\u00e1n\u00ed, lepen\u00ed ani instalace rezistor\u016f.<\/p>\n<p>&nbsp;<\/p>\n<p><strong>Vlastnosti:<\/strong><\/p>\n<ul>\n<li>Vysoce kvalitn\u00ed p\u00e1sky LED poskytuj\u00ed jasn\u00e9 a jasn\u00e9 osv\u011btlen\u00ed, kter\u00e9 zvy\u0161uje viditelnost a bezpe\u010dnost.<\/li>\n<li>Robustn\u00ed konstrukce - vst\u0159ikovan\u00fd plastov\u00fd kryt ABS a t\u00f3novan\u00e1 polykarbon\u00e1tov\u00e1 skla odol\u00e1vaj\u00ed n\u00e1ro\u010dn\u00fdm pov\u011btrnostn\u00edm podm\u00ednk\u00e1m.<\/li>\n<li>Snadn\u00e1 instalace - konstrukce Plug-and-play umo\u017e\u0148uje snadnou instalaci bez \u0159ez\u00e1n\u00ed nebo spojov\u00e1n\u00ed.<\/li>\n<li>Agresivn\u00ed vzhled - t\u00f3novan\u00e1 skla dod\u00e1vaj\u00ed vozidlu modern\u00ed a agresivn\u00ed vzhled.<\/li>\n<\/ul>\n<p>&nbsp;<\/p>\n<p><strong>Technick\u00e9 detaily:<\/strong><\/p>\n<ul>\n<li>Poloha: zadn\u00ed<\/li>\n<li>Materi\u00e1l pouzdra: plast ABS<\/li>\n<li>Materi\u00e1l \u010do\u010dek: t\u00f3novan\u00fd polykarbon\u00e1t<\/li>\n<li>Kompatibilita: Vhodn\u00e9 pro vozy Ford Mustang 2015 - 2023 (V6, EcoBoost, GT a Shelby).<\/li>\n<\/ul>\n<p>&nbsp;<\/p>\n<p><strong>Rozsah dod\u00e1vky:<\/strong><\/p>\n<ul>\n<li>2 zadn\u00ed obrysov\u00e1 sv\u011btla<\/li>\n<\/ul>\n<p>&nbsp;<\/p>","protected":false},"excerpt":{"rendered":"<p>2015\u20132023<\/p>","protected":false},"featured_media":68301716,"comment_status":"open","ping_status":"closed","template":"","meta":{"_acf_changed":false},"product_brand":[],"product_cat":[3867,3865,3866,3868,3869],"product_tag":[6996,6973,6978,965,3873,917,3877,784,2934,798,6979,6974,6980,3872,6995,6972,148,6976,986,3958,6975],"class_list":{"0":"post-68301713","1":"product","2":"type-product","3":"status-publish","4":"has-post-thumbnail","6":"product_cat-mustang-23-ecoboost-body","7":"product_cat-mustang-37-body","8":"product_cat-mustang-50-gt-body","9":"product_cat-shelby-gt350-body","10":"product_cat-shelby-gt500-body","11":"product_tag-6996","12":"product_tag-axial-series","13":"product_tag-beleuchtung","14":"product_tag-black","15":"product_tag-ecoboost","16":"product_tag-ford","17":"product_tag-getoent","18":"product_tag-gt","19":"product_tag-harder","20":"product_tag-hinten","21":"product_tag-lampen","22":"product_tag-led","23":"product_tag-licht","24":"product_tag-mustang","25":"product_tag-rax390265","26":"product_tag-raxiom","27":"product_tag-schwarz","28":"product_tag-seitenmarkierungsleuchten","29":"product_tag-set","30":"product_tag-shelby","31":"product_tag-sidemarker","33":"first","34":"instock","35":"taxable","36":"shipping-taxable","37":"purchasable","38":"product-type-simple"},"bundled_by":[],"bundle_stock_status":"instock","bundle_stock_quantity":2,"bundle_virtual":false,"bundle_layout":"","bundle_add_to_cart_form_location":"","bundle_editable_in_cart":false,"bundle_sold_individually_context":"","bundle_item_grouping":"","bundle_min_size":"","bundle_max_size":"","bundle_price":[],"bundled_items":[],"bundle_sell_ids":[],"exclude_global_add_ons":[],"addons":[],"acf":[],"_links":{"self":[{"href":"https:\/\/kraftwerk-shop.cc\/cs\/wp-json\/wp\/v2\/product\/68301713","targetHints":{"allow":["GET"]}}],"collection":[{"href":"https:\/\/kraftwerk-shop.cc\/cs\/wp-json\/wp\/v2\/product"}],"about":[{"href":"https:\/\/kraftwerk-shop.cc\/cs\/wp-json\/wp\/v2\/types\/product"}],"replies":[{"embeddable":true,"href":"https:\/\/kraftwerk-shop.cc\/cs\/wp-json\/wp\/v2\/comments?post=68301713"}],"version-history":[{"count":0,"href":"https:\/\/kraftwerk-shop.cc\/cs\/wp-json\/wp\/v2\/product\/68301713\/revisions"}],"wp:featuredmedia":[{"embeddable":true,"href":"https:\/\/kraftwerk-shop.cc\/cs\/wp-json\/wp\/v2\/media\/68301716"}],"wp:attachment":[{"href":"https:\/\/kraftwerk-shop.cc\/cs\/wp-json\/wp\/v2\/media?parent=68301713"}],"wp:term":[{"taxonomy":"product_brand","embeddable":true,"href":"https:\/\/kraftwerk-shop.cc\/cs\/wp-json\/wp\/v2\/product_brand?post=68301713"},{"taxonomy":"product_cat","embeddable":true,"href":"https:\/\/kraftwerk-shop.cc\/cs\/wp-json\/wp\/v2\/product_cat?post=68301713"},{"taxonomy":"product_tag","embeddable":true,"href":"https:\/\/kraftwerk-shop.cc\/cs\/wp-json\/wp\/v2\/product_tag?post=68301713"}],"curies":[{"name":"wp","href":"https:\/\/api.w.org\/{rel}","templated":true}]}}