{"id":68301766,"date":"2024-05-26T00:29:34","date_gmt":"2024-05-25T22:29:34","guid":{"rendered":"https:\/\/kraftwerk-shop.cc\/?post_type=product&#038;p=68301766"},"modified":"2026-02-15T01:10:24","modified_gmt":"2026-02-15T00:10:24","slug":"hellcat-trackhawk-trx-griptec-kompresorove-kolo-2-85","status":"publish","type":"product","link":"https:\/\/kraftwerk-shop.cc\/cs\/produkt\/hellcat-trackhawk-trx-griptec-kompressorrad-2-85\/","title":{"rendered":"Hellcat \/ Trackhawk \/ TRX Kompresorov\u00e9 kolo GripTec 2,85\u2033"},"content":{"rendered":"<h1>GripTec 2.85&#8243; Supercharger Pulley f\u00fcr h\u00f6heren Ladedruck<\/h1>\n<p>&nbsp;<\/p>\n<div class=\"flex flex-grow flex-col max-w-full\">\n<div class=\"min-h-[20px] text-message flex flex-col items-start whitespace-pre-wrap break-words [.text-message+&amp;]:mt-5 juice:w-full juice:items-end overflow-x-auto gap-2\" dir=\"auto\" data-message-author-role=\"assistant\" data-message-id=\"a2943673-33fc-46cd-b899-acadd316ed46\">\n<div class=\"flex w-full flex-col gap-1 juice:empty:hidden juice:first:pt-[3px]\">\n<div class=\"markdown prose w-full break-words dark:prose-invert light\">\n<p>Der <strong>ZPE GripTec\u00ae 2.85&#8243; 10-Rippen 2-teilige L2V Black Pulley &amp; Hub Kit<\/strong> ist ein Hochleistungsbauteil, das speziell f\u00fcr 6.2L Hellcat-Motoren entwickelt wurde. Es ist kompatibel mit Modellen wie dem Dodge Challenger, Charger, Jeep Trackhawk, Durango, und RAM TRX von 2015 bis 2024.<\/p>\n<h3><\/h3>\n<p><strong>Eigenschaften:<\/strong><\/p>\n<ul>\n<li><strong>Gr\u00f6\u00dfe und Design<\/strong>: Der Durchmesser des Kompressorrades betr\u00e4gt 2,85 Zoll (72,39 mm), was es ideal f\u00fcr Stra\u00dfenanwendungen macht. Die 10-Rippen-Bauweise bietet optimale Riemenhaftung und Leistung.<\/li>\n<li><strong>Material und Verarbeitung<\/strong>: Hergestellt aus hochwertigem 7075-T6 Aluminium. Die Oberfl\u00e4che ist mit einer Level V2 GripTec\u00ae-Beschichtung versehen, welche durch ein fortschrittliches Mikrobearbeitungsverfahren die Reibung erh\u00f6ht und ein Durchrutschen des Riemens verhindert. Das Finish ist eine Type III anodisierte, hartbeschichtete schwarze Oberfl\u00e4che\u200b<span class=\"\" data-state=\"closed\"><span class=\"text-token-text-secondary\">.<\/span><\/span><\/li>\n<li><strong>Hub-Spezifikationen<\/strong>: Der mitgelieferte ZPE HCat-Hub ist mit acht M5-Titanschrauben ausgestattet, die f\u00fcr ihre Langlebigkeit und Widerstandsf\u00e4higkeit bekannt sind.<\/li>\n<li><strong>Einfache Anpassung<\/strong>: Durch die modulare Bauweise kann die \u00e4u\u00dfere Pulley leicht ausgetauscht werden, um den Ladedruck zu ver\u00e4ndern. Dies erfordert jedoch eine entsprechende Anpassung der Motorsteuerung und den Einsatz eines geeigneten Kompressorrippenriemens\u200b<span class=\"\" data-state=\"closed\"><span class=\"text-token-text-secondary\">.<\/span><\/span><\/li>\n<li><strong>Kompatibilit\u00e4t<\/strong>: Passt zu den Superchargern der Hellcat-, Redeye- und Demon-Modelle sowie zu anderen Fahrzeugen der gleichen Plattform, wie dem Jeep Trackhawk und dem Ram TRX\u200b<span class=\"\" data-state=\"closed\"><span class=\"text-token-text-secondary\">.<\/span><\/span><\/li>\n<li><strong>Zus\u00e4tzliche Empfehlungen<\/strong>: F\u00fcr die Installation wird ein anderer <a href=\"https:\/\/kraftwerk-shop.cc\/produkt\/verstarkter-riemen-hellcat-trackhawk-mit-kleinerem-kompressorrad\/\" target=\"_blank\" rel=\"noopener\">Riemen<\/a> ben\u00f6tigt. Ein Upgrade auf gr\u00f6\u00dfere Einspritzd\u00fcsen wie die <a href=\"https:\/\/kraftwerk-shop.cc\/produkt\/injector-dynamics-id1050-einspritzduesen\/\" target=\"_blank\" rel=\"noopener\">ID1050<\/a> kann ebenfalls erforderlich sein. Eine kundenspezifische Abstimmung des Motors ist notwendig, um optimale Leistung und Sicherheit zu gew\u00e4hrleisten.\u200b<span class=\"\" data-state=\"closed\"><span class=\"text-token-text-secondary\"><br \/>\n<\/span><\/span><\/li>\n<\/ul>\n<p>&nbsp;<\/p>\n<\/div>\n<\/div>\n<\/div>\n<\/div>\n<p>&nbsp;<\/p>\n<p><strong>Passend f\u00fcr:<\/strong><\/p>\n<table width=\"449\">\n<tbody>\n<tr>\n<td width=\"115\"><strong>Marke<\/strong><\/td>\n<td width=\"145\"><strong>Modell<\/strong><\/td>\n<td width=\"106\"><strong>Motor<\/strong><\/td>\n<td width=\"83\"><strong>Baujahr<\/strong><\/td>\n<\/tr>\n<tr>\n<td width=\"115\">Dodge<\/td>\n<td width=\"145\">Charger<\/td>\n<td width=\"106\">6.2 Hellcat<\/td>\n<td width=\"83\">2015 &#8211; 2023<\/td>\n<\/tr>\n<tr>\n<td width=\"115\">Dodge<\/td>\n<td width=\"145\">Challenger<\/td>\n<td width=\"106\">6.2 Hellcat<\/td>\n<td width=\"83\">2015 &#8211; 2023<\/td>\n<\/tr>\n<tr>\n<td width=\"115\">Dodge<\/td>\n<td width=\"145\">Durango<\/td>\n<td width=\"106\">6.2 Hellcat<\/td>\n<td width=\"83\">2021 &#8211; 2025<\/td>\n<\/tr>\n<tr>\n<td width=\"115\">Jeep<\/td>\n<td width=\"145\">Grand Cherokee<\/td>\n<td width=\"106\">6.2 Trackhawk<\/td>\n<td width=\"83\">2018 &#8211; 2021<\/td>\n<\/tr>\n<tr>\n<td width=\"115\">RAM<\/td>\n<td width=\"145\">1500<\/td>\n<td width=\"106\">TRX<\/td>\n<td width=\"83\">2021 &#8211; 2024<\/td>\n<\/tr>\n<\/tbody>\n<\/table>\n<p>&nbsp;<\/p>\n<p><strong>Hinweise:<\/strong><\/p>\n<ul>\n<li>F\u00fcr den Einbau dieses Kompressorrades ist ausschlie\u00dflich eine professionelle Installation vorgesehen<\/li>\n<li>Der obere Teil des Kompressors muss demontiert werden, um das Kompressorrad entfernen zu k\u00f6nnen<\/li>\n<li>Es wird keine Einbauanleitung bereitgestellt<\/li>\n<li>Zum Einbau wird Spezialwerkzeug ben\u00f6tigt<\/li>\n<li>Es wird ein k\u00fcrzerer Riemen ben\u00f6tigt<\/li>\n<li>Die Motorsteuerung muss angepasst werden<\/li>\n<\/ul>\n<p>&nbsp;<\/p>\n","protected":false},"excerpt":{"rendered":"<p>\u0158emenice p\u0159epl\u0148ovac\u00edho kompresoru GripTec 2,85\u2033 pro vy\u0161\u0161\u00ed plnic\u00ed tlak Sada \u0159emenice a n\u00e1boje ZPE GripTec\u00ae 2,85\u2033 s 10 \u017eebry a 2 d\u00edly L2V Black.<\/p>","protected":false},"featured_media":68301803,"comment_status":"open","ping_status":"closed","template":"","meta":{"_acf_changed":false},"product_brand":[],"product_cat":[2585,2709,2708,2669,2701],"product_tag":[475,725,101,54,53,49,3853,3854,3415,56,6999,6998,2452,100,723,50,4425,4427,4426,722,242,394,36,382,397,86,721,246,102,2353,233],"class_list":{"0":"post-68301766","1":"product","2":"type-product","3":"status-publish","4":"has-post-thumbnail","6":"product_cat-challenger-hellcat-kompressor","7":"product_cat-charger-hellcat-kompressor","8":"product_cat-durango-hellcat-kompressor","9":"product_cat-trackhawk-kompressor","10":"product_cat-trx-kompressor","11":"product_tag-475","12":"product_tag-2-85","13":"product_tag-6-2","14":"product_tag-challenger","15":"product_tag-charger","16":"product_tag-dodge","17":"product_tag-dodge-challenger","18":"product_tag-dodge-charger","19":"product_tag-erhoehen","20":"product_tag-grand-cherokee","21":"product_tag-griptec","22":"product_tag-hc285bv2ka","23":"product_tag-hcsc","24":"product_tag-hellcat","25":"product_tag-hoeher","26":"product_tag-jeep","27":"product_tag-jeep-grand-cherokee","28":"product_tag-jeep-grand-cherokee-trackhawk","29":"product_tag-jeep-trackhawk","30":"product_tag-kleiner","31":"product_tag-kompressor","32":"product_tag-kompressorrad","33":"product_tag-kraftwerk","34":"product_tag-ladedruck","35":"product_tag-pulley","36":"product_tag-ram","37":"product_tag-riemenscheibe","38":"product_tag-supercharger","39":"product_tag-trackhawk","40":"product_tag-trx","41":"product_tag-tuning","43":"first","44":"instock","45":"taxable","46":"shipping-taxable","47":"purchasable","48":"product-type-simple"},"bundled_by":[],"bundle_stock_status":"instock","bundle_stock_quantity":1,"bundle_virtual":false,"bundle_layout":"","bundle_add_to_cart_form_location":"","bundle_editable_in_cart":false,"bundle_sold_individually_context":"","bundle_item_grouping":"","bundle_min_size":"","bundle_max_size":"","bundle_price":[],"bundled_items":[],"bundle_sell_ids":[],"exclude_global_add_ons":[],"addons":[],"acf":[],"_links":{"self":[{"href":"https:\/\/kraftwerk-shop.cc\/cs\/wp-json\/wp\/v2\/product\/68301766","targetHints":{"allow":["GET"]}}],"collection":[{"href":"https:\/\/kraftwerk-shop.cc\/cs\/wp-json\/wp\/v2\/product"}],"about":[{"href":"https:\/\/kraftwerk-shop.cc\/cs\/wp-json\/wp\/v2\/types\/product"}],"replies":[{"embeddable":true,"href":"https:\/\/kraftwerk-shop.cc\/cs\/wp-json\/wp\/v2\/comments?post=68301766"}],"version-history":[{"count":0,"href":"https:\/\/kraftwerk-shop.cc\/cs\/wp-json\/wp\/v2\/product\/68301766\/revisions"}],"wp:featuredmedia":[{"embeddable":true,"href":"https:\/\/kraftwerk-shop.cc\/cs\/wp-json\/wp\/v2\/media\/68301803"}],"wp:attachment":[{"href":"https:\/\/kraftwerk-shop.cc\/cs\/wp-json\/wp\/v2\/media?parent=68301766"}],"wp:term":[{"taxonomy":"product_brand","embeddable":true,"href":"https:\/\/kraftwerk-shop.cc\/cs\/wp-json\/wp\/v2\/product_brand?post=68301766"},{"taxonomy":"product_cat","embeddable":true,"href":"https:\/\/kraftwerk-shop.cc\/cs\/wp-json\/wp\/v2\/product_cat?post=68301766"},{"taxonomy":"product_tag","embeddable":true,"href":"https:\/\/kraftwerk-shop.cc\/cs\/wp-json\/wp\/v2\/product_tag?post=68301766"}],"curies":[{"name":"wp","href":"https:\/\/api.w.org\/{rel}","templated":true}]}}