{"id":68301838,"date":"2024-05-28T11:53:49","date_gmt":"2024-05-28T09:53:49","guid":{"rendered":"https:\/\/kraftwerk-shop.cc\/?post_type=product&#038;p=68301838"},"modified":"2026-04-08T13:59:53","modified_gmt":"2026-04-08T11:59:53","slug":"powerstop-z26-1853-brzdy-ford-shelby","status":"publish","type":"product","link":"https:\/\/kraftwerk-shop.cc\/cs\/produkt\/powerstop-z26-1853-bremsen-ford-shelby\/","title":{"rendered":"Brzdov\u00e9 desti\u010dky PowerStop Z26 Street Performance Ford Mustang Shelby GT350"},"content":{"rendered":"<h2>PowerStop <span id=\"part_no_dynamic\">Z26-1853<\/span> Bremsbel\u00e4ge f\u00fcr Ford Mustang Shelby GT350 (Vorderachse)<\/h2>\n<div class=\"flex-col gap-1 md:gap-3\">\n<div class=\"flex flex-grow flex-col max-w-full\">\n<div class=\"min-h-[20px] text-message flex flex-col items-start whitespace-pre-wrap break-words [.text-message+&amp;]:mt-5 juice:w-full juice:items-end overflow-x-auto gap-2\" dir=\"auto\" data-message-author-role=\"assistant\" data-message-id=\"900069c1-7491-4337-b9fa-6d6e1ae9b09e\">\n<div class=\"flex w-full flex-col gap-1 juice:empty:hidden juice:first:pt-[3px]\">\n<div class=\"markdown prose w-full break-words dark:prose-invert light\">\n<p>Die Power Stop Z26 Street Warrior Kohlefaser-Keramik-Bremsbel\u00e4ge sind als Upgrade gegen\u00fcber den serienm\u00e4\u00dfigen Bremsen konzipiert, um Bremsstaub zu reduzieren und Ger\u00e4usche bei Muscle-Cars und Hochleistungsfahrzeugen zu eliminieren. Diese Bremsbel\u00e4ge bestehen aus einer staubarmen Keramikmischung, die mit Kohlefaser angereichert ist, um die Mischung zu st\u00e4rken und extreme Bremskraft unter den anspruchsvollsten Bedingungen zu bieten. Hochwertige Edelstahl-Hardware sowie Keramik-Bremsschmiermittel sind bei den Z26 Bremsbel\u00e4gen enthalten, was die Bremsarbeit erleichtert. Verwenden Sie die Z26 Street Warrior Keramik-Bremsbel\u00e4ge, um Ihrem Muscle-Car oder Hochleistungsfahrzeug die extreme Bremskraft zu verleihen, die es verdient.<\/p>\n<p>&nbsp;<\/p>\n<p>Eigenschaften:<\/p>\n<ul>\n<li>Die Kohlefaser-Keramik-Formel bietet extreme Bremskraft f\u00fcr stra\u00dfengefahrene Muscle-Cars und Hochleistungsfahrzeuge.<\/li>\n<li>Hochwertige Edelstahl-Zwischenlagen sorgen f\u00fcr bessere W\u00e4rmeableitung und nahezu ger\u00e4uschfreies Bremsen.<\/li>\n<li>Die OE-Positiv-Form-Technologie sowie eine thermisch geschw\u00e4rzte Belagoberfl\u00e4che gew\u00e4hrleisten gleichm\u00e4\u00dfigen Verschlei\u00df und Leistung sowie eine schnelle Einlaufphase.<\/li>\n<li>Das abgeschr\u00e4gte und geschlitzte Design sorgt f\u00fcr ger\u00e4uschfreies Bremsen.<\/li>\n<li>Hochwertige Edelstahl-Hardware und Hochtemperatur-Bremsenschmiermittel sind f\u00fcr eine problemlose Installation enthalten.<\/li>\n<\/ul>\n<\/div>\n<\/div>\n<\/div>\n<\/div>\n<\/div>\n<p>&nbsp;<\/p>\n<p><strong>Passend f\u00fcr:<\/strong><\/p>\n<table width=\"449\">\n<tbody>\n<tr>\n<td width=\"115\"><strong>Marke<\/strong><\/td>\n<td width=\"145\"><strong>Modell<\/strong><\/td>\n<td width=\"106\"><strong>Motor<\/strong><\/td>\n<td width=\"83\"><strong>Baujahr<\/strong><\/td>\n<\/tr>\n<tr>\n<td>Ford<\/td>\n<td>Mustang Shelby GT350<\/td>\n<td>5.2<\/td>\n<td>2016 &#8211; 2020<\/td>\n<\/tr>\n<\/tbody>\n<\/table>\n<p>Erstausr\u00fcstung \/ alternative Artikelnummern: FR3Z2001J, FR3Z2001L<\/p>\n<p>&nbsp;<\/p>\n<p><strong>Lieferumfang:<\/strong><\/p>\n<ul>\n<li>1 Satz Bremsbel\u00e4ge f\u00fcr die komplette Vorderachse<\/li>\n<\/ul>\n<p>&nbsp;<\/p>\n<p><iframe loading=\"lazy\" title=\"Powerstop Z26 Street Performance Bremsen\" src=\"https:\/\/www.youtube.com\/embed\/aSZlP9dmFKs\" width=\"882\" height=\"496\" frameborder=\"0\" allowfullscreen=\"allowfullscreen\"><\/iframe><\/p>\n","protected":false},"excerpt":{"rendered":"<p>2016\u20132020<\/p>","protected":false},"featured_media":68301841,"comment_status":"open","ping_status":"closed","template":"","meta":{"_acf_changed":false},"product_brand":[],"product_cat":[4660],"product_tag":[838,590,795,839,840,773,692,7001,7002,3959,2934,1166,1167,36,3872,4587,953,954,2445,3958,6379,1168,198,1190,7000,673],"class_list":{"0":"post-68301838","1":"product","2":"type-product","3":"status-publish","4":"has-post-thumbnail","6":"product_cat-shelby-gt350-bremsen-vorne","7":"product_tag-bremsbelag","8":"product_tag-bremsbelaege","9":"product_tag-bremse","10":"product_tag-bremsklotz","11":"product_tag-bremskloetze","12":"product_tag-carbon","13":"product_tag-ersatzteil","14":"product_tag-fr3z2001j","15":"product_tag-fr3z2001l","16":"product_tag-gt350","17":"product_tag-harder","18":"product_tag-keramik","19":"product_tag-keramisch","20":"product_tag-kraftwerk","21":"product_tag-mustang","22":"product_tag-mustang-gt","23":"product_tag-power-stop","24":"product_tag-powerstop","25":"product_tag-powerstop-pads","26":"product_tag-shelby","27":"product_tag-shelby-gt350","28":"product_tag-staubfrei","29":"product_tag-v6","30":"product_tag-z26","31":"product_tag-z26-1853","32":"product_tag-zubehoer","34":"first","35":"onbackorder","36":"taxable","37":"shipping-taxable","38":"purchasable","39":"product-type-simple"},"bundled_by":[],"bundle_stock_status":"onbackorder","bundle_stock_quantity":0,"bundle_virtual":false,"bundle_layout":"","bundle_add_to_cart_form_location":"","bundle_editable_in_cart":false,"bundle_sold_individually_context":"","bundle_item_grouping":"","bundle_min_size":"","bundle_max_size":"","bundle_price":[],"bundled_items":[],"bundle_sell_ids":[],"exclude_global_add_ons":[],"addons":[],"acf":[],"_links":{"self":[{"href":"https:\/\/kraftwerk-shop.cc\/cs\/wp-json\/wp\/v2\/product\/68301838","targetHints":{"allow":["GET"]}}],"collection":[{"href":"https:\/\/kraftwerk-shop.cc\/cs\/wp-json\/wp\/v2\/product"}],"about":[{"href":"https:\/\/kraftwerk-shop.cc\/cs\/wp-json\/wp\/v2\/types\/product"}],"replies":[{"embeddable":true,"href":"https:\/\/kraftwerk-shop.cc\/cs\/wp-json\/wp\/v2\/comments?post=68301838"}],"version-history":[{"count":0,"href":"https:\/\/kraftwerk-shop.cc\/cs\/wp-json\/wp\/v2\/product\/68301838\/revisions"}],"wp:featuredmedia":[{"embeddable":true,"href":"https:\/\/kraftwerk-shop.cc\/cs\/wp-json\/wp\/v2\/media\/68301841"}],"wp:attachment":[{"href":"https:\/\/kraftwerk-shop.cc\/cs\/wp-json\/wp\/v2\/media?parent=68301838"}],"wp:term":[{"taxonomy":"product_brand","embeddable":true,"href":"https:\/\/kraftwerk-shop.cc\/cs\/wp-json\/wp\/v2\/product_brand?post=68301838"},{"taxonomy":"product_cat","embeddable":true,"href":"https:\/\/kraftwerk-shop.cc\/cs\/wp-json\/wp\/v2\/product_cat?post=68301838"},{"taxonomy":"product_tag","embeddable":true,"href":"https:\/\/kraftwerk-shop.cc\/cs\/wp-json\/wp\/v2\/product_tag?post=68301838"}],"curies":[{"name":"wp","href":"https:\/\/api.w.org\/{rel}","templated":true}]}}