{"id":68302217,"date":"2024-06-19T01:11:25","date_gmt":"2024-06-18T23:11:25","guid":{"rendered":"https:\/\/kraftwerk-shop.cc\/?post_type=product&#038;p=68302217"},"modified":"2026-02-15T01:09:57","modified_gmt":"2026-02-15T00:09:57","slug":"vyfuky-borla-brawler-ram-trx","status":"publish","type":"product","link":"https:\/\/kraftwerk-shop.cc\/cs\/produkt\/borla-endrohre-brawler-ram-trx\/","title":{"rendered":"V\u00fdfuky BORLA (Brawler style) RAM TRX"},"content":{"rendered":"<h1>V\u00fdfuky BORLA ve stylu Brawler pro RAM TRX<\/h1>\n<p>&nbsp;<\/p>\n<p>Dodejte sv\u00e9mu vozu RAM TRX v\u00fdkonn\u00fd a p\u0159izp\u016fsoben\u00fd vzhled pomoc\u00ed 5\u2033 sady v\u00fdfuku Borla Brawler Style (Borla 60719CB).<br \/>\nTyto vysoce kvalitn\u00ed v\u00fdfukov\u00e9 trubky \u010dtvercov\u00e9ho pr\u016f\u0159ezu jsou vyrobeny z odoln\u00e9, \u010dern\u011b lakovan\u00e9 nerezov\u00e9 oceli T-304 a jsou navr\u017eeny tak, aby odol\u00e1valy vysok\u00fdm teplot\u00e1m. Jsou speci\u00e1ln\u011b navr\u017eeny pro pou\u017eit\u00ed s v\u00fdfukov\u00fdmi syst\u00e9my Borla nebo origin\u00e1ln\u00edmi syst\u00e9my a snadno se montuj\u00ed pomoc\u00ed v\u00fdfukov\u00fdch svorek (nejsou sou\u010d\u00e1st\u00ed dod\u00e1vky), co\u017e umo\u017e\u0148uje op\u011btovn\u00e9 pou\u017eit\u00ed p\u016fvodn\u00edch svorek vozidla.<\/p>\n<p>Sada obsahuje dv\u011b koncovky v\u00fdfuku, kter\u00e9 jsou p\u0159esn\u011b opracovan\u00e9 na CNC stroji pro p\u0159esn\u00e9 uchycen\u00ed a jsou opat\u0159eny laserem vyryt\u00fdm logem Borla.<\/p>\n<p>&nbsp;<\/p>\n<p><strong>Funkce<\/strong>:<\/p>\n<ul>\n<li>Vhodn\u00e9 pro RAM TRX od roku 2021 do roku 2024<\/li>\n<li>Jednoduch\u00e1 instalace pomoc\u00ed svorek (svorky nejsou sou\u010d\u00e1st\u00ed dod\u00e1vky)<\/li>\n<li>Laserem grav\u00edrovan\u00e9 logo BORLA\u00ae<\/li>\n<\/ul>\n<p>&nbsp;<\/p>\n<p><strong>Rozsah dod\u00e1vky:<\/strong><\/p>\n<p>- 2 v\u00fdfuky<\/p>\n<p>&nbsp;<\/p>\n<p>&nbsp;<\/p>","protected":false},"excerpt":{"rendered":"<p>2021\u20132024<\/p>","protected":false},"featured_media":68307192,"comment_status":"open","ping_status":"closed","template":"","meta":{"_acf_changed":false},"product_brand":[17170],"product_cat":[6635],"product_tag":[475,2066,2373,7016,1046,1035,1036,1048,546,1037,965,3037,1032,7690,1047,3035,1061,429,49,1043,1039,3034,1042,532,529,441,1040,1044,86,1045,1041,547,1034,1038,2353,233],"class_list":{"0":"post-68302217","1":"product","2":"type-product","3":"status-publish","4":"has-post-thumbnail","6":"product_brand-borla","7":"product_cat-trx-abgasanlage-catback","8":"product_tag-475","9":"product_tag-2066","10":"product_tag-2373","11":"product_tag-60719cb","12":"product_tag-abe","13":"product_tag-abgasanlage","14":"product_tag-abgassystem","15":"product_tag-atak","16":"product_tag-auspuff","17":"product_tag-auspuffsystem","18":"product_tag-black","19":"product_tag-black-chrome","20":"product_tag-borla","21":"product_tag-brawler","22":"product_tag-cat-back","23":"product_tag-chrom","24":"product_tag-chrome","25":"product_tag-deutschland","26":"product_tag-dodge","27":"product_tag-endrohr","28":"product_tag-endschalldaempfer","29":"product_tag-endstueck","30":"product_tag-endtopf","31":"product_tag-kat","32":"product_tag-katalysator","33":"product_tag-kaufen","34":"product_tag-laut","35":"product_tag-mittelschalldaempfer","36":"product_tag-ram","37":"product_tag-sound","38":"product_tag-sport","39":"product_tag-sportauspuff","40":"product_tag-sportauspuffanlage","41":"product_tag-sportendschalldaempfer","42":"product_tag-trx","43":"product_tag-tuning","45":"first","46":"instock","47":"taxable","48":"shipping-taxable","49":"purchasable","50":"product-type-simple"},"bundled_by":[],"bundle_stock_status":"instock","bundle_stock_quantity":1,"bundle_virtual":false,"bundle_layout":"","bundle_add_to_cart_form_location":"","bundle_editable_in_cart":false,"bundle_sold_individually_context":"","bundle_item_grouping":"","bundle_min_size":"","bundle_max_size":"","bundle_price":[],"bundled_items":[],"bundle_sell_ids":[],"exclude_global_add_ons":[],"addons":[],"acf":[],"_links":{"self":[{"href":"https:\/\/kraftwerk-shop.cc\/cs\/wp-json\/wp\/v2\/product\/68302217","targetHints":{"allow":["GET"]}}],"collection":[{"href":"https:\/\/kraftwerk-shop.cc\/cs\/wp-json\/wp\/v2\/product"}],"about":[{"href":"https:\/\/kraftwerk-shop.cc\/cs\/wp-json\/wp\/v2\/types\/product"}],"replies":[{"embeddable":true,"href":"https:\/\/kraftwerk-shop.cc\/cs\/wp-json\/wp\/v2\/comments?post=68302217"}],"version-history":[{"count":0,"href":"https:\/\/kraftwerk-shop.cc\/cs\/wp-json\/wp\/v2\/product\/68302217\/revisions"}],"wp:featuredmedia":[{"embeddable":true,"href":"https:\/\/kraftwerk-shop.cc\/cs\/wp-json\/wp\/v2\/media\/68307192"}],"wp:attachment":[{"href":"https:\/\/kraftwerk-shop.cc\/cs\/wp-json\/wp\/v2\/media?parent=68302217"}],"wp:term":[{"taxonomy":"product_brand","embeddable":true,"href":"https:\/\/kraftwerk-shop.cc\/cs\/wp-json\/wp\/v2\/product_brand?post=68302217"},{"taxonomy":"product_cat","embeddable":true,"href":"https:\/\/kraftwerk-shop.cc\/cs\/wp-json\/wp\/v2\/product_cat?post=68302217"},{"taxonomy":"product_tag","embeddable":true,"href":"https:\/\/kraftwerk-shop.cc\/cs\/wp-json\/wp\/v2\/product_tag?post=68302217"}],"curies":[{"name":"wp","href":"https:\/\/api.w.org\/{rel}","templated":true}]}}