{"id":68302291,"date":"2024-06-22T22:25:48","date_gmt":"2024-06-22T20:25:48","guid":{"rendered":"https:\/\/kraftwerk-shop.cc\/?post_type=product&#038;p=68302291"},"modified":"2026-02-15T01:10:30","modified_gmt":"2026-02-15T00:10:30","slug":"kooks-sberne-vyfukove-potrubi-katalyzatory-grand-cherokee-57","status":"publish","type":"product","link":"https:\/\/kraftwerk-shop.cc\/cs\/produkt\/kooks-faecherkruemmer-katalysatoren-grand-cherokee-57\/","title":{"rendered":"Kooks 1 7\/8\u2033 rozd\u011blova\u010d se zelen\u00fdmi katalyz\u00e1tory Grand Cherokee 5.7"},"content":{"rendered":"<h1>Rozvodn\u00e9 potrub\u00ed Kooks 1 7\/8\u2033 se zelen\u00fdmi katalyz\u00e1tory pro Jeep Grand Cherokee 5.7<\/h1>\n<p>&nbsp;<\/p>\n<p>Rozd\u011blova\u010de zlep\u0161uj\u00ed v\u00fdkon va\u0161eho Jeep Grand Cherokee 5.7 t\u00edm, \u017ee \u00fa\u010dinn\u011bji usm\u011br\u0148uj\u00ed proud\u011bn\u00ed v\u00fdfukov\u00fdch plyn\u016f. D\u00edky sv\u00e9mu speci\u00e1ln\u00edmu tvaru umo\u017e\u0148uj\u00ed lep\u0161\u00ed v\u00fdvoj v\u00fdfukov\u00fdch plyn\u016f a sni\u017euj\u00ed protitlak, co\u017e vede ke zv\u00fd\u0161en\u00ed v\u00fdkonu motoru.<\/p>\n<p>Rozd\u011blova\u010de Kooks jsou vyrobeny z robustn\u00ed nerezov\u00e9 oceli T304, kter\u00e1 jim zaji\u0161\u0165uje dlouhou \u017eivotnost. Jsou odoln\u011bj\u0161\u00ed v\u016f\u010di korozi a vysok\u00fdm teplot\u00e1m ne\u017e b\u011b\u017en\u00e9 rozd\u011blova\u010de.<\/p>\n<p>Katalyz\u00e1tory GREEN jsou vysoce v\u00fdkonn\u00e9 katalyz\u00e1tory s vysok\u00fdm obsahem platiny a maj\u00ed schv\u00e1len\u00ed EPA.<\/p>\n<p>Tuto kombinaci sb\u011brn\u00fdch potrub\u00ed a sportovn\u00edch katalyz\u00e1tor\u016f lze pou\u017e\u00edt p\u0159\u00edmo s p\u016fvodn\u00edm v\u00fdfukov\u00fdm syst\u00e9mem nebo s p\u0159\u00eddavn\u00fdmi v\u00fdfukov\u00fdmi syst\u00e9my, kter\u00e9 jsou shodn\u00e9 s p\u016fvodn\u00edmi p\u0159ipojen\u00edmi.<\/p>\n<p>&nbsp;<\/p>\n<p><strong>Rozd\u011blova\u010d ventil\u00e1toru Kooks<\/strong><\/p>\n<ul>\n<li>Zlep\u0161en\u00ed pr\u016ftoku v\u00fdfukov\u00fdch plyn\u016f<\/li>\n<li>Zlep\u0161ete zvuk sv\u00e9ho vozidla<\/li>\n<li>Minimalizace protitlaku ve v\u00fdfukov\u00e9m syst\u00e9mu<\/li>\n<li>Zv\u00fd\u0161en\u00ed v\u00fdkonu motoru<\/li>\n<\/ul>\n<p>&nbsp;<\/p>\n<p><strong>Vhodn\u00e9 pro:<\/strong><\/p>\n<table width=\"437\">\n<tbody>\n<tr>\n<td width=\"83\"><strong>Zna\u010dka<\/strong><\/td>\n<td width=\"122\"><strong>Model<\/strong><\/td>\n<td width=\"136\"><strong>Motor<\/strong><\/td>\n<td width=\"96\"><strong>Rok v\u00fdstavby<\/strong><\/td>\n<\/tr>\n<tr>\n<td>Jeep<\/td>\n<td>Grand Cherokee<\/td>\n<td>5.7<\/td>\n<td width=\"96\">2011\u20132021<\/td>\n<\/tr>\n<\/tbody>\n<\/table>\n<p>&nbsp;<\/p>\n<p><strong>O spole\u010dnosti Kooks<\/strong><\/p>\n<p>V\u00fdfukov\u00e9 potrub\u00ed a v\u00fdfukov\u00e9 syst\u00e9my Kooks jsou ji\u017e v\u00edce ne\u017e 50 let \u0161pi\u010dkou na trhu. Od roku 1962 se spole\u010dnost Kooks py\u0161n\u00ed nab\u00eddkou nejlep\u0161\u00edch hlav a kompletn\u00edch v\u00fdfukov\u00fdch syst\u00e9m\u016f pro silni\u010dn\u00ed, z\u00e1vodn\u00ed i off-road pou\u017eit\u00ed. Vozidla s hlavami a v\u00fdfukov\u00fdmi syst\u00e9my Kooks vyhr\u00e1la stovky \u0161ampion\u00e1t\u016f a vytvo\u0159ila nespo\u010det rekord\u016f v NHRA, IHRA, NMCA, NMRA, NASCAR, NASA, SCCA a mnoha dal\u0161\u00edch z\u00e1vodn\u00edch organizac\u00edch.<br \/>\nV\u0161echny v\u00fdrobky Kooks se vyr\u00e1b\u011bj\u00ed ru\u010dn\u011b v USA a spole\u010dnost Kooks je hrd\u00e1 na to, \u017ee je st\u00e1le nez\u00e1visl\u00e1.<br \/>\nNezapome\u0148te: \"Get Kookin with KOOKS!\"<\/p>\n<p>&nbsp;<\/p>","protected":false},"excerpt":{"rendered":"<p>2011\u20132021<\/p>","protected":false},"featured_media":68302293,"comment_status":"open","ping_status":"closed","template":"","meta":{"_acf_changed":false},"product_brand":[17172],"product_cat":[6630,3024],"product_tag":[7018,91,546,543,56,6960,549,126,50,20273,544,2447,36,550,545,527,553],"class_list":{"0":"post-68302291","1":"product","2":"type-product","3":"status-publish","4":"has-post-thumbnail","6":"product_brand-kooks","7":"product_cat-grand-cherokee-57-2011-2021-abgaskruemmer-katalysatoren","8":"product_cat-nicht-nach-eu","9":"product_tag-3610h431","10":"product_tag-5-7","11":"product_tag-auspuff","12":"product_tag-faecherkruemmer","13":"product_tag-grand-cherokee","14":"product_tag-green-katalysatoren","15":"product_tag-header","16":"product_tag-hemi","17":"product_tag-jeep","18":"product_tag-keintuev","19":"product_tag-kooks","20":"product_tag-kooks-headers","21":"product_tag-kraftwerk","22":"product_tag-kruemmer","23":"product_tag-longtube","24":"product_tag-sportkat","25":"product_tag-sportkatalysator","26":"product_shipping_class-paket-xl","28":"first","29":"onbackorder","30":"taxable","31":"shipping-taxable","32":"purchasable","33":"product-type-simple"},"bundled_by":[],"bundle_stock_status":"onbackorder","bundle_stock_quantity":0,"bundle_virtual":false,"bundle_layout":"","bundle_add_to_cart_form_location":"","bundle_editable_in_cart":false,"bundle_sold_individually_context":"","bundle_item_grouping":"","bundle_min_size":"","bundle_max_size":"","bundle_price":[],"bundled_items":[],"bundle_sell_ids":[],"exclude_global_add_ons":[],"addons":[],"acf":[],"_links":{"self":[{"href":"https:\/\/kraftwerk-shop.cc\/cs\/wp-json\/wp\/v2\/product\/68302291","targetHints":{"allow":["GET"]}}],"collection":[{"href":"https:\/\/kraftwerk-shop.cc\/cs\/wp-json\/wp\/v2\/product"}],"about":[{"href":"https:\/\/kraftwerk-shop.cc\/cs\/wp-json\/wp\/v2\/types\/product"}],"replies":[{"embeddable":true,"href":"https:\/\/kraftwerk-shop.cc\/cs\/wp-json\/wp\/v2\/comments?post=68302291"}],"version-history":[{"count":0,"href":"https:\/\/kraftwerk-shop.cc\/cs\/wp-json\/wp\/v2\/product\/68302291\/revisions"}],"wp:featuredmedia":[{"embeddable":true,"href":"https:\/\/kraftwerk-shop.cc\/cs\/wp-json\/wp\/v2\/media\/68302293"}],"wp:attachment":[{"href":"https:\/\/kraftwerk-shop.cc\/cs\/wp-json\/wp\/v2\/media?parent=68302291"}],"wp:term":[{"taxonomy":"product_brand","embeddable":true,"href":"https:\/\/kraftwerk-shop.cc\/cs\/wp-json\/wp\/v2\/product_brand?post=68302291"},{"taxonomy":"product_cat","embeddable":true,"href":"https:\/\/kraftwerk-shop.cc\/cs\/wp-json\/wp\/v2\/product_cat?post=68302291"},{"taxonomy":"product_tag","embeddable":true,"href":"https:\/\/kraftwerk-shop.cc\/cs\/wp-json\/wp\/v2\/product_tag?post=68302291"}],"curies":[{"name":"wp","href":"https:\/\/api.w.org\/{rel}","templated":true}]}}