{"id":68302318,"date":"2024-06-23T00:25:59","date_gmt":"2024-06-22T22:25:59","guid":{"rendered":"https:\/\/kraftwerk-shop.cc\/?post_type=product&#038;p=68302318"},"modified":"2026-02-15T01:09:55","modified_gmt":"2026-02-15T00:09:55","slug":"kooks-sberne-vyfukove-potrubi-challenger-57","status":"publish","type":"product","link":"https:\/\/kraftwerk-shop.cc\/cs\/produkt\/kooks-shorty-kruemmer-challenger-57\/","title":{"rendered":"Kooks 1-7\/8\u2033 Super Street Shorty kolektor Challenger 5.7"},"content":{"rendered":"<h1>Rozvodn\u00e9 potrub\u00ed Kooks 1-7\/8\u2033 Super Street Shorty pro Dodge Challenger 5.7<\/h1>\n<p>&nbsp;<\/p>\n<p><strong>Vlastnosti:<\/strong><\/p>\n<ul>\n<li>Vyrobeno z nerezov\u00e9 oceli 304<\/li>\n<li>1-7\/8\u2033 prim\u00e1rn\u00ed trubky s porty ve tvaru D<\/li>\n<li>P\u0159ipojen\u00ed ke katalyz\u00e1tor\u016fm OEM<\/li>\n<li>V\u010detn\u011b t\u011bsn\u011bn\u00ed a mont\u00e1\u017en\u00ed sady<\/li>\n<li>Nejsou pot\u0159eba \u017e\u00e1dn\u00e9 dal\u0161\u00ed d\u00edly<\/li>\n<\/ul>\n<p>Tyto rozvody pro Dodge Challenger 5.7 zlep\u0161uj\u00ed sm\u011brov\u00e1n\u00ed v\u00fdfukov\u00fdch plyn\u016f a zvy\u0161uj\u00ed v\u00fdkon motoru bez nutnosti lad\u011bn\u00ed motoru.<\/p>\n<p>&nbsp;<\/p>\n<p>&nbsp;<\/p>\n<p><strong>Vhodn\u00e9 pro:<\/strong><\/p>\n<table width=\"437\">\n<tbody>\n<tr>\n<td width=\"83\"><strong>Zna\u010dka<\/strong><\/td>\n<td width=\"122\"><strong>Model<\/strong><\/td>\n<td width=\"136\"><strong>Motor<\/strong><\/td>\n<td width=\"96\"><strong>Rok v\u00fdstavby<\/strong><\/td>\n<\/tr>\n<tr>\n<td>Dodge<\/td>\n<td>Challenger<\/td>\n<td>5.7<\/td>\n<td width=\"96\">2009\u20132023<\/td>\n<\/tr>\n<\/tbody>\n<\/table>\n<p>&nbsp;<\/p>\n<p><strong>O spole\u010dnosti Kooks<\/strong><\/p>\n<p>V\u00fdfukov\u00e9 potrub\u00ed a v\u00fdfukov\u00e9 syst\u00e9my Kooks jsou ji\u017e v\u00edce ne\u017e 50 let \u0161pi\u010dkou na trhu. Od roku 1962 se spole\u010dnost Kooks py\u0161n\u00ed nab\u00eddkou nejlep\u0161\u00edch hlav a kompletn\u00edch v\u00fdfukov\u00fdch syst\u00e9m\u016f pro silni\u010dn\u00ed, z\u00e1vodn\u00ed i off-road pou\u017eit\u00ed. Vozidla s hlavami a v\u00fdfukov\u00fdmi syst\u00e9my Kooks vyhr\u00e1la stovky \u0161ampion\u00e1t\u016f a vytvo\u0159ila nespo\u010det rekord\u016f v NHRA, IHRA, NMCA, NMRA, NASCAR, NASA, SCCA a mnoha dal\u0161\u00edch z\u00e1vodn\u00edch organizac\u00edch.<br \/>\nV\u0161echny v\u00fdrobky Kooks se vyr\u00e1b\u011bj\u00ed ru\u010dn\u011b v USA a spole\u010dnost Kooks je hrd\u00e1 na to, \u017ee je st\u00e1le nez\u00e1visl\u00e1.<br \/>\nNezapome\u0148te: \"Get Kookin with KOOKS!\"<\/p>\n<p>&nbsp;<\/p>","protected":false},"excerpt":{"rendered":"<p>2009\u20132023<\/p>","protected":false},"featured_media":68302322,"comment_status":"open","ping_status":"closed","template":"","meta":{"_acf_changed":false},"product_brand":[17172],"product_cat":[6603],"product_tag":[52,7019,91,546,48,3853,543,549,126,20273,544,2447,36,550,3340,7020,7021],"class_list":{"0":"post-68302318","1":"product","2":"type-product","3":"status-publish","4":"has-post-thumbnail","6":"product_brand-kooks","7":"product_cat-challenger-57-abgaskruemmer-katalysatoren","8":"product_tag-300c","9":"product_tag-7019","10":"product_tag-5-7","11":"product_tag-auspuff","12":"product_tag-chrysler","13":"product_tag-dodge-challenger","14":"product_tag-faecherkruemmer","15":"product_tag-header","16":"product_tag-hemi","17":"product_tag-keintuev","18":"product_tag-kooks","19":"product_tag-kooks-headers","20":"product_tag-kraftwerk","21":"product_tag-kruemmer","22":"product_tag-shorty","23":"product_tag-super-street","24":"product_tag-super-street-series","25":"product_shipping_class-paket-l","27":"first","28":"onbackorder","29":"taxable","30":"shipping-taxable","31":"purchasable","32":"product-type-simple"},"bundled_by":[],"bundle_stock_status":"onbackorder","bundle_stock_quantity":0,"bundle_virtual":false,"bundle_layout":"","bundle_add_to_cart_form_location":"","bundle_editable_in_cart":false,"bundle_sold_individually_context":"","bundle_item_grouping":"","bundle_min_size":"","bundle_max_size":"","bundle_price":[],"bundled_items":[],"bundle_sell_ids":[],"exclude_global_add_ons":[],"addons":[],"acf":[],"_links":{"self":[{"href":"https:\/\/kraftwerk-shop.cc\/cs\/wp-json\/wp\/v2\/product\/68302318","targetHints":{"allow":["GET"]}}],"collection":[{"href":"https:\/\/kraftwerk-shop.cc\/cs\/wp-json\/wp\/v2\/product"}],"about":[{"href":"https:\/\/kraftwerk-shop.cc\/cs\/wp-json\/wp\/v2\/types\/product"}],"replies":[{"embeddable":true,"href":"https:\/\/kraftwerk-shop.cc\/cs\/wp-json\/wp\/v2\/comments?post=68302318"}],"version-history":[{"count":0,"href":"https:\/\/kraftwerk-shop.cc\/cs\/wp-json\/wp\/v2\/product\/68302318\/revisions"}],"wp:featuredmedia":[{"embeddable":true,"href":"https:\/\/kraftwerk-shop.cc\/cs\/wp-json\/wp\/v2\/media\/68302322"}],"wp:attachment":[{"href":"https:\/\/kraftwerk-shop.cc\/cs\/wp-json\/wp\/v2\/media?parent=68302318"}],"wp:term":[{"taxonomy":"product_brand","embeddable":true,"href":"https:\/\/kraftwerk-shop.cc\/cs\/wp-json\/wp\/v2\/product_brand?post=68302318"},{"taxonomy":"product_cat","embeddable":true,"href":"https:\/\/kraftwerk-shop.cc\/cs\/wp-json\/wp\/v2\/product_cat?post=68302318"},{"taxonomy":"product_tag","embeddable":true,"href":"https:\/\/kraftwerk-shop.cc\/cs\/wp-json\/wp\/v2\/product_tag?post=68302318"}],"curies":[{"name":"wp","href":"https:\/\/api.w.org\/{rel}","templated":true}]}}