{"id":68302487,"date":"2024-06-28T00:11:43","date_gmt":"2024-06-27T22:11:43","guid":{"rendered":"https:\/\/kraftwerk-shop.cc\/?post_type=product&#038;p=68302487"},"modified":"2026-02-15T01:10:53","modified_gmt":"2026-02-15T00:10:53","slug":"nahradni-vzduchovy-filtr-sbaf57-jlt-sani-studeneho-vzduchu","status":"publish","type":"product","link":"https:\/\/kraftwerk-shop.cc\/cs\/produkt\/ersatzluftfilter-sbaf57-jlt-cold-air-intake\/","title":{"rendered":"N\u00e1hradn\u00ed vzduchov\u00fd filtr SBAF57-R pro s\u00e1n\u00ed studen\u00e9ho vzduchu JLT"},"content":{"rendered":"<h1>N\u00e1hradn\u00ed vzduchov\u00fd filtr 5 x 7\u2033 SBAF57-R pro s\u00e1n\u00ed studen\u00e9ho vzduchu JLT<\/h1>\n<p>Omyvateln\u00fd, p\u0159edolejovan\u00fd n\u00e1hradn\u00ed vzduchov\u00fd filtr.<\/p>\n<p>&nbsp;<\/p>\n<p><strong>Vhodn\u00e9 pro s\u00e1n\u00ed studen\u00e9ho vzduchu JLT:<\/strong><\/p>\n<table width=\"388\">\n<tbody>\n<tr>\n<td width=\"97\"><strong>Rok v\u00fdstavby<\/strong><\/td>\n<td width=\"97\"><strong>Zna\u010dka<\/strong><\/td>\n<td width=\"97\"><strong>Model<\/strong><\/td>\n<td width=\"97\"><strong>Motor<\/strong><\/td>\n<\/tr>\n<tr>\n<td width=\"97\">2015-2021<\/td>\n<td width=\"97\">Ford<\/td>\n<td width=\"97\">Mustang EcoBoost<\/td>\n<td width=\"97\">2.3L<\/td>\n<\/tr>\n<tr>\n<td width=\"97\">2015-2021<\/td>\n<td width=\"97\">Dodge<\/td>\n<td width=\"97\">Charger Hellcat<\/td>\n<td width=\"97\">6.2L<\/td>\n<\/tr>\n<tr>\n<td width=\"97\">2011-2021<\/td>\n<td width=\"97\">Dodge<\/td>\n<td width=\"97\">Challenger<\/td>\n<td width=\"97\">6.4L<\/td>\n<\/tr>\n<tr>\n<td width=\"97\">2011-2021<\/td>\n<td width=\"97\">Dodge<\/td>\n<td width=\"97\">Charger<\/td>\n<td width=\"97\">6.4L<\/td>\n<\/tr>\n<tr>\n<td width=\"97\">2011-2021<\/td>\n<td width=\"97\">Dodge<\/td>\n<td width=\"97\">Challenger<\/td>\n<td width=\"97\">5.7L<\/td>\n<\/tr>\n<tr>\n<td width=\"97\">2011-2021<\/td>\n<td width=\"97\">Dodge<\/td>\n<td width=\"97\">Charger<\/td>\n<td width=\"97\">5.7L<\/td>\n<\/tr>\n<tr>\n<td width=\"97\">2011-2021<\/td>\n<td width=\"97\">Chrysler<\/td>\n<td width=\"97\">300C<\/td>\n<td width=\"97\">5.7L<\/td>\n<\/tr>\n<tr>\n<td width=\"97\">2018-2021<\/td>\n<td width=\"97\">Dodge<\/td>\n<td width=\"97\">Durango SRT<\/td>\n<td width=\"97\">6.4L<\/td>\n<\/tr>\n<tr>\n<td width=\"97\">2018-2021<\/td>\n<td width=\"97\">Jeep<\/td>\n<td width=\"97\">Trackhawk<\/td>\n<td width=\"97\">6.2L<\/td>\n<\/tr>\n<tr>\n<td width=\"97\">2012-2021<\/td>\n<td width=\"97\">Jeep<\/td>\n<td width=\"97\">Grand Cherokee SRT<\/td>\n<td width=\"97\">6.4L<\/td>\n<\/tr>\n<tr>\n<td width=\"97\">2012-2015<\/td>\n<td width=\"97\">Chevrolet<\/td>\n<td width=\"97\">Camaro ZL1<\/td>\n<td width=\"97\">6.2L<\/td>\n<\/tr>\n<tr>\n<td width=\"97\">2017-2021<\/td>\n<td width=\"97\">Chevrolet<\/td>\n<td width=\"97\">Camaro ZL1<\/td>\n<td width=\"97\">6.2L<\/td>\n<\/tr>\n<tr>\n<td width=\"97\">2011-2014<\/td>\n<td width=\"97\">Chrysler<\/td>\n<td width=\"97\">300C<\/td>\n<td width=\"97\">6.4L<\/td>\n<\/tr>\n<tr>\n<td width=\"97\">2011-2021<\/td>\n<td width=\"97\">Ford<\/td>\n<td width=\"97\">Mustang GT<\/td>\n<td width=\"97\">5.0L<\/td>\n<\/tr>\n<tr>\n<td width=\"97\">2015-2018<\/td>\n<td width=\"97\">Dodge<\/td>\n<td width=\"97\">Challenger Hellcat<\/td>\n<td width=\"97\">6.2L<\/td>\n<\/tr>\n<tr>\n<td width=\"97\">2012-2013<\/td>\n<td width=\"97\">Ford<\/td>\n<td width=\"97\">Mustang Boss 302<\/td>\n<td width=\"97\">5.0L<\/td>\n<\/tr>\n<tr>\n<td width=\"97\">2015-2020<\/td>\n<td width=\"97\">Ford<\/td>\n<td width=\"97\">F-150<\/td>\n<td width=\"97\">2.7L Ecoboost<\/td>\n<\/tr>\n<tr>\n<td width=\"97\">2015-2020<\/td>\n<td width=\"97\">Ford<\/td>\n<td width=\"97\">F-150<\/td>\n<td width=\"97\">3,5 l Ecoboost<\/td>\n<\/tr>\n<tr>\n<td width=\"97\">2015-2020<\/td>\n<td width=\"97\">Ford<\/td>\n<td width=\"97\">F-150 Raptor<\/td>\n<td width=\"97\">3,5 l Ecoboost<\/td>\n<\/tr>\n<tr>\n<td width=\"97\">2015-2020<\/td>\n<td width=\"97\">Ford<\/td>\n<td width=\"97\">Mustang GT350<\/td>\n<td width=\"97\">5.2L<\/td>\n<\/tr>\n<tr>\n<td width=\"97\">2007-2014<\/td>\n<td width=\"97\">Ford<\/td>\n<td width=\"97\">Mustang GT500<\/td>\n<td width=\"97\">5.4L<\/td>\n<\/tr>\n<tr>\n<td width=\"97\">2021<\/td>\n<td width=\"97\">Dodge<\/td>\n<td width=\"97\">Durango Hellcat<\/td>\n<td width=\"97\">6.2L<\/td>\n<\/tr>\n<tr>\n<td width=\"97\">2016-2023<\/td>\n<td width=\"97\">Chevrolet<\/td>\n<td width=\"97\">Camaro SS<\/td>\n<td width=\"97\">6.2L<\/td>\n<\/tr>\n<tr>\n<td width=\"97\">2015-2017<\/td>\n<td width=\"97\">Ford<\/td>\n<td width=\"97\">Mustang<\/td>\n<td width=\"97\">3.7L<\/td>\n<\/tr>\n<tr>\n<td width=\"97\">2011-2020<\/td>\n<td width=\"97\">Dodge<\/td>\n<td width=\"97\">Durango RT<\/td>\n<td width=\"97\">5.7L<\/td>\n<\/tr>\n<tr>\n<td width=\"97\">2011-2020<\/td>\n<td width=\"97\">Jeep<\/td>\n<td width=\"97\">Grand Cherokee<\/td>\n<td width=\"97\">5.7L<\/td>\n<\/tr>\n<tr>\n<td width=\"97\">2010-2015<\/td>\n<td width=\"97\">Chevrolet<\/td>\n<td width=\"97\">Camaro SS<\/td>\n<td width=\"97\">6.2L<\/td>\n<\/tr>\n<tr>\n<td width=\"97\">2009-2018<\/td>\n<td width=\"97\">RAM<\/td>\n<td width=\"97\">RAM 1500<\/td>\n<td width=\"97\">5.7L<\/td>\n<\/tr>\n<\/tbody>\n<\/table>","protected":false},"excerpt":{"rendered":"<p>N\u00e1hradn\u00ed vzduchov\u00fd filtr 5 x 7\u2033 SBAF57-R pro s\u00e1n\u00ed studen\u00e9ho vzduchu JLT Omyvateln\u00fd, p\u0159edolejovan\u00fd n\u00e1hradn\u00ed vzduchov\u00fd filtr.   Vhodn\u00fd pro s\u00e1n\u00ed studen\u00e9ho vzduchu JLT:<\/p>","protected":false},"featured_media":68302488,"comment_status":"open","ping_status":"closed","template":"","meta":{"_acf_changed":false},"product_brand":[17168],"product_cat":[10262],"product_tag":[3853],"class_list":{"0":"post-68302487","1":"product","2":"type-product","3":"status-publish","4":"has-post-thumbnail","6":"product_brand-jlt","7":"product_cat-alle-produkte","8":"product_tag-dodge-challenger","10":"first","11":"instock","12":"taxable","13":"shipping-taxable","14":"purchasable","15":"product-type-simple"},"bundled_by":[],"bundle_stock_status":"instock","bundle_stock_quantity":4,"bundle_virtual":false,"bundle_layout":"","bundle_add_to_cart_form_location":"","bundle_editable_in_cart":false,"bundle_sold_individually_context":"","bundle_item_grouping":"","bundle_min_size":"","bundle_max_size":"","bundle_price":[],"bundled_items":[],"bundle_sell_ids":[],"exclude_global_add_ons":[],"addons":[],"acf":[],"_links":{"self":[{"href":"https:\/\/kraftwerk-shop.cc\/cs\/wp-json\/wp\/v2\/product\/68302487","targetHints":{"allow":["GET"]}}],"collection":[{"href":"https:\/\/kraftwerk-shop.cc\/cs\/wp-json\/wp\/v2\/product"}],"about":[{"href":"https:\/\/kraftwerk-shop.cc\/cs\/wp-json\/wp\/v2\/types\/product"}],"replies":[{"embeddable":true,"href":"https:\/\/kraftwerk-shop.cc\/cs\/wp-json\/wp\/v2\/comments?post=68302487"}],"version-history":[{"count":0,"href":"https:\/\/kraftwerk-shop.cc\/cs\/wp-json\/wp\/v2\/product\/68302487\/revisions"}],"wp:featuredmedia":[{"embeddable":true,"href":"https:\/\/kraftwerk-shop.cc\/cs\/wp-json\/wp\/v2\/media\/68302488"}],"wp:attachment":[{"href":"https:\/\/kraftwerk-shop.cc\/cs\/wp-json\/wp\/v2\/media?parent=68302487"}],"wp:term":[{"taxonomy":"product_brand","embeddable":true,"href":"https:\/\/kraftwerk-shop.cc\/cs\/wp-json\/wp\/v2\/product_brand?post=68302487"},{"taxonomy":"product_cat","embeddable":true,"href":"https:\/\/kraftwerk-shop.cc\/cs\/wp-json\/wp\/v2\/product_cat?post=68302487"},{"taxonomy":"product_tag","embeddable":true,"href":"https:\/\/kraftwerk-shop.cc\/cs\/wp-json\/wp\/v2\/product_tag?post=68302487"}],"curies":[{"name":"wp","href":"https:\/\/api.w.org\/{rel}","templated":true}]}}