{"id":68302536,"date":"2024-06-29T18:12:37","date_gmt":"2024-06-29T16:12:37","guid":{"rendered":"https:\/\/kraftwerk-shop.cc\/?post_type=product&#038;p=68302536"},"modified":"2026-03-30T14:25:29","modified_gmt":"2026-03-30T12:25:29","slug":"brzdove-desticky-mopar-68501808ab","status":"publish","type":"product","link":"https:\/\/kraftwerk-shop.cc\/cs\/produkt\/mopar-bremsbelaege-68501808ab\/","title":{"rendered":"Brzdov\u00e9 desti\u010dky Mopar SRT a Hellcat (68501808AB)"},"content":{"rendered":"<h1>Origin\u00e1ln\u00ed brzdov\u00e9 desti\u010dky Mopar pro SRT a Hellcat (zadn\u00ed n\u00e1prava)<\/h1>\n<p>&nbsp;<\/p>\n<p><strong>\u010c\u00edslo d\u00edlu Mopar:<\/strong> 68501808AB<br \/>\n<strong>Nahrazeno:<\/strong> 68501808AA<\/p>\n<p>&nbsp;<\/p>\n<p><strong>Vhodn\u00e9 pro:<\/strong><\/p>\n<table width=\"734\">\n<tbody>\n<tr>\n<td width=\"209\"><strong>Zna\u010dka<\/strong><\/td>\n<td width=\"133\"><strong>Model<\/strong><\/td>\n<td width=\"206\"><strong>Motor<\/strong><\/td>\n<td width=\"186\"><strong>Rok v\u00fdstavby<\/strong><\/td>\n<\/tr>\n<tr>\n<td width=\"209\">Chrysler<\/td>\n<td width=\"133\">300C<\/td>\n<td width=\"206\">6.4<\/td>\n<td width=\"186\">2021\u20132023<\/td>\n<\/tr>\n<tr>\n<td width=\"209\">Dodge<\/td>\n<td width=\"133\">Charger<\/td>\n<td width=\"206\">6.2 Hellcat<\/td>\n<td width=\"186\">2021\u20132023<\/td>\n<\/tr>\n<tr>\n<td width=\"209\">Dodge<\/td>\n<td width=\"133\">Challenger<\/td>\n<td width=\"206\">6.2 Hellcat<\/td>\n<td width=\"186\">2021\u20132023<\/td>\n<\/tr>\n<tr>\n<td width=\"209\">Dodge<\/td>\n<td width=\"133\">Charger<\/td>\n<td width=\"206\">6.4<\/td>\n<td width=\"186\">2021\u20132023<\/td>\n<\/tr>\n<tr>\n<td width=\"209\">Dodge<\/td>\n<td width=\"133\">Challenger<\/td>\n<td width=\"206\">6.4<\/td>\n<td width=\"186\">2021\u20132023<\/td>\n<\/tr>\n<\/tbody>\n<\/table>\n<p>Cena se vztahuje na 1 sadu pro kompletn\u00ed zadn\u00ed n\u00e1pravu.<\/p>\n<p>&nbsp;<\/p>","protected":false},"excerpt":{"rendered":"<p>Origin\u00e1ln\u00ed d\u00edl Mopar, 2021 - 2023<\/p>","protected":false},"featured_media":68302539,"comment_status":"open","ping_status":"closed","template":"","meta":{"_acf_changed":false},"product_brand":[16270],"product_cat":[17736,17692,17688,17760,17764],"product_tag":[52,7036,7035,832,838,590,10803,795,839,840,54,53,48,49,3853,3854,692,100,798,799,36,31,8813,9424,16271,16273,16275,16272,16274,7221,34,794,96,673],"class_list":{"0":"post-68302536","1":"product","2":"type-product","3":"status-publish","4":"has-post-thumbnail","6":"product_brand-mopar","7":"product_cat-300c-64-bremsbelaege-hinten","8":"product_cat-challenger-hellcat-bremsbelaege-hinten","9":"product_cat-challenger-64-bremsbelaege-hinten","10":"product_cat-charger-hellcat-bremsbelaege-hinten","11":"product_cat-charger-64-bremsbelaege-hinten","12":"product_tag-300c","13":"product_tag-68501808aa","14":"product_tag-68501808ab","15":"product_tag-brembo","16":"product_tag-bremsbelag","17":"product_tag-bremsbelaege","18":"product_tag-bremsbelaege-fuer-dodge-challenger-6-4","19":"product_tag-bremse","20":"product_tag-bremsklotz","21":"product_tag-bremskloetze","22":"product_tag-challenger","23":"product_tag-charger","24":"product_tag-chrysler","25":"product_tag-dodge","26":"product_tag-dodge-challenger","27":"product_tag-dodge-charger","28":"product_tag-ersatzteil","29":"product_tag-hellcat","30":"product_tag-hinten","31":"product_tag-hinterachse","32":"product_tag-kraftwerk","33":"product_tag-mopar","34":"product_tag-mopar-autoteile","35":"product_tag-mopar-ersatzteile","36":"product_tag-mopar-ersatzteile-kaufen","37":"product_tag-mopar-performance-teile","38":"product_tag-mopar-teile-katalog","39":"product_tag-mopar-teile-online","40":"product_tag-mopar-tuningteile","41":"product_tag-mopar10","42":"product_tag-original","43":"product_tag-premium","44":"product_tag-srt","45":"product_tag-zubehoer","47":"first","48":"instock","49":"taxable","50":"shipping-taxable","51":"purchasable","52":"product-type-simple"},"bundled_by":[],"bundle_stock_status":"instock","bundle_stock_quantity":1,"bundle_virtual":false,"bundle_layout":"","bundle_add_to_cart_form_location":"","bundle_editable_in_cart":false,"bundle_sold_individually_context":"","bundle_item_grouping":"","bundle_min_size":"","bundle_max_size":"","bundle_price":[],"bundled_items":[],"bundle_sell_ids":[],"exclude_global_add_ons":[],"addons":[],"acf":[],"_links":{"self":[{"href":"https:\/\/kraftwerk-shop.cc\/cs\/wp-json\/wp\/v2\/product\/68302536","targetHints":{"allow":["GET"]}}],"collection":[{"href":"https:\/\/kraftwerk-shop.cc\/cs\/wp-json\/wp\/v2\/product"}],"about":[{"href":"https:\/\/kraftwerk-shop.cc\/cs\/wp-json\/wp\/v2\/types\/product"}],"replies":[{"embeddable":true,"href":"https:\/\/kraftwerk-shop.cc\/cs\/wp-json\/wp\/v2\/comments?post=68302536"}],"version-history":[{"count":0,"href":"https:\/\/kraftwerk-shop.cc\/cs\/wp-json\/wp\/v2\/product\/68302536\/revisions"}],"wp:featuredmedia":[{"embeddable":true,"href":"https:\/\/kraftwerk-shop.cc\/cs\/wp-json\/wp\/v2\/media\/68302539"}],"wp:attachment":[{"href":"https:\/\/kraftwerk-shop.cc\/cs\/wp-json\/wp\/v2\/media?parent=68302536"}],"wp:term":[{"taxonomy":"product_brand","embeddable":true,"href":"https:\/\/kraftwerk-shop.cc\/cs\/wp-json\/wp\/v2\/product_brand?post=68302536"},{"taxonomy":"product_cat","embeddable":true,"href":"https:\/\/kraftwerk-shop.cc\/cs\/wp-json\/wp\/v2\/product_cat?post=68302536"},{"taxonomy":"product_tag","embeddable":true,"href":"https:\/\/kraftwerk-shop.cc\/cs\/wp-json\/wp\/v2\/product_tag?post=68302536"}],"curies":[{"name":"wp","href":"https:\/\/api.w.org\/{rel}","templated":true}]}}