{"id":68304110,"date":"2024-07-14T14:06:46","date_gmt":"2024-07-14T12:06:46","guid":{"rendered":"https:\/\/kraftwerk-shop.cc\/?post_type=product&#038;p=68304110"},"modified":"2026-03-24T05:36:58","modified_gmt":"2026-03-24T04:36:58","slug":"jlt-sani-studeneho-vzduchu-challenger-64","status":"publish","type":"product","link":"https:\/\/kraftwerk-shop.cc\/cs\/produkt\/jlt-cold-air-intake-challenger-64\/","title":{"rendered":"S\u00e1n\u00ed studen\u00e9ho vzduchu JLT Challenger 6.4"},"content":{"rendered":"<h1>JLT Cold Air Intake System \/ sportovn\u00ed vzduchov\u00fd filtr CAI-75-5185 pro Dodge Challenger 6.4 (2015 - 2023)<\/h1>\n<p>&nbsp;<\/p>\n<p><strong>Velk\u00fd vzduchov\u00fd filtr<\/strong><br \/>\nVelkoryse dimenzovan\u00fd vzduchov\u00fd filtr umo\u017e\u0148uje v\u011bt\u0161\u00ed pr\u016ftok vzduchu ne\u017e standardn\u00ed filtr.<br \/>\nVzduchov\u00fd filtr se skl\u00e1d\u00e1 z bavln\u011bn\u00e9ho filtra\u010dn\u00edho materi\u00e1lu, kter\u00fd je sm\u00e1\u010den speci\u00e1ln\u00edm filtra\u010dn\u00edm olejem a lze jej vym\u00fdvat. T\u00edm se maximalizuje kapacita a v\u00fdkon filtru.<\/p>\n<p><strong>Sac\u00ed potrub\u00ed<\/strong><br \/>\nSac\u00ed potrub\u00ed je vyrobeno z rota\u010dn\u011b tvarovan\u00e9ho plastu s velk\u00fdm filtra\u010dn\u00edm otvorem, kter\u00fd zaji\u0161\u0165uje vynikaj\u00edc\u00ed pr\u016ftok vzduchu a NEH\u0158EJE se jako u kovov\u00fdch potrub\u00ed.<\/p>\n<p><strong>Kryt vzduchov\u00e9ho filtru<\/strong><\/p>\n<p>Airbox JLT izoluje teplo, kter\u00e9 ub\u00edr\u00e1 motoru na v\u00fdkonu, t\u00edm, \u017ee t\u011bsn\u00ed sm\u011brem nahoru ke standardn\u00ed kapot\u011b a vyu\u017e\u00edv\u00e1 v\u0161echny dostupn\u00e9 p\u0159\u00edvody vzduchu. Zes\u00ed\u0165ovan\u00fd polyethylenov\u00fd materi\u00e1l boxu a potrub\u00ed udr\u017euje chladn\u00fd vzduch proud\u00edc\u00ed k motoru. Velk\u00fd vzduchov\u00fd filtr a potrub\u00ed vytv\u00e1\u0159ej\u00ed agresivn\u011bj\u0161\u00ed zvuk ne\u017e s\u00e9riov\u00fd vzduchov\u00fd filtr.<\/p>\n<p>&nbsp;<\/p>\n<p><strong>Vysoce kvalitn\u00ed instala\u010dn\u00ed materi\u00e1l<\/strong><\/p>\n<ul>\n<li>Sac\u00ed potrub\u00ed z lisovan\u00e9ho plastu JLT Roto<\/li>\n<li>Silikonov\u00fd reduktor<\/li>\n<li>Vzduchov\u00fd filtr S&amp;B Powerstack<\/li>\n<li>Kryt vzduchov\u00e9ho filtru ABS<\/li>\n<li>HD svorky, v\u0161echny pot\u0159ebn\u00e9 d\u00edly<\/li>\n<\/ul>\n<p>&nbsp;<\/p>\n<p>&nbsp;<\/p>\n<p><strong>Vhodn\u00e9 pro:<\/strong><\/p>\n<table width=\"506\">\n<tbody>\n<tr>\n<td width=\"83\"><strong>Rok v\u00fdstavby<\/strong><\/td>\n<td width=\"135\"><strong>Zna\u010dka<\/strong><\/td>\n<td width=\"179\"><strong>Model<\/strong><\/td>\n<td width=\"109\"><strong>Motor<\/strong><\/td>\n<\/tr>\n<tr>\n<td width=\"83\">2015\u20132023<\/td>\n<td width=\"135\">Dodge<\/td>\n<td width=\"179\">Challenger<\/td>\n<td width=\"109\">V8 6,4 L<\/td>\n<\/tr>\n<\/tbody>\n<\/table>\n<p>&nbsp;<\/p>\n<p><iframe loading=\"lazy\" title=\"P\u0159ehr\u00e1va\u010d vide\u00ed YouTube\" src=\"https:\/\/www.youtube.com\/embed\/1lOscAxD0zI?si=3P9jr8a-VCo3LDDx\" width=\"1120\" height=\"630\" frameborder=\"0\" allowfullscreen=\"allowfullscreen\"><span style=\"display: inline-block; width: 0px; overflow: hidden; line-height: 0;\" data-mce-type=\"bookmark\" class=\"mce_SELRES_start\"><\/span><\/iframe><\/p>\n<p>&nbsp;<\/p>","protected":false},"excerpt":{"rendered":"<p>2015\u20132023<\/p>","protected":false},"featured_media":68304361,"comment_status":"open","ping_status":"closed","template":"","meta":{"_acf_changed":false},"product_brand":[17168],"product_cat":[2512],"product_tag":[249,250,251,252,419,420,2066,2373,4526,52,217,93,826,824,7047,54,53,48,536,825,49,3853,3854,1094,1093,2444,20273,57,500,96],"class_list":{"0":"post-68304110","1":"product","2":"type-product","3":"status-publish","4":"has-post-thumbnail","6":"product_brand-jlt","7":"product_cat-challenger-64-ansaugung","8":"product_tag-249","9":"product_tag-250","10":"product_tag-251","11":"product_tag-252","12":"product_tag-419","13":"product_tag-420","14":"product_tag-2066","15":"product_tag-2373","16":"product_tag-4526","17":"product_tag-300c","18":"product_tag-217","19":"product_tag-6-4","20":"product_tag-ansaugung","21":"product_tag-cai","22":"product_tag-cai-75-5185","23":"product_tag-challenger","24":"product_tag-charger","25":"product_tag-chrysler","26":"product_tag-chrysler-300c","27":"product_tag-cold-air-intake","28":"product_tag-dodge","29":"product_tag-dodge-challenger","30":"product_tag-dodge-charger","31":"product_tag-intake","32":"product_tag-jlt","33":"product_tag-jlt-performance","34":"product_tag-keintuev","35":"product_tag-luftfilter","36":"product_tag-sportluftfilter","37":"product_tag-srt","39":"first","40":"instock","41":"taxable","42":"shipping-taxable","43":"purchasable","44":"product-type-simple"},"bundled_by":[],"bundle_stock_status":"instock","bundle_stock_quantity":4,"bundle_virtual":false,"bundle_layout":"","bundle_add_to_cart_form_location":"","bundle_editable_in_cart":false,"bundle_sold_individually_context":"","bundle_item_grouping":"","bundle_min_size":"","bundle_max_size":"","bundle_price":[],"bundled_items":[],"bundle_sell_ids":[],"exclude_global_add_ons":[],"addons":[],"acf":[],"_links":{"self":[{"href":"https:\/\/kraftwerk-shop.cc\/cs\/wp-json\/wp\/v2\/product\/68304110","targetHints":{"allow":["GET"]}}],"collection":[{"href":"https:\/\/kraftwerk-shop.cc\/cs\/wp-json\/wp\/v2\/product"}],"about":[{"href":"https:\/\/kraftwerk-shop.cc\/cs\/wp-json\/wp\/v2\/types\/product"}],"replies":[{"embeddable":true,"href":"https:\/\/kraftwerk-shop.cc\/cs\/wp-json\/wp\/v2\/comments?post=68304110"}],"version-history":[{"count":0,"href":"https:\/\/kraftwerk-shop.cc\/cs\/wp-json\/wp\/v2\/product\/68304110\/revisions"}],"wp:featuredmedia":[{"embeddable":true,"href":"https:\/\/kraftwerk-shop.cc\/cs\/wp-json\/wp\/v2\/media\/68304361"}],"wp:attachment":[{"href":"https:\/\/kraftwerk-shop.cc\/cs\/wp-json\/wp\/v2\/media?parent=68304110"}],"wp:term":[{"taxonomy":"product_brand","embeddable":true,"href":"https:\/\/kraftwerk-shop.cc\/cs\/wp-json\/wp\/v2\/product_brand?post=68304110"},{"taxonomy":"product_cat","embeddable":true,"href":"https:\/\/kraftwerk-shop.cc\/cs\/wp-json\/wp\/v2\/product_cat?post=68304110"},{"taxonomy":"product_tag","embeddable":true,"href":"https:\/\/kraftwerk-shop.cc\/cs\/wp-json\/wp\/v2\/product_tag?post=68304110"}],"curies":[{"name":"wp","href":"https:\/\/api.w.org\/{rel}","templated":true}]}}