{"id":68304133,"date":"2024-07-16T12:33:41","date_gmt":"2024-07-16T10:33:41","guid":{"rendered":"https:\/\/kraftwerk-shop.cc\/?post_type=product&#038;p=68304133"},"modified":"2026-02-15T01:10:47","modified_gmt":"2026-02-15T00:10:47","slug":"mbrp-s5151al-sportovni-vyfuk-ram-2500","status":"publish","type":"product","link":"https:\/\/kraftwerk-shop.cc\/cs\/produkt\/mbrp-s5151al-sportauspuff-ram-2500\/","title":{"rendered":"V\u00fdfukov\u00fd syst\u00e9m MBRP Race Profile Cat-Back Dual Side RAM 2500 6.4 HEMI"},"content":{"rendered":"<h1>V\u00fdfukov\u00fd syst\u00e9m MBRP Race Profile Cat-Back Dual Side pro RAM 2500 6.4<\/h1>\n<p>&nbsp;<\/p>\n<p>S v\u00fdfukov\u00fdm syst\u00e9mem MBRP Race Profile uvoln\u00edte ten nejagresivn\u011bj\u0161\u00ed zvuk sv\u00e9ho vozidla. Oto\u010dte hlavu poka\u017ed\u00e9, kdy\u017e se\u0161l\u00e1pnete plyn. Va\u0161e vozidlo bude zn\u00edt, jako by pat\u0159ilo na z\u00e1vodn\u00ed okruh.<\/p>\n<p>Tento v\u00fdfukov\u00fd syst\u00e9m MBRP je vylad\u011bn\u00fd a navr\u017een\u00fd tak, aby va\u0161emu vozidlu poskytl \u0161pi\u010dkov\u00fd v\u00fdkon. Je vyroben z odoln\u00e9 hlin\u00edkov\u00e9 oceli. Ka\u017ed\u00e1 \u010d\u00e1st potrub\u00ed je rovnom\u011brn\u011b ohnut\u00e1, aby se zv\u00fd\u0161il pr\u016ftok v\u00fdfukov\u00fdch plyn\u016f. Zadn\u00ed tlumi\u010d je navr\u017een tak, aby va\u0161emu vozidlu poskytl optim\u00e1ln\u00ed zvuk a minimalizoval protitlak. Jako bonus je tento v\u00fdfukov\u00fd syst\u00e9m dod\u00e1v\u00e1n s v\u00fdfukovou trubkou z nerezov\u00e9 oceli T-304, kter\u00e1 dopln\u00ed va\u0161i sadu.<\/p>\n<p>&nbsp;<\/p>\n<p>Instalace v\u00fdfukov\u00e9ho syst\u00e9mu MBRP je jednoduch\u00e1 a nevy\u017eaduje \u017e\u00e1dn\u00e9 sva\u0159ov\u00e1n\u00ed ani vrt\u00e1n\u00ed do vozidla. Ka\u017ed\u00fd syst\u00e9m vyu\u017e\u00edv\u00e1 st\u00e1vaj\u00edc\u00ed mont\u00e1\u017en\u00ed body.<\/p>\n<ul>\n<li>Robustn\u00ed konstrukce z hlin\u00edkov\u00e9 oceli<\/li>\n<li>Zak\u0159iven\u00e9 trubky pro zv\u00fd\u0161en\u00ed pr\u016ftoku vzduchu<\/li>\n<li>Speci\u00e1ln\u011b vylad\u011bn\u00e9 pro optim\u00e1ln\u00ed zvuk<\/li>\n<li>V\u00fdfukov\u00e9 potrub\u00ed z nerezov\u00e9 oceli T-304<\/li>\n<li>\u0160roubovac\u00ed proveden\u00ed pro snadnou instalaci<\/li>\n<\/ul>\n<p>&nbsp;<\/p>\n<p>V\u00fdfukov\u00fd syst\u00e9m MBRP S5151AL Cat-Back Dual Side je vhodn\u00fd pro n\u00e1sleduj\u00edc\u00ed modely:<\/p>\n<table width=\"449\">\n<tbody>\n<tr>\n<td width=\"115\"><strong>Zna\u010dka<\/strong><\/td>\n<td width=\"145\"><strong>Model<\/strong><\/td>\n<td width=\"106\"><strong>Motor<\/strong><\/td>\n<td width=\"83\"><strong>Rok v\u00fdstavby<\/strong><\/td>\n<\/tr>\n<tr>\n<td>RAM<\/td>\n<td>2500<\/td>\n<td>6.4 L<\/td>\n<td>2014 - 2024<\/td>\n<\/tr>\n<\/tbody>\n<\/table>\n<p>&nbsp;<\/p>","protected":false},"excerpt":{"rendered":"<p>2014\u20132024<\/p>","protected":false},"featured_media":68304136,"comment_status":"open","ping_status":"closed","template":"","meta":{"_acf_changed":false},"product_brand":[17169],"product_cat":[3024,2917],"product_tag":[248,249,250,251,252,419,420,2066,2373,4526,6297,93,1046,1035,1036,546,1037,1047,2210,429,49,662,1043,1039,1042,2786,2212,2934,126,532,529,441,20273,2211,2285,1040,2208,2286,2931,6924,328,1044,505,1181,86,7048,1045,1041,547,1034,1038,2215,233,2139,2137],"class_list":{"0":"post-68304133","1":"product","2":"type-product","3":"status-publish","4":"has-post-thumbnail","6":"product_brand-mbrp","7":"product_cat-nicht-nach-eu","8":"product_cat-2500-3500-64-abgasanlage","9":"product_tag-248","10":"product_tag-249","11":"product_tag-250","12":"product_tag-251","13":"product_tag-252","14":"product_tag-419","15":"product_tag-420","16":"product_tag-2066","17":"product_tag-2373","18":"product_tag-4526","19":"product_tag-6297","20":"product_tag-6-4","21":"product_tag-abe","22":"product_tag-abgasanlage","23":"product_tag-abgassystem","24":"product_tag-auspuff","25":"product_tag-auspuffsystem","26":"product_tag-cat-back","27":"product_tag-catback","28":"product_tag-deutschland","29":"product_tag-dodge","30":"product_tag-edelstahl","31":"product_tag-endrohr","32":"product_tag-endschalldaempfer","33":"product_tag-endtopf","34":"product_tag-exhaust","35":"product_tag-gutachten","36":"product_tag-harder","37":"product_tag-hemi","38":"product_tag-kat","39":"product_tag-katalysator","40":"product_tag-kaufen","41":"product_tag-keintuev","42":"product_tag-klang","43":"product_tag-laramie","44":"product_tag-laut","45":"product_tag-lauter","46":"product_tag-limited","47":"product_tag-mbrp","48":"product_tag-mbrp10","49":"product_tag-mds","50":"product_tag-mittelschalldaempfer","51":"product_tag-powerwagon","52":"product_tag-race","53":"product_tag-ram","54":"product_tag-s5151al","55":"product_tag-sound","56":"product_tag-sport","57":"product_tag-sportauspuff","58":"product_tag-sportauspuffanlage","59":"product_tag-sportendschalldaempfer","60":"product_tag-street","61":"product_tag-tuning","62":"product_tag-tuev","63":"product_tag-zulassung","64":"product_shipping_class-spedition-1","66":"first","67":"onbackorder","68":"taxable","69":"shipping-taxable","70":"purchasable","71":"product-type-simple"},"bundled_by":[],"bundle_stock_status":"onbackorder","bundle_stock_quantity":0,"bundle_virtual":false,"bundle_layout":"","bundle_add_to_cart_form_location":"","bundle_editable_in_cart":false,"bundle_sold_individually_context":"","bundle_item_grouping":"","bundle_min_size":"","bundle_max_size":"","bundle_price":[],"bundled_items":[],"bundle_sell_ids":[],"exclude_global_add_ons":[],"addons":[],"acf":[],"_links":{"self":[{"href":"https:\/\/kraftwerk-shop.cc\/cs\/wp-json\/wp\/v2\/product\/68304133","targetHints":{"allow":["GET"]}}],"collection":[{"href":"https:\/\/kraftwerk-shop.cc\/cs\/wp-json\/wp\/v2\/product"}],"about":[{"href":"https:\/\/kraftwerk-shop.cc\/cs\/wp-json\/wp\/v2\/types\/product"}],"replies":[{"embeddable":true,"href":"https:\/\/kraftwerk-shop.cc\/cs\/wp-json\/wp\/v2\/comments?post=68304133"}],"version-history":[{"count":0,"href":"https:\/\/kraftwerk-shop.cc\/cs\/wp-json\/wp\/v2\/product\/68304133\/revisions"}],"wp:featuredmedia":[{"embeddable":true,"href":"https:\/\/kraftwerk-shop.cc\/cs\/wp-json\/wp\/v2\/media\/68304136"}],"wp:attachment":[{"href":"https:\/\/kraftwerk-shop.cc\/cs\/wp-json\/wp\/v2\/media?parent=68304133"}],"wp:term":[{"taxonomy":"product_brand","embeddable":true,"href":"https:\/\/kraftwerk-shop.cc\/cs\/wp-json\/wp\/v2\/product_brand?post=68304133"},{"taxonomy":"product_cat","embeddable":true,"href":"https:\/\/kraftwerk-shop.cc\/cs\/wp-json\/wp\/v2\/product_cat?post=68304133"},{"taxonomy":"product_tag","embeddable":true,"href":"https:\/\/kraftwerk-shop.cc\/cs\/wp-json\/wp\/v2\/product_tag?post=68304133"}],"curies":[{"name":"wp","href":"https:\/\/api.w.org\/{rel}","templated":true}]}}