{"id":68304546,"date":"2024-07-26T20:11:36","date_gmt":"2024-07-26T18:11:36","guid":{"rendered":"https:\/\/kraftwerk-shop.cc\/?post_type=product&#038;p=68304546"},"modified":"2026-03-08T11:17:08","modified_gmt":"2026-03-08T10:17:08","slug":"afe-tlumic-apollo-ram-dt-1500","status":"publish","type":"product","link":"https:\/\/kraftwerk-shop.cc\/cs\/produkt\/afe-schalldaempfer-apollo-ram-dt-1500\/","title":{"rendered":"Tlumi\u010d aFe \"Apollo GT Series\" RAM DT 1500 5.7"},"content":{"rendered":"<h1>aFe tlumi\u010d \"Apollo GT Series\" 49C42076 pro RAM DT 1500 5.7 (2019 - 2024)<\/h1>\n<p>&nbsp;<\/p>\n<p>Pokud chcete v\u00fdfukov\u00e9mu syst\u00e9mu RAM dodat lep\u0161\u00ed zvuk, nemus\u00edte vym\u011b\u0148ovat cel\u00fd syst\u00e9m.<br \/>\nM\u016f\u017eete tak\u00e9 jednodu\u0161e pou\u017e\u00edt tento tlumi\u010d aFe.<\/p>\n<p>\u0158ada \"Apollo GT\" poskytuje hlubok\u00fd a bohat\u00fd zvuk p\u0159i volnob\u011bhu, j\u00edzd\u011b a akceleraci.<\/p>\n<p>&nbsp;<\/p>\n<ul>\n<li><strong>3\u2033 konstrukce z nerezov\u00e9 oceli 409<\/strong><br \/>\nTento tlumi\u010d v\u00fdfuku je vyroben z 3\u2033 oh\u00fdban\u00fdch trubek z nerezov\u00e9 oceli 409 pro maxim\u00e1ln\u00ed pevnost a odolnost.<\/li>\n<li><strong>Tlumi\u010d hluku z nerezov\u00e9 oceli 409 s vysok\u00fdm pr\u016ftokem<\/strong><br \/>\nTlumi\u010d z nerezov\u00e9 oceli pou\u017eit\u00fd pro tento syst\u00e9m nab\u00edz\u00ed vysok\u00fd pr\u016ftok a vyd\u00e1v\u00e1 hlubok\u00fd zvuk.<\/li>\n<li><strong>Instalace<\/strong><br \/>\nTento syst\u00e9m je vybaven p\u0159\u00edrubami a z\u00e1v\u011bsy z v\u00fdroby a lze jej p\u0159ipojit p\u0159\u00edmo, je v\u0161ak nutn\u00e9 prov\u00e9st ur\u010dit\u00e9 \u0159ez\u00e1n\u00ed.<\/li>\n<li><strong>Sva\u0159ov\u00e1n\u00ed metodou MIG<\/strong><br \/>\n100% Sva\u0159eno metodou MIG pro z\u00e1vodn\u00ed pevnost a odolnost.<\/li>\n<li><strong>Pozn\u00e1mka k ulo\u017een\u00ed<\/strong><br \/>\nHod\u00ed se jak pro jednoduch\u00e9, tak pro dvojit\u00e9 v\u00fdfukov\u00e9 syst\u00e9my z v\u00fdroby.<\/li>\n<\/ul>\n<p>&nbsp;<\/p>\n<p><strong>Vhodn\u00e9 pro:<\/strong><\/p>\n<table width=\"449\">\n<tbody>\n<tr>\n<td width=\"115\"><strong>Zna\u010dka<\/strong><\/td>\n<td width=\"145\"><strong>Model<\/strong><\/td>\n<td width=\"106\"><strong>Motor<\/strong><\/td>\n<td width=\"83\"><strong>Rok v\u00fdstavby<\/strong><\/td>\n<\/tr>\n<tr>\n<td>RAM<\/td>\n<td>1500<\/td>\n<td>5.7<\/td>\n<td>2019\u20132024<\/td>\n<\/tr>\n<\/tbody>\n<\/table>\n<p>Nevhodn\u00e9 pro Classic !<\/p>\n<p>&nbsp;<\/p>\n<p><strong>Rozsah dod\u00e1vky:<\/strong><\/p>\n<ul>\n<li>1 tlumi\u010d hluku<\/li>\n<li>N\u00e1vod k instalaci v n\u011bm\u010din\u011b<\/li>\n<\/ul>\n<p>&nbsp;<\/p>\n<p>&nbsp;<\/p>\n<p>Spole\u010dnost aFe Power, zalo\u017een\u00e1 v roce 1999 se s\u00eddlem v kalifornsk\u00e9 Coron\u011b, je p\u0159edn\u00edm v\u00fdrobcem vysoce v\u00fdkonn\u00fdch n\u00e1hradn\u00edch d\u00edl\u016f pro automobily.<br \/>\nSpole\u010dnost se specializuje na \u0161irokou \u0161k\u00e1lu produkt\u016f, v\u010detn\u011b sportovn\u00edch vzduchov\u00fdch filtr\u016f, v\u00fdfukov\u00fdch syst\u00e9m\u016f, mezichladi\u010d\u016f, turbodmychadel, elektronick\u00fdch program\u00e1tor\u016f, palivov\u00fdch syst\u00e9m\u016f pro vzn\u011btov\u00e9 motory a mnoha dal\u0161\u00edch. Jej\u00ed v\u00fdrobky jsou ur\u010deny pro r\u016fzn\u00e9 typy vozidel od americk\u00fdch po evropsk\u00e9 a asijsk\u00e9 trhy a poskytuj\u00ed kvalitn\u00ed a v\u00fdkonnostn\u00ed vylep\u0161en\u00ed automobilov\u00fdm nad\u0161enc\u016fm po cel\u00e9m sv\u011bt\u011b.<\/p>\n<p>Vynikaj\u00edc\u00edm produktem spole\u010dnosti aFe Power je upgrade tlumi\u010de v\u00fdfuku Apollo GT Series 3 409 z nerezov\u00e9 oceli. Tento v\u00fdfukov\u00fd syst\u00e9m je navr\u017een tak, aby zv\u00fd\u0161il v\u00fdkon a to\u010div\u00fd moment a z\u00e1rove\u0148 poskytl agresivn\u00ed zvuk.<br \/>\nJe vyroben z vysoce kvalitn\u00ed nerezov\u00e9 oceli 409 a zaru\u010duje trvanlivost a odolnost proti korozi. Syst\u00e9m m\u00e1 jednoduchou konstrukci, kter\u00e1 maximalizuje pr\u016ftok v\u00fdfukov\u00fdch plyn\u016f, co\u017e umo\u017e\u0148uje v\u00fdrazn\u00e9 zv\u00fd\u0161en\u00ed v\u00fdkonu a siln\u00fd zvuk motoru.<\/p>\n<p>Krom\u011b toho spole\u010dnost aFe Power nab\u00edz\u00ed n\u011bkolik dal\u0161\u00edch v\u00fdfukov\u00fdch syst\u00e9m\u016f, nap\u0159\u00edklad Mach Force-XP a Takeda Axle-Back, kter\u00e9 jsou zn\u00e1m\u00e9 svou snadnou instalac\u00ed, vysok\u00fdm v\u00fdkonem a agresivn\u00edm zvukov\u00fdm profilem. Tyto syst\u00e9my jsou vyrobeny z trubek z nerezov\u00e9 oceli oh\u00fdban\u00fdch v trnu, aby byl zaji\u0161t\u011bn optim\u00e1ln\u00ed pr\u016ftok a minim\u00e1ln\u00ed omezen\u00ed, co\u017e zaru\u010duje dlouhodobou spolehlivost a zlep\u0161en\u00ed v\u00fdkonu.<\/p>","protected":false},"excerpt":{"rendered":"<p>2019\u20132024<\/p>","protected":false},"featured_media":68304556,"comment_status":"open","ping_status":"closed","template":"","meta":{"_acf_changed":false},"product_brand":[16879],"product_cat":[6623],"product_tag":[475,419,420,2066,2373,4526,7076,91,1035,1036,16880,2441,546,3720,1037,429,476,1043,1039,3034,1042,126,441,20273,1166,3046,1044,86,1045,1041,547,1034,1038,233],"class_list":{"0":"post-68304546","1":"product","2":"type-product","3":"status-publish","4":"has-post-thumbnail","6":"product_brand-afe-power","7":"product_cat-1500-57-dt-abgasanlage-catback","8":"product_tag-475","9":"product_tag-419","10":"product_tag-420","11":"product_tag-2066","12":"product_tag-2373","13":"product_tag-4526","14":"product_tag-49c42076","15":"product_tag-5-7","16":"product_tag-abgasanlage","17":"product_tag-abgassystem","18":"product_tag-advanced-flow-engineering","19":"product_tag-afe-power","20":"product_tag-auspuff","21":"product_tag-auspuffblende","22":"product_tag-auspuffsystem","23":"product_tag-deutschland","24":"product_tag-dt","25":"product_tag-endrohr","26":"product_tag-endschalldaempfer","27":"product_tag-endstueck","28":"product_tag-endtopf","29":"product_tag-hemi","30":"product_tag-kaufen","31":"product_tag-keintuev","32":"product_tag-keramik","33":"product_tag-keramikbeschichtet","34":"product_tag-mittelschalldaempfer","35":"product_tag-ram","36":"product_tag-sound","37":"product_tag-sport","38":"product_tag-sportauspuff","39":"product_tag-sportauspuffanlage","40":"product_tag-sportendschalldaempfer","41":"product_tag-tuning","42":"product_shipping_class-paket-l","44":"first","45":"onbackorder","46":"taxable","47":"shipping-taxable","48":"purchasable","49":"product-type-simple"},"bundled_by":[],"bundle_stock_status":"onbackorder","bundle_stock_quantity":0,"bundle_virtual":false,"bundle_layout":"","bundle_add_to_cart_form_location":"","bundle_editable_in_cart":false,"bundle_sold_individually_context":"","bundle_item_grouping":"","bundle_min_size":"","bundle_max_size":"","bundle_price":[],"bundled_items":[],"bundle_sell_ids":[],"exclude_global_add_ons":[],"addons":[],"acf":[],"_links":{"self":[{"href":"https:\/\/kraftwerk-shop.cc\/cs\/wp-json\/wp\/v2\/product\/68304546","targetHints":{"allow":["GET"]}}],"collection":[{"href":"https:\/\/kraftwerk-shop.cc\/cs\/wp-json\/wp\/v2\/product"}],"about":[{"href":"https:\/\/kraftwerk-shop.cc\/cs\/wp-json\/wp\/v2\/types\/product"}],"replies":[{"embeddable":true,"href":"https:\/\/kraftwerk-shop.cc\/cs\/wp-json\/wp\/v2\/comments?post=68304546"}],"version-history":[{"count":0,"href":"https:\/\/kraftwerk-shop.cc\/cs\/wp-json\/wp\/v2\/product\/68304546\/revisions"}],"wp:featuredmedia":[{"embeddable":true,"href":"https:\/\/kraftwerk-shop.cc\/cs\/wp-json\/wp\/v2\/media\/68304556"}],"wp:attachment":[{"href":"https:\/\/kraftwerk-shop.cc\/cs\/wp-json\/wp\/v2\/media?parent=68304546"}],"wp:term":[{"taxonomy":"product_brand","embeddable":true,"href":"https:\/\/kraftwerk-shop.cc\/cs\/wp-json\/wp\/v2\/product_brand?post=68304546"},{"taxonomy":"product_cat","embeddable":true,"href":"https:\/\/kraftwerk-shop.cc\/cs\/wp-json\/wp\/v2\/product_cat?post=68304546"},{"taxonomy":"product_tag","embeddable":true,"href":"https:\/\/kraftwerk-shop.cc\/cs\/wp-json\/wp\/v2\/product_tag?post=68304546"}],"curies":[{"name":"wp","href":"https:\/\/api.w.org\/{rel}","templated":true}]}}