{"id":68304677,"date":"2024-07-28T02:15:25","date_gmt":"2024-07-28T00:15:25","guid":{"rendered":"https:\/\/kraftwerk-shop.cc\/?post_type=product&#038;p=68304677"},"modified":"2026-02-15T01:11:19","modified_gmt":"2026-02-15T00:11:19","slug":"vzduchovy-filtr-mopar-68517554aa","status":"publish","type":"product","link":"https:\/\/kraftwerk-shop.cc\/cs\/produkt\/mopar-luftfilter-68517554aa\/","title":{"rendered":"Vzduchov\u00fd filtr Mopar (68517554AA)"},"content":{"rendered":"<h1>Origin\u00e1ln\u00ed vzduchov\u00fd filtr Mopar pro RAM 2500 6.4 (2020)<\/h1>\n<p>&nbsp;<\/p>\n<p><strong>\u010c\u00edslo d\u00edlu Mopar:<\/strong> <span class=\"list-value sku-display\">68517554AA<\/span><br \/>\n<strong>Nahrazeno:<\/strong> <span class=\"list-value\">\u2014<\/span><\/p>\n<p><strong><br \/>\nVhodn\u00e9 pro:<\/strong><\/p>\n<table width=\"1004\">\n<tbody>\n<tr>\n<td width=\"82\"><strong>Rok v\u00fdstavby<\/strong><\/td>\n<td width=\"82\"><strong>Zna\u010dka<\/strong><\/td>\n<td width=\"124\"><strong>Model<\/strong><\/td>\n<td width=\"512\"><strong>Verze<\/strong><\/td>\n<td width=\"204\"><strong>Motor<\/strong><\/td>\n<\/tr>\n<tr>\n<td width=\"82\">2020<\/td>\n<td width=\"82\">Ram<\/td>\n<td width=\"124\">2500<\/td>\n<td width=\"512\">Big Horn, Laramie, Laramie Longhorn, Limited, Lone Star, Power Wagon, Tradesman<\/td>\n<td width=\"204\">6.4L<\/td>\n<\/tr>\n<tr>\n<td width=\"82\">2020<\/td>\n<td width=\"82\">Ram<\/td>\n<td width=\"124\">3500<\/td>\n<td width=\"512\">Laramie, Limited, SLT, Tradesman<\/td>\n<td width=\"204\">6.4L<\/td>\n<\/tr>\n<\/tbody>\n<\/table>\n<p>&nbsp;<\/p>\n<h4>Pro\u010d si vybrat origin\u00e1ln\u00ed n\u00e1hradn\u00ed d\u00edly Mopar?<\/h4>\n<p><strong>Perfektn\u011b padnouc\u00ed a \u0161pi\u010dkov\u00e9 kvality:<\/strong> Origin\u00e1ln\u00ed n\u00e1hradn\u00ed d\u00edly Mopar jsou vyr\u00e1b\u011bny podle p\u0159\u00edsn\u00fdch specifikac\u00ed v\u00fdrobce, co\u017e znamen\u00e1, \u017ee do va\u0161eho vozidla dokonale pasuj\u00ed. T\u00edm je zaji\u0161t\u011bna nejen snadn\u00e1 instalace, ale tak\u00e9 optim\u00e1ln\u00ed funkce a bezpe\u010dnost.<\/p>\n<p><strong>Spolehlivost a trvanlivost:<\/strong> D\u00edky pou\u017eit\u00ed vysoce kvalitn\u00edch materi\u00e1l\u016f a p\u0159\u00edsn\u00e9 kontrole kvality zaji\u0161\u0165uj\u00ed n\u00e1hradn\u00ed d\u00edly Mopar spolehlivou funkci va\u0161eho vozidla i v extr\u00e9mn\u00edch podm\u00ednk\u00e1ch. Jsou navr\u017eeny tak, aby vydr\u017eely a maximalizovaly v\u00fdkon va\u0161eho vozidla.<\/p>\n<p>&nbsp;<\/p>","protected":false},"excerpt":{"rendered":"<p>Origin\u00e1ln\u00ed d\u00edl Mopar<\/p>\n<p>2020<\/p>","protected":false},"featured_media":68305027,"comment_status":"open","ping_status":"closed","template":"","meta":{"_acf_changed":false},"product_brand":[16270],"product_cat":[2922],"product_tag":[506,507,93,7092,8647,8649,49,4965,8648,8668,8515,8655,8640,8635,8643,8663,8659,8661,8641,8654,8638,36,8639,57,8665,8660,8653,8671,8636,31,8813,8658,9424,16271,8666,8645,8646,16273,8667,16275,16272,16274,8651,8642,7221,8644,8652,8637,8670,8634,8662,1091,8650,34,8664,35,505,86,8656,8657,8669,674,38,37,673],"class_list":{"0":"post-68304677","1":"product","2":"type-product","3":"status-publish","4":"has-post-thumbnail","6":"product_brand-mopar","7":"product_cat-2500-3500-64-wartung","8":"product_tag-506","9":"product_tag-507","10":"product_tag-6-4","11":"product_tag-68517554aa","12":"product_tag-68517554aa-luftfilter","13":"product_tag-diesel-luftfilter","14":"product_tag-dodge","15":"product_tag-dodge-ram","16":"product_tag-dodge-ram-luftfilter","17":"product_tag-dodge-zubehoer","18":"product_tag-ersatzfilter","19":"product_tag-fahrzeugfilter","20":"product_tag-fahrzeugkompatibilitaet","21":"product_tag-fahrzeugwartung","22":"product_tag-fahrzeugzubehoer","23":"product_tag-filter-wartung","24":"product_tag-filterwechsel-dodge-ram","25":"product_tag-heavy-duty-luftfilter","26":"product_tag-hochleistungsfilter","27":"product_tag-hochleistungsluftfilter","28":"product_tag-kraftstoffeffizienz","29":"product_tag-kraftwerk","30":"product_tag-langlebigkeit","31":"product_tag-luftfilter","32":"product_tag-luftfilter-ersatz","33":"product_tag-luftfilter-fuer-trucks","34":"product_tag-luftfilter-kaufen","35":"product_tag-luftfilter-originalteil","36":"product_tag-luftreinigung","37":"product_tag-mopar","38":"product_tag-mopar-autoteile","39":"product_tag-mopar-diesel-zubehoer","40":"product_tag-mopar-ersatzteile","41":"product_tag-mopar-ersatzteile-kaufen","42":"product_tag-mopar-filter-online","43":"product_tag-mopar-luftfilter","44":"product_tag-mopar-original","45":"product_tag-mopar-performance-teile","46":"product_tag-mopar-qualitaet","47":"product_tag-mopar-teile-katalog","48":"product_tag-mopar-teile-online","49":"product_tag-mopar-tuningteile","50":"product_tag-mopar-zubehoer","51":"product_tag-mopar-teile","52":"product_tag-mopar10","53":"product_tag-motorenschutz","54":"product_tag-motorfilter","55":"product_tag-motorleistung","56":"product_tag-motorleistung-erhalten","57":"product_tag-motorluftfilter","58":"product_tag-motoroptimierung","59":"product_tag-oem","60":"product_tag-oem-ersatzteil","61":"product_tag-original","62":"product_tag-original-mopar-ersatzteile","63":"product_tag-originalersatzteil","64":"product_tag-powerwagon","65":"product_tag-ram","66":"product_tag-ram-2500-luftfilter","67":"product_tag-ram-3500-luftfilter","68":"product_tag-ram-teile","69":"product_tag-service","70":"product_tag-teile","71":"product_tag-wartung","72":"product_tag-zubehoer","74":"first","75":"instock","76":"taxable","77":"shipping-taxable","78":"purchasable","79":"product-type-simple"},"bundled_by":[],"bundle_stock_status":"instock","bundle_stock_quantity":1,"bundle_virtual":false,"bundle_layout":"","bundle_add_to_cart_form_location":"","bundle_editable_in_cart":false,"bundle_sold_individually_context":"","bundle_item_grouping":"","bundle_min_size":"","bundle_max_size":"","bundle_price":[],"bundled_items":[],"bundle_sell_ids":[],"exclude_global_add_ons":[],"addons":[],"acf":[],"_links":{"self":[{"href":"https:\/\/kraftwerk-shop.cc\/cs\/wp-json\/wp\/v2\/product\/68304677","targetHints":{"allow":["GET"]}}],"collection":[{"href":"https:\/\/kraftwerk-shop.cc\/cs\/wp-json\/wp\/v2\/product"}],"about":[{"href":"https:\/\/kraftwerk-shop.cc\/cs\/wp-json\/wp\/v2\/types\/product"}],"replies":[{"embeddable":true,"href":"https:\/\/kraftwerk-shop.cc\/cs\/wp-json\/wp\/v2\/comments?post=68304677"}],"version-history":[{"count":0,"href":"https:\/\/kraftwerk-shop.cc\/cs\/wp-json\/wp\/v2\/product\/68304677\/revisions"}],"wp:featuredmedia":[{"embeddable":true,"href":"https:\/\/kraftwerk-shop.cc\/cs\/wp-json\/wp\/v2\/media\/68305027"}],"wp:attachment":[{"href":"https:\/\/kraftwerk-shop.cc\/cs\/wp-json\/wp\/v2\/media?parent=68304677"}],"wp:term":[{"taxonomy":"product_brand","embeddable":true,"href":"https:\/\/kraftwerk-shop.cc\/cs\/wp-json\/wp\/v2\/product_brand?post=68304677"},{"taxonomy":"product_cat","embeddable":true,"href":"https:\/\/kraftwerk-shop.cc\/cs\/wp-json\/wp\/v2\/product_cat?post=68304677"},{"taxonomy":"product_tag","embeddable":true,"href":"https:\/\/kraftwerk-shop.cc\/cs\/wp-json\/wp\/v2\/product_tag?post=68304677"}],"curies":[{"name":"wp","href":"https:\/\/api.w.org\/{rel}","templated":true}]}}