{"id":68304730,"date":"2024-07-28T18:13:58","date_gmt":"2024-07-28T16:13:58","guid":{"rendered":"https:\/\/kraftwerk-shop.cc\/?post_type=product&#038;p=68304730"},"modified":"2026-02-20T13:02:30","modified_gmt":"2026-02-20T12:02:30","slug":"mopar-abs-senzor-4779642ad","status":"publish","type":"product","link":"https:\/\/kraftwerk-shop.cc\/cs\/produkt\/mopar-abs-sensor-4779642ad\/","title":{"rendered":"Sn\u00edma\u010d ABS Mopar (4779642AD)"},"content":{"rendered":"<h1>Origin\u00e1ln\u00ed sn\u00edma\u010d ABS Mopar (4779642AD) pro Chrysler 300C, Dodge Charger a Challenger od roku 2011 do roku 2023, prav\u00fd zadn\u00ed.<\/h1>\n<p>&nbsp;<\/p>\n<p><span lang=\"DE\"><strong>\u010c\u00edslo d\u00edlu Mopar:<\/strong> 4779642AD<br \/>\n<strong>Nahrazeno: <\/strong> <span class=\"list-value\">4779642AA, 4779642A, 4779642AC<\/span><br \/>\n<\/span><\/p>\n<p><strong>K\u00f3d brzdy:<\/strong> BR3, BR5, X85<\/p>\n<p><strong>Instala\u010dn\u00ed poloha:<\/strong> Zadn\u00ed prav\u00e1 strana<\/p>\n<p>&nbsp;<\/p>\n<p><strong>Vhodn\u00e9 pro:<\/strong><\/p>\n<table width=\"1004\">\n<tbody>\n<tr>\n<td width=\"82\"><strong>Rok v\u00fdstavby<\/strong><\/td>\n<td width=\"82\"><strong>Zna\u010dka\u00a0<\/strong><\/td>\n<td width=\"124\"><strong>Model<\/strong><\/td>\n<td width=\"512\"><strong>Verze<\/strong><\/td>\n<td width=\"204\"><strong>Motor<\/strong><\/td>\n<\/tr>\n<tr>\n<td width=\"82\">2023<\/td>\n<td width=\"82\">Chrysler<\/td>\n<td width=\"124\">300<\/td>\n<td width=\"512\">C, S, Touring, Touring L<\/td>\n<td width=\"204\">3.6L V6 - Flex, 3.6L, 5.7L, 6.4L<\/td>\n<\/tr>\n<tr>\n<td width=\"82\">2023<\/td>\n<td width=\"82\">Dodge<\/td>\n<td width=\"124\">Challenger<\/td>\n<td width=\"512\">GT, R\/T, R\/T Scat Pack, R\/T Scat Pack Widebody, SRT Hellcat Jailbreak, SRT Hellcat Redeye Jailbreak, SRT Hellcat Redeye Widebody Jailbreak, SRT Hellcat Widebody Jailbreak, SRT Super Stock, SXT<\/td>\n<td width=\"204\">3.6L, 5.7L, 6.2L, 6.4L<\/td>\n<\/tr>\n<tr>\n<td width=\"82\">2023<\/td>\n<td width=\"82\">Dodge<\/td>\n<td width=\"124\">Charger<\/td>\n<td width=\"512\">GT, Pursuit, R\/T, SRT Hellcat Redeye Widebody, SRT Hellcat Widebody, SRT Hellcat Widebody Jailbreak, SXT, Scat Pack, Scat Pack Widebody<\/td>\n<td width=\"204\">3.6L V6 - Flex, 3.6L, 5.7L, 6.2L, 6.4L<\/td>\n<\/tr>\n<tr>\n<td width=\"82\">2022<\/td>\n<td width=\"82\">Chrysler<\/td>\n<td width=\"124\">300<\/td>\n<td width=\"512\">S, Touring, Touring L<\/td>\n<td width=\"204\">3.6L V6 - Flex, 3.6L, 5.7L<\/td>\n<\/tr>\n<tr>\n<td width=\"82\">2022<\/td>\n<td width=\"82\">Dodge<\/td>\n<td width=\"124\">Challenger<\/td>\n<td width=\"512\">GT, R\/T, R\/T Scat Pack, R\/T Scat Pack Widebody, SRT Hellcat, SRT Hellcat Redeye, SRT Hellcat Redeye Widebody, SRT Hellcat Widebody, SRT Jailbreak, SRT Super Stock, SXT<\/td>\n<td width=\"204\">3.6L, 5.7L, 6.2L, 6.4L<\/td>\n<\/tr>\n<tr>\n<td width=\"82\">2022<\/td>\n<td width=\"82\">Dodge<\/td>\n<td width=\"124\">Charger<\/td>\n<td width=\"512\">GT, R\/T, SRT Hellcat Redeye Widebody, SRT Hellcat Widebody, SRT Jailbreak, SXT, Scat Pack, Scat Pack Widebody<\/td>\n<td width=\"204\">3.6L V6 - Flex, 3.6L, 5.7L, 6.2L, 6.4L<\/td>\n<\/tr>\n<tr>\n<td width=\"82\">2021<\/td>\n<td width=\"82\">Chrysler<\/td>\n<td width=\"124\">300<\/td>\n<td width=\"512\">S, Touring, Touring L<\/td>\n<td width=\"204\">3.6L V6 - Flex, 3.6L, 5.7L<\/td>\n<\/tr>\n<tr>\n<td width=\"82\">2021<\/td>\n<td width=\"82\">Dodge<\/td>\n<td width=\"124\">Challenger<\/td>\n<td width=\"512\">GT, R\/T, R\/T Scat Pack, R\/T Scat Pack Widebody, SRT Hellcat, SRT Hellcat Redeye, SRT Hellcat Redeye Widebody, SRT Hellcat Widebody, SRT Super Stock, SXT<\/td>\n<td width=\"204\">3.6L, 5.7L, 6.2L, 6.4L<\/td>\n<\/tr>\n<tr>\n<td width=\"82\">2021<\/td>\n<td width=\"82\">Dodge<\/td>\n<td width=\"124\">Charger<\/td>\n<td width=\"512\">GT, R\/T, SRT Hellcat Redeye Widebody, SRT Hellcat Widebody, SXT, Scat Pack<\/td>\n<td width=\"204\">3.6L V6 - Flex, 3.6L, 5.7L, 6.2L, 6.4L<\/td>\n<\/tr>\n<tr>\n<td width=\"82\">2020<\/td>\n<td width=\"82\">Chrysler<\/td>\n<td width=\"124\">300<\/td>\n<td width=\"512\">C, Limited, S, Touring, Touring L<\/td>\n<td width=\"204\">3.6L V6 - Flex, 3.6L, 5.7L<\/td>\n<\/tr>\n<tr>\n<td width=\"82\">2020<\/td>\n<td width=\"82\">Dodge<\/td>\n<td width=\"124\">Challenger<\/td>\n<td width=\"512\">GT, R\/T, R\/T Scat Pack, R\/T Scat Pack Widebody, SRT Hellcat, SRT Hellcat Redeye, SRT Hellcat Redeye Widebody, SRT Hellcat Widebody, SXT<\/td>\n<td width=\"204\">3.6L, 5.7L, 6.2L, 6.4L<\/td>\n<\/tr>\n<tr>\n<td width=\"82\">2020<\/td>\n<td width=\"82\">Dodge<\/td>\n<td width=\"124\">Charger<\/td>\n<td width=\"512\">GT, Pursuit, R\/T, SRT Hellcat Widebody, SXT, Scat Pack<\/td>\n<td width=\"204\">3.6L V6 - Flex, 3.6L, 5.7L, 6.2L, 6.4L<\/td>\n<\/tr>\n<tr>\n<td width=\"82\">2019<\/td>\n<td width=\"82\">Chrysler<\/td>\n<td width=\"124\">300<\/td>\n<td width=\"512\">C, Limited, S, Touring, Touring L<\/td>\n<td width=\"204\">3.6L V6 - Flex, 3.6L, 5.7L<\/td>\n<\/tr>\n<tr>\n<td width=\"82\">2019<\/td>\n<td width=\"82\">Dodge<\/td>\n<td width=\"124\">Challenger<\/td>\n<td width=\"512\">GT, R\/T, R\/T Scat Pack, R\/T Scat Pack Widebody, SRT Hellcat, SRT Hellcat Redeye, SRT Hellcat Redeye Widebody, SRT Hellcat Widebody, SXT<\/td>\n<td width=\"204\">3.6L, 5.7L, 6.2L, 6.4L<\/td>\n<\/tr>\n<tr>\n<td width=\"82\">2019<\/td>\n<td width=\"82\">Dodge<\/td>\n<td width=\"124\">Charger<\/td>\n<td width=\"512\">GT, Pursuit, R\/T, SRT Hellcat, SXT, Scat Pack<\/td>\n<td width=\"204\">3.6L V6 - Flex, 3.6L, 5.7L, 6.2L, 6.4L<\/td>\n<\/tr>\n<tr>\n<td width=\"82\">2018<\/td>\n<td width=\"82\">Chrysler<\/td>\n<td width=\"124\">300<\/td>\n<td width=\"512\">C, Limited, S, Touring, Touring L<\/td>\n<td width=\"204\">3.6L V6 - Flex, 3.6L, 5.7L<\/td>\n<\/tr>\n<tr>\n<td width=\"82\">2018<\/td>\n<td width=\"82\">Dodge<\/td>\n<td width=\"124\">Challenger<\/td>\n<td width=\"512\">R\/T, R\/T Scat Pack, SRT 392, SRT Demon, SRT Hellcat, SRT Hellcat Widebody, SXT, SXT Plus, T\/A, T\/A 392<\/td>\n<td width=\"204\">3.6L, 5.7L, 6.2L, 6.4L<\/td>\n<\/tr>\n<tr>\n<td width=\"82\">2018<\/td>\n<td width=\"82\">Dodge<\/td>\n<td width=\"124\">Charger<\/td>\n<td width=\"512\">Daytona, Daytona 392, Pursuit, R\/T, R\/T Scat Pack, SRT 392, SRT Hellcat, SXT, SXT Plus, SXT Plus Leather<\/td>\n<td width=\"204\">3.6L V6 - Flex, 3.6L, 5.7L, 6.2L, 6.4L<\/td>\n<\/tr>\n<tr>\n<td width=\"82\">2017<\/td>\n<td width=\"82\">Chrysler<\/td>\n<td width=\"124\">300<\/td>\n<td width=\"512\">C, C Platinum, Limited, S<\/td>\n<td width=\"204\">3.6L V6 - Flex, 3.6L, 5.7L<\/td>\n<\/tr>\n<tr>\n<td width=\"82\">2017<\/td>\n<td width=\"82\">Dodge<\/td>\n<td width=\"124\">Challenger<\/td>\n<td width=\"512\">R\/T, R\/T Scat Pack, SRT 392, SRT Hellcat, SXT, SXT Plus, T\/A, T\/A 392<\/td>\n<td width=\"204\">3.6L, 5.7L, 6.2L, 6.4L<\/td>\n<\/tr>\n<tr>\n<td width=\"82\">2017<\/td>\n<td width=\"82\">Dodge<\/td>\n<td width=\"124\">Charger<\/td>\n<td width=\"512\">Daytona, Daytona 392, Pursuit, R\/T, R\/T Scat Pack, SE, SRT 392, SRT Hellcat, SXT<\/td>\n<td width=\"204\">3.6L V6 - Flex, 5.7L, 6.2L, 6.4L<\/td>\n<\/tr>\n<tr>\n<td width=\"82\">2016<\/td>\n<td width=\"82\">Chrysler<\/td>\n<td width=\"124\">300<\/td>\n<td width=\"512\">C, C Platinum, Limited, S<\/td>\n<td width=\"204\">3.6L V6 - Flex, 3.6L, 5.7L<\/td>\n<\/tr>\n<tr>\n<td width=\"82\">2016<\/td>\n<td width=\"82\">Dodge<\/td>\n<td width=\"124\">Challenger<\/td>\n<td width=\"512\">392 Hemi Scat Pack Shaker, R\/T, R\/T Plus, R\/T Plus Shaker, R\/T Scat Pack, R\/T Shaker, SRT 392, SRT Hellcat, SXT, SXT Plus<\/td>\n<td width=\"204\">3.6L, 5.7L, 6.2L, 6.4L<\/td>\n<\/tr>\n<tr>\n<td width=\"82\">2016<\/td>\n<td width=\"82\">Dodge<\/td>\n<td width=\"124\">Charger<\/td>\n<td width=\"512\">Pursuit, R\/T, R\/T Road &amp; Track, R\/T Scat Pack, SE, SRT 392, SRT Hellcat, SXT<\/td>\n<td width=\"204\">3.6L V6 - Flex, 5.7L, 6.2L, 6.4L<\/td>\n<\/tr>\n<tr>\n<td width=\"82\">2015<\/td>\n<td width=\"82\">Chrysler<\/td>\n<td width=\"124\">300<\/td>\n<td width=\"512\">C, C Platinum, Limited, S<\/td>\n<td width=\"204\">3.6L V6 - Flex, 3.6L, 5.7L<\/td>\n<\/tr>\n<tr>\n<td width=\"82\">2015<\/td>\n<td width=\"82\">Dodge<\/td>\n<td width=\"124\">Challenger<\/td>\n<td width=\"512\">R\/T, R\/T Plus, SRT 392, SRT Hellcat, SXT, SXT Plus, Scat Pack<\/td>\n<td width=\"204\">3.6L, 5.7L, 6.2L, 6.4L<\/td>\n<\/tr>\n<tr>\n<td width=\"82\">2015<\/td>\n<td width=\"82\">Dodge<\/td>\n<td width=\"124\">Charger<\/td>\n<td width=\"512\">Pursuit, R\/T, R\/T Road &amp; Track, R\/T Scat Pack, SE, SRT 392, SRT Hellcat, SXT<\/td>\n<td width=\"204\">3.6L V6 - Flex, 5.7L, 6.2L, 6.4L<\/td>\n<\/tr>\n<tr>\n<td width=\"82\">2014<\/td>\n<td width=\"82\">Chrysler<\/td>\n<td width=\"124\">300<\/td>\n<td width=\"512\">Z\u00e1kladn\u00ed verze, C, C Luxury, S, SRT8<\/td>\n<td width=\"204\">3.6L V6 - Flex, 3.6L, 5.7L, 6.4L<\/td>\n<\/tr>\n<tr>\n<td width=\"82\">2014<\/td>\n<td width=\"82\">Dodge<\/td>\n<td width=\"124\">Challenger<\/td>\n<td width=\"512\">R\/T, Rallye Redline, SXT<\/td>\n<td width=\"204\">3,6 L, 5,7 L<\/td>\n<\/tr>\n<tr>\n<td width=\"82\">2014<\/td>\n<td width=\"82\">Dodge<\/td>\n<td width=\"124\">Charger<\/td>\n<td width=\"512\">Pursuit, R\/T, SE, SRT8, SXT<\/td>\n<td width=\"204\">3.6L V6 - Flex, 3.6L, 5.7L, 6.4L<\/td>\n<\/tr>\n<tr>\n<td width=\"82\">2013<\/td>\n<td width=\"82\">Chrysler<\/td>\n<td width=\"124\">300<\/td>\n<td width=\"512\">Z\u00e1kladn\u00ed verze, C, C Luxury, S, SRT8, SRT8 Core<\/td>\n<td width=\"204\">3.6L V6 - Flex, 3.6L, 5.7L, 6.4L<\/td>\n<\/tr>\n<tr>\n<td width=\"82\">2013<\/td>\n<td width=\"82\">Dodge<\/td>\n<td width=\"124\">Challenger<\/td>\n<td width=\"512\">R\/T, SRT8, SXT<\/td>\n<td width=\"204\">3.6L, 5.7L, 6.4L<\/td>\n<\/tr>\n<tr>\n<td width=\"82\">2013<\/td>\n<td width=\"82\">Dodge<\/td>\n<td width=\"124\">Charger<\/td>\n<td width=\"512\">Pursuit, R\/T, SE, SRT8, SXT<\/td>\n<td width=\"204\">3.6L V6 - Flex, 3.6L, 5.7L, 6.4L<\/td>\n<\/tr>\n<tr>\n<td width=\"82\">2012<\/td>\n<td width=\"82\">Chrysler<\/td>\n<td width=\"124\">300<\/td>\n<td width=\"512\">Base, C, C Luxury, Limited, S, SRT8<\/td>\n<td width=\"204\">3.6L V6 - Flex, 3.6L, 5.7L, 6.4L<\/td>\n<\/tr>\n<tr>\n<td width=\"82\">2012<\/td>\n<td width=\"82\">Dodge<\/td>\n<td width=\"124\">Challenger<\/td>\n<td width=\"512\">R\/T, R\/T Classic, SRT8, SXT, SXT Plus<\/td>\n<td width=\"204\">3.6L, 5.7L, 6.4L<\/td>\n<\/tr>\n<tr>\n<td width=\"82\">2012<\/td>\n<td width=\"82\">Dodge<\/td>\n<td width=\"124\">Charger<\/td>\n<td width=\"512\">Pursuit, R\/T, SE, SRT8, SXT, SXT Plus<\/td>\n<td width=\"204\">3.6L V6 - Flex, 3.6L, 5.7L, 6.4L<\/td>\n<\/tr>\n<tr>\n<td width=\"82\">2011<\/td>\n<td width=\"82\">Chrysler<\/td>\n<td width=\"124\">300<\/td>\n<td width=\"512\">Z\u00e1kladn\u00ed, C, Limited<\/td>\n<td width=\"204\">3.6L V6 - Flex, 3.6L, 5.7L<\/td>\n<\/tr>\n<tr>\n<td width=\"82\">2011<\/td>\n<td width=\"82\">Dodge<\/td>\n<td width=\"124\">Challenger<\/td>\n<td width=\"512\">R\/T, SE, SRT8<\/td>\n<td width=\"204\">3.6L V6 - Flex, 5.7L, 6.4L<\/td>\n<\/tr>\n<tr>\n<td width=\"82\">2011<\/td>\n<td width=\"82\">Dodge<\/td>\n<td width=\"124\">Charger<\/td>\n<td width=\"512\">Pursuit, R\/T, SE<\/td>\n<td width=\"204\">3.6L V6 - Flex, 3.6L, 5.7L<\/td>\n<\/tr>\n<\/tbody>\n<\/table>\n<p>&nbsp;<\/p>\n<p>&nbsp;<\/p>\n<h4>Pro\u010d si vybrat origin\u00e1ln\u00ed n\u00e1hradn\u00ed d\u00edly Mopar?<\/h4>\n<p><strong>Perfektn\u011b padnouc\u00ed a \u0161pi\u010dkov\u00e9 kvality:<\/strong> Origin\u00e1ln\u00ed n\u00e1hradn\u00ed d\u00edly Mopar jsou vyr\u00e1b\u011bny podle p\u0159\u00edsn\u00fdch specifikac\u00ed v\u00fdrobce, co\u017e znamen\u00e1, \u017ee do va\u0161eho vozidla dokonale pasuj\u00ed. T\u00edm je zaji\u0161t\u011bna nejen snadn\u00e1 instalace, ale tak\u00e9 optim\u00e1ln\u00ed funkce a bezpe\u010dnost.<\/p>\n<p><strong>Spolehlivost a trvanlivost:<\/strong> D\u00edky pou\u017eit\u00ed vysoce kvalitn\u00edch materi\u00e1l\u016f a p\u0159\u00edsn\u00e9 kontrole kvality zaji\u0161\u0165uj\u00ed n\u00e1hradn\u00ed d\u00edly Mopar spolehlivou funkci va\u0161eho vozidla i v extr\u00e9mn\u00edch podm\u00ednk\u00e1ch. Jsou navr\u017eeny tak, aby vydr\u017eely a maximalizovaly v\u00fdkon va\u0161eho vozidla.<\/p>\n<p>&nbsp;<\/p>","protected":false},"excerpt":{"rendered":"<p>Origin\u00e1ln\u00ed d\u00edl Mopar<\/p>\n<p>Zadn\u00ed prav\u00e1 strana<br \/>\n2011\u20132023<\/p>","protected":false},"featured_media":68304845,"comment_status":"open","ping_status":"closed","template":"","meta":{"_acf_changed":false},"product_brand":[16270],"product_cat":[10262],"product_tag":[18510,18509,18511,7138,52,7140,7139,7141,7154,3213,7115,7556,7557,54,53,48,49,3853,798,7124,31,8813,9424,16271,16273,16275,16272,16274,7221,2793,713,7563],"class_list":{"0":"post-68304730","1":"product","2":"type-product","3":"status-publish","4":"has-post-thumbnail","6":"product_brand-mopar","7":"product_cat-alle-produkte","8":"product_tag-04779642a","9":"product_tag-04779642aa","10":"product_tag-04779642ac","11":"product_tag-04779642ad","12":"product_tag-300c","13":"product_tag-4779642a","14":"product_tag-4779642aa","15":"product_tag-4779642ac","16":"product_tag-4779642ad","17":"product_tag-abs","18":"product_tag-abs-sensor","19":"product_tag-br3","20":"product_tag-br5","21":"product_tag-challenger","22":"product_tag-charger","23":"product_tag-chrysler","24":"product_tag-dodge","25":"product_tag-dodge-challenger","26":"product_tag-hinten","27":"product_tag-hinten-rechts","28":"product_tag-mopar","29":"product_tag-mopar-autoteile","30":"product_tag-mopar-ersatzteile","31":"product_tag-mopar-ersatzteile-kaufen","32":"product_tag-mopar-performance-teile","33":"product_tag-mopar-teile-katalog","34":"product_tag-mopar-teile-online","35":"product_tag-mopar-tuningteile","36":"product_tag-mopar10","37":"product_tag-rechts","38":"product_tag-sensor","39":"product_tag-x85","41":"first","42":"instock","43":"taxable","44":"shipping-taxable","45":"purchasable","46":"product-type-simple"},"bundled_by":[],"bundle_stock_status":"instock","bundle_stock_quantity":4,"bundle_virtual":false,"bundle_layout":"","bundle_add_to_cart_form_location":"","bundle_editable_in_cart":false,"bundle_sold_individually_context":"","bundle_item_grouping":"","bundle_min_size":"","bundle_max_size":"","bundle_price":[],"bundled_items":[],"bundle_sell_ids":[],"exclude_global_add_ons":[],"addons":[],"acf":[],"_links":{"self":[{"href":"https:\/\/kraftwerk-shop.cc\/cs\/wp-json\/wp\/v2\/product\/68304730","targetHints":{"allow":["GET"]}}],"collection":[{"href":"https:\/\/kraftwerk-shop.cc\/cs\/wp-json\/wp\/v2\/product"}],"about":[{"href":"https:\/\/kraftwerk-shop.cc\/cs\/wp-json\/wp\/v2\/types\/product"}],"replies":[{"embeddable":true,"href":"https:\/\/kraftwerk-shop.cc\/cs\/wp-json\/wp\/v2\/comments?post=68304730"}],"version-history":[{"count":0,"href":"https:\/\/kraftwerk-shop.cc\/cs\/wp-json\/wp\/v2\/product\/68304730\/revisions"}],"wp:featuredmedia":[{"embeddable":true,"href":"https:\/\/kraftwerk-shop.cc\/cs\/wp-json\/wp\/v2\/media\/68304845"}],"wp:attachment":[{"href":"https:\/\/kraftwerk-shop.cc\/cs\/wp-json\/wp\/v2\/media?parent=68304730"}],"wp:term":[{"taxonomy":"product_brand","embeddable":true,"href":"https:\/\/kraftwerk-shop.cc\/cs\/wp-json\/wp\/v2\/product_brand?post=68304730"},{"taxonomy":"product_cat","embeddable":true,"href":"https:\/\/kraftwerk-shop.cc\/cs\/wp-json\/wp\/v2\/product_cat?post=68304730"},{"taxonomy":"product_tag","embeddable":true,"href":"https:\/\/kraftwerk-shop.cc\/cs\/wp-json\/wp\/v2\/product_tag?post=68304730"}],"curies":[{"name":"wp","href":"https:\/\/api.w.org\/{rel}","templated":true}]}}