{"id":68304771,"date":"2024-07-28T20:53:57","date_gmt":"2024-07-28T18:53:57","guid":{"rendered":"https:\/\/kraftwerk-shop.cc\/?post_type=product&#038;p=68304771"},"modified":"2026-02-18T10:53:50","modified_gmt":"2026-02-18T09:53:50","slug":"snimac-abs-68262947af-mopar-2","status":"publish","type":"product","link":"https:\/\/kraftwerk-shop.cc\/cs\/produkt\/mopar-abs-sensor-68262947af-2\/","title":{"rendered":"Sn\u00edma\u010d ABS zna\u010dky Mopar (68262947AF)"},"content":{"rendered":"<h1>Origin\u00e1ln\u00ed sn\u00edma\u010d ABS Mopar (<span class=\"list-value sku-display\">68262947AF<\/span>) pro RAM 1500 od 2019 do 2024, zadn\u00ed lev\u00e1 + prav\u00e1 strana<\/h1>\n<p>&nbsp;<\/p>\n<p><span lang=\"DE\"><strong>\u010c\u00edslo d\u00edlu Mopar:<\/strong> <span class=\"list-value sku-display\">68262947AF<\/span><br \/>\n<strong>Nahrazeno: <\/strong> <span class=\"list-value\">68262947AA, 68262947AB, 68262947AC, 68262947AD, 68262947AE<\/span><br \/>\n<\/span><\/p>\n<p><strong>Instala\u010dn\u00ed poloha:<\/strong> vlevo vzadu, vpravo vzadu<\/p>\n<p>&nbsp;<\/p>\n<p><strong>Vhodn\u00e9 pro:<\/strong><\/p>\n<table width=\"1004\">\n<tbody>\n<tr>\n<td width=\"82\"><strong>Rok v\u00fdstavby<\/strong><\/td>\n<td width=\"82\"><strong>Zna\u010dka<\/strong><\/td>\n<td width=\"124\"><strong>Model<\/strong><\/td>\n<td width=\"512\"><strong>Verze<\/strong><\/td>\n<td width=\"204\"><strong>Motor<\/strong><\/td>\n<\/tr>\n<tr>\n<td width=\"82\">2025<\/td>\n<td width=\"82\">Ram<\/td>\n<td width=\"124\">1500<\/td>\n<td width=\"512\">Big Horn, Laramie, Limited, Limited Longhorn, Lone Star, Rebel, Tradesman, Tradesman HFE, Tungsten<\/td>\n<td width=\"204\">3.0L L6 - plyn, 3.6L V6 - elekt\u0159ina\/plyn<\/td>\n<\/tr>\n<tr>\n<td width=\"82\">2024<\/td>\n<td width=\"82\">Ram<\/td>\n<td width=\"124\">1500<\/td>\n<td width=\"512\">Big Horn, Laramie, Limited, Limited Longhorn, Lone Star, Rebel, Tradesman<\/td>\n<td width=\"204\">3.6L V6 - elektrick\u00fd\/plynov\u00fd, 5.7L V8 - elektrick\u00fd\/plynov\u00fd, 5.7L, 6.2L<\/td>\n<\/tr>\n<tr>\n<td width=\"82\">2023<\/td>\n<td width=\"82\">Ram<\/td>\n<td width=\"124\">1500<\/td>\n<td width=\"512\">Big Horn, Laramie, Limited, Limited Longhorn, Lone Star, Rebel, Tradesman<\/td>\n<td width=\"204\">3.0L V6 - Diesel, 3.6L V6 - Electric\/Gas, 5.7L V8 - Electric\/Gas, 5.7L, 6.2L<\/td>\n<\/tr>\n<tr>\n<td width=\"82\">2022<\/td>\n<td width=\"82\">Ram<\/td>\n<td width=\"124\">1500<\/td>\n<td width=\"512\">Big Horn, Laramie, Limited, Limited Longhorn, Lone Star, Rebel, Tradesman<\/td>\n<td width=\"204\">3.0L V6 - Diesel, 3.6L V6 - Electric\/Gas, 5.7L V8 - Electric\/Gas, 5.7L, 6.2L<\/td>\n<\/tr>\n<tr>\n<td width=\"82\">2021<\/td>\n<td width=\"82\">Ram<\/td>\n<td width=\"124\">1500<\/td>\n<td width=\"512\">Big Horn, HFE, Laramie, Limited, Limited Longhorn, Lone Star, Rebel, TRX, Tradesman<\/td>\n<td width=\"204\">3.0L V6 - Diesel, 3.6L V6 - Electric\/Gas, 5.7L V8 - Electric\/Gas, 5.7L, 6.2L<\/td>\n<\/tr>\n<tr>\n<td width=\"82\">2020<\/td>\n<td width=\"82\">Ram<\/td>\n<td width=\"124\">1500<\/td>\n<td width=\"512\">Big Horn, Laramie, Laramie Longhorn, Limited, Lone Star, Rebel, Tradesman<\/td>\n<td width=\"204\">3.0L V6 - Diesel, 3.6L V6 - Electric\/Gas, 5.7L V8 - Electric\/Gas, 5.7L<\/td>\n<\/tr>\n<tr>\n<td width=\"82\">2019<\/td>\n<td width=\"82\">Ram<\/td>\n<td width=\"124\">1500<\/td>\n<td width=\"512\">Big Horn, Laramie, Laramie Longhorn, Limited, Lone Star, Rebel, Tradesman<\/td>\n<td width=\"204\">3.6L V6 - elektrick\u00fd\/plynov\u00fd, 5.7L V8 - elektrick\u00fd\/plynov\u00fd, 5.7L<\/td>\n<\/tr>\n<\/tbody>\n<\/table>\n<p>&nbsp;<\/p>\n<p><strong>Pro\u010d si vybrat origin\u00e1ln\u00ed n\u00e1hradn\u00ed d\u00edly Mopar?<\/strong><\/p>\n<p><strong>Perfektn\u011b padnouc\u00ed a \u0161pi\u010dkov\u00e9 kvality:<\/strong> Origin\u00e1ln\u00ed n\u00e1hradn\u00ed d\u00edly Mopar jsou vyr\u00e1b\u011bny podle p\u0159\u00edsn\u00fdch specifikac\u00ed v\u00fdrobce, co\u017e znamen\u00e1, \u017ee do va\u0161eho vozidla dokonale pasuj\u00ed. T\u00edm je zaji\u0161t\u011bna nejen snadn\u00e1 instalace, ale tak\u00e9 optim\u00e1ln\u00ed funkce a bezpe\u010dnost.<\/p>\n<p><strong>Spolehlivost a trvanlivost:<\/strong> D\u00edky pou\u017eit\u00ed vysoce kvalitn\u00edch materi\u00e1l\u016f a p\u0159\u00edsn\u00e9 kontrole kvality zaji\u0161\u0165uj\u00ed n\u00e1hradn\u00ed d\u00edly Mopar spolehlivou funkci va\u0161eho vozidla i v extr\u00e9mn\u00edch podm\u00ednk\u00e1ch. Jsou navr\u017eeny tak, aby vydr\u017eely a maximalizovaly v\u00fdkon va\u0161eho vozidla.<\/p>\n<p>&nbsp;<\/p>\n<p>&nbsp;<\/p>","protected":false},"excerpt":{"rendered":"<p>Origin\u00e1ln\u00ed d\u00edl Mopar<\/p>\n<p>Zadn\u00ed lev\u00e1 + prav\u00e1<br \/>\n2019\u20132024<\/p>","protected":false},"featured_media":68304832,"comment_status":"open","ping_status":"closed","template":"","meta":{"_acf_changed":false},"product_brand":[16270],"product_cat":[19410,19681,7446,7451],"product_tag":[7172,7173,7174,7175,7176,7171,3213,7115,2219,49,476,798,7125,7124,1149,31,8813,9424,16271,16273,16275,16272,16274,7221,3507,2793,713],"class_list":{"0":"post-68304771","1":"product","2":"type-product","3":"status-publish","4":"has-post-thumbnail","6":"product_brand-mopar","7":"product_cat-1500-ecodiesel-2020-2023-sensoren","8":"product_cat-1500-36-dt-sensoren","9":"product_cat-1500-57-dt-sensoren","10":"product_cat-trx-sensoren","11":"product_tag-68262947aa","12":"product_tag-68262947ab","13":"product_tag-68262947ac","14":"product_tag-68262947ad","15":"product_tag-68262947ae","16":"product_tag-68262947af","17":"product_tag-abs","18":"product_tag-abs-sensor","19":"product_tag-classic","20":"product_tag-dodge","21":"product_tag-dt","22":"product_tag-hinten","23":"product_tag-hinten-links","24":"product_tag-hinten-rechts","25":"product_tag-links","26":"product_tag-mopar","27":"product_tag-mopar-autoteile","28":"product_tag-mopar-ersatzteile","29":"product_tag-mopar-ersatzteile-kaufen","30":"product_tag-mopar-performance-teile","31":"product_tag-mopar-teile-katalog","32":"product_tag-mopar-teile-online","33":"product_tag-mopar-tuningteile","34":"product_tag-mopar10","35":"product_tag-ram1500","36":"product_tag-rechts","37":"product_tag-sensor","39":"first","40":"instock","41":"taxable","42":"shipping-taxable","43":"purchasable","44":"product-type-simple"},"bundled_by":[],"bundle_stock_status":"instock","bundle_stock_quantity":2,"bundle_virtual":false,"bundle_layout":"","bundle_add_to_cart_form_location":"","bundle_editable_in_cart":false,"bundle_sold_individually_context":"","bundle_item_grouping":"","bundle_min_size":"","bundle_max_size":"","bundle_price":[],"bundled_items":[],"bundle_sell_ids":[],"exclude_global_add_ons":[],"addons":[],"acf":[],"_links":{"self":[{"href":"https:\/\/kraftwerk-shop.cc\/cs\/wp-json\/wp\/v2\/product\/68304771","targetHints":{"allow":["GET"]}}],"collection":[{"href":"https:\/\/kraftwerk-shop.cc\/cs\/wp-json\/wp\/v2\/product"}],"about":[{"href":"https:\/\/kraftwerk-shop.cc\/cs\/wp-json\/wp\/v2\/types\/product"}],"replies":[{"embeddable":true,"href":"https:\/\/kraftwerk-shop.cc\/cs\/wp-json\/wp\/v2\/comments?post=68304771"}],"version-history":[{"count":0,"href":"https:\/\/kraftwerk-shop.cc\/cs\/wp-json\/wp\/v2\/product\/68304771\/revisions"}],"wp:featuredmedia":[{"embeddable":true,"href":"https:\/\/kraftwerk-shop.cc\/cs\/wp-json\/wp\/v2\/media\/68304832"}],"wp:attachment":[{"href":"https:\/\/kraftwerk-shop.cc\/cs\/wp-json\/wp\/v2\/media?parent=68304771"}],"wp:term":[{"taxonomy":"product_brand","embeddable":true,"href":"https:\/\/kraftwerk-shop.cc\/cs\/wp-json\/wp\/v2\/product_brand?post=68304771"},{"taxonomy":"product_cat","embeddable":true,"href":"https:\/\/kraftwerk-shop.cc\/cs\/wp-json\/wp\/v2\/product_cat?post=68304771"},{"taxonomy":"product_tag","embeddable":true,"href":"https:\/\/kraftwerk-shop.cc\/cs\/wp-json\/wp\/v2\/product_tag?post=68304771"}],"curies":[{"name":"wp","href":"https:\/\/api.w.org\/{rel}","templated":true}]}}