{"id":68304891,"date":"2024-07-30T23:27:04","date_gmt":"2024-07-30T21:27:04","guid":{"rendered":"https:\/\/kraftwerk-shop.cc\/?post_type=product&#038;p=68304891"},"modified":"2026-03-30T15:54:01","modified_gmt":"2026-03-30T13:54:01","slug":"mopar-abs-senzor-4779643ae-charger","status":"publish","type":"product","link":"https:\/\/kraftwerk-shop.cc\/cs\/produkt\/mopar-abs-sensor-4779643ae-charger\/","title":{"rendered":"Sn\u00edma\u010d ABS (4779643AE) Mopar Charger"},"content":{"rendered":"<h1>Origin\u00e1ln\u00ed sn\u00edma\u010d ABS Mopar (4779643AE) pro Dodge Charger od roku 2011 do roku 2023, zadn\u00ed lev\u00fd<\/h1>\n<p>&nbsp;<\/p>\n<p><span lang=\"DE\"><strong>\u010c\u00edslo d\u00edlu Mopar:<\/strong> 4779643AE<br \/>\n<strong>Nahrazeno: <\/strong><span class=\"list-value\">4779643AA, 4779643AB<\/span>, <span class=\"list-value\">4779643AC, 4779643AD<\/span><br \/>\n<\/span><\/p>\n<p><strong>K\u00f3d brzdy:<\/strong> BR3, BR5, X85<\/p>\n<p><strong>Instala\u010dn\u00ed poloha:<\/strong> Vlevo vzadu<\/p>\n<p>&nbsp;<\/p>\n<p><strong>Vhodn\u00e9 pro:<\/strong><\/p>\n<table width=\"663\">\n<tbody>\n<tr>\n<td width=\"83\"><strong>Zna\u010dka<\/strong><\/td>\n<td width=\"292\"><strong>Model<\/strong><\/td>\n<td width=\"179\"><strong>Motor<\/strong><\/td>\n<td width=\"109\"><strong>Rok v\u00fdstavby<\/strong><\/td>\n<\/tr>\n<tr>\n<td>Dodge<\/td>\n<td>Charger<\/td>\n<td>3.6<\/td>\n<td>2011\u20132023<\/td>\n<\/tr>\n<tr>\n<td>Dodge<\/td>\n<td>Charger<\/td>\n<td>5.7<\/td>\n<td>2011\u20132023<\/td>\n<\/tr>\n<tr>\n<td>Dodge<\/td>\n<td>Charger Hellcat<\/td>\n<td>6.2<\/td>\n<td>2015\u20132023<\/td>\n<\/tr>\n<tr>\n<td>Dodge<\/td>\n<td>Charger<\/td>\n<td>6.4<\/td>\n<td>2012\u20132023<\/td>\n<\/tr>\n<\/tbody>\n<\/table>\n<p>&nbsp;<\/p>\n<h4>Pro\u010d si vybrat origin\u00e1ln\u00ed n\u00e1hradn\u00ed d\u00edly Mopar?<\/h4>\n<p><strong>Perfektn\u011b padnouc\u00ed a \u0161pi\u010dkov\u00e9 kvality:<\/strong> Origin\u00e1ln\u00ed n\u00e1hradn\u00ed d\u00edly Mopar jsou vyr\u00e1b\u011bny podle p\u0159\u00edsn\u00fdch specifikac\u00ed v\u00fdrobce, co\u017e znamen\u00e1, \u017ee do va\u0161eho vozidla dokonale pasuj\u00ed. T\u00edm je zaji\u0161t\u011bna nejen snadn\u00e1 instalace, ale tak\u00e9 optim\u00e1ln\u00ed funkce a bezpe\u010dnost.<\/p>\n<p><strong>Spolehlivost a trvanlivost:<\/strong> D\u00edky pou\u017eit\u00ed vysoce kvalitn\u00edch materi\u00e1l\u016f a p\u0159\u00edsn\u00e9 kontrole kvality zaji\u0161\u0165uj\u00ed n\u00e1hradn\u00ed d\u00edly Mopar spolehlivou funkci va\u0161eho vozidla i v extr\u00e9mn\u00edch podm\u00ednk\u00e1ch. Jsou navr\u017eeny tak, aby vydr\u017eely a maximalizovaly v\u00fdkon va\u0161eho vozidla.<\/p>\n<p>&nbsp;<\/p>\n<p>&nbsp;<\/p>","protected":false},"excerpt":{"rendered":"<p>Origin\u00e1ln\u00ed d\u00edl Mopar<\/p>\n<p>Vlevo vzadu<br \/>\n2011\u20132023<\/p>","protected":false},"featured_media":68304844,"comment_status":"open","ping_status":"closed","template":"","meta":{"_acf_changed":false},"product_brand":[16270],"product_cat":[7309,7318,7327,7331],"product_tag":[18512,18513,18514,18515,7142,169,7143,7144,7145,7146,7155,91,101,93,3213,7115,7556,7557,53,49,100,798,7125,1149,31,8813,9424,16271,16273,16275,16272,16274,7221,713,7563],"class_list":{"0":"post-68304891","1":"product","2":"type-product","3":"status-publish","4":"has-post-thumbnail","6":"product_brand-mopar","7":"product_cat-charger-36-sensoren","8":"product_cat-charger-57-2011-2023-sensoren","9":"product_cat-charger-hellcat-sensoren","10":"product_cat-charger-64-sensoren","11":"product_tag-04779643aa","12":"product_tag-04779643ab","13":"product_tag-04779643ac","14":"product_tag-04779643ad","15":"product_tag-04779643ae","16":"product_tag-3-6","17":"product_tag-4779643aa","18":"product_tag-4779643ab","19":"product_tag-4779643ac","20":"product_tag-4779643ad","21":"product_tag-4779643ae","22":"product_tag-5-7","23":"product_tag-6-2","24":"product_tag-6-4","25":"product_tag-abs","26":"product_tag-abs-sensor","27":"product_tag-br3","28":"product_tag-br5","29":"product_tag-charger","30":"product_tag-dodge","31":"product_tag-hellcat","32":"product_tag-hinten","33":"product_tag-hinten-links","34":"product_tag-links","35":"product_tag-mopar","36":"product_tag-mopar-autoteile","37":"product_tag-mopar-ersatzteile","38":"product_tag-mopar-ersatzteile-kaufen","39":"product_tag-mopar-performance-teile","40":"product_tag-mopar-teile-katalog","41":"product_tag-mopar-teile-online","42":"product_tag-mopar-tuningteile","43":"product_tag-mopar10","44":"product_tag-sensor","45":"product_tag-x85","47":"first","48":"instock","49":"taxable","50":"shipping-taxable","51":"purchasable","52":"product-type-simple"},"bundled_by":[],"bundle_stock_status":"instock","bundle_stock_quantity":2,"bundle_virtual":false,"bundle_layout":"","bundle_add_to_cart_form_location":"","bundle_editable_in_cart":false,"bundle_sold_individually_context":"","bundle_item_grouping":"","bundle_min_size":"","bundle_max_size":"","bundle_price":[],"bundled_items":[],"bundle_sell_ids":[],"exclude_global_add_ons":[],"addons":[],"acf":[],"_links":{"self":[{"href":"https:\/\/kraftwerk-shop.cc\/cs\/wp-json\/wp\/v2\/product\/68304891","targetHints":{"allow":["GET"]}}],"collection":[{"href":"https:\/\/kraftwerk-shop.cc\/cs\/wp-json\/wp\/v2\/product"}],"about":[{"href":"https:\/\/kraftwerk-shop.cc\/cs\/wp-json\/wp\/v2\/types\/product"}],"replies":[{"embeddable":true,"href":"https:\/\/kraftwerk-shop.cc\/cs\/wp-json\/wp\/v2\/comments?post=68304891"}],"version-history":[{"count":0,"href":"https:\/\/kraftwerk-shop.cc\/cs\/wp-json\/wp\/v2\/product\/68304891\/revisions"}],"wp:featuredmedia":[{"embeddable":true,"href":"https:\/\/kraftwerk-shop.cc\/cs\/wp-json\/wp\/v2\/media\/68304844"}],"wp:attachment":[{"href":"https:\/\/kraftwerk-shop.cc\/cs\/wp-json\/wp\/v2\/media?parent=68304891"}],"wp:term":[{"taxonomy":"product_brand","embeddable":true,"href":"https:\/\/kraftwerk-shop.cc\/cs\/wp-json\/wp\/v2\/product_brand?post=68304891"},{"taxonomy":"product_cat","embeddable":true,"href":"https:\/\/kraftwerk-shop.cc\/cs\/wp-json\/wp\/v2\/product_cat?post=68304891"},{"taxonomy":"product_tag","embeddable":true,"href":"https:\/\/kraftwerk-shop.cc\/cs\/wp-json\/wp\/v2\/product_tag?post=68304891"}],"curies":[{"name":"wp","href":"https:\/\/api.w.org\/{rel}","templated":true}]}}