{"id":68304907,"date":"2024-07-30T23:28:42","date_gmt":"2024-07-30T21:28:42","guid":{"rendered":"https:\/\/kraftwerk-shop.cc\/?post_type=product&#038;p=68304907"},"modified":"2026-03-20T15:55:44","modified_gmt":"2026-03-20T14:55:44","slug":"mopar-abs-senzor-4779457ab-challenger","status":"publish","type":"product","link":"https:\/\/kraftwerk-shop.cc\/cs\/produkt\/mopar-abs-sensor-4779457ab-challenger\/","title":{"rendered":"Sn\u00edma\u010d ABS Mopar (4779457AB) Challenger"},"content":{"rendered":"<h1>Origin\u00e1ln\u00ed sn\u00edma\u010d ABS Mopar (4779457AB) pro Dodge Challenger od roku 2008 do roku 2010, vlevo vzadu<\/h1>\n<p>&nbsp;<\/p>\n<p><span lang=\"DE\"><strong>\u010c\u00edslo d\u00edlu Mopar:<\/strong> 4779457AB<br \/>\n<strong>Nahrazeno: <\/strong>4779247AA, 4779247AB, <span class=\"list-value\">4779247AC, 4779457AA<\/span><br \/>\n<\/span><\/p>\n<p><strong>Instala\u010dn\u00ed poloha:<\/strong> Vlevo vzadu<\/p>\n<p>&nbsp;<\/p>\n<p><strong>Vhodn\u00e9 pro:<\/strong><\/p>\n<table width=\"663\">\n<tbody>\n<tr>\n<td width=\"83\"><strong>Zna\u010dka<\/strong><\/td>\n<td width=\"292\"><strong>Model<\/strong><\/td>\n<td width=\"179\"><strong>Motor<\/strong><\/td>\n<td width=\"109\"><strong>Rok v\u00fdstavby<\/strong><\/td>\n<\/tr>\n<tr>\n<td>Dodge<\/td>\n<td>Challenger<\/td>\n<td>3.5<\/td>\n<td>2008\u20132010<\/td>\n<\/tr>\n<tr>\n<td>Dodge<\/td>\n<td>Challenger<\/td>\n<td>5.7<\/td>\n<td>2008\u20132010<\/td>\n<\/tr>\n<tr>\n<td>Dodge<\/td>\n<td>Challenger<\/td>\n<td>6.1<\/td>\n<td>2008\u20132010<\/td>\n<\/tr>\n<\/tbody>\n<\/table>\n<p>&nbsp;<\/p>\n<h4>Pro\u010d si vybrat origin\u00e1ln\u00ed n\u00e1hradn\u00ed d\u00edly Mopar?<\/h4>\n<p><strong>Perfektn\u011b padnouc\u00ed a \u0161pi\u010dkov\u00e9 kvality:<\/strong> Origin\u00e1ln\u00ed n\u00e1hradn\u00ed d\u00edly Mopar jsou vyr\u00e1b\u011bny podle p\u0159\u00edsn\u00fdch specifikac\u00ed v\u00fdrobce, co\u017e znamen\u00e1, \u017ee do va\u0161eho vozidla dokonale pasuj\u00ed. T\u00edm je zaji\u0161t\u011bna nejen snadn\u00e1 instalace, ale tak\u00e9 optim\u00e1ln\u00ed funkce a bezpe\u010dnost.<\/p>\n<p><strong>Spolehlivost a trvanlivost:<\/strong> D\u00edky pou\u017eit\u00ed vysoce kvalitn\u00edch materi\u00e1l\u016f a p\u0159\u00edsn\u00e9 kontrole kvality zaji\u0161\u0165uj\u00ed n\u00e1hradn\u00ed d\u00edly Mopar spolehlivou funkci va\u0161eho vozidla i v extr\u00e9mn\u00edch podm\u00ednk\u00e1ch. Jsou navr\u017eeny tak, aby vydr\u017eely a maximalizovaly v\u00fdkon va\u0161eho vozidla.<\/p>\n<p>&nbsp;<\/p>","protected":false},"excerpt":{"rendered":"<p>Origin\u00e1ln\u00ed d\u00edl Mopar<\/p>\n<p>Vlevo vzadu<br \/>\n2008\u20132010<\/p>","protected":false},"featured_media":68304847,"comment_status":"open","ping_status":"closed","template":"","meta":{"_acf_changed":false},"product_brand":[16270],"product_cat":[7280,7288,7292],"product_tag":[18501,18502,18503,18504,7126,7127,7128,7129,7130,7152,3213,7115,54,49,3853,798,7125,1149,31,8813,9424,16271,16273,16275,16272,16274,7221,713],"class_list":{"0":"post-68304907","1":"product","2":"type-product","3":"status-publish","4":"has-post-thumbnail","6":"product_brand-mopar","7":"product_cat-challenger-35-sensoren","8":"product_cat-challenger-57-sensoren","9":"product_cat-challenger-61-sensoren","10":"product_tag-04779247aa","11":"product_tag-04779247ab","12":"product_tag-04779247ac","13":"product_tag-04779457aa","14":"product_tag-04779457ab","15":"product_tag-4779247aa","16":"product_tag-4779247ab","17":"product_tag-4779247ac","18":"product_tag-4779457aa","19":"product_tag-4779457ab","20":"product_tag-abs","21":"product_tag-abs-sensor","22":"product_tag-challenger","23":"product_tag-dodge","24":"product_tag-dodge-challenger","25":"product_tag-hinten","26":"product_tag-hinten-links","27":"product_tag-links","28":"product_tag-mopar","29":"product_tag-mopar-autoteile","30":"product_tag-mopar-ersatzteile","31":"product_tag-mopar-ersatzteile-kaufen","32":"product_tag-mopar-performance-teile","33":"product_tag-mopar-teile-katalog","34":"product_tag-mopar-teile-online","35":"product_tag-mopar-tuningteile","36":"product_tag-mopar10","37":"product_tag-sensor","39":"first","40":"instock","41":"taxable","42":"shipping-taxable","43":"purchasable","44":"product-type-simple"},"bundled_by":[],"bundle_stock_status":"instock","bundle_stock_quantity":2,"bundle_virtual":false,"bundle_layout":"","bundle_add_to_cart_form_location":"","bundle_editable_in_cart":false,"bundle_sold_individually_context":"","bundle_item_grouping":"","bundle_min_size":"","bundle_max_size":"","bundle_price":[],"bundled_items":[],"bundle_sell_ids":[],"exclude_global_add_ons":[],"addons":[],"acf":[],"_links":{"self":[{"href":"https:\/\/kraftwerk-shop.cc\/cs\/wp-json\/wp\/v2\/product\/68304907","targetHints":{"allow":["GET"]}}],"collection":[{"href":"https:\/\/kraftwerk-shop.cc\/cs\/wp-json\/wp\/v2\/product"}],"about":[{"href":"https:\/\/kraftwerk-shop.cc\/cs\/wp-json\/wp\/v2\/types\/product"}],"replies":[{"embeddable":true,"href":"https:\/\/kraftwerk-shop.cc\/cs\/wp-json\/wp\/v2\/comments?post=68304907"}],"version-history":[{"count":0,"href":"https:\/\/kraftwerk-shop.cc\/cs\/wp-json\/wp\/v2\/product\/68304907\/revisions"}],"wp:featuredmedia":[{"embeddable":true,"href":"https:\/\/kraftwerk-shop.cc\/cs\/wp-json\/wp\/v2\/media\/68304847"}],"wp:attachment":[{"href":"https:\/\/kraftwerk-shop.cc\/cs\/wp-json\/wp\/v2\/media?parent=68304907"}],"wp:term":[{"taxonomy":"product_brand","embeddable":true,"href":"https:\/\/kraftwerk-shop.cc\/cs\/wp-json\/wp\/v2\/product_brand?post=68304907"},{"taxonomy":"product_cat","embeddable":true,"href":"https:\/\/kraftwerk-shop.cc\/cs\/wp-json\/wp\/v2\/product_cat?post=68304907"},{"taxonomy":"product_tag","embeddable":true,"href":"https:\/\/kraftwerk-shop.cc\/cs\/wp-json\/wp\/v2\/product_tag?post=68304907"}],"curies":[{"name":"wp","href":"https:\/\/api.w.org\/{rel}","templated":true}]}}