{"id":68306311,"date":"2024-08-27T12:20:53","date_gmt":"2024-08-27T10:20:53","guid":{"rendered":"https:\/\/kraftwerk-shop.cc\/?post_type=product&#038;p=68306311"},"modified":"2026-03-30T02:16:25","modified_gmt":"2026-03-30T00:16:25","slug":"mbrp-s5141409-vyfuk-ram-classic","status":"publish","type":"product","link":"https:\/\/kraftwerk-shop.cc\/cs\/produkt\/mbrp-s5141409-auspuff-ram-classic\/","title":{"rendered":"Tlumi\u010d MBRP Street Profile RAM 1500 5.7"},"content":{"rendered":"<h1>Tlumi\u010d MBRP pro RAM 5.7 2009 - 2018 a Classic 2019 - 2024<\/h1>\n<p>&nbsp;<\/p>\n<p>Zlep\u0161ete v\u00fdkon a zvuk sv\u00e9ho vozu Ram 1500 pomoc\u00ed tlumi\u010de v\u00fdfuku MBRP. Tento vysoce kvalitn\u00ed v\u00fdfuk je speci\u00e1ln\u011b navr\u017een pro motor 5,7 l V8 a nab\u00edz\u00ed v\u00fdrazn\u00e9 zv\u00fd\u0161en\u00ed v\u00fdkonu i agresivn\u011bj\u0161\u00ed zvuk v\u00fdfuku.<\/p>\n<p>&nbsp;<\/p>\n<p><strong>Vlastnosti:<\/strong><\/p>\n<ul>\n<li>Optimalizovan\u00fd v\u00fdkon: v\u00fdfuk maximalizuje pr\u016ftok vzduchu a minimalizuje protitlak v\u00fdfukov\u00fdch plyn\u016f.<\/li>\n<li>Odoln\u00e1 konstrukce: Tento v\u00fdfuk je vyroben z vysoce odoln\u00e9 nerezov\u00e9 oceli a odol\u00e1v\u00e1 korozi i v t\u011bch nejn\u00e1ro\u010dn\u011bj\u0161\u00edch podm\u00ednk\u00e1ch.<\/li>\n<li>Jednoduch\u00e1 instalace: Syst\u00e9m byl vyvinut tak, aby dokonale pasoval a umo\u017e\u0148oval jednoduchou instalaci bez slo\u017eit\u00fdch \u00faprav.<\/li>\n<li>Agresivn\u00ed zvuk: Vychutnejte si siln\u00fd a hlubok\u00fd t\u00f3n v\u00fdfuku, kter\u00fd dod\u00e1 va\u0161emu Ramu dokonal\u00fd sportovn\u00ed zvuk.<\/li>\n<\/ul>\n<p>&nbsp;<\/p>\n<p><strong>Tlumi\u010d MBRP S5141409 Street Profile je vhodn\u00fd pro n\u00e1sleduj\u00edc\u00ed modely:<br \/>\n<\/strong><\/p>\n<table width=\"437\">\n<tbody>\n<tr>\n<td width=\"122\"><strong>Zna\u010dka<\/strong><\/td>\n<td width=\"136\"><strong>Model<\/strong><\/td>\n<td width=\"96\"><strong>Motor<\/strong><\/td>\n<td width=\"83\"><strong>Rok v\u00fdstavby<\/strong><\/td>\n<\/tr>\n<tr>\n<td>RAM<\/td>\n<td>1500<\/td>\n<td>5.7<\/td>\n<td>2009\u20132018<\/td>\n<\/tr>\n<tr>\n<td>RAM<\/td>\n<td>1500 Classic<\/td>\n<td>5.7<\/td>\n<td>2019\u20132024<\/td>\n<\/tr>\n<\/tbody>\n<\/table>\n<p>&nbsp;<\/p>\n<p><strong>Rozsah dod\u00e1vky:<\/strong><\/p>\n<ul>\n<li>1 x tlumi\u010d MBRP S5141409 Street Profile<\/li>\n<\/ul>\n<p>&nbsp;<\/p>\n<p><iframe loading=\"lazy\" title=\"Tlumi\u010d MBRP S5141 pro RAM 5.7 2009 - 2018 a Classic od roku 2019\" src=\"https:\/\/www.youtube.com\/embed\/3PL86HpCBdI\" width=\"882\" height=\"496\" frameborder=\"0\" allowfullscreen=\"allowfullscreen\"><\/iframe><\/p>\n<p><iframe loading=\"lazy\" title=\"MBRP S5141409 Tlumi\u010d v\u00fdfuku pro RAM 5.7 2009 - 2018 a Classic od roku 2019\" src=\"https:\/\/www.youtube.com\/embed\/rVQEg5DU6kQ\" width=\"882\" height=\"496\" frameborder=\"0\" allowfullscreen=\"allowfullscreen\"><\/iframe><\/p>","protected":false},"excerpt":{"rendered":"<p>2009 - 2018 a Classic 2019 - 2024<\/p>","protected":false},"featured_media":68306315,"comment_status":"open","ping_status":"closed","template":"","meta":{"_acf_changed":false},"product_brand":[17169],"product_cat":[3024,6620],"product_tag":[475,213,214,176,177,165,248,249,250,251,252,419,420,2066,2373,4526,6297,91,1035,1036,546,3720,1037,2219,477,1043,1039,3034,1042,2934,100,126,20273,2931,6855,1044,86,7531,1045,1041,547,1034,1038,233],"class_list":{"0":"post-68306311","1":"product","2":"type-product","3":"status-publish","4":"has-post-thumbnail","6":"product_brand-mbrp","7":"product_cat-nicht-nach-eu","8":"product_cat-1500-57-2009-2018-classic-abgasanlage-catback","9":"product_tag-475","10":"product_tag-213","11":"product_tag-214","12":"product_tag-176","13":"product_tag-177","14":"product_tag-165","15":"product_tag-248","16":"product_tag-249","17":"product_tag-250","18":"product_tag-251","19":"product_tag-252","20":"product_tag-419","21":"product_tag-420","22":"product_tag-2066","23":"product_tag-2373","24":"product_tag-4526","25":"product_tag-6297","26":"product_tag-5-7","27":"product_tag-abgasanlage","28":"product_tag-abgassystem","29":"product_tag-auspuff","30":"product_tag-auspuffblende","31":"product_tag-auspuffsystem","32":"product_tag-classic","33":"product_tag-ds","34":"product_tag-endrohr","35":"product_tag-endschalldaempfer","36":"product_tag-endstueck","37":"product_tag-endtopf","38":"product_tag-harder","39":"product_tag-hellcat","40":"product_tag-hemi","41":"product_tag-keintuev","42":"product_tag-mbrp","43":"product_tag-mbrps5143409","44":"product_tag-mittelschalldaempfer","45":"product_tag-ram","46":"product_tag-s5141409","47":"product_tag-sound","48":"product_tag-sport","49":"product_tag-sportauspuff","50":"product_tag-sportauspuffanlage","51":"product_tag-sportendschalldaempfer","52":"product_tag-tuning","53":"product_shipping_class-paket-l","55":"first","56":"onbackorder","57":"taxable","58":"shipping-taxable","59":"purchasable","60":"product-type-simple"},"bundled_by":[],"bundle_stock_status":"onbackorder","bundle_stock_quantity":0,"bundle_virtual":false,"bundle_layout":"","bundle_add_to_cart_form_location":"","bundle_editable_in_cart":false,"bundle_sold_individually_context":"","bundle_item_grouping":"","bundle_min_size":"","bundle_max_size":"","bundle_price":[],"bundled_items":[],"bundle_sell_ids":[],"exclude_global_add_ons":[],"addons":[],"acf":[],"_links":{"self":[{"href":"https:\/\/kraftwerk-shop.cc\/cs\/wp-json\/wp\/v2\/product\/68306311","targetHints":{"allow":["GET"]}}],"collection":[{"href":"https:\/\/kraftwerk-shop.cc\/cs\/wp-json\/wp\/v2\/product"}],"about":[{"href":"https:\/\/kraftwerk-shop.cc\/cs\/wp-json\/wp\/v2\/types\/product"}],"replies":[{"embeddable":true,"href":"https:\/\/kraftwerk-shop.cc\/cs\/wp-json\/wp\/v2\/comments?post=68306311"}],"version-history":[{"count":0,"href":"https:\/\/kraftwerk-shop.cc\/cs\/wp-json\/wp\/v2\/product\/68306311\/revisions"}],"wp:featuredmedia":[{"embeddable":true,"href":"https:\/\/kraftwerk-shop.cc\/cs\/wp-json\/wp\/v2\/media\/68306315"}],"wp:attachment":[{"href":"https:\/\/kraftwerk-shop.cc\/cs\/wp-json\/wp\/v2\/media?parent=68306311"}],"wp:term":[{"taxonomy":"product_brand","embeddable":true,"href":"https:\/\/kraftwerk-shop.cc\/cs\/wp-json\/wp\/v2\/product_brand?post=68306311"},{"taxonomy":"product_cat","embeddable":true,"href":"https:\/\/kraftwerk-shop.cc\/cs\/wp-json\/wp\/v2\/product_cat?post=68306311"},{"taxonomy":"product_tag","embeddable":true,"href":"https:\/\/kraftwerk-shop.cc\/cs\/wp-json\/wp\/v2\/product_tag?post=68306311"}],"curies":[{"name":"wp","href":"https:\/\/api.w.org\/{rel}","templated":true}]}}