{"id":68306473,"date":"2024-08-30T20:03:41","date_gmt":"2024-08-30T18:03:41","guid":{"rendered":"https:\/\/kraftwerk-shop.cc\/?post_type=product&#038;p=68306473"},"modified":"2026-04-09T13:05:03","modified_gmt":"2026-04-09T11:05:03","slug":"snimac-klepani-mopar-68570138aa","status":"publish","type":"product","link":"https:\/\/kraftwerk-shop.cc\/cs\/produkt\/mopar-klopfsensor-68570138aa\/","title":{"rendered":"Sn\u00edma\u010d klep\u00e1n\u00ed Mopar (68570138AA)"},"content":{"rendered":"<h1>Origin\u00e1ln\u00ed sn\u00edma\u010d klep\u00e1n\u00ed Mopar (<span class=\"list-value sku-display\">68570138AA<\/span>) pro Chrysler, Dodge, Jeep a RAM od roku 2018 do roku 2025<\/h1>\n<p>&nbsp;<\/p>\n<p><span lang=\"DE\"><strong>\u010c\u00edslo d\u00edlu Mopar:<\/strong> <span class=\"list-value sku-display\">68570138AA<\/span><br \/>\n<strong>Nahrazeno: <\/strong> <span class=\"list-value\">68223050AA<\/span><br \/>\n<\/span><\/p>\n<p><strong>Instala\u010dn\u00ed poloha:<\/strong> vlevo + vpravo<\/p>\n<p>&nbsp;<\/p>\n<p><strong>Vhodn\u00e9 pro:<\/strong><\/p>\n<table width=\"972\">\n<tbody>\n<tr>\n<td width=\"80\"><strong>Rok v\u00fdstavby<\/strong><\/td>\n<td width=\"80\"><strong>Zna\u010dka<\/strong><\/td>\n<td width=\"121\"><strong>Model<\/strong><\/td>\n<td width=\"493\"><strong>Verze<\/strong><\/td>\n<td width=\"198\"><strong>Motor<\/strong><\/td>\n<\/tr>\n<tr>\n<td width=\"80\">2025<\/td>\n<td width=\"80\">Dodge<\/td>\n<td width=\"121\">Durango<\/td>\n<td width=\"493\">SRT Hellcat Hammerhead, SRT Hellcat Plus, SRT Hellcat Premium, SRT Hellcat Silver Bullet<\/td>\n<td width=\"198\">6.2L<\/td>\n<\/tr>\n<tr>\n<td width=\"80\">2025<\/td>\n<td width=\"80\">Dodge<\/td>\n<td width=\"121\">Hornet<\/td>\n<td width=\"493\">GT, GT Plus, R\/T, R\/T Plus<\/td>\n<td width=\"198\">1.3L L4 - Elektrick\u00fd\/plynov\u00fd, 2.0L<\/td>\n<\/tr>\n<tr>\n<td width=\"80\">2025<\/td>\n<td width=\"80\">Ram<\/td>\n<td width=\"121\">2500<\/td>\n<td width=\"493\">Big Horn, Laramie, Limited, Limited Longhorn, Lone Star, Power Wagon, Rebel, Tradesman<\/td>\n<td width=\"198\">6.4L<\/td>\n<\/tr>\n<tr>\n<td width=\"80\">2025<\/td>\n<td width=\"80\">Ram<\/td>\n<td width=\"121\">3500<\/td>\n<td width=\"493\">Big Horn, Laramie, Limited, Limited Longhorn, Tradesman<\/td>\n<td width=\"198\">6.4L<\/td>\n<\/tr>\n<tr>\n<td width=\"80\">2024<\/td>\n<td width=\"80\">Dodge<\/td>\n<td width=\"121\">Durango<\/td>\n<td width=\"493\">SRT Hellcat, SRT Hellcat Plus, SRT Hellcat Premium<\/td>\n<td width=\"198\">6.2L<\/td>\n<\/tr>\n<tr>\n<td width=\"80\">2024<\/td>\n<td width=\"80\">Dodge<\/td>\n<td width=\"121\">Hornet<\/td>\n<td width=\"493\">GT, GT Plus, R\/T, R\/T Plus<\/td>\n<td width=\"198\">1.3L L4 - Elektrick\u00fd\/plynov\u00fd, 2.0L<\/td>\n<\/tr>\n<tr>\n<td width=\"80\">2024<\/td>\n<td width=\"80\">Jeep<\/td>\n<td width=\"121\">Grand Cherokee L<\/td>\n<td width=\"493\">Overland, Summit, Summit Reserve<\/td>\n<td width=\"198\">5.7L<\/td>\n<\/tr>\n<tr>\n<td width=\"80\">2024<\/td>\n<td width=\"80\">Ram<\/td>\n<td width=\"121\">1500<\/td>\n<td width=\"493\">Big Horn, Laramie, Limited, Limited Longhorn, Lone Star, Rebel, Tradesman<\/td>\n<td width=\"198\">5.7L V8 - Elektrick\u00fd\/plynov\u00fd, 5.7L, 6.2L<\/td>\n<\/tr>\n<tr>\n<td width=\"80\">2024<\/td>\n<td width=\"80\">Ram<\/td>\n<td width=\"121\">1500 Classic<\/td>\n<td width=\"493\">Tradesman, Warlock<\/td>\n<td width=\"198\">5.7L<\/td>\n<\/tr>\n<tr>\n<td width=\"80\">2024<\/td>\n<td width=\"80\">Ram<\/td>\n<td width=\"121\">2500<\/td>\n<td width=\"493\">Big Horn, Laramie, Limited, Limited Longhorn, Lone Star, Power Wagon, Rebel, Tradesman<\/td>\n<td width=\"198\">6.4L<\/td>\n<\/tr>\n<tr>\n<td width=\"80\">2024<\/td>\n<td width=\"80\">Ram<\/td>\n<td width=\"121\">3500<\/td>\n<td width=\"493\">Big Horn, Laramie, Limited, Limited Longhorn, SLT, Tradesman<\/td>\n<td width=\"198\">6.4L<\/td>\n<\/tr>\n<tr>\n<td width=\"80\">2023<\/td>\n<td width=\"80\">Dodge<\/td>\n<td width=\"121\">Challenger<\/td>\n<td width=\"493\">SRT Hellcat Jailbreak, SRT Hellcat Redeye Jailbreak, SRT Hellcat Redeye Widebody Jailbreak, SRT Hellcat Widebody Jailbreak, SRT Super Stock<\/td>\n<td width=\"198\">6.2L<\/td>\n<\/tr>\n<tr>\n<td width=\"80\">2023<\/td>\n<td width=\"80\">Dodge<\/td>\n<td width=\"121\">Charger<\/td>\n<td width=\"493\">SRT Hellcat Redeye Widebody, SRT Hellcat Widebody, SRT Hellcat Widebody Jailbreak<\/td>\n<td width=\"198\">6.2L<\/td>\n<\/tr>\n<tr>\n<td width=\"80\">2023<\/td>\n<td width=\"80\">Dodge<\/td>\n<td width=\"121\">Durango<\/td>\n<td width=\"493\">SRT Hellcat, SRT Hellcat Plus, SRT Hellcat Premium<\/td>\n<td width=\"198\">6.2L<\/td>\n<\/tr>\n<tr>\n<td width=\"80\">2023<\/td>\n<td width=\"80\">Dodge<\/td>\n<td width=\"121\">Hornet<\/td>\n<td width=\"493\">GT, GT Plus<\/td>\n<td width=\"198\">2.0L<\/td>\n<\/tr>\n<tr>\n<td width=\"80\">2023<\/td>\n<td width=\"80\">Jeep<\/td>\n<td width=\"121\">Grand Cherokee<\/td>\n<td width=\"493\">Overland, Summit, Summit Reserve<\/td>\n<td width=\"198\">5.7L<\/td>\n<\/tr>\n<tr>\n<td width=\"80\">2023<\/td>\n<td width=\"80\">Jeep<\/td>\n<td width=\"121\">Grand Cherokee L<\/td>\n<td width=\"493\">Overland, Summit, Summit Reserve<\/td>\n<td width=\"198\">5.7L<\/td>\n<\/tr>\n<tr>\n<td width=\"80\">2023<\/td>\n<td width=\"80\">Jeep<\/td>\n<td width=\"121\">Reneg\u00e1t<\/td>\n<td width=\"493\">Altitude, Latitude, Limited, Red, Trailhawk<\/td>\n<td width=\"198\">1.3L<\/td>\n<\/tr>\n<tr>\n<td width=\"80\">2023<\/td>\n<td width=\"80\">Jeep<\/td>\n<td width=\"121\">Wagoneer<\/td>\n<td width=\"493\">Base<\/td>\n<td width=\"198\">5.7L V8 - Elektrick\u00fd\/plynov\u00fd pohon<\/td>\n<\/tr>\n<tr>\n<td width=\"80\">2023<\/td>\n<td width=\"80\">Ram<\/td>\n<td width=\"121\">1500<\/td>\n<td width=\"493\">Big Horn, Laramie, Limited, Limited Longhorn, Lone Star, Rebel, Tradesman<\/td>\n<td width=\"198\">5.7L V8 - Elektrick\u00fd\/plynov\u00fd, 5.7L, 6.2L<\/td>\n<\/tr>\n<tr>\n<td width=\"80\">2023<\/td>\n<td width=\"80\">Ram<\/td>\n<td width=\"121\">1500 Classic<\/td>\n<td width=\"493\">Tradesman, Warlock<\/td>\n<td width=\"198\">5.7L<\/td>\n<\/tr>\n<tr>\n<td width=\"80\">2023<\/td>\n<td width=\"80\">Ram<\/td>\n<td width=\"121\">2500<\/td>\n<td width=\"493\">Big Horn, Laramie, Limited, Limited Longhorn, Lone Star, Power Wagon, Rebel, Tradesman<\/td>\n<td width=\"198\">6.4L<\/td>\n<\/tr>\n<tr>\n<td width=\"80\">2023<\/td>\n<td width=\"80\">Ram<\/td>\n<td width=\"121\">3500<\/td>\n<td width=\"493\">Big Horn, Laramie, Limited, Limited Longhorn, SLT, Tradesman<\/td>\n<td width=\"198\">6.4L<\/td>\n<\/tr>\n<tr>\n<td width=\"80\">2022<\/td>\n<td width=\"80\">Dodge<\/td>\n<td width=\"121\">Challenger<\/td>\n<td width=\"493\">SRT Hellcat, SRT Hellcat Redeye, SRT Hellcat Redeye Widebody, SRT Hellcat Widebody, SRT Jailbreak, SRT Super Stock<\/td>\n<td width=\"198\">6.2L<\/td>\n<\/tr>\n<tr>\n<td width=\"80\">2022<\/td>\n<td width=\"80\">Dodge<\/td>\n<td width=\"121\">Charger<\/td>\n<td width=\"493\">SRT Hellcat Redeye Widebody, SRT Hellcat Widebody, SRT Jailbreak<\/td>\n<td width=\"198\">6.2L<\/td>\n<\/tr>\n<tr>\n<td width=\"80\">2022<\/td>\n<td width=\"80\">Fiat<\/td>\n<td width=\"121\">500X<\/td>\n<td width=\"493\">Pop, Sport, Treking, Yacht Club<\/td>\n<td width=\"198\">1.3L<\/td>\n<\/tr>\n<tr>\n<td width=\"80\">2022<\/td>\n<td width=\"80\">Jeep<\/td>\n<td width=\"121\">Cherokee<\/td>\n<td width=\"493\">Latitude Lux, Limited<\/td>\n<td width=\"198\">2.0L<\/td>\n<\/tr>\n<tr>\n<td width=\"80\">2022<\/td>\n<td width=\"80\">Jeep<\/td>\n<td width=\"121\">Grand Cherokee<\/td>\n<td width=\"493\">Overland, Overland 4xe, Summit, Summit 4xe, Summit Reserve, Summit Reserve 4xe, Trailhawk, Trailhawk 4xe<\/td>\n<td width=\"198\">2.0L L4 - Elektrick\u00fd\/plynov\u00fd, 5.7L<\/td>\n<\/tr>\n<tr>\n<td width=\"80\">2022<\/td>\n<td width=\"80\">Jeep<\/td>\n<td width=\"121\">Grand Cherokee L<\/td>\n<td width=\"493\">Overland, Summit, Summit Reserve<\/td>\n<td width=\"198\">5.7L<\/td>\n<\/tr>\n<tr>\n<td width=\"80\">2022<\/td>\n<td width=\"80\">Jeep<\/td>\n<td width=\"121\">Reneg\u00e1t<\/td>\n<td width=\"493\">Altitude, Latitude, Limited, Sport, Trailhawk<\/td>\n<td width=\"198\">1.3L<\/td>\n<\/tr>\n<tr>\n<td width=\"80\">2022<\/td>\n<td width=\"80\">Jeep<\/td>\n<td width=\"121\">Wagoneer<\/td>\n<td width=\"493\">Series II, Series III<\/td>\n<td width=\"198\">5.7L V8 - Elektrick\u00fd\/plynov\u00fd pohon<\/td>\n<\/tr>\n<tr>\n<td width=\"80\">2022<\/td>\n<td width=\"80\">Jeep<\/td>\n<td width=\"121\">Wrangler<\/td>\n<td width=\"493\">Rubicon, Sport, Sport S, Unlimited High Altitude, Unlimited High Altitude 4xe, Unlimited Rubicon, Unlimited Rubicon 4xe, Unlimited Sahara 4xe, Unlimited Sahara Altitude, Unlimited Sport, Unlimited Sport Altitude, Unlimited Sport S, Unlimited Willys, Unlimited Willys Sport, Willys, Willys Sport<\/td>\n<td width=\"198\">2.0L L4 - Elektrick\u00fd\/plynov\u00fd, 2.0L<\/td>\n<\/tr>\n<tr>\n<td width=\"80\">2022<\/td>\n<td width=\"80\">Ram<\/td>\n<td width=\"121\">1500<\/td>\n<td width=\"493\">Big Horn, Laramie, Limited, Limited Longhorn, Lone Star, Rebel, Tradesman<\/td>\n<td width=\"198\">5.7L V8 - Elektrick\u00fd\/plynov\u00fd, 5.7L, 6.2L<\/td>\n<\/tr>\n<tr>\n<td width=\"80\">2022<\/td>\n<td width=\"80\">Ram<\/td>\n<td width=\"121\">1500 Classic<\/td>\n<td width=\"493\">Express, SLT, Tradesman, Warlock<\/td>\n<td width=\"198\">5.7L<\/td>\n<\/tr>\n<tr>\n<td width=\"80\">2022<\/td>\n<td width=\"80\">Ram<\/td>\n<td width=\"121\">2500<\/td>\n<td width=\"493\">Big Horn, Laramie, Limited, Limited Longhorn, Lone Star, Power Wagon, Tradesman<\/td>\n<td width=\"198\">6.4L<\/td>\n<\/tr>\n<tr>\n<td width=\"80\">2022<\/td>\n<td width=\"80\">Ram<\/td>\n<td width=\"121\">3500<\/td>\n<td width=\"493\">Big Horn, Laramie, Limited, Limited Longhorn, Lone Star, SLT, Tradesman<\/td>\n<td width=\"198\">6.4L<\/td>\n<\/tr>\n<tr>\n<td width=\"80\">2021<\/td>\n<td width=\"80\">Dodge<\/td>\n<td width=\"121\">Challenger<\/td>\n<td width=\"493\">SRT Hellcat, SRT Hellcat Redeye, SRT Hellcat Redeye Widebody, SRT Hellcat Widebody, SRT Super Stock<\/td>\n<td width=\"198\">6.2L<\/td>\n<\/tr>\n<tr>\n<td width=\"80\">2021<\/td>\n<td width=\"80\">Dodge<\/td>\n<td width=\"121\">Charger<\/td>\n<td width=\"493\">SRT Hellcat Redeye Widebody, SRT Hellcat Widebody<\/td>\n<td width=\"198\">6.2L<\/td>\n<\/tr>\n<tr>\n<td width=\"80\">2021<\/td>\n<td width=\"80\">Dodge<\/td>\n<td width=\"121\">Durango<\/td>\n<td width=\"493\">SRT Hellcat<\/td>\n<td width=\"198\">6.2L<\/td>\n<\/tr>\n<tr>\n<td width=\"80\">2021<\/td>\n<td width=\"80\">Fiat<\/td>\n<td width=\"121\">500X<\/td>\n<td width=\"493\">Pop, Sport, Trekking, Trekking Plus<\/td>\n<td width=\"198\">1.3L<\/td>\n<\/tr>\n<tr>\n<td width=\"80\">2021<\/td>\n<td width=\"80\">Jeep<\/td>\n<td width=\"121\">Cherokee<\/td>\n<td width=\"493\">80. v\u00fdro\u010d\u00ed, High Altitude, Latitude Lux, Limited<\/td>\n<td width=\"198\">2.0L<\/td>\n<\/tr>\n<tr>\n<td width=\"80\">2021<\/td>\n<td width=\"80\">Jeep<\/td>\n<td width=\"121\">Grand Cherokee<\/td>\n<td width=\"493\">Trackhawk<\/td>\n<td width=\"198\">6.2L<\/td>\n<\/tr>\n<tr>\n<td width=\"80\">2021<\/td>\n<td width=\"80\">Jeep<\/td>\n<td width=\"121\">Grand Cherokee L<\/td>\n<td width=\"493\">Overland, Summit, Summit Reserve<\/td>\n<td width=\"198\">5.7L<\/td>\n<\/tr>\n<tr>\n<td width=\"80\">2021<\/td>\n<td width=\"80\">Jeep<\/td>\n<td width=\"121\">Reneg\u00e1t<\/td>\n<td width=\"493\">80. v\u00fdro\u010d\u00ed, Latitude, Limited, Trailhawk<\/td>\n<td width=\"198\">1.3L<\/td>\n<\/tr>\n<tr>\n<td width=\"80\">2021<\/td>\n<td width=\"80\">Jeep<\/td>\n<td width=\"121\">Wrangler<\/td>\n<td width=\"493\">80. v\u00fdro\u010d\u00ed, Freedom, Islander, Rubicon, Sport, Sport S, Unlimited 80. v\u00fdro\u010d\u00ed, Unlimited Freedom, Unlimited High Altitude, Unlimited High Altitude 4xe, Unlimited Islander, Unlimited Rubicon, Unlimited Rubicon 4xe, Unlimited Sahara, Unlimited Sahara 4xe, Unlimited Sahara Altitude, Unlimited Sport, Unlimited Sport Altitude, Unlimited Sport S, Unlimited Willys, Unlimited Willys Sport, Willys, Willys Sport<\/td>\n<td width=\"198\">2.0L L4 - Elektrick\u00fd\/plynov\u00fd, 2.0L<\/td>\n<\/tr>\n<tr>\n<td width=\"80\">2021<\/td>\n<td width=\"80\">Ram<\/td>\n<td width=\"121\">1500<\/td>\n<td width=\"493\">Big Horn, Laramie, Limited, Limited Longhorn, Lone Star, Rebel, Tradesman<\/td>\n<td width=\"198\">5.7L V8 - Elektrick\u00fd\/plynov\u00fd, 5.7L, 6.2L<\/td>\n<\/tr>\n<tr>\n<td width=\"80\">2021<\/td>\n<td width=\"80\">Ram<\/td>\n<td width=\"121\">1500 Classic<\/td>\n<td width=\"493\">Express, SLT, Tradesman, Warlock<\/td>\n<td width=\"198\">5.7L<\/td>\n<\/tr>\n<tr>\n<td width=\"80\">2021<\/td>\n<td width=\"80\">Ram<\/td>\n<td width=\"121\">2500<\/td>\n<td width=\"493\">Big Horn, Laramie, Limited, Limited Longhorn, Lone Star, Power Wagon, Tradesman<\/td>\n<td width=\"198\">6.4L<\/td>\n<\/tr>\n<tr>\n<td width=\"80\">2021<\/td>\n<td width=\"80\">Ram<\/td>\n<td width=\"121\">3500<\/td>\n<td width=\"493\">Big Horn, Laramie, Limited, Limited Longhorn, Lone Star, SLT, Tradesman<\/td>\n<td width=\"198\">6.4L<\/td>\n<\/tr>\n<tr>\n<td width=\"80\">2020<\/td>\n<td width=\"80\">Dodge<\/td>\n<td width=\"121\">Challenger<\/td>\n<td width=\"493\">SRT Hellcat, SRT Hellcat Redeye, SRT Hellcat Redeye Widebody, SRT Hellcat Widebody<\/td>\n<td width=\"198\">6.2L<\/td>\n<\/tr>\n<tr>\n<td width=\"80\">2020<\/td>\n<td width=\"80\">Dodge<\/td>\n<td width=\"121\">Charger<\/td>\n<td width=\"493\">SRT Hellcat Widebody<\/td>\n<td width=\"198\">6.2L<\/td>\n<\/tr>\n<tr>\n<td width=\"80\">2020<\/td>\n<td width=\"80\">Fiat<\/td>\n<td width=\"121\">500X<\/td>\n<td width=\"493\">Pop, Sport, Trekking, Trekking Plus<\/td>\n<td width=\"198\">1.3L<\/td>\n<\/tr>\n<tr>\n<td width=\"80\">2020<\/td>\n<td width=\"80\">Jeep<\/td>\n<td width=\"121\">Cherokee<\/td>\n<td width=\"493\">Altitude, High Altitude, Latitude Plus, Limited, Overland, Trailhawk, Trailhawk Elite<\/td>\n<td width=\"198\">2.0L<\/td>\n<\/tr>\n<tr>\n<td width=\"80\">2020<\/td>\n<td width=\"80\">Jeep<\/td>\n<td width=\"121\">Grand Cherokee<\/td>\n<td width=\"493\">Trackhawk<\/td>\n<td width=\"198\">6.2L<\/td>\n<\/tr>\n<tr>\n<td width=\"80\">2020<\/td>\n<td width=\"80\">Jeep<\/td>\n<td width=\"121\">Reneg\u00e1t<\/td>\n<td width=\"493\">Altitude, High Altitude, Latitude, Limited, Sport, Trailhawk<\/td>\n<td width=\"198\">1.3L<\/td>\n<\/tr>\n<tr>\n<td width=\"80\">2020<\/td>\n<td width=\"80\">Jeep<\/td>\n<td width=\"121\">Wrangler<\/td>\n<td width=\"493\">Rubicon, Sport, Sport S, Unlimited Rubicon, Unlimited Sahara, Unlimited Sport, Unlimited Sport S<\/td>\n<td width=\"198\">2.0L L4 - Elektrick\u00fd\/plynov\u00fd, 2.0L<\/td>\n<\/tr>\n<tr>\n<td width=\"80\">2020<\/td>\n<td width=\"80\">Ram<\/td>\n<td width=\"121\">1500<\/td>\n<td width=\"493\">Big Horn, Laramie, Laramie Longhorn, Limited, Lone Star, Rebel, Tradesman<\/td>\n<td width=\"198\">5.7L V8 - Elektrick\u00fd\/plynov\u00fd, 5.7L<\/td>\n<\/tr>\n<tr>\n<td width=\"80\">2020<\/td>\n<td width=\"80\">Ram<\/td>\n<td width=\"121\">1500 Classic<\/td>\n<td width=\"493\">Express, SLT, Special Service, Tradesman, Warlock<\/td>\n<td width=\"198\">5.7L<\/td>\n<\/tr>\n<tr>\n<td width=\"80\">2020<\/td>\n<td width=\"80\">Ram<\/td>\n<td width=\"121\">2500<\/td>\n<td width=\"493\">Big Horn, Laramie, Laramie Longhorn, Limited, Lone Star, Power Wagon, Tradesman<\/td>\n<td width=\"198\">6.4L<\/td>\n<\/tr>\n<tr>\n<td width=\"80\">2020<\/td>\n<td width=\"80\">Ram<\/td>\n<td width=\"121\">3500<\/td>\n<td width=\"493\">Laramie, Laramie Longhorn, Limited, SLT, Tradesman<\/td>\n<td width=\"198\">6.4L<\/td>\n<\/tr>\n<tr>\n<td width=\"80\">2019<\/td>\n<td width=\"80\">Dodge<\/td>\n<td width=\"121\">Challenger<\/td>\n<td width=\"493\">SRT Hellcat, SRT Hellcat Redeye, SRT Hellcat Redeye Widebody, SRT Hellcat Widebody<\/td>\n<td width=\"198\">6.2L<\/td>\n<\/tr>\n<tr>\n<td width=\"80\">2019<\/td>\n<td width=\"80\">Dodge<\/td>\n<td width=\"121\">Charger<\/td>\n<td width=\"493\">SRT Hellcat<\/td>\n<td width=\"198\">6.2L<\/td>\n<\/tr>\n<tr>\n<td width=\"80\">2019<\/td>\n<td width=\"80\">Fiat<\/td>\n<td width=\"121\">500X<\/td>\n<td width=\"493\">Pop, Trekking, Trekking Plus<\/td>\n<td width=\"198\">1.3L<\/td>\n<\/tr>\n<tr>\n<td width=\"80\">2019<\/td>\n<td width=\"80\">Jeep<\/td>\n<td width=\"121\">Cherokee<\/td>\n<td width=\"493\">Altitude, High Altitude, Latitude Plus, Limited, Overland, Trailhawk, Trailhawk Elite<\/td>\n<td width=\"198\">2.0L<\/td>\n<\/tr>\n<tr>\n<td width=\"80\">2019<\/td>\n<td width=\"80\">Jeep<\/td>\n<td width=\"121\">Grand Cherokee<\/td>\n<td width=\"493\">Trackhawk<\/td>\n<td width=\"198\">6.2L<\/td>\n<\/tr>\n<tr>\n<td width=\"80\">2019<\/td>\n<td width=\"80\">Jeep<\/td>\n<td width=\"121\">Reneg\u00e1t<\/td>\n<td width=\"493\">Altitude, High Altitude, Latitude, Limited, Sport, Trailhawk<\/td>\n<td width=\"198\">1.3L<\/td>\n<\/tr>\n<tr>\n<td width=\"80\">2019<\/td>\n<td width=\"80\">Jeep<\/td>\n<td width=\"121\">Wrangler<\/td>\n<td width=\"493\">Rubicon, Sport, Sport S, Unlimited Rubicon, Unlimited Sahara, Unlimited Sport, Unlimited Sport S<\/td>\n<td width=\"198\">2.0L L4 - Elektrick\u00fd\/plynov\u00fd pohon<\/td>\n<\/tr>\n<tr>\n<td width=\"80\">2019<\/td>\n<td width=\"80\">Ram<\/td>\n<td width=\"121\">1500<\/td>\n<td width=\"493\">Big Horn, Laramie, Laramie Longhorn, Limited, Lone Star, Rebel, Tradesman<\/td>\n<td width=\"198\">5.7L V8 - Elektrick\u00fd\/plynov\u00fd, 5.7L<\/td>\n<\/tr>\n<tr>\n<td width=\"80\">2019<\/td>\n<td width=\"80\">Ram<\/td>\n<td width=\"121\">1500 Classic<\/td>\n<td width=\"493\">Big Horn, Express, Lone Star, SLT, Special Service, Tradesman, Warlock<\/td>\n<td width=\"198\">5.7L<\/td>\n<\/tr>\n<tr>\n<td width=\"80\">2019<\/td>\n<td width=\"80\">Ram<\/td>\n<td width=\"121\">2500<\/td>\n<td width=\"493\">Big Horn, Laramie, Laramie Longhorn, Limited, Lone Star, Power Wagon, Tradesman<\/td>\n<td width=\"198\">6.4L<\/td>\n<\/tr>\n<tr>\n<td width=\"80\">2019<\/td>\n<td width=\"80\">Ram<\/td>\n<td width=\"121\">3500<\/td>\n<td width=\"493\">Big Horn, Laramie, Laramie Longhorn, Limited, Lone Star, SLT, Tradesman<\/td>\n<td width=\"198\">6.4L<\/td>\n<\/tr>\n<tr>\n<td width=\"80\">2018<\/td>\n<td width=\"80\">Dodge<\/td>\n<td width=\"121\">Challenger<\/td>\n<td width=\"493\">SRT Demon, SRT Hellcat, SRT Hellcat Widebody<\/td>\n<td width=\"198\">6.2L<\/td>\n<\/tr>\n<tr>\n<td width=\"80\">2018<\/td>\n<td width=\"80\">Dodge<\/td>\n<td width=\"121\">Charger<\/td>\n<td width=\"493\">SRT Hellcat<\/td>\n<td width=\"198\">6.2L<\/td>\n<\/tr>\n<tr>\n<td width=\"80\">2018<\/td>\n<td width=\"80\">Jeep<\/td>\n<td width=\"121\">Grand Cherokee<\/td>\n<td width=\"493\">Trackhawk<\/td>\n<td width=\"198\">6.2L<\/td>\n<\/tr>\n<tr>\n<td width=\"80\">2018<\/td>\n<td width=\"80\">Jeep<\/td>\n<td width=\"121\">Wrangler<\/td>\n<td width=\"493\">Rubicon, Sport, Sport S, Unlimited Rubicon, Unlimited Sahara, Unlimited Sport, Unlimited Sport S<\/td>\n<td width=\"198\">2.0L L4 - Elektrick\u00fd\/plynov\u00fd pohon<\/td>\n<\/tr>\n<tr>\n<td width=\"80\">2018<\/td>\n<td width=\"80\">Ram<\/td>\n<td width=\"121\">1500<\/td>\n<td width=\"493\">Big Horn, Express, Laramie, Laramie Longhorn, Limited, Lone Star, Rebel, SLT, Special Service, Sport, Tradesman<\/td>\n<td width=\"198\">5.7L<\/td>\n<\/tr>\n<tr>\n<td width=\"80\">2018<\/td>\n<td width=\"80\">Ram<\/td>\n<td width=\"121\">2500<\/td>\n<td width=\"493\">Big Horn, SLT, Tradesman<\/td>\n<td width=\"198\">5.7L V8 - CNG, 5.7L<\/td>\n<\/tr>\n<tr>\n<td width=\"80\">2018<\/td>\n<td width=\"80\">Ram<\/td>\n<td width=\"121\">3500<\/td>\n<td width=\"493\">Big Horn, SLT, Tradesman<\/td>\n<td width=\"198\">5.7L<\/td>\n<\/tr>\n<\/tbody>\n<\/table>\n<p>&nbsp;<\/p>\n<h4>Pro\u010d si vybrat origin\u00e1ln\u00ed n\u00e1hradn\u00ed d\u00edly Mopar?<\/h4>\n<p><strong>Perfektn\u011b padnouc\u00ed a \u0161pi\u010dkov\u00e9 kvality:<\/strong> Origin\u00e1ln\u00ed n\u00e1hradn\u00ed d\u00edly Mopar jsou vyr\u00e1b\u011bny podle p\u0159\u00edsn\u00fdch specifikac\u00ed v\u00fdrobce, co\u017e znamen\u00e1, \u017ee do va\u0161eho vozidla dokonale pasuj\u00ed. T\u00edm je zaji\u0161t\u011bna nejen snadn\u00e1 instalace, ale tak\u00e9 optim\u00e1ln\u00ed funkce a bezpe\u010dnost.<\/p>\n<p><strong>Spolehlivost a trvanlivost:<\/strong> D\u00edky pou\u017eit\u00ed vysoce kvalitn\u00edch materi\u00e1l\u016f a p\u0159\u00edsn\u00e9 kontrole kvality zaji\u0161\u0165uj\u00ed n\u00e1hradn\u00ed d\u00edly Mopar spolehlivou funkci va\u0161eho vozidla i v extr\u00e9mn\u00edch podm\u00ednk\u00e1ch. Jsou navr\u017eeny tak, aby vydr\u017eely a maximalizovaly v\u00fdkon va\u0161eho vozidla.<\/p>\n<p>&nbsp;<\/p>\n<p>&nbsp;<\/p>","protected":false},"excerpt":{"rendered":"<p>Origin\u00e1ln\u00ed d\u00edl Mopar<\/p>\n<p>2018\u20132025<\/p>","protected":false},"featured_media":68306477,"comment_status":"open","ping_status":"closed","template":"","meta":{"_acf_changed":false},"product_brand":[16270],"product_cat":[7300,7327,7346,7406,19788,7441,7446,7456,7451],"product_tag":[475,506,52,7554,7555,54,53,48,49,3853,95,56,100,50,7553,31,8813,9424,16271,16273,16275,16272,16274,7221,86,713,102,2353],"class_list":{"0":"post-68306473","1":"product","2":"type-product","3":"status-publish","4":"has-post-thumbnail","6":"product_brand-mopar","7":"product_cat-challenger-hellcat-sensoren","8":"product_cat-charger-hellcat-sensoren","9":"product_cat-durango-hellcat-sensoren","10":"product_cat-trackhawk-sensoren","11":"product_cat-wrangler-20-turbo-sensoren","12":"product_cat-1500-57-2009-2018-classic-sensoren","13":"product_cat-1500-57-dt-sensoren","14":"product_cat-2500-3500-64-sensoren","15":"product_cat-trx-sensoren","16":"product_tag-475","17":"product_tag-506","18":"product_tag-300c","19":"product_tag-68223050aa","20":"product_tag-68570138aa","21":"product_tag-challenger","22":"product_tag-charger","23":"product_tag-chrysler","24":"product_tag-dodge","25":"product_tag-dodge-challenger","26":"product_tag-durango","27":"product_tag-grand-cherokee","28":"product_tag-hellcat","29":"product_tag-jeep","30":"product_tag-klopfsensor","31":"product_tag-mopar","32":"product_tag-mopar-autoteile","33":"product_tag-mopar-ersatzteile","34":"product_tag-mopar-ersatzteile-kaufen","35":"product_tag-mopar-performance-teile","36":"product_tag-mopar-teile-katalog","37":"product_tag-mopar-teile-online","38":"product_tag-mopar-tuningteile","39":"product_tag-mopar10","40":"product_tag-ram","41":"product_tag-sensor","42":"product_tag-trackhawk","43":"product_tag-trx","45":"first","46":"instock","47":"taxable","48":"shipping-taxable","49":"purchasable","50":"product-type-simple"},"bundled_by":[],"bundle_stock_status":"instock","bundle_stock_quantity":6,"bundle_virtual":false,"bundle_layout":"","bundle_add_to_cart_form_location":"","bundle_editable_in_cart":false,"bundle_sold_individually_context":"","bundle_item_grouping":"","bundle_min_size":"","bundle_max_size":"","bundle_price":[],"bundled_items":[],"bundle_sell_ids":[],"exclude_global_add_ons":[],"addons":[],"acf":[],"_links":{"self":[{"href":"https:\/\/kraftwerk-shop.cc\/cs\/wp-json\/wp\/v2\/product\/68306473","targetHints":{"allow":["GET"]}}],"collection":[{"href":"https:\/\/kraftwerk-shop.cc\/cs\/wp-json\/wp\/v2\/product"}],"about":[{"href":"https:\/\/kraftwerk-shop.cc\/cs\/wp-json\/wp\/v2\/types\/product"}],"replies":[{"embeddable":true,"href":"https:\/\/kraftwerk-shop.cc\/cs\/wp-json\/wp\/v2\/comments?post=68306473"}],"version-history":[{"count":0,"href":"https:\/\/kraftwerk-shop.cc\/cs\/wp-json\/wp\/v2\/product\/68306473\/revisions"}],"wp:featuredmedia":[{"embeddable":true,"href":"https:\/\/kraftwerk-shop.cc\/cs\/wp-json\/wp\/v2\/media\/68306477"}],"wp:attachment":[{"href":"https:\/\/kraftwerk-shop.cc\/cs\/wp-json\/wp\/v2\/media?parent=68306473"}],"wp:term":[{"taxonomy":"product_brand","embeddable":true,"href":"https:\/\/kraftwerk-shop.cc\/cs\/wp-json\/wp\/v2\/product_brand?post=68306473"},{"taxonomy":"product_cat","embeddable":true,"href":"https:\/\/kraftwerk-shop.cc\/cs\/wp-json\/wp\/v2\/product_cat?post=68306473"},{"taxonomy":"product_tag","embeddable":true,"href":"https:\/\/kraftwerk-shop.cc\/cs\/wp-json\/wp\/v2\/product_tag?post=68306473"}],"curies":[{"name":"wp","href":"https:\/\/api.w.org\/{rel}","templated":true}]}}