{"id":68306579,"date":"2024-08-31T17:13:38","date_gmt":"2024-08-31T15:13:38","guid":{"rendered":"https:\/\/kraftwerk-shop.cc\/?post_type=product&#038;p=68306579"},"modified":"2026-04-08T11:23:05","modified_gmt":"2026-04-08T09:23:05","slug":"klinovy-remen-mopar-hellcat-trackhawk-5038718aa","status":"publish","type":"product","link":"https:\/\/kraftwerk-shop.cc\/cs\/produkt\/mopar-keilriemen-hellcat-trackhawk-5038718aa\/","title":{"rendered":"Kl\u00ednov\u00fd \u0159emen Mopar Hellcat &amp; Trackhawk (5038718AA)"},"content":{"rendered":"<h1>Origin\u00e1ln\u00ed kl\u00ednov\u00fd \u0159emen Mopar <span class=\"list-value sku-display\">5038718AA<\/span> pro Dodge Challenger, Charger, Durango Hellcat a Jeep Trackhawk od roku 2018 do roku 2025<\/h1>\n<p>&nbsp;<\/p>\n<p><strong>\u010c\u00edslo d\u00edlu Mopar:<\/strong> <span class=\"list-value sku-display\">5038718AA<\/span><br \/>\n<strong>Nahrazeno:<\/strong> <span class=\"list-value\">\u2014<\/span><\/p>\n<p><strong><br \/>\nVhodn\u00e9 pro:<\/strong><\/p>\n<table width=\"972\">\n<tbody>\n<tr>\n<td width=\"80\"><strong>Rok v\u00fdstavby<\/strong><\/td>\n<td width=\"80\"><strong>Zna\u010dka<\/strong><\/td>\n<td width=\"121\"><strong>Model<\/strong><\/td>\n<td width=\"493\"><strong>Verze<\/strong><\/td>\n<td width=\"198\"><strong>Motor<\/strong><\/td>\n<\/tr>\n<tr>\n<td width=\"80\">2025<\/td>\n<td width=\"80\">Dodge<\/td>\n<td width=\"121\">Durango<\/td>\n<td width=\"493\">SRT Hellcat Hammerhead, SRT Hellcat Plus, SRT Hellcat Premium, SRT Hellcat Silver Bullet<\/td>\n<td width=\"198\">6.2L<\/td>\n<\/tr>\n<tr>\n<td width=\"80\">2024<\/td>\n<td width=\"80\">Dodge<\/td>\n<td width=\"121\">Durango<\/td>\n<td width=\"493\">SRT Hellcat, SRT Hellcat Plus, SRT Hellcat Premium<\/td>\n<td width=\"198\">6.2L<\/td>\n<\/tr>\n<tr>\n<td width=\"80\">2023<\/td>\n<td width=\"80\">Dodge<\/td>\n<td width=\"121\">Challenger<\/td>\n<td width=\"493\">SRT Hellcat Jailbreak, SRT Hellcat Redeye Jailbreak, SRT Hellcat Redeye Widebody Jailbreak, SRT Hellcat Widebody Jailbreak, SRT Super Stock<\/td>\n<td width=\"198\">6.2L<\/td>\n<\/tr>\n<tr>\n<td width=\"80\">2023<\/td>\n<td width=\"80\">Dodge<\/td>\n<td width=\"121\">Charger<\/td>\n<td width=\"493\">SRT Hellcat Redeye Widebody, SRT Hellcat Widebody, SRT Hellcat Widebody Jailbreak<\/td>\n<td width=\"198\">6.2L<\/td>\n<\/tr>\n<tr>\n<td width=\"80\">2023<\/td>\n<td width=\"80\">Dodge<\/td>\n<td width=\"121\">Durango<\/td>\n<td width=\"493\">SRT Hellcat, SRT Hellcat Plus, SRT Hellcat Premium<\/td>\n<td width=\"198\">6.2L<\/td>\n<\/tr>\n<tr>\n<td width=\"80\">2022<\/td>\n<td width=\"80\">Dodge<\/td>\n<td width=\"121\">Challenger<\/td>\n<td width=\"493\">SRT Hellcat, SRT Hellcat Redeye, SRT Hellcat Redeye Widebody, SRT Hellcat Widebody, SRT Jailbreak, SRT Super Stock<\/td>\n<td width=\"198\">6.2L<\/td>\n<\/tr>\n<tr>\n<td width=\"80\">2022<\/td>\n<td width=\"80\">Dodge<\/td>\n<td width=\"121\">Charger<\/td>\n<td width=\"493\">SRT Hellcat Redeye Widebody, SRT Hellcat Widebody, SRT Jailbreak<\/td>\n<td width=\"198\">6.2L<\/td>\n<\/tr>\n<tr>\n<td width=\"80\">2021<\/td>\n<td width=\"80\">Dodge<\/td>\n<td width=\"121\">Challenger<\/td>\n<td width=\"493\">SRT Hellcat, SRT Hellcat Redeye, SRT Hellcat Redeye Widebody, SRT Hellcat Widebody, SRT Super Stock<\/td>\n<td width=\"198\">6.2L<\/td>\n<\/tr>\n<tr>\n<td width=\"80\">2021<\/td>\n<td width=\"80\">Dodge<\/td>\n<td width=\"121\">Charger<\/td>\n<td width=\"493\">SRT Hellcat Redeye Widebody, SRT Hellcat Widebody<\/td>\n<td width=\"198\">6.2L<\/td>\n<\/tr>\n<tr>\n<td width=\"80\">2021<\/td>\n<td width=\"80\">Dodge<\/td>\n<td width=\"121\">Durango<\/td>\n<td width=\"493\">SRT Hellcat<\/td>\n<td width=\"198\">6.2L<\/td>\n<\/tr>\n<tr>\n<td width=\"80\">2021<\/td>\n<td width=\"80\">Jeep<\/td>\n<td width=\"121\">Grand Cherokee<\/td>\n<td width=\"493\">Trackhawk<\/td>\n<td width=\"198\">6.2L<\/td>\n<\/tr>\n<tr>\n<td width=\"80\">2020<\/td>\n<td width=\"80\">Dodge<\/td>\n<td width=\"121\">Challenger<\/td>\n<td width=\"493\">SRT Hellcat, SRT Hellcat Redeye, SRT Hellcat Redeye Widebody, SRT Hellcat Widebody<\/td>\n<td width=\"198\">6.2L<\/td>\n<\/tr>\n<tr>\n<td width=\"80\">2020<\/td>\n<td width=\"80\">Dodge<\/td>\n<td width=\"121\">Charger<\/td>\n<td width=\"493\">SRT Hellcat Widebody<\/td>\n<td width=\"198\">6.2L<\/td>\n<\/tr>\n<tr>\n<td width=\"80\">2020<\/td>\n<td width=\"80\">Jeep<\/td>\n<td width=\"121\">Grand Cherokee<\/td>\n<td width=\"493\">Trackhawk<\/td>\n<td width=\"198\">6.2L<\/td>\n<\/tr>\n<tr>\n<td width=\"80\">2019<\/td>\n<td width=\"80\">Dodge<\/td>\n<td width=\"121\">Challenger<\/td>\n<td width=\"493\">SRT Hellcat, SRT Hellcat Redeye, SRT Hellcat Redeye Widebody, SRT Hellcat Widebody<\/td>\n<td width=\"198\">6.2L<\/td>\n<\/tr>\n<tr>\n<td width=\"80\">2019<\/td>\n<td width=\"80\">Jeep<\/td>\n<td width=\"121\">Grand Cherokee<\/td>\n<td width=\"493\">Trackhawk<\/td>\n<td width=\"198\">6.2L<\/td>\n<\/tr>\n<tr>\n<td width=\"80\">2018<\/td>\n<td width=\"80\">Dodge<\/td>\n<td width=\"121\">Challenger<\/td>\n<td width=\"493\">SRT Demon, SRT Hellcat, SRT Hellcat Widebody<\/td>\n<td width=\"198\">6.2L<\/td>\n<\/tr>\n<tr>\n<td width=\"80\">2018<\/td>\n<td width=\"80\">Jeep<\/td>\n<td width=\"121\">Grand Cherokee<\/td>\n<td width=\"493\">Trackhawk<\/td>\n<td width=\"198\">6.2L<\/td>\n<\/tr>\n<\/tbody>\n<\/table>\n<p>&nbsp;<\/p>\n<p>Kl\u00ednov\u00e9 \u0159emeny jsou dlouh\u00e9 gumov\u00e9 \u0159emeny, kter\u00e9 se t\u00e1hnou pod\u00e9l motoru vozidla a poh\u00e1n\u011bj\u00ed mnoho d\u016fle\u017eit\u00fdch sou\u010d\u00e1st\u00ed, nap\u0159\u00edklad altern\u00e1tor, \u010derpadlo posilova\u010de \u0159\u00edzen\u00ed, klimatizaci a vodn\u00ed \u010derpadlo.<\/p>\n<p>U v\u011bt\u0161iny vozidel se doporu\u010duje nechat kl\u00ednov\u00fd \u0159emen zkontrolovat, jakmile vozidlo dos\u00e1hne 60 000 km.<br \/>\nP\u0159ed dosa\u017een\u00edm tohoto po\u010dtu kilometr\u016f je tak\u00e9 d\u016fle\u017eit\u00e9 prov\u00e9st vizu\u00e1ln\u00ed a akustickou kontrolu opot\u0159eben\u00ed.<\/p>\n<p>U v\u011bt\u0161iny vozidel se doporu\u010duje vym\u011bnit kl\u00ednov\u00fd \u0159emen po ujet\u00ed 90 km (bez ohledu na jeho vzhled), aby se sn\u00ed\u017eilo riziko jeho roztr\u017een\u00ed. P\u0159etr\u017een\u00fd kl\u00ednov\u00fd \u0159emen m\u016f\u017ee b\u00fdt p\u0159i j\u00edzd\u011b nebezpe\u010dn\u00fd a m\u016f\u017ee zp\u016fsobit v\u00e1\u017en\u00e9 po\u0161kozen\u00ed motoru.<\/p>\n<p>&nbsp;<\/p>\n<p><strong>P\u0159\u00edznaky vadn\u00e9ho kl\u00ednov\u00e9ho \u0159emene<\/strong><\/p>\n<ul>\n<li>Odtr\u017een\u00ed \u017eeber (jedno nebo v\u00edce \u017eeber se odd\u011blilo od t\u011bla p\u00e1su).<\/li>\n<li>Opot\u0159eben\u00ed \u017eeber nebo \u0159emen\u016f<\/li>\n<li>Trhliny v pod\u00e9ln\u00e9m sm\u011bru p\u00e1su (trhliny mezi dv\u011bma \u017eebry).<\/li>\n<li>P\u00e1sov\u00e9 skluzavky<\/li>\n<li>\"P\u0159esko\u010den\u00ed dr\u00e1\u017eky\" (\u0159emen nedr\u017e\u00ed spr\u00e1vnou polohu na \u0159emenici).<\/li>\n<li>P\u0159etr\u017een\u00ed \u0159emene (pozn\u00e1mka: p\u0159ed instalac\u00ed nov\u00e9ho \u0159emene zjist\u011bte a odstra\u0148te probl\u00e9m).<\/li>\n<li>Hluk (p\u0159i provozu hnac\u00edho \u0159emene je sly\u0161et nebo c\u00edtit nep\u0159\u00edjemn\u00e9 sk\u0159\u00edp\u00e1n\u00ed, p\u00edsk\u00e1n\u00ed nebo dun\u011bn\u00ed).<\/li>\n<\/ul>\n<p>Pokud je na kl\u00ednov\u00e9m \u0159emenu viditeln\u00e9 zne\u010di\u0161t\u011bn\u00ed olejem nebo chladic\u00ed kapalinou, je t\u0159eba vym\u011bnit i \u0159emen a odstranit net\u011bsnosti.<\/p>","protected":false},"excerpt":{"rendered":"<p>Origin\u00e1ln\u00ed d\u00edl Mopar<\/p>\n<p>2018\u20132025<\/p>","protected":false},"featured_media":68306897,"comment_status":"open","ping_status":"closed","template":"","meta":{"_acf_changed":false},"product_brand":[16270],"product_cat":[7505,7509,7512,7519],"product_tag":[18596,7589,54,53,49,3853,3854,95,56,4447,50,736,7613,31,8813,9424,16271,16273,16275,16272,16274,7221,151,2396,102],"class_list":{"0":"post-68306579","1":"product","2":"type-product","3":"status-publish","4":"has-post-thumbnail","6":"product_brand-mopar","7":"product_cat-challenger-hellcat-riemenantrieb","8":"product_cat-charger-hellcat-riemenantrieb","9":"product_cat-durango-hellcat-riemenantrieb","10":"product_cat-trackhawk-riemenantrieb","11":"product_tag-05038718aa","12":"product_tag-5038718aa","13":"product_tag-challenger","14":"product_tag-charger","15":"product_tag-dodge","16":"product_tag-dodge-challenger","17":"product_tag-dodge-charger","18":"product_tag-durango","19":"product_tag-grand-cherokee","20":"product_tag-jailbreak","21":"product_tag-jeep","22":"product_tag-keilriemen","23":"product_tag-keilrippenriemen","24":"product_tag-mopar","25":"product_tag-mopar-autoteile","26":"product_tag-mopar-ersatzteile","27":"product_tag-mopar-ersatzteile-kaufen","28":"product_tag-mopar-performance-teile","29":"product_tag-mopar-teile-katalog","30":"product_tag-mopar-teile-online","31":"product_tag-mopar-tuningteile","32":"product_tag-mopar10","33":"product_tag-redeye","34":"product_tag-super-stock","35":"product_tag-trackhawk","37":"first","38":"instock","39":"taxable","40":"shipping-taxable","41":"purchasable","42":"product-type-simple"},"bundled_by":[],"bundle_stock_status":"instock","bundle_stock_quantity":4,"bundle_virtual":false,"bundle_layout":"","bundle_add_to_cart_form_location":"","bundle_editable_in_cart":false,"bundle_sold_individually_context":"","bundle_item_grouping":"","bundle_min_size":"","bundle_max_size":"","bundle_price":[],"bundled_items":[],"bundle_sell_ids":[],"exclude_global_add_ons":[],"addons":[],"acf":[],"_links":{"self":[{"href":"https:\/\/kraftwerk-shop.cc\/cs\/wp-json\/wp\/v2\/product\/68306579","targetHints":{"allow":["GET"]}}],"collection":[{"href":"https:\/\/kraftwerk-shop.cc\/cs\/wp-json\/wp\/v2\/product"}],"about":[{"href":"https:\/\/kraftwerk-shop.cc\/cs\/wp-json\/wp\/v2\/types\/product"}],"replies":[{"embeddable":true,"href":"https:\/\/kraftwerk-shop.cc\/cs\/wp-json\/wp\/v2\/comments?post=68306579"}],"version-history":[{"count":0,"href":"https:\/\/kraftwerk-shop.cc\/cs\/wp-json\/wp\/v2\/product\/68306579\/revisions"}],"wp:featuredmedia":[{"embeddable":true,"href":"https:\/\/kraftwerk-shop.cc\/cs\/wp-json\/wp\/v2\/media\/68306897"}],"wp:attachment":[{"href":"https:\/\/kraftwerk-shop.cc\/cs\/wp-json\/wp\/v2\/media?parent=68306579"}],"wp:term":[{"taxonomy":"product_brand","embeddable":true,"href":"https:\/\/kraftwerk-shop.cc\/cs\/wp-json\/wp\/v2\/product_brand?post=68306579"},{"taxonomy":"product_cat","embeddable":true,"href":"https:\/\/kraftwerk-shop.cc\/cs\/wp-json\/wp\/v2\/product_cat?post=68306579"},{"taxonomy":"product_tag","embeddable":true,"href":"https:\/\/kraftwerk-shop.cc\/cs\/wp-json\/wp\/v2\/product_tag?post=68306579"}],"curies":[{"name":"wp","href":"https:\/\/api.w.org\/{rel}","templated":true}]}}