{"id":68306619,"date":"2024-08-31T21:50:17","date_gmt":"2024-08-31T19:50:17","guid":{"rendered":"https:\/\/kraftwerk-shop.cc\/?post_type=product&#038;p=68306619"},"modified":"2026-02-15T01:12:31","modified_gmt":"2026-02-15T00:12:31","slug":"sroubovy-napinak-remene-mopar-6102381aa","status":"publish","type":"product","link":"https:\/\/kraftwerk-shop.cc\/cs\/produkt\/mopar-schraube-riemenspanner-6102381aa\/","title":{"rendered":"\u0160roubov\u00fd nap\u00edn\u00e1k \u0159emene Mopar (6102381AA)"},"content":{"rendered":"<h1>Origin\u00e1ln\u00ed \u0161roub Mopar pro nap\u00edn\u00e1k \u0159emene (<span class=\"list-value sku-display\">6102381AA<\/span>) Chrysler, Dodge, Jeep a RAM v letech 2004 a\u017e 2013<\/h1>\n<p>&nbsp;<\/p>\n<p><strong>\u010c\u00edslo d\u00edlu Mopar:<\/strong> <span class=\"list-value sku-display\">6102381AA<\/span><br \/>\n<strong>Nahrazeno:<\/strong> \u2014<\/p>\n<p><strong><br \/>\nVhodn\u00e9 pro:<\/strong><\/p>\n<table width=\"921\">\n<tbody>\n<tr>\n<td width=\"83\"><strong>Rok v\u00fdstavby<\/strong><\/td>\n<td width=\"83\"><strong>Zna\u010dka<\/strong><\/td>\n<td width=\"186\"><strong>Model<\/strong><\/td>\n<td width=\"275\"><strong>Verze<\/strong><\/td>\n<td width=\"294\"><strong>Motor<\/strong><\/td>\n<\/tr>\n<tr>\n<td width=\"83\">2013<\/td>\n<td width=\"83\">Ram<\/td>\n<td width=\"186\">1500<\/td>\n<td width=\"275\">SLT, Obchodn\u00edk<\/td>\n<td width=\"294\">4.7L V8 - Flex<\/td>\n<\/tr>\n<tr>\n<td width=\"83\">2012<\/td>\n<td width=\"83\">Jeep<\/td>\n<td width=\"186\">Liberty<\/td>\n<td width=\"275\">Limited, Sport<\/td>\n<td width=\"294\">3.7L<\/td>\n<\/tr>\n<tr>\n<td width=\"83\">2012<\/td>\n<td width=\"83\">Ram<\/td>\n<td width=\"186\">1500<\/td>\n<td width=\"275\">Outdoorsman, SLT, ST, Tradesman<\/td>\n<td width=\"294\">3,7 l, 4,7 l V8 - Flex<\/td>\n<\/tr>\n<tr>\n<td width=\"83\">2011<\/td>\n<td width=\"83\">Dodge<\/td>\n<td width=\"186\">Nitro<\/td>\n<td width=\"275\">Heat, SE, SXT<\/td>\n<td width=\"294\">3.7L<\/td>\n<\/tr>\n<tr>\n<td width=\"83\">2011<\/td>\n<td width=\"83\">Jeep<\/td>\n<td width=\"186\">Liberty<\/td>\n<td width=\"275\">Limited, Renegade, Sport<\/td>\n<td width=\"294\">3.7L<\/td>\n<\/tr>\n<tr>\n<td width=\"83\">2011<\/td>\n<td width=\"83\">Ram<\/td>\n<td width=\"186\">1500<\/td>\n<td width=\"275\">Big Horn, Outdoorsman, SLT, ST<\/td>\n<td width=\"294\">3,7 l, 4,7 l V8 - Flex<\/td>\n<\/tr>\n<tr>\n<td width=\"83\">2011<\/td>\n<td width=\"83\">Ram<\/td>\n<td width=\"186\">Dakota<\/td>\n<td width=\"275\">Big Horn, Laramie, ST, TRX<\/td>\n<td width=\"294\">3,7 l, 4,7 l V8 - Flex<\/td>\n<\/tr>\n<tr>\n<td width=\"83\">2010<\/td>\n<td width=\"83\">Dodge<\/td>\n<td width=\"186\">Dakota<\/td>\n<td width=\"275\">Big Horn, Laramie, Lone Star, ST, TRX4<\/td>\n<td width=\"294\">3,7 l, 4,7 l V8 - Flex<\/td>\n<\/tr>\n<tr>\n<td width=\"83\">2010<\/td>\n<td width=\"83\">Dodge<\/td>\n<td width=\"186\">Nitro<\/td>\n<td width=\"275\">Heat, SE, SXT<\/td>\n<td width=\"294\">3.7L<\/td>\n<\/tr>\n<tr>\n<td width=\"83\">2010<\/td>\n<td width=\"83\">Dodge<\/td>\n<td width=\"186\">Ram 1500<\/td>\n<td width=\"275\">SLT, ST, TRX, TRX4<\/td>\n<td width=\"294\">3,7 l, 4,7 l V8 - Flex<\/td>\n<\/tr>\n<tr>\n<td width=\"83\">2010<\/td>\n<td width=\"83\">Dodge<\/td>\n<td width=\"186\">Viper<\/td>\n<td width=\"275\">SRT-10, SRT-10 ACR<\/td>\n<td width=\"294\">8.4L V10 - plyn<\/td>\n<\/tr>\n<tr>\n<td width=\"83\">2010<\/td>\n<td width=\"83\">Jeep<\/td>\n<td width=\"186\">Commander<\/td>\n<td width=\"275\">Sport<\/td>\n<td width=\"294\">3.7L<\/td>\n<\/tr>\n<tr>\n<td width=\"83\">2010<\/td>\n<td width=\"83\">Jeep<\/td>\n<td width=\"186\">Grand Cherokee<\/td>\n<td width=\"275\">Laredo, Limited<\/td>\n<td width=\"294\">3.7L<\/td>\n<\/tr>\n<tr>\n<td width=\"83\">2010<\/td>\n<td width=\"83\">Jeep<\/td>\n<td width=\"186\">Liberty<\/td>\n<td width=\"275\">Limited, Renegade, Sport<\/td>\n<td width=\"294\">3.7L<\/td>\n<\/tr>\n<tr>\n<td width=\"83\">2009<\/td>\n<td width=\"83\">Chrysler<\/td>\n<td width=\"186\">Aspen<\/td>\n<td width=\"275\">Limited<\/td>\n<td width=\"294\">4.7L V8 - Flex<\/td>\n<\/tr>\n<tr>\n<td width=\"83\">2009<\/td>\n<td width=\"83\">Dodge<\/td>\n<td width=\"186\">Dakota<\/td>\n<td width=\"275\">Big Horn, Laramie, Lone Star, ST, TRX4<\/td>\n<td width=\"294\">3,7 l, 4,7 l V8 - Flex<\/td>\n<\/tr>\n<tr>\n<td width=\"83\">2009<\/td>\n<td width=\"83\">Dodge<\/td>\n<td width=\"186\">Durango<\/td>\n<td width=\"275\">Limited, SE, SLT<\/td>\n<td width=\"294\">3,7 l, 4,7 l V8 - Flex<\/td>\n<\/tr>\n<tr>\n<td width=\"83\">2009<\/td>\n<td width=\"83\">Dodge<\/td>\n<td width=\"186\">Nitro<\/td>\n<td width=\"275\">SE, SLT<\/td>\n<td width=\"294\">3.7L<\/td>\n<\/tr>\n<tr>\n<td width=\"83\">2009<\/td>\n<td width=\"83\">Dodge<\/td>\n<td width=\"186\">Ram 1500<\/td>\n<td width=\"275\">SLT, ST, TRX, TRX4<\/td>\n<td width=\"294\">3,7 l, 4,7 l V8 - Flex<\/td>\n<\/tr>\n<tr>\n<td width=\"83\">2009<\/td>\n<td width=\"83\">Dodge<\/td>\n<td width=\"186\">Viper<\/td>\n<td width=\"275\">SRT-10, SRT-10 ACR<\/td>\n<td width=\"294\">8.4L V10 - plyn<\/td>\n<\/tr>\n<tr>\n<td width=\"83\">2009<\/td>\n<td width=\"83\">Jeep<\/td>\n<td width=\"186\">Commander<\/td>\n<td width=\"275\">Limited, Sport<\/td>\n<td width=\"294\">3.7L, 4.7L V8 - Flex, 4.7L<\/td>\n<\/tr>\n<tr>\n<td width=\"83\">2009<\/td>\n<td width=\"83\">Jeep<\/td>\n<td width=\"186\">Grand Cherokee<\/td>\n<td width=\"275\">Laredo, Limited<\/td>\n<td width=\"294\">3,7 l, 4,7 l V8 - Flex<\/td>\n<\/tr>\n<tr>\n<td width=\"83\">2009<\/td>\n<td width=\"83\">Jeep<\/td>\n<td width=\"186\">Liberty<\/td>\n<td width=\"275\">Limited, Sport<\/td>\n<td width=\"294\">3.7L<\/td>\n<\/tr>\n<tr>\n<td width=\"83\">2008<\/td>\n<td width=\"83\">Chrysler<\/td>\n<td width=\"186\">300<\/td>\n<td width=\"275\">C, C SRT8, LX, Limited, Touring<\/td>\n<td width=\"294\">2.7L, 3.5L, 5.7L, 6.1L<\/td>\n<\/tr>\n<tr>\n<td width=\"83\">2008<\/td>\n<td width=\"83\">Chrysler<\/td>\n<td width=\"186\">Aspen<\/td>\n<td width=\"275\">Limited<\/td>\n<td width=\"294\">4.7L V8 - Flex, 4.7L, 5.7L<\/td>\n<\/tr>\n<tr>\n<td width=\"83\">2008<\/td>\n<td width=\"83\">Dodge<\/td>\n<td width=\"186\">Challenger<\/td>\n<td width=\"275\">SRT8<\/td>\n<td width=\"294\">6.1L<\/td>\n<\/tr>\n<tr>\n<td width=\"83\">2008<\/td>\n<td width=\"83\">Dodge<\/td>\n<td width=\"186\">Charger<\/td>\n<td width=\"275\">Pursuit, R\/T, SE, SRT8, SXT<\/td>\n<td width=\"294\">2.7L, 3.5L, 5.7L, 6.1L<\/td>\n<\/tr>\n<tr>\n<td width=\"83\">2008<\/td>\n<td width=\"83\">Dodge<\/td>\n<td width=\"186\">Dakota<\/td>\n<td width=\"275\">Laramie, SLT, ST, SXT, Sport, TRX<\/td>\n<td width=\"294\">3,7 l, 4,7 l V8 - Flex<\/td>\n<\/tr>\n<tr>\n<td width=\"83\">2008<\/td>\n<td width=\"83\">Dodge<\/td>\n<td width=\"186\">Durango<\/td>\n<td width=\"275\">Adventurer, Limited, SLT, SXT<\/td>\n<td width=\"294\">3.7L, 4.7L V8 - Flex, 4.7L, 5.7L<\/td>\n<\/tr>\n<tr>\n<td width=\"83\">2008<\/td>\n<td width=\"83\">Dodge<\/td>\n<td width=\"186\">Magnum<\/td>\n<td width=\"275\">R\/T, SE, SRT8, SXT<\/td>\n<td width=\"294\">2.7L, 3.5L, 5.7L, 6.1L<\/td>\n<\/tr>\n<tr>\n<td width=\"83\">2008<\/td>\n<td width=\"83\">Dodge<\/td>\n<td width=\"186\">Nitro<\/td>\n<td width=\"275\">R\/T, SLT<\/td>\n<td width=\"294\">3,7 L, 4,0 L<\/td>\n<\/tr>\n<tr>\n<td width=\"83\">2008<\/td>\n<td width=\"83\">Dodge<\/td>\n<td width=\"186\">Ram 1500<\/td>\n<td width=\"275\">Laramie, SLT, ST<\/td>\n<td width=\"294\">3.7L, 4.7L V8 - Flex, 4.7L, 5.7L<\/td>\n<\/tr>\n<tr>\n<td width=\"83\">2008<\/td>\n<td width=\"83\">Dodge<\/td>\n<td width=\"186\">Ram 2500<\/td>\n<td width=\"275\">Laramie, Power Wagon, SLT, ST, SXT<\/td>\n<td width=\"294\">5.7L<\/td>\n<\/tr>\n<tr>\n<td width=\"83\">2008<\/td>\n<td width=\"83\">Dodge<\/td>\n<td width=\"186\">Ram 3500<\/td>\n<td width=\"275\">Laramie, SLT, ST<\/td>\n<td width=\"294\">5.7L<\/td>\n<\/tr>\n<tr>\n<td width=\"83\">2008<\/td>\n<td width=\"83\">Dodge<\/td>\n<td width=\"186\">Viper<\/td>\n<td width=\"275\">SRT-10<\/td>\n<td width=\"294\">8.4L V10 - plyn<\/td>\n<\/tr>\n<tr>\n<td width=\"83\">2008<\/td>\n<td width=\"83\">Jeep<\/td>\n<td width=\"186\">Commander<\/td>\n<td width=\"275\">Limited, Overland, Sport<\/td>\n<td width=\"294\">3.7L, 4.7L V8 - Flex, 4.7L, 5.7L<\/td>\n<\/tr>\n<tr>\n<td width=\"83\">2008<\/td>\n<td width=\"83\">Jeep<\/td>\n<td width=\"186\">Grand Cherokee<\/td>\n<td width=\"275\">Laredo, Limited, Overland, SRT8<\/td>\n<td width=\"294\">3.0L V6 - Diesel, 3.7L, 4.7L V8 - Flex, 4.7L, 5.7L, 6.1L<\/td>\n<\/tr>\n<tr>\n<td width=\"83\">2008<\/td>\n<td width=\"83\">Jeep<\/td>\n<td width=\"186\">Liberty<\/td>\n<td width=\"275\">Limited, Sport<\/td>\n<td width=\"294\">3.7L<\/td>\n<\/tr>\n<tr>\n<td width=\"83\">2007<\/td>\n<td width=\"83\">Chrysler<\/td>\n<td width=\"186\">300<\/td>\n<td width=\"275\">Base, C, C SRT8, Limited, Touring<\/td>\n<td width=\"294\">2.7L, 3.5L, 5.7L, 6.1L<\/td>\n<\/tr>\n<tr>\n<td width=\"83\">2007<\/td>\n<td width=\"83\">Chrysler<\/td>\n<td width=\"186\">Aspen<\/td>\n<td width=\"275\">Limited<\/td>\n<td width=\"294\">4.7L V8 - Flex, 4.7L<\/td>\n<\/tr>\n<tr>\n<td width=\"83\">2007<\/td>\n<td width=\"83\">Dodge<\/td>\n<td width=\"186\">Karavan<\/td>\n<td width=\"275\">SE<\/td>\n<td width=\"294\">2.4L L4 - plyn<\/td>\n<\/tr>\n<tr>\n<td width=\"83\">2007<\/td>\n<td width=\"83\">Dodge<\/td>\n<td width=\"186\">Charger<\/td>\n<td width=\"275\">Pursuit, R\/T, SE, SRT8, SXT<\/td>\n<td width=\"294\">2.7L, 3.5L, 5.7L, 6.1L<\/td>\n<\/tr>\n<tr>\n<td width=\"83\">2007<\/td>\n<td width=\"83\">Dodge<\/td>\n<td width=\"186\">Dakota<\/td>\n<td width=\"275\">Laramie, SLT, ST<\/td>\n<td width=\"294\">3.7L, 4.7L V8 - Flex, 4.7L<\/td>\n<\/tr>\n<tr>\n<td width=\"83\">2007<\/td>\n<td width=\"83\">Dodge<\/td>\n<td width=\"186\">Durango<\/td>\n<td width=\"275\">Adventurer, Limited, SLT, SXT<\/td>\n<td width=\"294\">3.7L, 4.7L V8 - Flex, 4.7L, 5.7L<\/td>\n<\/tr>\n<tr>\n<td width=\"83\">2007<\/td>\n<td width=\"83\">Dodge<\/td>\n<td width=\"186\">Magnum<\/td>\n<td width=\"275\">R\/T, SE, SRT8, SXT<\/td>\n<td width=\"294\">2.7L, 3.5L, 5.7L, 6.1L<\/td>\n<\/tr>\n<tr>\n<td width=\"83\">2007<\/td>\n<td width=\"83\">Dodge<\/td>\n<td width=\"186\">Nitro<\/td>\n<td width=\"275\">R\/T, SLT, SXT<\/td>\n<td width=\"294\">3,7 L, 4,0 L<\/td>\n<\/tr>\n<tr>\n<td width=\"83\">2007<\/td>\n<td width=\"83\">Dodge<\/td>\n<td width=\"186\">Ram 1500<\/td>\n<td width=\"275\">Laramie, SLT, ST, Sport, TRX4<\/td>\n<td width=\"294\">3.7L, 4.7L V8 - Flex, 4.7L, 5.7L<\/td>\n<\/tr>\n<tr>\n<td width=\"83\">2007<\/td>\n<td width=\"83\">Dodge<\/td>\n<td width=\"186\">Ram 2500<\/td>\n<td width=\"275\">Laramie, Power Wagon, SLT, ST, Sport, TRX4<\/td>\n<td width=\"294\">5.7L<\/td>\n<\/tr>\n<tr>\n<td width=\"83\">2007<\/td>\n<td width=\"83\">Dodge<\/td>\n<td width=\"186\">Ram 3500<\/td>\n<td width=\"275\">Laramie, SLT, ST, Sport<\/td>\n<td width=\"294\">5.7L<\/td>\n<\/tr>\n<tr>\n<td width=\"83\">2007<\/td>\n<td width=\"83\">Jeep<\/td>\n<td width=\"186\">Commander<\/td>\n<td width=\"275\">Base, Limited, Overland, Sport<\/td>\n<td width=\"294\">3.7L, 4.7L V8 - Flex, 4.7L, 5.7L<\/td>\n<\/tr>\n<tr>\n<td width=\"83\">2007<\/td>\n<td width=\"83\">Jeep<\/td>\n<td width=\"186\">Grand Cherokee<\/td>\n<td width=\"275\">Laredo, Limited, Overland, SRT8<\/td>\n<td width=\"294\">3.0L V6 - Diesel, 3.7L, 4.7L V8 - Flex, 4.7L, 5.7L, 6.1L<\/td>\n<\/tr>\n<tr>\n<td width=\"83\">2007<\/td>\n<td width=\"83\">Jeep<\/td>\n<td width=\"186\">Liberty<\/td>\n<td width=\"275\">Limited, Sport<\/td>\n<td width=\"294\">3.7L<\/td>\n<\/tr>\n<tr>\n<td width=\"83\">2006<\/td>\n<td width=\"83\">Chrysler<\/td>\n<td width=\"186\">300<\/td>\n<td width=\"275\">Base, C, Touring<\/td>\n<td width=\"294\">2.7L, 3.5L, 5.7L<\/td>\n<\/tr>\n<tr>\n<td width=\"83\">2006<\/td>\n<td width=\"83\">Chrysler<\/td>\n<td width=\"186\">Pacifica<\/td>\n<td width=\"275\">Z\u00e1kladn\u00ed verze, Limited, Touring<\/td>\n<td width=\"294\">3,5 L, 3,8 L<\/td>\n<\/tr>\n<tr>\n<td width=\"83\">2006<\/td>\n<td width=\"83\">Dodge<\/td>\n<td width=\"186\">Karavan<\/td>\n<td width=\"275\">SE<\/td>\n<td width=\"294\">2.4L L4 - plyn<\/td>\n<\/tr>\n<tr>\n<td width=\"83\">2006<\/td>\n<td width=\"83\">Dodge<\/td>\n<td width=\"186\">Charger<\/td>\n<td width=\"275\">R\/T, SE, SRT8<\/td>\n<td width=\"294\">3,5 L, 5,7 L, 6,1 L<\/td>\n<\/tr>\n<tr>\n<td width=\"83\">2006<\/td>\n<td width=\"83\">Dodge<\/td>\n<td width=\"186\">Dakota<\/td>\n<td width=\"275\">Laramie, SLT, ST<\/td>\n<td width=\"294\">3,7 L, 4,7 L<\/td>\n<\/tr>\n<tr>\n<td width=\"83\">2006<\/td>\n<td width=\"83\">Dodge<\/td>\n<td width=\"186\">Durango<\/td>\n<td width=\"275\">Limited, SLT, SXT<\/td>\n<td width=\"294\">3.7L, 4.7L V8 - Flex, 4.7L, 5.7L<\/td>\n<\/tr>\n<tr>\n<td width=\"83\">2006<\/td>\n<td width=\"83\">Dodge<\/td>\n<td width=\"186\">Magnum<\/td>\n<td width=\"275\">R\/T, SE, SRT8, SXT<\/td>\n<td width=\"294\">2.7L, 3.5L, 5.7L, 6.1L<\/td>\n<\/tr>\n<tr>\n<td width=\"83\">2006<\/td>\n<td width=\"83\">Dodge<\/td>\n<td width=\"186\">Ram 1500<\/td>\n<td width=\"275\">Laramie, SLT, ST<\/td>\n<td width=\"294\">3.7L, 4.7L V8 - Flex, 4.7L, 5.7L<\/td>\n<\/tr>\n<tr>\n<td width=\"83\">2006<\/td>\n<td width=\"83\">Jeep<\/td>\n<td width=\"186\">Commander<\/td>\n<td width=\"275\">Z\u00e1kladna, Limited<\/td>\n<td width=\"294\">3.7L, 4.7L, 5.7L<\/td>\n<\/tr>\n<tr>\n<td width=\"83\">2006<\/td>\n<td width=\"83\">Jeep<\/td>\n<td width=\"186\">Grand Cherokee<\/td>\n<td width=\"275\">Laredo, Limited, Overland<\/td>\n<td width=\"294\">3.7L, 4.7L, 5.7L<\/td>\n<\/tr>\n<tr>\n<td width=\"83\">2006<\/td>\n<td width=\"83\">Jeep<\/td>\n<td width=\"186\">Liberty<\/td>\n<td width=\"275\">Limited, Renegade, Sport<\/td>\n<td width=\"294\">3.7L<\/td>\n<\/tr>\n<tr>\n<td width=\"83\">2005<\/td>\n<td width=\"83\">Dodge<\/td>\n<td width=\"186\">Dakota<\/td>\n<td width=\"275\">Laramie, SLT, ST<\/td>\n<td width=\"294\">3,7 L, 4,7 L<\/td>\n<\/tr>\n<tr>\n<td width=\"83\">2005<\/td>\n<td width=\"83\">Dodge<\/td>\n<td width=\"186\">Durango<\/td>\n<td width=\"275\">Limited, SLT, SXT<\/td>\n<td width=\"294\">3.7L, 4.7L, 5.7L<\/td>\n<\/tr>\n<tr>\n<td width=\"83\">2005<\/td>\n<td width=\"83\">Dodge<\/td>\n<td width=\"186\">Ram 1500<\/td>\n<td width=\"275\">SLT, ST<\/td>\n<td width=\"294\">3.7L, 4.7L V8 - Flex, 4.7L<\/td>\n<\/tr>\n<tr>\n<td width=\"83\">2005<\/td>\n<td width=\"83\">Jeep<\/td>\n<td width=\"186\">Grand Cherokee<\/td>\n<td width=\"275\">Laredo, Limited<\/td>\n<td width=\"294\">3,7 L, 4,7 L<\/td>\n<\/tr>\n<tr>\n<td width=\"83\">2005<\/td>\n<td width=\"83\">Jeep<\/td>\n<td width=\"186\">Liberty<\/td>\n<td width=\"275\">Limited, Renegade, Sport<\/td>\n<td width=\"294\">3.7L<\/td>\n<\/tr>\n<tr>\n<td width=\"83\">2004<\/td>\n<td width=\"83\">Dodge<\/td>\n<td width=\"186\">Dakota<\/td>\n<td width=\"275\">Z\u00e1kladn\u00ed verze, SLT, Sport<\/td>\n<td width=\"294\">3,7 L, 4,7 L<\/td>\n<\/tr>\n<tr>\n<td width=\"83\">2004<\/td>\n<td width=\"83\">Dodge<\/td>\n<td width=\"186\">Durango<\/td>\n<td width=\"275\">Limited, SLT, ST<\/td>\n<td width=\"294\">3,7 L, 4,7 L<\/td>\n<\/tr>\n<tr>\n<td width=\"83\">2004<\/td>\n<td width=\"83\">Dodge<\/td>\n<td width=\"186\">Ram 1500<\/td>\n<td width=\"275\">SLT, ST<\/td>\n<td width=\"294\">3.7L, 4.7L V8 - Flex, 4.7L<\/td>\n<\/tr>\n<tr>\n<td width=\"83\">2004<\/td>\n<td width=\"83\">Dodge<\/td>\n<td width=\"186\">Ram 2500<\/td>\n<td width=\"275\">SLT, ST<\/td>\n<td width=\"294\">5.9L L6 - Diesel<\/td>\n<\/tr>\n<tr>\n<td width=\"83\">2004<\/td>\n<td width=\"83\">Dodge<\/td>\n<td width=\"186\">Ram 3500<\/td>\n<td width=\"275\">SLT, ST<\/td>\n<td width=\"294\">5.9L L6 - Diesel<\/td>\n<\/tr>\n<tr>\n<td width=\"83\">2004<\/td>\n<td width=\"83\">Jeep<\/td>\n<td width=\"186\">Grand Cherokee<\/td>\n<td width=\"275\">Laredo, Limited, Overland<\/td>\n<td width=\"294\">4.7L<\/td>\n<\/tr>\n<tr>\n<td width=\"83\">2004<\/td>\n<td width=\"83\">Jeep<\/td>\n<td width=\"186\">Liberty<\/td>\n<td width=\"275\">Limited, Renegade, Sport<\/td>\n<td width=\"294\">3.7L<\/td>\n<\/tr>\n<tr>\n<td width=\"83\">2003<\/td>\n<td width=\"83\">Dodge<\/td>\n<td width=\"186\">Dakota<\/td>\n<td width=\"275\">Z\u00e1kladn\u00ed verze, SLT, Sport<\/td>\n<td width=\"294\">4.7L<\/td>\n<\/tr>\n<tr>\n<td width=\"83\">2003<\/td>\n<td width=\"83\">Dodge<\/td>\n<td width=\"186\">Durango<\/td>\n<td width=\"275\">SLT, SLT Plus, Sport<\/td>\n<td width=\"294\">4.7L<\/td>\n<\/tr>\n<tr>\n<td width=\"83\">2003<\/td>\n<td width=\"83\">Dodge<\/td>\n<td width=\"186\">Ram 1500<\/td>\n<td width=\"275\">SLT, ST<\/td>\n<td width=\"294\">3,7 L, 4,7 L<\/td>\n<\/tr>\n<tr>\n<td width=\"83\">2003<\/td>\n<td width=\"83\">Dodge<\/td>\n<td width=\"186\">Ram 2500<\/td>\n<td width=\"275\">SLT, ST<\/td>\n<td width=\"294\">5.9L L6 - Diesel<\/td>\n<\/tr>\n<tr>\n<td width=\"83\">2003<\/td>\n<td width=\"83\">Dodge<\/td>\n<td width=\"186\">Ram 3500<\/td>\n<td width=\"275\">SLT, ST<\/td>\n<td width=\"294\">5.9L L6 - Diesel<\/td>\n<\/tr>\n<tr>\n<td width=\"83\">2003<\/td>\n<td width=\"83\">Jeep<\/td>\n<td width=\"186\">Grand Cherokee<\/td>\n<td width=\"275\">Laredo, Limited, Overland<\/td>\n<td width=\"294\">4.7L<\/td>\n<\/tr>\n<\/tbody>\n<\/table>\n<p>&nbsp;<\/p>\n<h4>Pro\u010d si vybrat origin\u00e1ln\u00ed n\u00e1hradn\u00ed d\u00edly Mopar?<\/h4>\n<p><strong>Perfektn\u011b padnouc\u00ed a \u0161pi\u010dkov\u00e9 kvality:<\/strong> Origin\u00e1ln\u00ed n\u00e1hradn\u00ed d\u00edly Mopar jsou vyr\u00e1b\u011bny podle p\u0159\u00edsn\u00fdch specifikac\u00ed v\u00fdrobce, co\u017e znamen\u00e1, \u017ee do va\u0161eho vozidla dokonale pasuj\u00ed. T\u00edm je zaji\u0161t\u011bna nejen snadn\u00e1 instalace, ale tak\u00e9 optim\u00e1ln\u00ed funkce a bezpe\u010dnost.<\/p>\n<p><strong>Spolehlivost a trvanlivost:<\/strong> D\u00edky pou\u017eit\u00ed vysoce kvalitn\u00edch materi\u00e1l\u016f a p\u0159\u00edsn\u00e9 kontrole kvality zaji\u0161\u0165uj\u00ed n\u00e1hradn\u00ed d\u00edly Mopar spolehlivou funkci va\u0161eho vozidla i v extr\u00e9mn\u00edch podm\u00ednk\u00e1ch. Jsou navr\u017eeny tak, aby vydr\u017eely a maximalizovaly v\u00fdkon va\u0161eho vozidla.<\/p>\n<p>&nbsp;<\/p>","protected":false},"excerpt":{"rendered":"<p>Origin\u00e1ln\u00ed d\u00edl Mopar<\/p>\n<p>2004 - 2013<\/p>","protected":false},"featured_media":68306622,"comment_status":"open","ping_status":"closed","template":"","meta":{"_acf_changed":false},"product_brand":[16270],"product_cat":[1554,7499,7501,1421,7504,1594,7506,7508,7511,1707,7515,7514,8045,19345,7516,7518,7768],"product_tag":[7603,48,49,3853,50,736,7530,36,31,8813,9424,16271,16273,16275,16272,16274,7221,34,35,86,735,7529,654,674,38,37,673],"class_list":{"0":"post-68306619","1":"product","2":"type-product","3":"status-publish","4":"has-post-thumbnail","6":"product_brand-mopar","7":"product_cat-300c-35-motor","8":"product_cat-300c-57-2005-2010-riemenantrieb","9":"product_cat-300c-61-riemenantrieb","10":"product_cat-pacifica-motor","11":"product_cat-challenger-61-riemenantrieb","12":"product_cat-charger-35-motor","13":"product_cat-charger-57-riemenantrieb","14":"product_cat-charger-61-riemenantrieb","15":"product_cat-durango-57-riemenantrieb","16":"product_cat-magnum-35-motor","17":"product_cat-magnum-57-riemenantrieb","18":"product_cat-magnum-61-riemenantrieb","19":"product_cat-viper-84-riemenantrieb-komponenten","20":"product_cat-commander-57-riemenantrieb","21":"product_cat-grand-cherokee-57-2005-2010-riemenantrieb","22":"product_cat-grand-cherokee-61-riemenantrieb","23":"product_cat-1500-57-2003-2008-riemenantrieb-komponenten","24":"product_tag-6102381aa","25":"product_tag-chrysler","26":"product_tag-dodge","27":"product_tag-dodge-challenger","28":"product_tag-jeep","29":"product_tag-keilriemen","30":"product_tag-keilriemenspanner","31":"product_tag-kraftwerk","32":"product_tag-mopar","33":"product_tag-mopar-autoteile","34":"product_tag-mopar-ersatzteile","35":"product_tag-mopar-ersatzteile-kaufen","36":"product_tag-mopar-performance-teile","37":"product_tag-mopar-teile-katalog","38":"product_tag-mopar-teile-online","39":"product_tag-mopar-tuningteile","40":"product_tag-mopar10","41":"product_tag-original","42":"product_tag-originalersatzteil","43":"product_tag-ram","44":"product_tag-riemen","45":"product_tag-riemenspanner","46":"product_tag-schraube","47":"product_tag-service","48":"product_tag-teile","49":"product_tag-wartung","50":"product_tag-zubehoer","51":"product_shipping_class-deutschlandohne","53":"first","54":"instock","55":"taxable","56":"shipping-taxable","57":"purchasable","58":"product-type-simple"},"bundled_by":[],"bundle_stock_status":"instock","bundle_stock_quantity":2,"bundle_virtual":false,"bundle_layout":"","bundle_add_to_cart_form_location":"","bundle_editable_in_cart":false,"bundle_sold_individually_context":"","bundle_item_grouping":"","bundle_min_size":"","bundle_max_size":"","bundle_price":[],"bundled_items":[],"bundle_sell_ids":[],"exclude_global_add_ons":[],"addons":[],"acf":[],"_links":{"self":[{"href":"https:\/\/kraftwerk-shop.cc\/cs\/wp-json\/wp\/v2\/product\/68306619","targetHints":{"allow":["GET"]}}],"collection":[{"href":"https:\/\/kraftwerk-shop.cc\/cs\/wp-json\/wp\/v2\/product"}],"about":[{"href":"https:\/\/kraftwerk-shop.cc\/cs\/wp-json\/wp\/v2\/types\/product"}],"replies":[{"embeddable":true,"href":"https:\/\/kraftwerk-shop.cc\/cs\/wp-json\/wp\/v2\/comments?post=68306619"}],"version-history":[{"count":0,"href":"https:\/\/kraftwerk-shop.cc\/cs\/wp-json\/wp\/v2\/product\/68306619\/revisions"}],"wp:featuredmedia":[{"embeddable":true,"href":"https:\/\/kraftwerk-shop.cc\/cs\/wp-json\/wp\/v2\/media\/68306622"}],"wp:attachment":[{"href":"https:\/\/kraftwerk-shop.cc\/cs\/wp-json\/wp\/v2\/media?parent=68306619"}],"wp:term":[{"taxonomy":"product_brand","embeddable":true,"href":"https:\/\/kraftwerk-shop.cc\/cs\/wp-json\/wp\/v2\/product_brand?post=68306619"},{"taxonomy":"product_cat","embeddable":true,"href":"https:\/\/kraftwerk-shop.cc\/cs\/wp-json\/wp\/v2\/product_cat?post=68306619"},{"taxonomy":"product_tag","embeddable":true,"href":"https:\/\/kraftwerk-shop.cc\/cs\/wp-json\/wp\/v2\/product_tag?post=68306619"}],"curies":[{"name":"wp","href":"https:\/\/api.w.org\/{rel}","templated":true}]}}