{"id":68307137,"date":"2024-09-07T18:34:45","date_gmt":"2024-09-07T16:34:45","guid":{"rendered":"https:\/\/kraftwerk-shop.cc\/?post_type=product&#038;p=68307137"},"modified":"2026-02-15T01:12:59","modified_gmt":"2026-02-15T00:12:59","slug":"jlt-charger-sani-studeneho-vzduchu-57","status":"publish","type":"product","link":"https:\/\/kraftwerk-shop.cc\/cs\/produkt\/jlt-cold-air-intake-charger-57\/","title":{"rendered":"JLT studen\u00e9ho vzduchu Charger 5.7"},"content":{"rendered":"<h1>JLT Cold Air Intake System \/ sportovn\u00ed vzduchov\u00fd filtr pro Dodge Charger 5.7 od 2011 do 2023<\/h1>\n<p>&nbsp;<\/p>\n<p><strong>Velk\u00fd vzduchov\u00fd filtr<\/strong><br \/>\nVelkoryse dimenzovan\u00fd vzduchov\u00fd filtr umo\u017e\u0148uje v\u011bt\u0161\u00ed pr\u016ftok vzduchu ne\u017e standardn\u00ed filtr.<br \/>\nVzduchov\u00fd filtr se skl\u00e1d\u00e1 z bavln\u011bn\u00e9ho filtra\u010dn\u00edho materi\u00e1lu, kter\u00fd je sm\u00e1\u010den speci\u00e1ln\u00edm filtra\u010dn\u00edm olejem a lze jej vym\u00fdvat. T\u00edm se maximalizuje kapacita a v\u00fdkon filtru.<\/p>\n<p><strong>Sac\u00ed potrub\u00ed<\/strong><br \/>\nSac\u00ed trubice je vyrobena z roto-moulded plastu s obrovsk\u00fdm 5\u2033 filtra\u010dn\u00edm otvorem pro vynikaj\u00edc\u00ed pr\u016ftok vzduchu a BEZ zah\u0159\u00edv\u00e1n\u00ed jako u kovov\u00fdch trubic.<br \/>\nD\u00edky otvoru 4\u2033 na konci \u0161krtic\u00ed klapky je vhodn\u00fd i pro v\u011bt\u0161\u00ed \u0161krtic\u00ed klapky.<\/p>\n<p><strong>Kryt vzduchov\u00e9ho filtru<\/strong><\/p>\n<p>Airbox JLT izoluje teplo, kter\u00e9 ub\u00edr\u00e1 motoru na v\u00fdkonu, t\u00edm, \u017ee t\u011bsn\u00ed sm\u011brem nahoru ke standardn\u00ed kapot\u011b a vyu\u017e\u00edv\u00e1 v\u0161echny dostupn\u00e9 p\u0159\u00edvody vzduchu. Zes\u00ed\u0165ovan\u00fd polyethylenov\u00fd materi\u00e1l boxu a potrub\u00ed udr\u017euje chladn\u00fd vzduch proud\u00edc\u00ed k motoru. Velk\u00fd vzduchov\u00fd filtr a potrub\u00ed vytv\u00e1\u0159ej\u00ed agresivn\u011bj\u0161\u00ed zvuk ne\u017e s\u00e9riov\u00fd vzduchov\u00fd filtr.<\/p>\n<p>&nbsp;<\/p>\n<p><strong>Vysoce kvalitn\u00ed instala\u010dn\u00ed materi\u00e1l<\/strong><\/p>\n<ul>\n<li>Sac\u00ed potrub\u00ed z lisovan\u00e9ho plastu JLT Roto<\/li>\n<li>Silikonov\u00fd reduktor<\/li>\n<li>Vzduchov\u00fd filtr S&amp;B Powerstack<\/li>\n<li>Kryt vzduchov\u00e9ho filtru ABS<\/li>\n<li>HD svorky, v\u0161echny pot\u0159ebn\u00e9 d\u00edly<\/li>\n<\/ul>\n<p>&nbsp;<\/p>\n<p><strong>podrobnosti<\/strong><\/p>\n<p>- Maxim\u00e1ln\u00ed n\u00e1r\u016fst v\u00fdkonu +15 k (podle \u00fadaj\u016f v\u00fdrobce)<br \/>\n- Kryt vzduchov\u00e9ho filtru s dr\u017e\u00e1ky pro p\u0159\u00edmou mont\u00e1\u017e<br \/>\n- P\u0159edem promazan\u00fd, omyvateln\u00fd a opakovan\u011b pou\u017eiteln\u00fd vzduchov\u00fd filtr Pro 10R pro maxim\u00e1ln\u00ed v\u00fdkon<\/p>\n<p>&nbsp;<\/p>\n<p><strong>Vhodn\u00e9 pro:<\/strong><\/p>\n<table width=\"661\">\n<tbody>\n<tr>\n<td width=\"83\"><strong>Rok v\u00fdstavby<\/strong><\/td>\n<td width=\"141\"><strong>Zna\u010dka<\/strong><\/td>\n<td width=\"73\"><strong>Model<\/strong><\/td>\n<td width=\"281\"><strong>Varianta<\/strong><\/td>\n<td width=\"83\"><strong>Motor<\/strong><\/td>\n<\/tr>\n<tr>\n<td width=\"83\">2011\u20132023<\/td>\n<td width=\"141\">Dodge<\/td>\n<td width=\"73\">Charger<\/td>\n<td width=\"281\">5.7 Hemi<\/td>\n<td width=\"83\">V8 5,7 L<\/td>\n<\/tr>\n<\/tbody>\n<\/table>\n<p>&nbsp;<\/p>\n<p>&nbsp;<\/p>","protected":false},"excerpt":{"rendered":"<p>2011\u20132023<\/p>","protected":false},"featured_media":68307140,"comment_status":"open","ping_status":"closed","template":"","meta":{"_acf_changed":false},"product_brand":[17168],"product_cat":[5151],"product_tag":[176,177,165,248,249,250,251,252,419,420,2066,2373,4526,91,826,824,7687,53,825,49,3854,126,1094,1093,2444,20273,57,500],"class_list":{"0":"post-68307137","1":"product","2":"type-product","3":"status-publish","4":"has-post-thumbnail","6":"product_brand-jlt","7":"product_cat-charger-57-2011-2023-ansaugung","8":"product_tag-176","9":"product_tag-177","10":"product_tag-165","11":"product_tag-248","12":"product_tag-249","13":"product_tag-250","14":"product_tag-251","15":"product_tag-252","16":"product_tag-419","17":"product_tag-420","18":"product_tag-2066","19":"product_tag-2373","20":"product_tag-4526","21":"product_tag-5-7","22":"product_tag-ansaugung","23":"product_tag-cai","24":"product_tag-cai-75-5184","25":"product_tag-charger","26":"product_tag-cold-air-intake","27":"product_tag-dodge","28":"product_tag-dodge-charger","29":"product_tag-hemi","30":"product_tag-intake","31":"product_tag-jlt","32":"product_tag-jlt-performance","33":"product_tag-keintuev","34":"product_tag-luftfilter","35":"product_tag-sportluftfilter","37":"first","38":"instock","39":"taxable","40":"shipping-taxable","41":"purchasable","42":"product-type-simple"},"bundled_by":[],"bundle_stock_status":"instock","bundle_stock_quantity":3,"bundle_virtual":false,"bundle_layout":"","bundle_add_to_cart_form_location":"","bundle_editable_in_cart":false,"bundle_sold_individually_context":"","bundle_item_grouping":"","bundle_min_size":"","bundle_max_size":"","bundle_price":[],"bundled_items":[],"bundle_sell_ids":[],"exclude_global_add_ons":[],"addons":[],"acf":[],"_links":{"self":[{"href":"https:\/\/kraftwerk-shop.cc\/cs\/wp-json\/wp\/v2\/product\/68307137","targetHints":{"allow":["GET"]}}],"collection":[{"href":"https:\/\/kraftwerk-shop.cc\/cs\/wp-json\/wp\/v2\/product"}],"about":[{"href":"https:\/\/kraftwerk-shop.cc\/cs\/wp-json\/wp\/v2\/types\/product"}],"replies":[{"embeddable":true,"href":"https:\/\/kraftwerk-shop.cc\/cs\/wp-json\/wp\/v2\/comments?post=68307137"}],"version-history":[{"count":0,"href":"https:\/\/kraftwerk-shop.cc\/cs\/wp-json\/wp\/v2\/product\/68307137\/revisions"}],"wp:featuredmedia":[{"embeddable":true,"href":"https:\/\/kraftwerk-shop.cc\/cs\/wp-json\/wp\/v2\/media\/68307140"}],"wp:attachment":[{"href":"https:\/\/kraftwerk-shop.cc\/cs\/wp-json\/wp\/v2\/media?parent=68307137"}],"wp:term":[{"taxonomy":"product_brand","embeddable":true,"href":"https:\/\/kraftwerk-shop.cc\/cs\/wp-json\/wp\/v2\/product_brand?post=68307137"},{"taxonomy":"product_cat","embeddable":true,"href":"https:\/\/kraftwerk-shop.cc\/cs\/wp-json\/wp\/v2\/product_cat?post=68307137"},{"taxonomy":"product_tag","embeddable":true,"href":"https:\/\/kraftwerk-shop.cc\/cs\/wp-json\/wp\/v2\/product_tag?post=68307137"}],"curies":[{"name":"wp","href":"https:\/\/api.w.org\/{rel}","templated":true}]}}