{"id":68307491,"date":"2024-09-15T15:15:18","date_gmt":"2024-09-15T13:15:18","guid":{"rendered":"https:\/\/kraftwerk-shop.cc\/?post_type=product&#038;p=68307491"},"modified":"2026-03-16T13:53:23","modified_gmt":"2026-03-16T12:53:23","slug":"klinovy-remen-continental-61-srt8","status":"publish","type":"product","link":"https:\/\/kraftwerk-shop.cc\/cs\/produkt\/continental-keilriemen-61-srt8\/","title":{"rendered":"Kl\u00ednov\u00fd \u0159emen Continental 6.1 SRT8"},"content":{"rendered":"<h1>Kl\u00ednov\u00e9 \u0159emeny Continental pro 300C, Challenger, Charger, Magnum a Grand Cherokee 6.1 SRT8<\/h1>\n<p><strong>Srovn\u00e1vac\u00ed \u010d\u00edsla Mopar:<\/strong> 5037542AA<\/p>\n<p><strong><br \/>\nVhodn\u00e9 pro:<\/strong><\/p>\n<table width=\"415\">\n<tbody>\n<tr>\n<td width=\"83\"><strong>Rok v\u00fdstavby<\/strong><\/td>\n<td width=\"83\"><strong>Zna\u010dka<\/strong><\/td>\n<td width=\"83\"><strong>Model<\/strong><\/td>\n<td width=\"83\"><strong>Verze<\/strong><\/td>\n<td width=\"83\"><strong>Motor<\/strong><\/td>\n<\/tr>\n<tr>\n<td width=\"83\">2010<\/td>\n<td width=\"83\">Chrysler<\/td>\n<td width=\"83\">300<\/td>\n<td width=\"83\">C SRT8<\/td>\n<td width=\"83\">6.1L<\/td>\n<\/tr>\n<tr>\n<td width=\"83\">2010<\/td>\n<td width=\"83\">Dodge<\/td>\n<td width=\"83\">Challenger<\/td>\n<td width=\"83\">SRT8<\/td>\n<td width=\"83\">6.1L<\/td>\n<\/tr>\n<tr>\n<td width=\"83\">2010<\/td>\n<td width=\"83\">Dodge<\/td>\n<td width=\"83\">Charger<\/td>\n<td width=\"83\">SRT8<\/td>\n<td width=\"83\">6.1L<\/td>\n<\/tr>\n<tr>\n<td width=\"83\">2010<\/td>\n<td width=\"83\">Jeep<\/td>\n<td width=\"83\">Commander<\/td>\n<td width=\"83\">Limited, Sport<\/td>\n<td width=\"83\">5.7L<\/td>\n<\/tr>\n<tr>\n<td width=\"83\">2010<\/td>\n<td width=\"83\">Jeep<\/td>\n<td width=\"83\">Grand Cherokee<\/td>\n<td width=\"83\">SRT8<\/td>\n<td width=\"83\">6.1L<\/td>\n<\/tr>\n<tr>\n<td width=\"83\">2009<\/td>\n<td width=\"83\">Chrysler<\/td>\n<td width=\"83\">300<\/td>\n<td width=\"83\">C SRT8<\/td>\n<td width=\"83\">6.1L<\/td>\n<\/tr>\n<tr>\n<td width=\"83\">2009<\/td>\n<td width=\"83\">Dodge<\/td>\n<td width=\"83\">Challenger<\/td>\n<td width=\"83\">SRT8<\/td>\n<td width=\"83\">6.1L<\/td>\n<\/tr>\n<tr>\n<td width=\"83\">2009<\/td>\n<td width=\"83\">Dodge<\/td>\n<td width=\"83\">Charger<\/td>\n<td width=\"83\">SRT8<\/td>\n<td width=\"83\">6.1L<\/td>\n<\/tr>\n<tr>\n<td width=\"83\">2009<\/td>\n<td width=\"83\">Jeep<\/td>\n<td width=\"83\">Grand Cherokee<\/td>\n<td width=\"83\">SRT8<\/td>\n<td width=\"83\">6.1L<\/td>\n<\/tr>\n<tr>\n<td width=\"83\">2008<\/td>\n<td width=\"83\">Chrysler<\/td>\n<td width=\"83\">300<\/td>\n<td width=\"83\">C SRT8<\/td>\n<td width=\"83\">6.1L<\/td>\n<\/tr>\n<tr>\n<td width=\"83\">2008<\/td>\n<td width=\"83\">Dodge<\/td>\n<td width=\"83\">Challenger<\/td>\n<td width=\"83\">SRT8<\/td>\n<td width=\"83\">6.1L<\/td>\n<\/tr>\n<tr>\n<td width=\"83\">2008<\/td>\n<td width=\"83\">Dodge<\/td>\n<td width=\"83\">Charger<\/td>\n<td width=\"83\">SRT8<\/td>\n<td width=\"83\">6.1L<\/td>\n<\/tr>\n<tr>\n<td width=\"83\">2008<\/td>\n<td width=\"83\">Dodge<\/td>\n<td width=\"83\">Magnum<\/td>\n<td width=\"83\">SRT8<\/td>\n<td width=\"83\">6.1L<\/td>\n<\/tr>\n<tr>\n<td width=\"83\">2008<\/td>\n<td width=\"83\">Jeep<\/td>\n<td width=\"83\">Grand Cherokee<\/td>\n<td width=\"83\">SRT8<\/td>\n<td width=\"83\">6.1L<\/td>\n<\/tr>\n<tr>\n<td width=\"83\">2007<\/td>\n<td width=\"83\">Chrysler<\/td>\n<td width=\"83\">300<\/td>\n<td width=\"83\">C SRT8<\/td>\n<td width=\"83\">6.1L<\/td>\n<\/tr>\n<tr>\n<td width=\"83\">2007<\/td>\n<td width=\"83\">Dodge<\/td>\n<td width=\"83\">Charger<\/td>\n<td width=\"83\">SRT8<\/td>\n<td width=\"83\">6.1L<\/td>\n<\/tr>\n<tr>\n<td width=\"83\">2007<\/td>\n<td width=\"83\">Dodge<\/td>\n<td width=\"83\">Magnum<\/td>\n<td width=\"83\">SRT8<\/td>\n<td width=\"83\">6.1L<\/td>\n<\/tr>\n<tr>\n<td width=\"83\">2007<\/td>\n<td width=\"83\">Jeep<\/td>\n<td width=\"83\">Grand Cherokee<\/td>\n<td width=\"83\">SRT8<\/td>\n<td width=\"83\">6.1L<\/td>\n<\/tr>\n<tr>\n<td width=\"83\">2006<\/td>\n<td width=\"83\">Dodge<\/td>\n<td width=\"83\">Charger<\/td>\n<td width=\"83\">SRT8<\/td>\n<td width=\"83\">6.1L<\/td>\n<\/tr>\n<tr>\n<td width=\"83\">2006<\/td>\n<td width=\"83\">Dodge<\/td>\n<td width=\"83\">Magnum<\/td>\n<td width=\"83\">SRT8<\/td>\n<td width=\"83\">6.1L<\/td>\n<\/tr>\n<tr>\n<td width=\"83\">2006<\/td>\n<td width=\"83\">Jeep<\/td>\n<td width=\"83\">Grand Cherokee<\/td>\n<td width=\"83\">SRT8<\/td>\n<td width=\"83\">6.1L<\/td>\n<\/tr>\n<\/tbody>\n<\/table>\n<p>&nbsp;<\/p>\n<p>Kl\u00ednov\u00e9 \u0159emeny jsou dlouh\u00e9 gumov\u00e9 \u0159emeny, kter\u00e9 se t\u00e1hnou pod\u00e9l motoru vozidla a poh\u00e1n\u011bj\u00ed mnoho d\u016fle\u017eit\u00fdch sou\u010d\u00e1st\u00ed, nap\u0159\u00edklad altern\u00e1tor, \u010derpadlo posilova\u010de \u0159\u00edzen\u00ed, klimatizaci a vodn\u00ed \u010derpadlo.<\/p>\n<p>U v\u011bt\u0161iny vozidel se doporu\u010duje nechat kl\u00ednov\u00fd \u0159emen zkontrolovat, jakmile vozidlo dos\u00e1hne 60 000 km.<br \/>\nP\u0159ed dosa\u017een\u00edm tohoto po\u010dtu kilometr\u016f je tak\u00e9 d\u016fle\u017eit\u00e9 prov\u00e9st vizu\u00e1ln\u00ed a akustickou kontrolu opot\u0159eben\u00ed.<\/p>\n<p>U v\u011bt\u0161iny vozidel se doporu\u010duje vym\u011bnit kl\u00ednov\u00fd \u0159emen po ujet\u00ed 90 km (bez ohledu na jeho vzhled), aby se sn\u00ed\u017eilo riziko jeho roztr\u017een\u00ed. P\u0159etr\u017een\u00fd kl\u00ednov\u00fd \u0159emen m\u016f\u017ee b\u00fdt p\u0159i j\u00edzd\u011b nebezpe\u010dn\u00fd a m\u016f\u017ee zp\u016fsobit v\u00e1\u017en\u00e9 po\u0161kozen\u00ed motoru.<\/p>\n<p>&nbsp;<\/p>\n<p><strong>P\u0159\u00edznaky vadn\u00e9ho kl\u00ednov\u00e9ho \u0159emene<\/strong><\/p>\n<ul>\n<li>Odtr\u017een\u00ed \u017eeber (jedno nebo v\u00edce \u017eeber se odd\u011blilo od t\u011bla p\u00e1su).<\/li>\n<li>Opot\u0159eben\u00ed \u017eeber nebo \u0159emen\u016f<\/li>\n<li>Trhliny v pod\u00e9ln\u00e9m sm\u011bru p\u00e1su (trhliny mezi dv\u011bma \u017eebry).<\/li>\n<li>P\u00e1sov\u00e9 skluzavky<\/li>\n<li>\"P\u0159esko\u010den\u00ed dr\u00e1\u017eky\" (\u0159emen nedr\u017e\u00ed spr\u00e1vnou polohu na \u0159emenici).<\/li>\n<li>P\u0159etr\u017een\u00ed \u0159emene (pozn\u00e1mka: p\u0159ed instalac\u00ed nov\u00e9ho \u0159emene zjist\u011bte a odstra\u0148te probl\u00e9m).<\/li>\n<li>Hluk (p\u0159i provozu hnac\u00edho \u0159emene je sly\u0161et nebo c\u00edtit nep\u0159\u00edjemn\u00e9 sk\u0159\u00edp\u00e1n\u00ed, p\u00edsk\u00e1n\u00ed nebo dun\u011bn\u00ed).<\/li>\n<\/ul>\n<p>Pokud je na kl\u00ednov\u00e9m \u0159emenu viditeln\u00e9 zne\u010di\u0161t\u011bn\u00ed olejem nebo chladic\u00ed kapalinou, je t\u0159eba vym\u011bnit i \u0159emen a odstranit net\u011bsnosti.<\/p>\n<p>&nbsp;<\/p>\n<p>&nbsp;<\/p>","protected":false},"excerpt":{"rendered":"<p>Kl\u00ednov\u00fd \u0159emen Continental pro 300C, Challenger, Charger, Magnum a Grand Cherokee 6.1 SRT8 Referen\u010dn\u00ed \u010d\u00edsla Mopar: 5037542AA Vhodn\u00e9: Rok Zna\u010dka Model<\/p>","protected":false},"featured_media":68307493,"comment_status":"open","ping_status":"closed","template":"","meta":{"_acf_changed":false},"product_brand":[],"product_cat":[7501,7504,7508,7514,7518],"product_tag":[18293,52,7740,4448,92,54,53,48,536,4435,49,3853,3854,4438,56,50,4425,736,7613,55,31,7221,1056,164],"class_list":{"0":"post-68307491","1":"product","2":"type-product","3":"status-publish","4":"has-post-thumbnail","6":"product_cat-300c-61-riemenantrieb","7":"product_cat-challenger-61-riemenantrieb","8":"product_cat-charger-61-riemenantrieb","9":"product_cat-magnum-61-riemenantrieb","10":"product_cat-grand-cherokee-61-riemenantrieb","11":"product_tag-05037542aa","12":"product_tag-300c","13":"product_tag-7740","14":"product_tag-5037542aa","15":"product_tag-6-1","16":"product_tag-challenger","17":"product_tag-charger","18":"product_tag-chrysler","19":"product_tag-chrysler-300c","20":"product_tag-continental","21":"product_tag-dodge","22":"product_tag-dodge-challenger","23":"product_tag-dodge-charger","24":"product_tag-dodge-magnum","25":"product_tag-grand-cherokee","26":"product_tag-jeep","27":"product_tag-jeep-grand-cherokee","28":"product_tag-keilriemen","29":"product_tag-keilrippenriemen","30":"product_tag-magnum","31":"product_tag-mopar","32":"product_tag-mopar10","33":"product_tag-srt-8","34":"product_tag-srt8","35":"product_shipping_class-deutschlandohne","37":"first","38":"instock","39":"taxable","40":"shipping-taxable","41":"purchasable","42":"product-type-simple"},"bundled_by":[],"bundle_stock_status":"instock","bundle_stock_quantity":3,"bundle_virtual":false,"bundle_layout":"","bundle_add_to_cart_form_location":"","bundle_editable_in_cart":false,"bundle_sold_individually_context":"","bundle_item_grouping":"","bundle_min_size":"","bundle_max_size":"","bundle_price":[],"bundled_items":[],"bundle_sell_ids":[],"exclude_global_add_ons":[],"addons":[],"acf":[],"_links":{"self":[{"href":"https:\/\/kraftwerk-shop.cc\/cs\/wp-json\/wp\/v2\/product\/68307491","targetHints":{"allow":["GET"]}}],"collection":[{"href":"https:\/\/kraftwerk-shop.cc\/cs\/wp-json\/wp\/v2\/product"}],"about":[{"href":"https:\/\/kraftwerk-shop.cc\/cs\/wp-json\/wp\/v2\/types\/product"}],"replies":[{"embeddable":true,"href":"https:\/\/kraftwerk-shop.cc\/cs\/wp-json\/wp\/v2\/comments?post=68307491"}],"version-history":[{"count":0,"href":"https:\/\/kraftwerk-shop.cc\/cs\/wp-json\/wp\/v2\/product\/68307491\/revisions"}],"wp:featuredmedia":[{"embeddable":true,"href":"https:\/\/kraftwerk-shop.cc\/cs\/wp-json\/wp\/v2\/media\/68307493"}],"wp:attachment":[{"href":"https:\/\/kraftwerk-shop.cc\/cs\/wp-json\/wp\/v2\/media?parent=68307491"}],"wp:term":[{"taxonomy":"product_brand","embeddable":true,"href":"https:\/\/kraftwerk-shop.cc\/cs\/wp-json\/wp\/v2\/product_brand?post=68307491"},{"taxonomy":"product_cat","embeddable":true,"href":"https:\/\/kraftwerk-shop.cc\/cs\/wp-json\/wp\/v2\/product_cat?post=68307491"},{"taxonomy":"product_tag","embeddable":true,"href":"https:\/\/kraftwerk-shop.cc\/cs\/wp-json\/wp\/v2\/product_tag?post=68307491"}],"curies":[{"name":"wp","href":"https:\/\/api.w.org\/{rel}","templated":true}]}}