{"id":68307950,"date":"2024-09-29T15:17:57","date_gmt":"2024-09-29T13:17:57","guid":{"rendered":"https:\/\/kraftwerk-shop.cc\/?post_type=product&#038;p=68307950"},"modified":"2026-02-23T16:09:08","modified_gmt":"2026-02-23T15:09:08","slug":"brzdovy-kotouc-dba-camaro-42605s","status":"publish","type":"product","link":"https:\/\/kraftwerk-shop.cc\/cs\/produkt\/dba-bremsscheibe-camaro-42605s\/","title":{"rendered":"Brzdov\u00fd kotou\u010d DBA Camaro (42605S)"},"content":{"rendered":"<h1>Brzdov\u00fd kotou\u010d DBA <span class=\"fontstyle0\">42605S<\/span> pro Chevrolet Camaro LS3, L99 a ZL1 (zadn\u00ed n\u00e1prava)<\/h1>\n<p>&nbsp;<\/p>\n<p><strong>\u010c\u00edsla d\u00edl\u016f GM pro \u00fa\u010dely srovn\u00e1n\u00ed:<\/strong> 25851166, 92223366, 92245929, 22798839<\/p>\n<p>&nbsp;<\/p>\n<p>Kotou\u010dov\u00e9 brzdov\u00e9 rotory DBA 4000 SERIES jsou p\u0159\u00edmou n\u00e1hradou jednod\u00edln\u00fdch brzdov\u00fdch rotor\u016f a jsou ur\u010deny pro \u0159idi\u010de, kte\u0159\u00ed hledaj\u00ed lep\u0161\u00ed brzdn\u00fd v\u00fdkon, ne\u017e je standardn\u00ed \u00farove\u0148 OE.<\/p>\n<p>Odlitky z legovan\u00e9 litiny s vysok\u00fdm obsahem uhl\u00edku a tepeln\u011b stabiln\u00edm profilem se d\u00edky metalurgii DBA opakovan\u011b vyrovn\u00e1vaj\u00ed se zv\u00fd\u0161en\u00fdm nam\u00e1h\u00e1n\u00edm a teplem vznikaj\u00edc\u00edm p\u0159i intenzivn\u00edm brzd\u011bn\u00ed.<\/p>\n<p>D\u00edky ventilaci Kangaroo Paw spole\u010dnosti DBA, kter\u00e1 zahrnuje \u0159adu 144 prvk\u016f ve tvaru koso\u010dtverce a slzy, dosahuje spole\u010dnost DBA a\u017e o 30 % v\u011bt\u0161\u00edho povrchu a o 20 % vy\u0161\u0161\u00ed \u00fa\u010dinnosti chlazen\u00ed (ve srovn\u00e1n\u00ed s b\u011b\u017enou konstrukc\u00ed s rovn\u00fdmi \u017eebry).<\/p>\n<p>4000 SERIES T3 je dokonal\u00fd jednod\u00edln\u00fd n\u00e1hradn\u00ed brzdov\u00fd kotou\u010d se v\u0161emi v\u00fdhodami \u0159ady 4000 a patentovanou, dob\u0159e zn\u00e1mou obousm\u011brnou konstrukc\u00ed dr\u00e1\u017eek T3 od spole\u010dnosti DBA.<\/p>\n<p>Konstrukce s dr\u00e1\u017ekami T3 vych\u00e1z\u00ed ze z\u00e1klad\u016f dr\u00e1\u017eek T2 od spole\u010dnosti DBA a obsahuje dal\u0161\u00ed p\u0159esn\u00e9 t\u0159\u00edsymetrick\u00e9 dr\u00e1\u017eky obr\u00e1b\u011bn\u00e9 na CNC stroj\u00edch, co\u017e vede k je\u0161t\u011b ti\u0161\u0161\u00edmu, citliv\u011bj\u0161\u00edmu a plynulej\u0161\u00edmu ovl\u00e1d\u00e1n\u00ed brzdov\u00e9ho ped\u00e1lu.<br \/>\nDr\u00e1\u017eka T3 zvy\u0161uje po\u010det v\u00fdstupn\u00edch m\u00edst, kter\u00fdmi unik\u00e1 t\u0159ec\u00ed prach a plyny z brzdov\u00fdch desti\u010dek, \u010d\u00edm\u017e se d\u00e1le zvy\u0161uje rovnom\u011brnost a \u00fa\u010dinnost ka\u017ed\u00e9ho brzd\u011bn\u00ed.<\/p>\n<p>&nbsp;<\/p>\n<p>&nbsp;<\/p>\n<p><strong>Vhodn\u00e9 pro:<\/strong><\/p>\n<table width=\"576\">\n<tbody>\n<tr>\n<td width=\"83\"><strong>Zna\u010dka<\/strong><\/td>\n<td width=\"205\"><strong>Model<\/strong><\/td>\n<td width=\"179\"><strong>Motor<\/strong><\/td>\n<td width=\"109\"><strong>Rok v\u00fdstavby<\/strong><\/td>\n<\/tr>\n<tr>\n<td>Chevrolet<\/td>\n<td>Camaro<\/td>\n<td>6.2 L99<\/td>\n<td>2010\u20132015<\/td>\n<\/tr>\n<tr>\n<td>Chevrolet<\/td>\n<td>Camaro<\/td>\n<td>6.2 LS3<\/td>\n<td>2010\u20132015<\/td>\n<\/tr>\n<tr>\n<td>Chevrolet<\/td>\n<td>Camaro<\/td>\n<td>6.2 ZL1<\/td>\n<td>2012\u20132015<\/td>\n<\/tr>\n<tr>\n<td>Chevrolet<\/td>\n<td>Camaro<\/td>\n<td>6.2 ZL1<\/td>\n<td>2016\u20132024<\/td>\n<\/tr>\n<\/tbody>\n<\/table>\n<p>&nbsp;<\/p>\n<p><strong>\u00dadaje:<\/strong><\/p>\n<table border=\"0\" width=\"487\" cellspacing=\"0\" cellpadding=\"0\">\n<colgroup>\n<col \/>\n<col \/> <\/colgroup>\n<tbody>\n<tr>\n<td style=\"height: 19px; width: 248px;\" height=\"19\">\n<div data-v-369d9bee=\"\" data-v-7bd94b2e=\"\">\n<div data-v-369d9bee=\"\">Pr\u016fm\u011br (mm)<\/div>\n<\/div>\n<\/td>\n<td style=\"width: 239px;\">365<\/td>\n<\/tr>\n<tr>\n<td style=\"height: 19px;\" height=\"19\">\n<div data-v-369d9bee=\"\">Ventilace<\/div>\n<\/td>\n<td>Klokan\u00ed tlapa<\/td>\n<\/tr>\n<tr>\n<td style=\"height: 19px;\" height=\"19\">\n<div data-v-369d9bee=\"\">Po\u010det otvor\u016f<\/div>\n<\/td>\n<td>5<\/td>\n<\/tr>\n<tr>\n<td style=\"height: 19px;\" height=\"19\">\n<div data-v-369d9bee=\"\">Vnit\u0159n\u00ed pr\u016fm\u011br (mm)<\/div>\n<\/td>\n<td>67,4<\/td>\n<\/tr>\n<tr>\n<td style=\"height: 19px;\" height=\"19\">\n<div data-v-369d9bee=\"\">Tlou\u0161\u0165ka (mm)<\/div>\n<\/td>\n<td>28<\/td>\n<\/tr>\n<tr>\n<td style=\"height: 19px;\" height=\"19\">\n<div data-v-369d9bee=\"\">Minim\u00e1ln\u00ed tlou\u0161\u0165ka (mm)<\/div>\n<\/td>\n<td>26<\/td>\n<\/tr>\n<tr>\n<td style=\"height: 19px;\" height=\"19\">Hmotnost (KG)<\/td>\n<td>7,75<\/td>\n<\/tr>\n<\/tbody>\n<\/table>\n<p>&nbsp;<\/p>\n<p>Na disku jsou 3 barevn\u00e9 zna\u010dky, kter\u00e9 slou\u017e\u00ed jako indik\u00e1tor nejvy\u0161\u0161\u00ed dosa\u017een\u00e9 teploty.<\/p>\n<p>Cena se vztahuje na jeden disk.<\/p>\n<p>&nbsp;<\/p>\n<p>&nbsp;<\/p>\n<table id=\"xoverview\" class=\"table\">\n<tbody>\n<tr>\n<td><strong>Funkce<\/strong><\/td>\n<td><b>Popis<\/b><\/td>\n<td><b>V\u00fdhoda<\/b><\/td>\n<\/tr>\n<tr>\n<td rowspan=\"3\"><img decoding=\"async\" class=\"icon\" title=\"T3\" src=\"https:\/\/3cerp.eu\/api\/file\/DBA_T3.png\" alt=\"T3\" width=\"79\" height=\"55\" \/><\/p>\n<p><strong>T3 Slot 48 p\u0159esn\u00fdch CNC fr\u00e9zovan\u00fdch dr\u00e1\u017eek<\/strong><\/td>\n<td>T\u0159\u00edsymetrick\u00e9 dr\u00e1\u017eky tlum\u00ed vibrace a hluk<\/td>\n<td>M\u011bk\u010d\u00ed, citliv\u011bj\u0161\u00ed a plynulej\u0161\u00ed brzdov\u00fd ped\u00e1l<\/td>\n<\/tr>\n<tr>\n<td>Zv\u00fd\u0161en\u00fd po\u010det v\u00fdstupn\u00edch m\u00edst pro t\u0159ec\u00ed plyny z brzdov\u00fdch desti\u010dek, kter\u00e9 unikaj\u00ed univerz\u00e1ln\u00ed dr\u00e1\u017ekovou konstrukc\u00ed.<\/td>\n<td>Zvy\u0161uje rovnom\u011brnost a \u00fa\u010dinnost ka\u017ed\u00e9ho brzdn\u00e9ho procesu.<\/td>\n<\/tr>\n<tr>\n<td><\/td>\n<td>Nejsou nutn\u00e9 r\u016fzn\u00e9 brzdov\u00e9 kotou\u010de na lev\u00e9 a prav\u00e9 stran\u011b.<\/td>\n<\/tr>\n<tr>\n<td rowspan=\"2\"><img decoding=\"async\" class=\"icon\" title=\"KANGAROO_PAW\" src=\"https:\/\/3cerp.eu\/api\/file\/KANGAROO_PAW.jpg\" alt=\"KANGAROO_PAW\" width=\"80\" height=\"79\" \/><b><\/b><\/p>\n<p><b>Kangaroo Paw - 144 V\u011btrac\u00ed syst\u00e9m sloupk\u016f Diamond a Tear Drop<br \/>\n<\/b><\/td>\n<td>V\u011bt\u0161\u00ed povrch vede k lep\u0161\u00edmu odvodu tepla.<\/td>\n<td>Minimalizuje vadnut\u00ed brzd a zvy\u0161uje brzdn\u00fd \u00fa\u010dinek.<\/td>\n<\/tr>\n<tr>\n<td>V\u011bt\u0161\u00ed povrch vede k lep\u0161\u00edmu odvodu tepla.<\/td>\n<td>Prodlu\u017euje \u017eivotnost brzdov\u00fdch desti\u010dek a kotou\u010d\u016f. Sni\u017euje mechanick\u00e9 po\u0161kozen\u00ed a souvisej\u00edc\u00ed n\u00e1klady<\/td>\n<\/tr>\n<tr>\n<td><img decoding=\"async\" class=\"icon\" title=\"DBA_XG150\" src=\"https:\/\/3cerp.eu\/api\/file\/DBA_XG150.png\" alt=\"DBA_XG150\" width=\"80\" height=\"45\" \/><b><\/b><\/p>\n<p><b>XG150 Legovan\u00e9 \u017eelezo s vysok\u00fdm obsahem uhl\u00edku<br \/>\n<\/b><\/td>\n<td>Zv\u00fd\u0161en\u00e1 tepeln\u00e1 kapacita umo\u017e\u0148uje brzdov\u00e9mu kotou\u010di odol\u00e1vat extr\u00e9mn\u00edmu teplu po del\u0161\u00ed dobu.<\/td>\n<td>Minimalizuje deformace a prask\u00e1n\u00ed a prodlu\u017euje \u017eivotnost brzdov\u00e9ho kotou\u010de.<\/td>\n<\/tr>\n<tr>\n<td><img decoding=\"async\" class=\"icon\" title=\"DBA_TSP\" src=\"https:\/\/3cerp.eu\/api\/file\/DBA_TSP.png\" alt=\"DBA_TSP\" width=\"80\" height=\"35\" \/><b><\/b><\/p>\n<p><strong>Profil tepeln\u00e9 stability<\/strong><\/td>\n<td>Speci\u00e1ln\u00ed v\u00fdvoj p\u0159izp\u016fsoben\u00fd procesu DBA TSP<\/td>\n<td>Minimalizuje deformace a prask\u00e1n\u00ed a prodlu\u017euje \u017eivotnost brzdov\u00e9ho kotou\u010de.<\/td>\n<\/tr>\n<tr>\n<td rowspan=\"2\"><strong><img decoding=\"async\" class=\"icon\" title=\"DBA_TTM\" src=\"https:\/\/3cerp.eu\/api\/file\/DBA_TTM.png\" alt=\"DBA_TTM\" width=\"80\" height=\"60\" \/><\/strong><\/p>\n<p><strong>Termografick\u00e9 sledov\u00e1n\u00ed teploty<\/strong><\/td>\n<td>Barevn\u00e9 zna\u010den\u00ed tepla m\u011bn\u00ed barvu p\u0159i ur\u010dit\u00fdch teplotn\u00edch limitech<\/td>\n<td>Poskytuje \u0159idi\u010di jasn\u00fd p\u0159ehled o \u0161pi\u010dkov\u00fdch teplot\u00e1ch brzd.<\/td>\n<\/tr>\n<tr>\n<td>P\u0159i p\u0159ekro\u010den\u00ed prahov\u00fdch hodnot teploty se barevn\u00e9 zna\u010den\u00ed trvale zm\u011bn\u00ed.<\/td>\n<td>Umo\u017e\u0148uje \u0159idi\u010di sledovat \u00fanavu brzdov\u00fdch kotou\u010d\u016f a rozhodnout, zda je t\u0159eba brzdov\u00e9 kotou\u010de vym\u011bnit, a pom\u00e1h\u00e1 prodejc\u016fm p\u0159i z\u00e1ru\u010dn\u00edch reklamac\u00edch.<\/td>\n<\/tr>\n<tr>\n<td rowspan=\"2\"><strong><img decoding=\"async\" class=\"icon\" title=\"DBA_Pain_Protection\" src=\"https:\/\/3cerp.eu\/api\/file\/DBA_Pain_Protection.png\" alt=\"DBA_Pain_Protection\" width=\"80\" height=\"85\" \/><\/strong><\/p>\n<p><strong>Ochrana laku na povr\u0161\u00edch bez t\u0159en\u00ed<\/strong><\/td>\n<td>Sni\u017euje korozi<\/td>\n<td>Zabra\u0148uje nevzhledn\u00e9 tvorb\u011b rzi<\/td>\n<\/tr>\n<tr>\n<td>Zlep\u0161uje vzhled<\/td>\n<td>Zvy\u0161uje hodnotu produktu<\/td>\n<\/tr>\n<\/tbody>\n<\/table>\n<p>&nbsp;<\/p>\n<p>&nbsp;<\/p>","protected":false},"excerpt":{"rendered":"<p>DBA Bremsscheibe 42605S f\u00fcr Chevrolet Camaro LS3, L99 und ZL1 (Hinterachse) &nbsp; GM Teilenummern zu Vergleichszwecken: 25851166, 92223366, 92245929, 22798839<\/p>","protected":false},"featured_media":68308035,"comment_status":"open","ping_status":"closed","template":"","meta":{"_acf_changed":false},"product_brand":[18922],"product_cat":[2680,3076],"product_tag":[7786,2086,7800,7787,2087,2088,795,589,796,591,191,189,190,789,7788,692,2183,798,799,192,193,7810,797,4089,216,280,673],"class_list":{"0":"post-68307950","1":"product","2":"type-product","3":"status-publish","4":"has-post-thumbnail","6":"product_brand-dba","7":"product_cat-camaro-62-2010-2015-bremsen-hinten","8":"product_cat-camaro-62-2016-bremsen-hinten","9":"product_tag-7786","10":"product_tag-2086","11":"product_tag-4000-series","12":"product_tag-42605s","13":"product_tag-2087","14":"product_tag-2088","15":"product_tag-bremse","16":"product_tag-bremsen","17":"product_tag-bremsscheibe","18":"product_tag-bremsscheiben","19":"product_tag-camaro","20":"product_tag-chevrolet","21":"product_tag-chevy","22":"product_tag-dba","23":"product_tag-dba42605s","24":"product_tag-ersatzteil","25":"product_tag-gen5","26":"product_tag-hinten","27":"product_tag-hinterachse","28":"product_tag-l99","29":"product_tag-ls3","30":"product_tag-lsa","31":"product_tag-sportbremsscheibe","32":"product_tag-t3","33":"product_tag-upgrade","34":"product_tag-zl1","35":"product_tag-zubehoer","36":"product_shipping_class-deutschlandohne","38":"first","39":"instock","40":"taxable","41":"shipping-taxable","42":"purchasable","43":"product-type-simple"},"bundled_by":[],"bundle_stock_status":"instock","bundle_stock_quantity":4,"bundle_virtual":false,"bundle_layout":"","bundle_add_to_cart_form_location":"","bundle_editable_in_cart":false,"bundle_sold_individually_context":"","bundle_item_grouping":"","bundle_min_size":"","bundle_max_size":"","bundle_price":[],"bundled_items":[],"bundle_sell_ids":[],"exclude_global_add_ons":[],"addons":[],"acf":[],"_links":{"self":[{"href":"https:\/\/kraftwerk-shop.cc\/cs\/wp-json\/wp\/v2\/product\/68307950","targetHints":{"allow":["GET"]}}],"collection":[{"href":"https:\/\/kraftwerk-shop.cc\/cs\/wp-json\/wp\/v2\/product"}],"about":[{"href":"https:\/\/kraftwerk-shop.cc\/cs\/wp-json\/wp\/v2\/types\/product"}],"replies":[{"embeddable":true,"href":"https:\/\/kraftwerk-shop.cc\/cs\/wp-json\/wp\/v2\/comments?post=68307950"}],"version-history":[{"count":0,"href":"https:\/\/kraftwerk-shop.cc\/cs\/wp-json\/wp\/v2\/product\/68307950\/revisions"}],"wp:featuredmedia":[{"embeddable":true,"href":"https:\/\/kraftwerk-shop.cc\/cs\/wp-json\/wp\/v2\/media\/68308035"}],"wp:attachment":[{"href":"https:\/\/kraftwerk-shop.cc\/cs\/wp-json\/wp\/v2\/media?parent=68307950"}],"wp:term":[{"taxonomy":"product_brand","embeddable":true,"href":"https:\/\/kraftwerk-shop.cc\/cs\/wp-json\/wp\/v2\/product_brand?post=68307950"},{"taxonomy":"product_cat","embeddable":true,"href":"https:\/\/kraftwerk-shop.cc\/cs\/wp-json\/wp\/v2\/product_cat?post=68307950"},{"taxonomy":"product_tag","embeddable":true,"href":"https:\/\/kraftwerk-shop.cc\/cs\/wp-json\/wp\/v2\/product_tag?post=68307950"}],"curies":[{"name":"wp","href":"https:\/\/api.w.org\/{rel}","templated":true}]}}