{"id":68307957,"date":"2024-09-29T15:17:50","date_gmt":"2024-09-29T13:17:50","guid":{"rendered":"https:\/\/kraftwerk-shop.cc\/?post_type=product&#038;p=68307957"},"modified":"2026-02-15T01:13:33","modified_gmt":"2026-02-15T00:13:33","slug":"dba-treci-krouzek-corvette-c7-52770","status":"publish","type":"product","link":"https:\/\/kraftwerk-shop.cc\/cs\/produkt\/dba-reibring-corvette-c7-52770\/","title":{"rendered":"DBA t\u0159ec\u00ed krou\u017eek Corvette C7 (52770.1)"},"content":{"rendered":"<h1>T\u0159ec\u00ed krou\u017eek DBA 52770.1LS \/ 52770.1RS pro Corvette C7 Z06 \/ Grand Sport (p\u0159edn\u00ed n\u00e1prava)<\/h1>\n<p>&nbsp;<\/p>\n<p><strong>\u010c\u00edsla d\u00edl\u016f GM pro \u00fa\u010dely srovn\u00e1n\u00ed:<\/strong> 84951566, 20981823<\/p>\n<p>D\u00edky dvoud\u00edln\u00e9 konstrukci p\u016fvodn\u00edch brzdov\u00fdch kotou\u010d\u016f je mo\u017en\u00e9 nad\u00e1le pou\u017e\u00edvat p\u016fvodn\u00ed kotou\u010dovou n\u00e1dobu.<br \/>\nNa krou\u017eku jsou t\u0159i barevn\u00e9 zna\u010dky, kter\u00e9 slou\u017e\u00ed jako ukazatel nejvy\u0161\u0161\u00ed dosa\u017een\u00e9 teploty.<\/p>\n<p>&nbsp;<\/p>\n<p><strong>Vhodn\u00e9 pro:<\/strong><\/p>\n<table width=\"576\">\n<tbody>\n<tr>\n<td width=\"83\"><strong>Zna\u010dka<\/strong><\/td>\n<td width=\"205\"><strong>Model<\/strong><\/td>\n<td width=\"179\"><strong>Varianta<\/strong><\/td>\n<td width=\"109\"><strong>Rok v\u00fdstavby<\/strong><\/td>\n<\/tr>\n<tr>\n<td width=\"83\">Chevrolet<\/td>\n<td width=\"205\">Corvette C7<\/td>\n<td width=\"179\">Z06<\/td>\n<td width=\"109\">2014 - 2019<\/td>\n<\/tr>\n<tr>\n<td width=\"83\">Chevrolet<\/td>\n<td width=\"205\">Corvette C7<\/td>\n<td width=\"179\">Grand Sport<\/td>\n<td width=\"109\">2017 - 2019<\/td>\n<\/tr>\n<\/tbody>\n<\/table>\n<p>&nbsp;<\/p>\n<p><strong>\u00dadaje:<\/strong><\/p>\n<table border=\"0\" width=\"487\" cellspacing=\"0\" cellpadding=\"0\">\n<colgroup>\n<col \/>\n<col \/> <\/colgroup>\n<tbody>\n<tr>\n<td height=\"19\">\n<div data-v-369d9bee=\"\" data-v-7bd94b2e=\"\">\n<div data-v-369d9bee=\"\">Pr\u016fm\u011br (mm)<\/div>\n<\/div>\n<\/td>\n<td>370<\/td>\n<\/tr>\n<tr>\n<td height=\"19\">\n<div data-v-369d9bee=\"\">Ventilace<\/div>\n<\/td>\n<td>Klokan\u00ed tlapa<\/td>\n<\/tr>\n<tr>\n<td height=\"19\">\n<div data-v-369d9bee=\"\">Po\u010det otvor\u016f<\/div>\n<\/td>\n<td>10<\/td>\n<\/tr>\n<tr>\n<td height=\"19\">\n<div data-v-369d9bee=\"\">Vnit\u0159n\u00ed pr\u016fm\u011br (mm)<\/div>\n<\/td>\n<td>231<\/td>\n<\/tr>\n<tr>\n<td height=\"19\">\n<div data-v-369d9bee=\"\">Tlou\u0161\u0165ka (mm)<\/div>\n<\/td>\n<td>34<\/td>\n<\/tr>\n<tr>\n<td height=\"19\">\n<div data-v-369d9bee=\"\">Minim\u00e1ln\u00ed tlou\u0161\u0165ka (mm)<\/div>\n<\/td>\n<td><\/td>\n<\/tr>\n<tr>\n<td height=\"19\">Hmotnost (KG)<\/td>\n<td>14<\/td>\n<\/tr>\n<\/tbody>\n<\/table>\n<p>&nbsp;<\/p>\n<p><strong>Rozsah dod\u00e1vky:<\/strong><\/p>\n<ul>\n<li>1 t\u0159ec\u00ed krou\u017eek<\/li>\n<\/ul>\n<p>&nbsp;<\/p>\n<p>Pro p\u0159edn\u00ed n\u00e1pravu jsou zapot\u0159eb\u00ed 2 kusy. Lev\u00e1 a prav\u00e1 strana se li\u0161\u00ed!<\/p>\n<p>&nbsp;<\/p>\n<table id=\"xoverview\" class=\"table\">\n<tbody>\n<tr>\n<td><strong>Funkce<\/strong><\/td>\n<td><b>Popis<\/b><\/td>\n<td><b>V\u00fdhoda<\/b><\/td>\n<\/tr>\n<tr>\n<td rowspan=\"3\"><img decoding=\"async\" class=\"icon\" title=\"T3\" src=\"https:\/\/3cerp.eu\/api\/file\/DBA_T3.png\" alt=\"T3\" width=\"79\" height=\"55\" \/><\/p>\n<p><strong>T3 Slot 48 p\u0159esn\u00fdch CNC fr\u00e9zovan\u00fdch dr\u00e1\u017eek<\/strong><\/td>\n<td>T\u0159\u00edsymetrick\u00e9 dr\u00e1\u017eky tlum\u00ed vibrace a hluk<\/td>\n<td>M\u011bk\u010d\u00ed, citliv\u011bj\u0161\u00ed a plynulej\u0161\u00ed brzdov\u00fd ped\u00e1l<\/td>\n<\/tr>\n<tr>\n<td>Zv\u00fd\u0161en\u00fd po\u010det v\u00fdstupn\u00edch m\u00edst pro t\u0159ec\u00ed plyny z brzdov\u00fdch desti\u010dek, kter\u00e9 unikaj\u00ed univerz\u00e1ln\u00ed dr\u00e1\u017ekovou konstrukc\u00ed.<\/td>\n<td>Zvy\u0161uje rovnom\u011brnost a \u00fa\u010dinnost ka\u017ed\u00e9ho brzdn\u00e9ho procesu.<\/td>\n<\/tr>\n<tr>\n<td><\/td>\n<td>Nejsou nutn\u00e9 r\u016fzn\u00e9 brzdov\u00e9 kotou\u010de na lev\u00e9 a prav\u00e9 stran\u011b.<\/td>\n<\/tr>\n<tr>\n<td rowspan=\"2\"><img decoding=\"async\" class=\"icon\" title=\"KANGAROO_PAW\" src=\"https:\/\/3cerp.eu\/api\/file\/KANGAROO_PAW.jpg\" alt=\"KANGAROO_PAW\" width=\"80\" height=\"79\" \/><b><\/b><\/p>\n<p><b>Kangaroo Paw - 144 V\u011btrac\u00ed syst\u00e9m sloupk\u016f Diamond a Tear Drop<br \/>\n<\/b><\/td>\n<td>V\u011bt\u0161\u00ed povrch vede k lep\u0161\u00edmu odvodu tepla.<\/td>\n<td>Minimalizuje vadnut\u00ed brzd a zvy\u0161uje brzdn\u00fd \u00fa\u010dinek.<\/td>\n<\/tr>\n<tr>\n<td>V\u011bt\u0161\u00ed povrch vede k lep\u0161\u00edmu odvodu tepla.<\/td>\n<td>Prodlu\u017euje \u017eivotnost brzdov\u00fdch desti\u010dek a kotou\u010d\u016f. Sni\u017euje mechanick\u00e9 po\u0161kozen\u00ed a souvisej\u00edc\u00ed n\u00e1klady<\/td>\n<\/tr>\n<tr>\n<td><img decoding=\"async\" class=\"icon\" title=\"DBA_XG150\" src=\"https:\/\/3cerp.eu\/api\/file\/DBA_XG150.png\" alt=\"DBA_XG150\" width=\"80\" height=\"45\" \/><b><\/b><\/p>\n<p><b>XG150 Legovan\u00e9 \u017eelezo s vysok\u00fdm obsahem uhl\u00edku<br \/>\n<\/b><\/td>\n<td>Zv\u00fd\u0161en\u00e1 tepeln\u00e1 kapacita umo\u017e\u0148uje brzdov\u00e9mu kotou\u010di odol\u00e1vat extr\u00e9mn\u00edmu teplu po del\u0161\u00ed dobu.<\/td>\n<td>Minimalizuje deformace a prask\u00e1n\u00ed a prodlu\u017euje \u017eivotnost brzdov\u00e9ho kotou\u010de.<\/td>\n<\/tr>\n<tr>\n<td><img decoding=\"async\" class=\"icon\" title=\"DBA_TSP\" src=\"https:\/\/3cerp.eu\/api\/file\/DBA_TSP.png\" alt=\"DBA_TSP\" width=\"80\" height=\"35\" \/><b><\/b><\/p>\n<p><strong>Profil tepeln\u00e9 stability<\/strong><\/td>\n<td>Speci\u00e1ln\u00ed v\u00fdvoj p\u0159izp\u016fsoben\u00fd procesu DBA TSP<\/td>\n<td>Minimalizuje deformace a prask\u00e1n\u00ed a prodlu\u017euje \u017eivotnost brzdov\u00e9ho kotou\u010de.<\/td>\n<\/tr>\n<tr>\n<td rowspan=\"2\"><strong><img decoding=\"async\" class=\"icon\" title=\"DBA_TTM\" src=\"https:\/\/3cerp.eu\/api\/file\/DBA_TTM.png\" alt=\"DBA_TTM\" width=\"80\" height=\"60\" \/><\/strong><\/p>\n<p><strong>Termografick\u00e9 sledov\u00e1n\u00ed teploty<\/strong><\/td>\n<td>Barevn\u00e9 zna\u010den\u00ed tepla m\u011bn\u00ed barvu p\u0159i ur\u010dit\u00fdch teplotn\u00edch limitech<\/td>\n<td>Poskytuje \u0159idi\u010di jasn\u00fd p\u0159ehled o \u0161pi\u010dkov\u00fdch teplot\u00e1ch brzd.<\/td>\n<\/tr>\n<tr>\n<td>P\u0159i p\u0159ekro\u010den\u00ed prahov\u00fdch hodnot teploty se barevn\u00e9 zna\u010den\u00ed trvale zm\u011bn\u00ed.<\/td>\n<td>Umo\u017e\u0148uje \u0159idi\u010di sledovat \u00fanavu brzdov\u00fdch kotou\u010d\u016f a rozhodnout, zda je t\u0159eba brzdov\u00e9 kotou\u010de vym\u011bnit, a pom\u00e1h\u00e1 prodejc\u016fm p\u0159i z\u00e1ru\u010dn\u00edch reklamac\u00edch.<\/td>\n<\/tr>\n<tr>\n<td rowspan=\"2\"><strong><img decoding=\"async\" class=\"icon\" title=\"DBA_Pain_Protection\" src=\"https:\/\/3cerp.eu\/api\/file\/DBA_Pain_Protection.png\" alt=\"DBA_Pain_Protection\" width=\"80\" height=\"85\" \/><\/strong><\/p>\n<p><strong>Ochrana laku na povr\u0161\u00edch bez t\u0159en\u00ed<\/strong><\/td>\n<td>Sni\u017euje korozi<\/td>\n<td>Zabra\u0148uje nevzhledn\u00e9 tvorb\u011b rzi<\/td>\n<\/tr>\n<tr>\n<td>Zlep\u0161uje vzhled<\/td>\n<td>Zvy\u0161uje hodnotu produktu<\/td>\n<\/tr>\n<\/tbody>\n<\/table>\n<p>&nbsp;<\/p>\n<p>&nbsp;<\/p>\n<p>&nbsp;<\/p>","protected":false},"excerpt":{"rendered":"<p>370 mm T\u0159ec\u00ed krou\u017eek<\/p>","protected":false},"featured_media":68308045,"comment_status":"open","ping_status":"closed","template":"","meta":{"_acf_changed":false},"product_brand":[18922],"product_cat":[3128],"product_tag":[5029,7811,5028,795,589,796,591,3087,189,190,281,789,692,4580,797,4089,216,842,841,673],"class_list":{"0":"post-68307957","1":"product","2":"type-product","3":"status-publish","4":"has-post-thumbnail","6":"product_brand-dba","7":"product_cat-corvette-c7-bremsen-vorne","8":"product_tag-5029","9":"product_tag-5000-series","10":"product_tag-5028","11":"product_tag-bremse","12":"product_tag-bremsen","13":"product_tag-bremsscheibe","14":"product_tag-bremsscheiben","15":"product_tag-c7","16":"product_tag-chevrolet","17":"product_tag-chevy","18":"product_tag-corvette","19":"product_tag-dba","20":"product_tag-ersatzteil","21":"product_tag-reibring","22":"product_tag-sportbremsscheibe","23":"product_tag-t3","24":"product_tag-upgrade","25":"product_tag-vorderachse","26":"product_tag-vorne","27":"product_tag-zubehoer","29":"first","30":"instock","31":"taxable","32":"shipping-taxable","33":"purchasable","34":"product-type-variable"},"bundled_by":[],"bundle_stock_status":"instock","bundle_stock_quantity":2,"bundle_virtual":false,"bundle_layout":"","bundle_add_to_cart_form_location":"","bundle_editable_in_cart":false,"bundle_sold_individually_context":"","bundle_item_grouping":"","bundle_min_size":"","bundle_max_size":"","bundle_price":[],"bundled_items":[],"bundle_sell_ids":[],"exclude_global_add_ons":[],"addons":[],"acf":[],"_links":{"self":[{"href":"https:\/\/kraftwerk-shop.cc\/cs\/wp-json\/wp\/v2\/product\/68307957","targetHints":{"allow":["GET"]}}],"collection":[{"href":"https:\/\/kraftwerk-shop.cc\/cs\/wp-json\/wp\/v2\/product"}],"about":[{"href":"https:\/\/kraftwerk-shop.cc\/cs\/wp-json\/wp\/v2\/types\/product"}],"replies":[{"embeddable":true,"href":"https:\/\/kraftwerk-shop.cc\/cs\/wp-json\/wp\/v2\/comments?post=68307957"}],"version-history":[{"count":0,"href":"https:\/\/kraftwerk-shop.cc\/cs\/wp-json\/wp\/v2\/product\/68307957\/revisions"}],"wp:featuredmedia":[{"embeddable":true,"href":"https:\/\/kraftwerk-shop.cc\/cs\/wp-json\/wp\/v2\/media\/68308045"}],"wp:attachment":[{"href":"https:\/\/kraftwerk-shop.cc\/cs\/wp-json\/wp\/v2\/media?parent=68307957"}],"wp:term":[{"taxonomy":"product_brand","embeddable":true,"href":"https:\/\/kraftwerk-shop.cc\/cs\/wp-json\/wp\/v2\/product_brand?post=68307957"},{"taxonomy":"product_cat","embeddable":true,"href":"https:\/\/kraftwerk-shop.cc\/cs\/wp-json\/wp\/v2\/product_cat?post=68307957"},{"taxonomy":"product_tag","embeddable":true,"href":"https:\/\/kraftwerk-shop.cc\/cs\/wp-json\/wp\/v2\/product_tag?post=68307957"}],"curies":[{"name":"wp","href":"https:\/\/api.w.org\/{rel}","templated":true}]}}